{"id":2620,"date":"2023-03-11T10:01:37","date_gmt":"2023-03-11T09:01:37","guid":{"rendered":"https:\/\/agora.xtec.cat\/escmusicaberga\/?page_id=2620"},"modified":"2023-03-11T10:02:34","modified_gmt":"2023-03-11T09:02:34","slug":"conservatori-de-musica-dels-pirineus","status":"publish","type":"page","link":"https:\/\/agora.xtec.cat\/escmusicaberga\/conservatori-de-musica-dels-pirineus\/","title":{"rendered":"Conservatori de m\u00fasica dels Pirineus"},"content":{"rendered":"<p>El Conservatori de M\u00fasica dels Pirineus \u00e9s un Centre p\u00fablic intercomarcal que ofereix ensenyaments de grau professional de m\u00fasica a Berga, Puigcerd\u00e0 i la Seu d\u2019Urgell.<\/p>\n<p>Va comen\u00e7ar a impartir aquests ensenyaments a les tres seus del centre l&#8217;any 2005.<\/p>\n<p>El Conservatori de m\u00fasica dels Pirineus \u00e9s fruit d&#8217;un conveniu de col\u00b7laboraci\u00f3 entre els ajuntaments de Berga, Puigcerd\u00e0 i la Seu d&#8217;Urgell. Els ensenyaments es cursen a les tres seus del centre, Berga, Puigcerd\u00e0 i la Seu d&#8217;Urgell i es promouen projectes globals amb la participaci\u00f3 de tot l&#8217;alumnat del centre.<\/p>\n<p>Visiteu la p\u00e0gina web del conservatori per a m\u00e9s informaci\u00f3.<\/p>\n<p><a href=\"https:\/\/agora.xtec.cat\/conservatoripirineus\/\">conservatoripirineus.cat<\/a><\/p>\n<p><a href=\"https:\/\/agora.xtec.cat\/escmusicaberga\/wp-content\/uploads\/usu1326\/2023\/03\/claustre-1024x768-1.jpeg\"><img loading=\"lazy\" decoding=\"async\" class=\"alignnone size-full wp-image-2621\" src=\"https:\/\/agora.xtec.cat\/escmusicaberga\/wp-content\/uploads\/usu1326\/2023\/03\/claustre-1024x768-1.jpeg\" alt=\"\" width=\"1024\" height=\"768\" srcset=\"https:\/\/agora.xtec.cat\/escmusicaberga\/wp-content\/uploads\/usu1326\/2023\/03\/claustre-1024x768-1.jpeg 1024w, https:\/\/agora.xtec.cat\/escmusicaberga\/wp-content\/uploads\/usu1326\/2023\/03\/claustre-1024x768-1-300x225.jpeg 300w, https:\/\/agora.xtec.cat\/escmusicaberga\/wp-content\/uploads\/usu1326\/2023\/03\/claustre-1024x768-1-768x576.jpeg 768w, https:\/\/agora.xtec.cat\/escmusicaberga\/wp-content\/uploads\/usu1326\/2023\/03\/claustre-1024x768-1-200x150.jpeg 200w\" sizes=\"auto, (max-width: 1024px) 100vw, 1024px\" \/><\/a><\/p>\n","protected":false},"excerpt":{"rendered":"<p>El Conservatori de M\u00fasica dels Pirineus \u00e9s un Centre p\u00fablic intercomarcal que ofereix ensenyaments de grau professional de m\u00fasica a Berga, Puigcerd\u00e0 i la Seu d\u2019Urgell.<br \/>\nVa comen\u00e7ar a impartir aquests ensenyaments a les tres seus del centre l&#8217;any 2005.<br \/>\nEl Conservatori de m\u00fasica dels Pirineus \u00e9s&hellip;  <a href=\"https:\/\/agora.xtec.cat\/escmusicaberga\/conservatori-de-musica-dels-pirineus\/\" title=\"Read Conservatori de m\u00fasica dels Pirineus\">Llegeix m\u00e9s\u00bb<\/a><\/p>\n","protected":false},"author":1,"featured_media":0,"parent":0,"menu_order":0,"comment_status":"closed","ping_status":"closed","template":"page-templates\/side-menu.php","meta":{"_bbp_topic_count":0,"_bbp_reply_count":0,"_bbp_total_topic_count":0,"_bbp_total_reply_count":0,"_bbp_voice_count":0,"_bbp_anonymous_reply_count":0,"_bbp_topic_count_hidden":0,"_bbp_reply_count_hidden":0,"_bbp_forum_subforum_count":0,"footnotes":""},"class_list":["post-2620","page","type-page","status-publish","hentry"],"post_mailing_queue_ids":[],"_links":{"self":[{"href":"https:\/\/agora.xtec.cat\/escmusicaberga\/wp-json\/wp\/v2\/pages\/2620","targetHints":{"allow":["GET"]}}],"collection":[{"href":"https:\/\/agora.xtec.cat\/escmusicaberga\/wp-json\/wp\/v2\/pages"}],"about":[{"href":"https:\/\/agora.xtec.cat\/escmusicaberga\/wp-json\/wp\/v2\/types\/page"}],"author":[{"embeddable":true,"href":"https:\/\/agora.xtec.cat\/escmusicaberga\/wp-json\/wp\/v2\/users\/1"}],"replies":[{"embeddable":true,"href":"https:\/\/agora.xtec.cat\/escmusicaberga\/wp-json\/wp\/v2\/comments?post=2620"}],"version-history":[{"count":1,"href":"https:\/\/agora.xtec.cat\/escmusicaberga\/wp-json\/wp\/v2\/pages\/2620\/revisions"}],"predecessor-version":[{"id":2622,"href":"https:\/\/agora.xtec.cat\/escmusicaberga\/wp-json\/wp\/v2\/pages\/2620\/revisions\/2622"}],"wp:attachment":[{"href":"https:\/\/agora.xtec.cat\/escmusicaberga\/wp-json\/wp\/v2\/media?parent=2620"}],"curies":[{"name":"wp","href":"https:\/\/api.w.org\/{rel}","templated":true}]}}