{"id":2608,"date":"2023-03-09T11:17:11","date_gmt":"2023-03-09T10:17:11","guid":{"rendered":"https:\/\/agora.xtec.cat\/escmusicaberga\/?page_id=2608"},"modified":"2025-04-26T21:26:43","modified_gmt":"2025-04-26T19:26:43","slug":"musica-en-comunitat","status":"publish","type":"page","link":"https:\/\/agora.xtec.cat\/escmusicaberga\/musica-en-comunitat\/","title":{"rendered":"M\u00fasica en comunitat"},"content":{"rendered":"<p>L&#8217;Escola Municipal de M\u00fasica ofereix programes de m\u00fasica en comunitat amb l&#8217;objectiu d&#8217;arribar a tota la poblaci\u00f3 de la ciutat i tamb\u00e9 avan\u00e7ar en la democratitzaci\u00f3 de l&#8217;ensenyament musical i obrir l&#8217;escola a altres disciplines art\u00edstiques com el teatre o la dansa. S&#8217;ofereixen una varietat de programes adre\u00e7ats a diferents segments de la poblaci\u00f3:<\/p>\n<ul>\n<li><a href=\"https:\/\/agora.xtec.cat\/escmusicaberga\/musica-en-comunitat\/projecte-superfilharmonics\/\">Superfilharm\u00f2nics<\/a><\/li>\n<li>Centre Obert Ramon Serchs<\/li>\n<li>Llar Santa Maria de Queralt<\/li>\n<\/ul>\n<p>Tamb\u00e9 promovem projectes de curta durada intervenint amb els centres de prim\u00e0ria i secund\u00e0ria de la ciutat i tamb\u00e9 promovem altres programes de divulgaci\u00f3 musical adre\u00e7ats a tota la poblaci\u00f3:<\/p>\n<p><a href=\"https:\/\/agora.xtec.cat\/escmusicaberga\/club-de-musica\/\">Club de M\u00fasica<\/a><\/p>\n<p>Expressi\u00f3 corporal per a m\u00fasics<\/p>\n<p>M\u00fasica per a nadons<\/p>\n<p>Projecte Supernova<\/p>\n<p><a href=\"https:\/\/agora.xtec.cat\/escmusicaberga\/berga-en-escena\/\">Berga en escena<\/a><\/p>\n<p><a href=\"https:\/\/agora.xtec.cat\/escmusicaberga\/wp-content\/uploads\/usu1326\/2023\/03\/escena.jpg\"><img loading=\"lazy\" decoding=\"async\" class=\"alignnone size-large wp-image-2585\" src=\"https:\/\/agora.xtec.cat\/escmusicaberga\/wp-content\/uploads\/usu1326\/2023\/03\/escena-1024x768.jpg\" alt=\"\" width=\"1024\" height=\"768\" srcset=\"https:\/\/agora.xtec.cat\/escmusicaberga\/wp-content\/uploads\/usu1326\/2023\/03\/escena-1024x768.jpg 1024w, https:\/\/agora.xtec.cat\/escmusicaberga\/wp-content\/uploads\/usu1326\/2023\/03\/escena-300x225.jpg 300w, https:\/\/agora.xtec.cat\/escmusicaberga\/wp-content\/uploads\/usu1326\/2023\/03\/escena-768x576.jpg 768w, https:\/\/agora.xtec.cat\/escmusicaberga\/wp-content\/uploads\/usu1326\/2023\/03\/escena-200x150.jpg 200w, https:\/\/agora.xtec.cat\/escmusicaberga\/wp-content\/uploads\/usu1326\/2023\/03\/escena.jpg 1280w\" sizes=\"auto, (max-width: 1024px) 100vw, 1024px\" \/><\/a><\/p>\n<p><a href=\"https:\/\/agora.xtec.cat\/escmusicaberga\/wp-content\/uploads\/usu1326\/2023\/03\/supernova.png\"><img loading=\"lazy\" decoding=\"async\" class=\"alignnone size-full wp-image-2609\" src=\"https:\/\/agora.xtec.cat\/escmusicaberga\/wp-content\/uploads\/usu1326\/2023\/03\/supernova.png\" alt=\"\" width=\"1024\" height=\"905\" srcset=\"https:\/\/agora.xtec.cat\/escmusicaberga\/wp-content\/uploads\/usu1326\/2023\/03\/supernova.png 1024w, https:\/\/agora.xtec.cat\/escmusicaberga\/wp-content\/uploads\/usu1326\/2023\/03\/supernova-300x265.png 300w, https:\/\/agora.xtec.cat\/escmusicaberga\/wp-content\/uploads\/usu1326\/2023\/03\/supernova-768x679.png 768w\" sizes=\"auto, (max-width: 1024px) 100vw, 1024px\" \/><\/a><\/p>\n","protected":false},"excerpt":{"rendered":"<p>L&#8217;Escola Municipal de M\u00fasica ofereix programes de m\u00fasica en comunitat amb l&#8217;objectiu d&#8217;arribar a tota la poblaci\u00f3 de la ciutat i tamb\u00e9 avan\u00e7ar en la democratitzaci\u00f3 de l&#8217;ensenyament musical i obrir l&#8217;escola a altres disciplines art\u00edstiques com el teatre o la dansa. S&#8217;ofereixen una varietat&hellip;  <a href=\"https:\/\/agora.xtec.cat\/escmusicaberga\/musica-en-comunitat\/\" title=\"Read M\u00fasica en comunitat\">Llegeix m\u00e9s\u00bb<\/a><\/p>\n","protected":false},"author":1,"featured_media":0,"parent":0,"menu_order":0,"comment_status":"closed","ping_status":"closed","template":"page-templates\/side-menu.php","meta":{"_bbp_topic_count":0,"_bbp_reply_count":0,"_bbp_total_topic_count":0,"_bbp_total_reply_count":0,"_bbp_voice_count":0,"_bbp_anonymous_reply_count":0,"_bbp_topic_count_hidden":0,"_bbp_reply_count_hidden":0,"_bbp_forum_subforum_count":0,"footnotes":""},"class_list":["post-2608","page","type-page","status-publish","hentry"],"post_mailing_queue_ids":[],"_links":{"self":[{"href":"https:\/\/agora.xtec.cat\/escmusicaberga\/wp-json\/wp\/v2\/pages\/2608","targetHints":{"allow":["GET"]}}],"collection":[{"href":"https:\/\/agora.xtec.cat\/escmusicaberga\/wp-json\/wp\/v2\/pages"}],"about":[{"href":"https:\/\/agora.xtec.cat\/escmusicaberga\/wp-json\/wp\/v2\/types\/page"}],"author":[{"embeddable":true,"href":"https:\/\/agora.xtec.cat\/escmusicaberga\/wp-json\/wp\/v2\/users\/1"}],"replies":[{"embeddable":true,"href":"https:\/\/agora.xtec.cat\/escmusicaberga\/wp-json\/wp\/v2\/comments?post=2608"}],"version-history":[{"count":6,"href":"https:\/\/agora.xtec.cat\/escmusicaberga\/wp-json\/wp\/v2\/pages\/2608\/revisions"}],"predecessor-version":[{"id":3932,"href":"https:\/\/agora.xtec.cat\/escmusicaberga\/wp-json\/wp\/v2\/pages\/2608\/revisions\/3932"}],"wp:attachment":[{"href":"https:\/\/agora.xtec.cat\/escmusicaberga\/wp-json\/wp\/v2\/media?parent=2608"}],"curies":[{"name":"wp","href":"https:\/\/api.w.org\/{rel}","templated":true}]}}