{"id":2278,"date":"2023-03-11T10:37:09","date_gmt":"2023-03-11T09:37:09","guid":{"rendered":"https:\/\/agora.xtec.cat\/escmusicaberga\/?page_id=2278"},"modified":"2023-03-11T10:37:39","modified_gmt":"2023-03-11T09:37:39","slug":"projecte-superfilharmonics","status":"publish","type":"page","link":"https:\/\/agora.xtec.cat\/escmusicaberga\/musica-en-comunitat\/projecte-superfilharmonics\/","title":{"rendered":"Projecte Superfilharm\u00f2nics"},"content":{"rendered":"<p style=\"font-weight: 400;\">El projecte<em> Superfilharm\u00f2nics<\/em> \u00e9s un projecte de <strong>democratitzaci\u00f3 cultural<\/strong> de l\u2019Escola Municipal de M\u00fasica de Berga (EMMB) destinat als alumnes de les escoles de prim\u00e0ria. La voluntat de democratitzaci\u00f3 cultural s\u2019esdev\u00e9 perqu\u00e8 el projecte es realitza dins dels grup-classe de les escoles que participen en el projecte i dins l\u2019horari escolar. Per aquesta ra\u00f3, el projecte <em>Superfilharm\u00f2nics<\/em>, centrat en la <strong>pr\u00e0ctica musical en orquestra<\/strong>, fa que l\u2019EMMB esdevingui un servei p\u00fablic al qual hi tenen acc\u00e9s tots els ciutadans en algun moment de la seva vida.<\/p>\n<p><a href=\"https:\/\/agora.xtec.cat\/escmusicaberga\/wp-content\/uploads\/usu1326\/2021\/06\/femsonar.jpg\"><img loading=\"lazy\" decoding=\"async\" class=\"alignnone wp-image-1402\" src=\"https:\/\/agora.xtec.cat\/escmusicaberga\/wp-content\/uploads\/usu1326\/2021\/06\/femsonar-1024x769.jpg\" alt=\"\" width=\"727\" height=\"546\" srcset=\"https:\/\/agora.xtec.cat\/escmusicaberga\/wp-content\/uploads\/usu1326\/2021\/06\/femsonar.jpg 1024w, https:\/\/agora.xtec.cat\/escmusicaberga\/wp-content\/uploads\/usu1326\/2021\/06\/femsonar-300x225.jpg 300w, https:\/\/agora.xtec.cat\/escmusicaberga\/wp-content\/uploads\/usu1326\/2021\/06\/femsonar-768x577.jpg 768w, https:\/\/agora.xtec.cat\/escmusicaberga\/wp-content\/uploads\/usu1326\/2021\/06\/femsonar-200x150.jpg 200w\" sizes=\"auto, (max-width: 727px) 100vw, 727px\" \/><\/a><\/p>\n<p style=\"font-weight: 400;\">El projecte <em>Superfilharm\u00f2nics<\/em> implica la cooperaci\u00f3 i l\u2019associaci\u00f3 entre l\u2019\u00e0mbit social i l\u2019\u00e0mbit cultural. La funci\u00f3 social del projecte no nom\u00e9s aspira que l\u2019alumnat tingui la possibilitat de descobrir la pr\u00e0ctica musical, sin\u00f3 que <strong>promou h\u00e0bits<\/strong> com la concentraci\u00f3, la disciplina i la responsabilitat que s\u00f3n uns h\u00e0bits garants de l\u2019aprenentatge i desenvolupament tant de l\u2019individu com del grup. Tamb\u00e9 la pr\u00e0ctica musical en grup estimula el fet de <strong>compartir i viure experi\u00e8ncies conjuntament<\/strong>.<\/p>\n<p style=\"font-weight: 400;\">L&#8217;educaci\u00f3 musical es basa en l&#8217;aprenentatge col\u00b7lectiu, l\u2019ensenyament oral, l\u2019aproximaci\u00f3 sensitiva i corporal a la m\u00fasica, estimular la creativitat, i el coneixement a trav\u00e9s de la pr\u00e0ctica del patrimoni musical.<\/p>\n<p style=\"font-weight: 400;\">El projecte <em>Superfilharm\u00f2nics<\/em> prou el di\u00e0leg i la cooperaci\u00f3 entre l\u2019EMMB i les escoles d\u2019educaci\u00f3 prim\u00e0ria que participen al projecte. Aquest di\u00e0leg es formalitza en els equips docents que s\u2019ocupen de les orquestres escolars per\u00f2 tamb\u00e9 a les activitats que impliquen la reuni\u00f3 i la col\u00b7laboraci\u00f3 entre les orquestres de Superfilharm\u00f2nics de les diferents escoles de prim\u00e0ria.<\/p>\n<p style=\"font-weight: 400;\">El projecte Superfilharm\u00f2nics t\u00e9 dos tipus de conjunts instrumentals:<\/p>\n<ul>\n<li>l\u2019orquestra de <strong>Cordes<\/strong><\/li>\n<li>l\u2019orquestra de <strong>Vents<\/strong><\/li>\n<\/ul>\n<p style=\"font-weight: 400;\">Les orquestres de cordes estaran formades pels seg\u00fcents instruments: <strong>viol\u00ed<\/strong>, <strong>viola<\/strong>, <strong>violoncel<\/strong> i <strong>contrabaix<\/strong>; mentre que les orquestres de vents estaran formades pel <strong>clarinet<\/strong>, <strong>trompeta<\/strong>, <strong>tromb\u00f3<\/strong> i <strong>bombard\u00ed<\/strong>.<\/p>\n<p>Actualment partcipen al projecte totes les escoles d&#8217;ensenyament primari de Berga i les escoles p\u00fabliques de Cercs i Avi\u00e0.<\/p>\n<p>&nbsp;<\/p>\n<h5><strong>Escoles participants al projecte:<\/strong><\/h5>\n<p><strong>Berga<\/strong><\/p>\n<hr \/>\n<p><a href=\"https:\/\/agora.xtec.cat\/ceipsantjoan\/\">Escola Sant Joan<\/a><\/p>\n<p><a href=\"https:\/\/agora.xtec.cat\/ceipsantaeulalia-berga\/\">Escola Santa Eul\u00e0lia<\/a><\/p>\n<p><a href=\"https:\/\/agora.xtec.cat\/escdelavalldan\/\">Escola de la Valldan<\/a><\/p>\n<p><a href=\"https:\/\/xarxa.fedac.cat\/\">FEDAC Xarxa<\/a><\/p>\n<p><a href=\"https:\/\/vedrunaberga.cat\/\">Vedruna Berga<\/a><\/p>\n<p>&nbsp;<\/p>\n<p><strong>Cercs<\/strong><\/p>\n<hr \/>\n<p><a href=\"https:\/\/agora.xtec.cat\/ceipsantsalvador\/\">Escola Sant Salvador<\/a><\/p>\n<p>&nbsp;<\/p>\n<p><strong>Avi\u00e0<\/strong><\/p>\n<hr \/>\n<p><a href=\"https:\/\/agora.xtec.cat\/esc-santa-maria-avia\/\">Escola Santa Maria<\/a><\/p>\n<p>&nbsp;<\/p>\n","protected":false},"excerpt":{"rendered":"<p>El projecte Superfilharm\u00f2nics \u00e9s un projecte de democratitzaci\u00f3 cultural de l\u2019Escola Municipal de M\u00fasica de Berga (EMMB) destinat als alumnes de les escoles de prim\u00e0ria. La voluntat de democratitzaci\u00f3 cultural s\u2019esdev\u00e9 perqu\u00e8 el projecte es realitza dins dels grup-classe de les escoles que participen en&hellip;  <a href=\"https:\/\/agora.xtec.cat\/escmusicaberga\/musica-en-comunitat\/projecte-superfilharmonics\/\" title=\"Read Projecte Superfilharm\u00f2nics\">Llegeix m\u00e9s\u00bb<\/a><\/p>\n","protected":false},"author":1,"featured_media":0,"parent":2608,"menu_order":0,"comment_status":"closed","ping_status":"closed","template":"page-templates\/side-menu.php","meta":{"_bbp_topic_count":0,"_bbp_reply_count":0,"_bbp_total_topic_count":0,"_bbp_total_reply_count":0,"_bbp_voice_count":0,"_bbp_anonymous_reply_count":0,"_bbp_topic_count_hidden":0,"_bbp_reply_count_hidden":0,"_bbp_forum_subforum_count":0,"footnotes":""},"class_list":["post-2278","page","type-page","status-publish","hentry"],"post_mailing_queue_ids":[],"_links":{"self":[{"href":"https:\/\/agora.xtec.cat\/escmusicaberga\/wp-json\/wp\/v2\/pages\/2278","targetHints":{"allow":["GET"]}}],"collection":[{"href":"https:\/\/agora.xtec.cat\/escmusicaberga\/wp-json\/wp\/v2\/pages"}],"about":[{"href":"https:\/\/agora.xtec.cat\/escmusicaberga\/wp-json\/wp\/v2\/types\/page"}],"author":[{"embeddable":true,"href":"https:\/\/agora.xtec.cat\/escmusicaberga\/wp-json\/wp\/v2\/users\/1"}],"replies":[{"embeddable":true,"href":"https:\/\/agora.xtec.cat\/escmusicaberga\/wp-json\/wp\/v2\/comments?post=2278"}],"version-history":[{"count":2,"href":"https:\/\/agora.xtec.cat\/escmusicaberga\/wp-json\/wp\/v2\/pages\/2278\/revisions"}],"predecessor-version":[{"id":2626,"href":"https:\/\/agora.xtec.cat\/escmusicaberga\/wp-json\/wp\/v2\/pages\/2278\/revisions\/2626"}],"up":[{"embeddable":true,"href":"https:\/\/agora.xtec.cat\/escmusicaberga\/wp-json\/wp\/v2\/pages\/2608"}],"wp:attachment":[{"href":"https:\/\/agora.xtec.cat\/escmusicaberga\/wp-json\/wp\/v2\/media?parent=2278"}],"curies":[{"name":"wp","href":"https:\/\/api.w.org\/{rel}","templated":true}]}}