{"id":2272,"date":"2022-10-10T18:23:33","date_gmt":"2022-10-10T16:23:33","guid":{"rendered":"https:\/\/agora.xtec.cat\/escmusicaberga\/?page_id=2272"},"modified":"2022-10-10T18:31:47","modified_gmt":"2022-10-10T16:31:47","slug":"tallers-i-complements-educatius-club-de-musica","status":"publish","type":"page","link":"https:\/\/agora.xtec.cat\/escmusicaberga\/ofertaeducativa\/oferta-de-curta-durada\/tallers-i-complements-educatius-club-de-musica\/","title":{"rendered":"Club de m\u00fasica"},"content":{"rendered":"<p><strong>del 20 d&#8217;octubre a l&#8217;1 de desembre \/ 2022<\/strong><\/p>\n<p>dijous, 19:00 &#8211; 20:00 h<\/p>\n<p><em>Taller adre\u00e7at a persones interessades en descobrir les hist\u00f2ries que hi ha darrera les m\u00fasiques que escoltem.<\/em><\/p>\n<p>durada: 4 sessions quinzenals<\/p>\n<p>preu: gratu\u00eft<\/p>\n<p><a href=\"https:\/\/agora.xtec.cat\/escmusicaberga\/wp-content\/uploads\/usu1326\/2022\/10\/EMMB-2022_23-tallers_tardor-club-de-mu\u0301sica.jpg\"><img loading=\"lazy\" decoding=\"async\" class=\"alignnone size-large wp-image-2259\" src=\"https:\/\/agora.xtec.cat\/escmusicaberga\/wp-content\/uploads\/usu1326\/2022\/10\/EMMB-2022_23-tallers_tardor-club-de-mu\u0301sica-724x1024.jpg\" alt=\"\" width=\"724\" height=\"1024\" srcset=\"https:\/\/agora.xtec.cat\/escmusicaberga\/wp-content\/uploads\/usu1326\/2022\/10\/EMMB-2022_23-tallers_tardor-club-de-mu\u0301sica-724x1024.jpg 724w, https:\/\/agora.xtec.cat\/escmusicaberga\/wp-content\/uploads\/usu1326\/2022\/10\/EMMB-2022_23-tallers_tardor-club-de-mu\u0301sica-212x300.jpg 212w, https:\/\/agora.xtec.cat\/escmusicaberga\/wp-content\/uploads\/usu1326\/2022\/10\/EMMB-2022_23-tallers_tardor-club-de-mu\u0301sica-768x1086.jpg 768w, https:\/\/agora.xtec.cat\/escmusicaberga\/wp-content\/uploads\/usu1326\/2022\/10\/EMMB-2022_23-tallers_tardor-club-de-mu\u0301sica.jpg 842w\" sizes=\"auto, (max-width: 724px) 100vw, 724px\" \/><\/a><\/p>\n","protected":false},"excerpt":{"rendered":"<p>del 20 d&#8217;octubre a l&#8217;1 de desembre \/ 2022<br \/>\ndijous, 19:00 &#8211; 20:00 h<br \/>\nTaller adre\u00e7at a persones interessades en descobrir les hist\u00f2ries que hi ha darrera les m\u00fasiques que escoltem.<br \/>\ndurada: 4 sessions quinzenals<br \/>\npreu: gratu\u00eft<br \/>\n<a href=\"https:\/\/agora.xtec.cat\/escmusicaberga\/wp-content\/uploads\/usu1326\/2022\/10\/EMMB-2022_23-tallers_tardor-club-de-mu\u0301sica.jpg\"><\/a><\/p>\n","protected":false},"author":1,"featured_media":0,"parent":2254,"menu_order":0,"comment_status":"closed","ping_status":"closed","template":"","meta":{"_bbp_topic_count":0,"_bbp_reply_count":0,"_bbp_total_topic_count":0,"_bbp_total_reply_count":0,"_bbp_voice_count":0,"_bbp_anonymous_reply_count":0,"_bbp_topic_count_hidden":0,"_bbp_reply_count_hidden":0,"_bbp_forum_subforum_count":0,"footnotes":""},"class_list":["post-2272","page","type-page","status-publish","hentry"],"post_mailing_queue_ids":[],"_links":{"self":[{"href":"https:\/\/agora.xtec.cat\/escmusicaberga\/wp-json\/wp\/v2\/pages\/2272","targetHints":{"allow":["GET"]}}],"collection":[{"href":"https:\/\/agora.xtec.cat\/escmusicaberga\/wp-json\/wp\/v2\/pages"}],"about":[{"href":"https:\/\/agora.xtec.cat\/escmusicaberga\/wp-json\/wp\/v2\/types\/page"}],"author":[{"embeddable":true,"href":"https:\/\/agora.xtec.cat\/escmusicaberga\/wp-json\/wp\/v2\/users\/1"}],"replies":[{"embeddable":true,"href":"https:\/\/agora.xtec.cat\/escmusicaberga\/wp-json\/wp\/v2\/comments?post=2272"}],"version-history":[{"count":2,"href":"https:\/\/agora.xtec.cat\/escmusicaberga\/wp-json\/wp\/v2\/pages\/2272\/revisions"}],"predecessor-version":[{"id":2276,"href":"https:\/\/agora.xtec.cat\/escmusicaberga\/wp-json\/wp\/v2\/pages\/2272\/revisions\/2276"}],"up":[{"embeddable":true,"href":"https:\/\/agora.xtec.cat\/escmusicaberga\/wp-json\/wp\/v2\/pages\/2254"}],"wp:attachment":[{"href":"https:\/\/agora.xtec.cat\/escmusicaberga\/wp-json\/wp\/v2\/media?parent=2272"}],"curies":[{"name":"wp","href":"https:\/\/api.w.org\/{rel}","templated":true}]}}