{"id":2254,"date":"2022-10-03T17:25:13","date_gmt":"2022-10-03T15:25:13","guid":{"rendered":"https:\/\/agora.xtec.cat\/escmusicaberga\/?page_id=2254"},"modified":"2023-05-09T09:56:46","modified_gmt":"2023-05-09T07:56:46","slug":"oferta-de-curta-durada","status":"publish","type":"page","link":"https:\/\/agora.xtec.cat\/escmusicaberga\/ofertaeducativa\/oferta-de-curta-durada\/","title":{"rendered":"Complements educatius de curta durada"},"content":{"rendered":"<p>L&#8217;oferta educativa de curta durada compr\u00e8n els tallers, els projectes i les activitats que l&#8217;Escola Municipal de M\u00fasica de Berga organitza durant per\u00edodes puntuals del curs. Inclou propostes per a tot tipus d&#8217;edat i de nivells de formaci\u00f3 musical. Son\u00a0experi\u00e8ncies musicals i art\u00edstiques que es desenvolupen durant una o m\u00e9s sessions. En el cas de l&#8217;alumnat que tamb\u00e9 est\u00e0 matriculat a algun dels programes educatius de l&#8217;EMMB, aquests tallers i projectes complementen els seus aprenentatges.<\/p>\n<h4><\/h4>\n<hr \/>\n<h4><b>Tallers i complements educatius \/ curs 2022 &#8211; 2023 \/\u00a0<\/b><span style=\"color: #ff9900;\"><strong>febrer &#8211; mar\u00e7<\/strong><\/span><span style=\"color: #ff9900;\"><strong>, 2023<\/strong><\/span><\/h4>\n<p><a href=\"https:\/\/agora.xtec.cat\/escmusicaberga\/tallers-i-complements-educatius-curs-2022-2023\/\" target=\"_blank\" rel=\"noopener\"><img loading=\"lazy\" decoding=\"async\" class=\"wp-image-2491 size-medium alignnone\" src=\"https:\/\/agora.xtec.cat\/escmusicaberga\/wp-content\/uploads\/usu1326\/2023\/01\/EMMB-2022_23-tallers_hivern-212x300.jpeg\" alt=\"\" width=\"212\" height=\"300\" srcset=\"https:\/\/agora.xtec.cat\/escmusicaberga\/wp-content\/uploads\/usu1326\/2023\/01\/EMMB-2022_23-tallers_hivern-212x300.jpeg 212w, https:\/\/agora.xtec.cat\/escmusicaberga\/wp-content\/uploads\/usu1326\/2023\/01\/EMMB-2022_23-tallers_hivern-724x1024.jpeg 724w, https:\/\/agora.xtec.cat\/escmusicaberga\/wp-content\/uploads\/usu1326\/2023\/01\/EMMB-2022_23-tallers_hivern-768x1086.jpeg 768w, https:\/\/agora.xtec.cat\/escmusicaberga\/wp-content\/uploads\/usu1326\/2023\/01\/EMMB-2022_23-tallers_hivern.jpeg 842w\" sizes=\"auto, (max-width: 212px) 100vw, 212px\" \/><\/a><\/p>\n<hr \/>\n<h4><b>Tallers i complements educatius \/ curs 2022 &#8211; 2023 \/\u00a0<\/b><span style=\"color: #ff9900;\"><strong>octubre &#8211; desembre<\/strong><\/span><span style=\"color: #ff9900;\"><strong>, 2022<\/strong><\/span><\/h4>\n<p><a href=\"https:\/\/agora.xtec.cat\/escmusicaberga\/wp-content\/uploads\/usu1326\/2022\/10\/EMMB-2022_23-tallers_tardor.jpg\"><img loading=\"lazy\" decoding=\"async\" class=\"wp-image-2256 size-medium alignleft\" src=\"https:\/\/agora.xtec.cat\/escmusicaberga\/wp-content\/uploads\/usu1326\/2022\/10\/EMMB-2022_23-tallers_tardor-212x300.jpg\" alt=\"Tallers de curta durada\" width=\"212\" height=\"300\" srcset=\"https:\/\/agora.xtec.cat\/escmusicaberga\/wp-content\/uploads\/usu1326\/2022\/10\/EMMB-2022_23-tallers_tardor-212x300.jpg 212w, https:\/\/agora.xtec.cat\/escmusicaberga\/wp-content\/uploads\/usu1326\/2022\/10\/EMMB-2022_23-tallers_tardor-724x1024.jpg 724w, https:\/\/agora.xtec.cat\/escmusicaberga\/wp-content\/uploads\/usu1326\/2022\/10\/EMMB-2022_23-tallers_tardor-768x1086.jpg 768w, https:\/\/agora.xtec.cat\/escmusicaberga\/wp-content\/uploads\/usu1326\/2022\/10\/EMMB-2022_23-tallers_tardor.jpg 842w\" sizes=\"auto, (max-width: 212px) 100vw, 212px\" \/><\/a><\/p>\n<hr \/>\n<p>&nbsp;<\/p>\n<h4><\/h4>\n<p>&nbsp;<\/p>\n","protected":false},"excerpt":{"rendered":"<p>L&#8217;oferta educativa de curta durada compr\u00e8n els tallers, els projectes i les activitats que l&#8217;Escola Municipal de M\u00fasica de Berga organitza durant per\u00edodes puntuals del curs. Inclou propostes per a tot tipus d&#8217;edat i de nivells de formaci\u00f3 musical. Son\u00a0experi\u00e8ncies musicals i art\u00edstiques que es&hellip;  <a href=\"https:\/\/agora.xtec.cat\/escmusicaberga\/ofertaeducativa\/oferta-de-curta-durada\/\" title=\"Read Complements educatius de curta durada\">Llegeix m\u00e9s\u00bb<\/a><\/p>\n","protected":false},"author":1,"featured_media":0,"parent":195,"menu_order":0,"comment_status":"closed","ping_status":"closed","template":"","meta":{"_bbp_topic_count":0,"_bbp_reply_count":0,"_bbp_total_topic_count":0,"_bbp_total_reply_count":0,"_bbp_voice_count":0,"_bbp_anonymous_reply_count":0,"_bbp_topic_count_hidden":0,"_bbp_reply_count_hidden":0,"_bbp_forum_subforum_count":0,"footnotes":""},"class_list":["post-2254","page","type-page","status-publish","hentry"],"post_mailing_queue_ids":[],"_links":{"self":[{"href":"https:\/\/agora.xtec.cat\/escmusicaberga\/wp-json\/wp\/v2\/pages\/2254","targetHints":{"allow":["GET"]}}],"collection":[{"href":"https:\/\/agora.xtec.cat\/escmusicaberga\/wp-json\/wp\/v2\/pages"}],"about":[{"href":"https:\/\/agora.xtec.cat\/escmusicaberga\/wp-json\/wp\/v2\/types\/page"}],"author":[{"embeddable":true,"href":"https:\/\/agora.xtec.cat\/escmusicaberga\/wp-json\/wp\/v2\/users\/1"}],"replies":[{"embeddable":true,"href":"https:\/\/agora.xtec.cat\/escmusicaberga\/wp-json\/wp\/v2\/comments?post=2254"}],"version-history":[{"count":3,"href":"https:\/\/agora.xtec.cat\/escmusicaberga\/wp-json\/wp\/v2\/pages\/2254\/revisions"}],"predecessor-version":[{"id":2892,"href":"https:\/\/agora.xtec.cat\/escmusicaberga\/wp-json\/wp\/v2\/pages\/2254\/revisions\/2892"}],"up":[{"embeddable":true,"href":"https:\/\/agora.xtec.cat\/escmusicaberga\/wp-json\/wp\/v2\/pages\/195"}],"wp:attachment":[{"href":"https:\/\/agora.xtec.cat\/escmusicaberga\/wp-json\/wp\/v2\/media?parent=2254"}],"curies":[{"name":"wp","href":"https:\/\/api.w.org\/{rel}","templated":true}]}}