{"id":21,"date":"2014-09-17T16:14:14","date_gmt":"2014-09-17T16:14:14","guid":{"rendered":"http:\/\/agora.xtec.cat\/escmusicaberga\/?page_id=21"},"modified":"2025-12-23T08:53:43","modified_gmt":"2025-12-23T07:53:43","slug":"on-som","status":"publish","type":"page","link":"https:\/\/agora.xtec.cat\/escmusicaberga\/lescola\/on-som\/","title":{"rendered":"On som"},"content":{"rendered":"<p style=\"color: #666666;\"><strong>Escola municipal de m\u00fasica de Berga<\/strong><br \/>Pla\u00e7a del germ\u00e0 francisc\u00e0 Pare Antoni Baylina, 15<br \/>08600 Berga<\/p>\n<p style=\"color: #666666;\">938 213 911 (de 5 a 8 de la tarda)<\/p>\n<p><a href=\"https:\/\/www.openstreetmap.org\/way\/594612980\">Com arribar<\/a><\/p>\n<p><strong>Correus electr\u00f2nics de contacte<\/strong><\/p>\n<p><strong style=\"font-size: medium; font-family: inherit; line-height: 1.6;\">Centre<\/strong><\/p>\n<ul>\n<li><span style=\"font-size: medium;\">Bustia General: <a href=\"mailto:info@emmberga.cat\">info@emmberga.cat<\/a><\/span><\/li>\n<li><span style=\"font-size: medium;\">Director:\u00a0<a href=\"mailto:director@emmberga.cat\">llobetcx@emmberga.<\/a><\/span><\/li>\n<li>Cap d&#8217;Estudis: <a href=\"mailto:capdestudis@emmb.ajberga.cat\">comellasrj@emmberga.cat<\/a><\/li>\n<li>Secret\u00e0ria acad\u00e8mica: <a href=\"mailto:rocalm@emmberga.cat\">rocalm@emmberga.cat<\/a><\/li>\n<li>Administraci\u00f3: <a href=\"mailto:administracio@emmberga.cat\">administracio<span class=\"\">@emmberga.cat<\/span><\/a><\/li>\n<\/ul>\n\n\n<p><\/p>\n","protected":false},"excerpt":{"rendered":"<p>Escola municipal de m\u00fasica de BergaPla\u00e7a del germ\u00e0 francisc\u00e0 Pare Antoni Baylina, 1508600 Berga<br \/>\n938 213 911 (de 5 a 8 de la tarda)<br \/>\n<a href=\"https:\/\/www.openstreetmap.org\/way\/594612980\">Com arribar<\/a><br \/>\nCorreus electr\u00f2nics de contacte<br \/>\nCentre<\/p>\n<ul>\n<li>Bustia General: <a href=\"mailto:info@emmberga.cat\">info@emmberga.cat<\/a><\/li>\n<li>Director:\u00a0<a href=\"mailto:director@emmberga.cat\">llobetcx@emmberga.<\/a><\/li>\n<li>Cap d&#8217;Estudis: <a href=\"mailto:capdestudis@emmb.ajberga.cat\">comellasrj@emmberga.cat<\/a><\/li>\n<li>Secret\u00e0ria acad\u00e8mica: <a href=\"mailto:rocalm@emmberga.cat\">rocalm@emmberga.cat<\/a><\/li>\n<li>Administraci\u00f3: <a href=\"mailto:administracio@emmberga.cat\">administracio@emmberga.cat<\/a><\/li>\n<\/ul>\n","protected":false},"author":1,"featured_media":0,"parent":19,"menu_order":1,"comment_status":"closed","ping_status":"closed","template":"page-templates\/side-menu.php","meta":{"_bbp_topic_count":0,"_bbp_reply_count":0,"_bbp_total_topic_count":0,"_bbp_total_reply_count":0,"_bbp_voice_count":0,"_bbp_anonymous_reply_count":0,"_bbp_topic_count_hidden":0,"_bbp_reply_count_hidden":0,"_bbp_forum_subforum_count":0,"footnotes":""},"class_list":["post-21","page","type-page","status-publish","hentry"],"post_mailing_queue_ids":[],"_links":{"self":[{"href":"https:\/\/agora.xtec.cat\/escmusicaberga\/wp-json\/wp\/v2\/pages\/21","targetHints":{"allow":["GET"]}}],"collection":[{"href":"https:\/\/agora.xtec.cat\/escmusicaberga\/wp-json\/wp\/v2\/pages"}],"about":[{"href":"https:\/\/agora.xtec.cat\/escmusicaberga\/wp-json\/wp\/v2\/types\/page"}],"author":[{"embeddable":true,"href":"https:\/\/agora.xtec.cat\/escmusicaberga\/wp-json\/wp\/v2\/users\/1"}],"replies":[{"embeddable":true,"href":"https:\/\/agora.xtec.cat\/escmusicaberga\/wp-json\/wp\/v2\/comments?post=21"}],"version-history":[{"count":6,"href":"https:\/\/agora.xtec.cat\/escmusicaberga\/wp-json\/wp\/v2\/pages\/21\/revisions"}],"predecessor-version":[{"id":4363,"href":"https:\/\/agora.xtec.cat\/escmusicaberga\/wp-json\/wp\/v2\/pages\/21\/revisions\/4363"}],"up":[{"embeddable":true,"href":"https:\/\/agora.xtec.cat\/escmusicaberga\/wp-json\/wp\/v2\/pages\/19"}],"wp:attachment":[{"href":"https:\/\/agora.xtec.cat\/escmusicaberga\/wp-json\/wp\/v2\/media?parent=21"}],"curies":[{"name":"wp","href":"https:\/\/api.w.org\/{rel}","templated":true}]}}