{"id":1908,"date":"2022-06-07T05:15:03","date_gmt":"2022-06-07T03:15:03","guid":{"rendered":"https:\/\/agora.xtec.cat\/escmusicaberga\/?page_id=1908"},"modified":"2023-05-09T10:49:18","modified_gmt":"2023-05-09T08:49:18","slug":"basic-projecte-superfilharmonics","status":"publish","type":"page","link":"https:\/\/agora.xtec.cat\/escmusicaberga\/ofertaeducativa\/programes-educatius\/programes-basic\/basic-projecte-superfilharmonics\/","title":{"rendered":"PF B\u00e0sic + projecte Superfilharm\u00f2nics"},"content":{"rendered":"<p><a href=\"https:\/\/agora.xtec.cat\/escmusicaberga\/wp-content\/uploads\/usu1326\/2023\/05\/EMMB-oferta-educativa-2023-2024-presentacio.007.jpeg\"><img loading=\"lazy\" decoding=\"async\" class=\"alignnone size-large wp-image-2800\" src=\"https:\/\/agora.xtec.cat\/escmusicaberga\/wp-content\/uploads\/usu1326\/2023\/05\/EMMB-oferta-educativa-2023-2024-presentacio.007-1024x576.jpeg\" alt=\"\" width=\"1024\" height=\"576\" \/><\/a><\/p>\n<p>L\u2019EMMBerga realitza el projecte Superfilharm\u00f2nics a totes les escoles d\u2019educaci\u00f3 prim\u00e0ria de Berga (Escola FEDAC-Xarxa \/ Escola La Valldan \/ Escola Sant Joan \/ Escola Santa Eul\u00e0lia \/ Escola Vedruan Berga), aix\u00ed com a l\u2019Escola Sant Salvador de Cercs i l\u2019Escola Santa Maria d\u2019Avi\u00e0.<\/p>\n<p>Dos dels nivells del projecte Superfilharm\u00f2nics es realitzen als centres d\u2019educaci\u00f3 prim\u00e0ria mentre que la resta del nivells es realitzen als espais de l\u2019EMM de Berga.<span class=\"Apple-converted-space\">\u00a0<\/span><\/p>\n<p>Per aquest motiu, el curr\u00edculum de l\u2019alumnat d\u2019aquestes escoles, a m\u00e9s a m\u00e9s de les assignatures dels programes B\u00e0sic 3 &#8211; 6, tamb\u00e9 inclour\u00e0 l\u2019assignatura M\u00fasica en comunitat com a complement educatiu.<\/p>\n<hr \/>\n<p><strong>Descarregar la fitxa <\/strong>\u00a0\u2192 <a href=\"https:\/\/agora.xtec.cat\/escmusicaberga\/wp-content\/uploads\/usu1326\/2023\/05\/EMMB-oferta-educativa-PF_PI.pdf\">EMMB oferta educativa PF_PI<\/a><\/p>\n<hr \/>\n<p>&nbsp;<\/p>\n","protected":false},"excerpt":{"rendered":"<p><a href=\"https:\/\/agora.xtec.cat\/escmusicaberga\/wp-content\/uploads\/usu1326\/2023\/05\/EMMB-oferta-educativa-2023-2024-presentacio.007.jpeg\"><\/a><br \/>\nL\u2019EMMBerga realitza el projecte Superfilharm\u00f2nics a totes les escoles d\u2019educaci\u00f3 prim\u00e0ria de Berga (Escola FEDAC-Xarxa \/ Escola La Valldan \/ Escola Sant Joan \/ Escola Santa Eul\u00e0lia \/ Escola Vedruan Berga), aix\u00ed com a l\u2019Escola Sant Salvador de Cercs i l\u2019Escola Santa Maria d\u2019Avi\u00e0.<br \/>\nDos&hellip;  <a href=\"https:\/\/agora.xtec.cat\/escmusicaberga\/ofertaeducativa\/programes-educatius\/programes-basic\/basic-projecte-superfilharmonics\/\" title=\"Read PF B\u00e0sic + projecte Superfilharm\u00f2nics\">Llegeix m\u00e9s\u00bb<\/a><\/p>\n","protected":false},"author":1,"featured_media":0,"parent":1860,"menu_order":0,"comment_status":"closed","ping_status":"closed","template":"page-templates\/side-menu.php","meta":{"_bbp_topic_count":0,"_bbp_reply_count":0,"_bbp_total_topic_count":0,"_bbp_total_reply_count":0,"_bbp_voice_count":0,"_bbp_anonymous_reply_count":0,"_bbp_topic_count_hidden":0,"_bbp_reply_count_hidden":0,"_bbp_forum_subforum_count":0,"footnotes":""},"class_list":["post-1908","page","type-page","status-publish","hentry"],"post_mailing_queue_ids":[],"_links":{"self":[{"href":"https:\/\/agora.xtec.cat\/escmusicaberga\/wp-json\/wp\/v2\/pages\/1908","targetHints":{"allow":["GET"]}}],"collection":[{"href":"https:\/\/agora.xtec.cat\/escmusicaberga\/wp-json\/wp\/v2\/pages"}],"about":[{"href":"https:\/\/agora.xtec.cat\/escmusicaberga\/wp-json\/wp\/v2\/types\/page"}],"author":[{"embeddable":true,"href":"https:\/\/agora.xtec.cat\/escmusicaberga\/wp-json\/wp\/v2\/users\/1"}],"replies":[{"embeddable":true,"href":"https:\/\/agora.xtec.cat\/escmusicaberga\/wp-json\/wp\/v2\/comments?post=1908"}],"version-history":[{"count":3,"href":"https:\/\/agora.xtec.cat\/escmusicaberga\/wp-json\/wp\/v2\/pages\/1908\/revisions"}],"predecessor-version":[{"id":2937,"href":"https:\/\/agora.xtec.cat\/escmusicaberga\/wp-json\/wp\/v2\/pages\/1908\/revisions\/2937"}],"up":[{"embeddable":true,"href":"https:\/\/agora.xtec.cat\/escmusicaberga\/wp-json\/wp\/v2\/pages\/1860"}],"wp:attachment":[{"href":"https:\/\/agora.xtec.cat\/escmusicaberga\/wp-json\/wp\/v2\/media?parent=1908"}],"curies":[{"name":"wp","href":"https:\/\/api.w.org\/{rel}","templated":true}]}}