{"id":1704,"date":"2022-04-26T18:13:48","date_gmt":"2022-04-26T16:13:48","guid":{"rendered":"https:\/\/agora.xtec.cat\/escmusicaberga\/?page_id=1704"},"modified":"2022-05-09T19:53:32","modified_gmt":"2022-05-09T17:53:32","slug":"colonies-destiu-2022","status":"publish","type":"page","link":"https:\/\/agora.xtec.cat\/escmusicaberga\/colonies-destiu-2022\/","title":{"rendered":"Col\u00f2nies d&#8217;estiu 2022"},"content":{"rendered":"<p>Les Col\u00f2nies d&#8217;Estiu d&#8217;enguany seran del dia 28 de juny al 2 de juliol, a l&#8217;Alberg Torre del Bar\u00f3 de Sant Lloren\u00e7 de Morunys.<\/p>\n<p><span style=\"color: #ff0000;\">PLACES COMPLETADES; INSCRIPCI\u00d3 TANCADA<\/span><\/p>\n<p>Aqu\u00ed trobareu tota la informaci\u00f3:<\/p>\n<p><a href=\"https:\/\/agora.xtec.cat\/escmusicaberga\/wp-content\/uploads\/usu1326\/2022\/04\/Tri\u0301ptic-logo_Pagina_1-scaled.jpg\"><img loading=\"lazy\" decoding=\"async\" class=\"alignnone size-large wp-image-1707\" src=\"https:\/\/agora.xtec.cat\/escmusicaberga\/wp-content\/uploads\/usu1326\/2022\/04\/Tri\u0301ptic-logo_Pagina_1-1024x791.jpg\" alt=\"\" width=\"1024\" height=\"791\" srcset=\"https:\/\/agora.xtec.cat\/escmusicaberga\/wp-content\/uploads\/usu1326\/2022\/04\/Tri\u0301ptic-logo_Pagina_1-1024x791.jpg 1024w, https:\/\/agora.xtec.cat\/escmusicaberga\/wp-content\/uploads\/usu1326\/2022\/04\/Tri\u0301ptic-logo_Pagina_1-300x232.jpg 300w, https:\/\/agora.xtec.cat\/escmusicaberga\/wp-content\/uploads\/usu1326\/2022\/04\/Tri\u0301ptic-logo_Pagina_1-768x593.jpg 768w, https:\/\/agora.xtec.cat\/escmusicaberga\/wp-content\/uploads\/usu1326\/2022\/04\/Tri\u0301ptic-logo_Pagina_1-1536x1187.jpg 1536w, https:\/\/agora.xtec.cat\/escmusicaberga\/wp-content\/uploads\/usu1326\/2022\/04\/Tri\u0301ptic-logo_Pagina_1-2048x1583.jpg 2048w\" sizes=\"auto, (max-width: 1024px) 100vw, 1024px\" \/><\/a><\/p>\n<p><a href=\"https:\/\/agora.xtec.cat\/escmusicaberga\/wp-content\/uploads\/usu1326\/2022\/04\/Tri\u0301ptic-logo_Pagina_2-scaled.jpg\"><img loading=\"lazy\" decoding=\"async\" class=\"alignnone size-large wp-image-1706\" src=\"https:\/\/agora.xtec.cat\/escmusicaberga\/wp-content\/uploads\/usu1326\/2022\/04\/Tri\u0301ptic-logo_Pagina_2-1024x789.jpg\" alt=\"\" width=\"1024\" height=\"789\" srcset=\"https:\/\/agora.xtec.cat\/escmusicaberga\/wp-content\/uploads\/usu1326\/2022\/04\/Tri\u0301ptic-logo_Pagina_2-1024x789.jpg 1024w, https:\/\/agora.xtec.cat\/escmusicaberga\/wp-content\/uploads\/usu1326\/2022\/04\/Tri\u0301ptic-logo_Pagina_2-300x231.jpg 300w, https:\/\/agora.xtec.cat\/escmusicaberga\/wp-content\/uploads\/usu1326\/2022\/04\/Tri\u0301ptic-logo_Pagina_2-768x592.jpg 768w, https:\/\/agora.xtec.cat\/escmusicaberga\/wp-content\/uploads\/usu1326\/2022\/04\/Tri\u0301ptic-logo_Pagina_2-1536x1184.jpg 1536w, https:\/\/agora.xtec.cat\/escmusicaberga\/wp-content\/uploads\/usu1326\/2022\/04\/Tri\u0301ptic-logo_Pagina_2-2048x1579.jpg 2048w\" sizes=\"auto, (max-width: 1024px) 100vw, 1024px\" \/><\/a><\/p>\n<p>&nbsp;<\/p>\n","protected":false},"excerpt":{"rendered":"<p>Les Col\u00f2nies d&#8217;Estiu d&#8217;enguany seran del dia 28 de juny al 2 de juliol, a l&#8217;Alberg Torre del Bar\u00f3 de Sant Lloren\u00e7 de Morunys.<br \/>\nPLACES COMPLETADES; INSCRIPCI\u00d3 TANCADA<br \/>\nAqu\u00ed trobareu tota la informaci\u00f3:<br \/>\n<a href=\"https:\/\/agora.xtec.cat\/escmusicaberga\/wp-content\/uploads\/usu1326\/2022\/04\/Tri\u0301ptic-logo_Pagina_1-scaled.jpg\"><\/a><br \/>\n<a href=\"https:\/\/agora.xtec.cat\/escmusicaberga\/wp-content\/uploads\/usu1326\/2022\/04\/Tri\u0301ptic-logo_Pagina_2-scaled.jpg\"><\/a><br \/>\n&nbsp;<\/p>\n","protected":false},"author":1,"featured_media":0,"parent":0,"menu_order":0,"comment_status":"closed","ping_status":"closed","template":"","meta":{"_bbp_topic_count":0,"_bbp_reply_count":0,"_bbp_total_topic_count":0,"_bbp_total_reply_count":0,"_bbp_voice_count":0,"_bbp_anonymous_reply_count":0,"_bbp_topic_count_hidden":0,"_bbp_reply_count_hidden":0,"_bbp_forum_subforum_count":0,"footnotes":""},"class_list":["post-1704","page","type-page","status-publish","hentry"],"post_mailing_queue_ids":[],"_links":{"self":[{"href":"https:\/\/agora.xtec.cat\/escmusicaberga\/wp-json\/wp\/v2\/pages\/1704","targetHints":{"allow":["GET"]}}],"collection":[{"href":"https:\/\/agora.xtec.cat\/escmusicaberga\/wp-json\/wp\/v2\/pages"}],"about":[{"href":"https:\/\/agora.xtec.cat\/escmusicaberga\/wp-json\/wp\/v2\/types\/page"}],"author":[{"embeddable":true,"href":"https:\/\/agora.xtec.cat\/escmusicaberga\/wp-json\/wp\/v2\/users\/1"}],"replies":[{"embeddable":true,"href":"https:\/\/agora.xtec.cat\/escmusicaberga\/wp-json\/wp\/v2\/comments?post=1704"}],"version-history":[{"count":3,"href":"https:\/\/agora.xtec.cat\/escmusicaberga\/wp-json\/wp\/v2\/pages\/1704\/revisions"}],"predecessor-version":[{"id":1724,"href":"https:\/\/agora.xtec.cat\/escmusicaberga\/wp-json\/wp\/v2\/pages\/1704\/revisions\/1724"}],"wp:attachment":[{"href":"https:\/\/agora.xtec.cat\/escmusicaberga\/wp-json\/wp\/v2\/media?parent=1704"}],"curies":[{"name":"wp","href":"https:\/\/api.w.org\/{rel}","templated":true}]}}