{"id":1679,"date":"2022-03-18T19:27:50","date_gmt":"2022-03-18T18:27:50","guid":{"rendered":"https:\/\/agora.xtec.cat\/escmusicaberga\/?page_id=1679"},"modified":"2024-02-22T13:46:45","modified_gmt":"2024-02-22T12:46:45","slug":"experimentacio-tast-dinstruments","status":"publish","type":"page","link":"https:\/\/agora.xtec.cat\/escmusicaberga\/ofertaeducativa\/experimentacio-tast-dinstruments\/","title":{"rendered":"Experimentaci\u00f3 &#8211; tast d&#8217;instruments"},"content":{"rendered":"<p>Aquesta activitat est\u00e0 destinada a l&#8217;alumnat del programa de M\u00fasica 1 \u00e9s a dir l\u2019alumat quel curs vinent comen\u00e7ar\u00e0 l&#8217;aprenentatge d&#8217;un instrument.<\/p>\n<p>\u2022 L&#8217;experimentaci\u00f3 consisteix en una sessi\u00f3 de 30 minuts per mostrar el vostre instrument\/s a un petit grup d&#8217;entre 5-7 alumnes.<br \/>\n\u2022 El professorat d&#8217;instrument dissenyar\u00e0 les activitats i les propostes per a l&#8217;Experimentaci\u00f3 de la seva especialitat.<br \/>\n\u2022 Recomanem que sempre que sigui possible l&#8217;alumnat pugui arribar a fer sonar l&#8217;instrument.<br \/>\n\u2022 Teniu a la vostra disposici\u00f3 els instruments que hi ha al magatzem d&#8217;instruments.<\/p>\n<p><a href=\"https:\/\/agora.xtec.cat\/escmusicaberga\/wp-content\/uploads\/usu1326\/2023\/05\/ex.jpeg\"><img loading=\"lazy\" decoding=\"async\" class=\"alignnone size-large wp-image-2717\" src=\"https:\/\/agora.xtec.cat\/escmusicaberga\/wp-content\/uploads\/usu1326\/2023\/05\/ex-1024x768.jpeg\" alt=\"\" width=\"1024\" height=\"768\" srcset=\"https:\/\/agora.xtec.cat\/escmusicaberga\/wp-content\/uploads\/usu1326\/2023\/05\/ex-1024x768.jpeg 1024w, https:\/\/agora.xtec.cat\/escmusicaberga\/wp-content\/uploads\/usu1326\/2023\/05\/ex-300x225.jpeg 300w, https:\/\/agora.xtec.cat\/escmusicaberga\/wp-content\/uploads\/usu1326\/2023\/05\/ex-768x576.jpeg 768w, https:\/\/agora.xtec.cat\/escmusicaberga\/wp-content\/uploads\/usu1326\/2023\/05\/ex-1536x1152.jpeg 1536w, https:\/\/agora.xtec.cat\/escmusicaberga\/wp-content\/uploads\/usu1326\/2023\/05\/ex-200x150.jpeg 200w, https:\/\/agora.xtec.cat\/escmusicaberga\/wp-content\/uploads\/usu1326\/2023\/05\/ex.jpeg 2000w\" sizes=\"auto, (max-width: 1024px) 100vw, 1024px\" \/><\/a><\/p>\n","protected":false},"excerpt":{"rendered":"<p>Aquesta activitat est\u00e0 destinada a l&#8217;alumnat del programa de M\u00fasica 1 \u00e9s a dir l\u2019alumat quel curs vinent comen\u00e7ar\u00e0 l&#8217;aprenentatge d&#8217;un instrument.<br \/>\n\u2022 L&#8217;experimentaci\u00f3 consisteix en una sessi\u00f3 de 30 minuts per mostrar el vostre instrument\/s a un petit grup d&#8217;entre 5-7 alumnes.<br \/>\n\u2022 El professorat d&#8217;instrument&hellip;  <a href=\"https:\/\/agora.xtec.cat\/escmusicaberga\/ofertaeducativa\/experimentacio-tast-dinstruments\/\" title=\"Read Experimentaci\u00f3 &#8211; tast d&#8217;instruments\">Llegeix m\u00e9s\u00bb<\/a><\/p>\n","protected":false},"author":1,"featured_media":0,"parent":195,"menu_order":0,"comment_status":"closed","ping_status":"closed","template":"page-templates\/side-menu.php","meta":{"_bbp_topic_count":0,"_bbp_reply_count":0,"_bbp_total_topic_count":0,"_bbp_total_reply_count":0,"_bbp_voice_count":0,"_bbp_anonymous_reply_count":0,"_bbp_topic_count_hidden":0,"_bbp_reply_count_hidden":0,"_bbp_forum_subforum_count":0,"footnotes":""},"class_list":["post-1679","page","type-page","status-publish","hentry"],"post_mailing_queue_ids":[],"_links":{"self":[{"href":"https:\/\/agora.xtec.cat\/escmusicaberga\/wp-json\/wp\/v2\/pages\/1679","targetHints":{"allow":["GET"]}}],"collection":[{"href":"https:\/\/agora.xtec.cat\/escmusicaberga\/wp-json\/wp\/v2\/pages"}],"about":[{"href":"https:\/\/agora.xtec.cat\/escmusicaberga\/wp-json\/wp\/v2\/types\/page"}],"author":[{"embeddable":true,"href":"https:\/\/agora.xtec.cat\/escmusicaberga\/wp-json\/wp\/v2\/users\/1"}],"replies":[{"embeddable":true,"href":"https:\/\/agora.xtec.cat\/escmusicaberga\/wp-json\/wp\/v2\/comments?post=1679"}],"version-history":[{"count":4,"href":"https:\/\/agora.xtec.cat\/escmusicaberga\/wp-json\/wp\/v2\/pages\/1679\/revisions"}],"predecessor-version":[{"id":3290,"href":"https:\/\/agora.xtec.cat\/escmusicaberga\/wp-json\/wp\/v2\/pages\/1679\/revisions\/3290"}],"up":[{"embeddable":true,"href":"https:\/\/agora.xtec.cat\/escmusicaberga\/wp-json\/wp\/v2\/pages\/195"}],"wp:attachment":[{"href":"https:\/\/agora.xtec.cat\/escmusicaberga\/wp-json\/wp\/v2\/media?parent=1679"}],"curies":[{"name":"wp","href":"https:\/\/api.w.org\/{rel}","templated":true}]}}