{"id":1548,"date":"2021-12-12T11:05:59","date_gmt":"2021-12-12T10:05:59","guid":{"rendered":"https:\/\/agora.xtec.cat\/escmusicaberga\/?page_id=1548"},"modified":"2021-12-22T14:00:58","modified_gmt":"2021-12-22T13:00:58","slug":"microconcerts-de-nadal-2021","status":"publish","type":"page","link":"https:\/\/agora.xtec.cat\/escmusicaberga\/microconcerts-de-nadal-2021\/","title":{"rendered":"Microconcerts de Nadal 2021"},"content":{"rendered":"<h1><strong>MicroConcerts de Nadal 2021<\/strong><\/h1>\n<h3>Una setmana amb concerts breus, classes obertes i activitats per <strong>compartir<\/strong> <strong>les<\/strong> <strong>m\u00fasiques<\/strong> de les persones que aprenen i fan m\u00fasica a l\u2019Escola Municipal de M\u00fasica de Berga<\/h3>\n<p>Enguany tornem a programar els Microconcerts de Nadal, encara amb precaucions per evitar contagis a causa de la pand\u00e8mia de la COVID-19. Malgrat obrim els concerts al p\u00fablic, <strong>us demanem restringir l&#8217;assist\u00e8ncia al nucli familiar (pares\/mares\/germans)<\/strong> ja que els aforaments estan redu\u00efts i cal reduir el risc de contagi.<\/p>\n<p>Podeu consultar el programa dels horaris dels Microconcerts:<\/p>\n<p><a href=\"https:\/\/agora.xtec.cat\/escmusicaberga\/wp-content\/uploads\/usu1326\/2021\/12\/EMMB-2021_22-microConcertsNadal-02.pdf\">Programa dels Microconcerts de Nadal 2021<\/a><\/p>\n<h3><strong>IMPORTANT:<\/strong><\/h3>\n<p>Per assistir als Microconcerts de Nadal, <strong>cal registre previ en el en aquesta p\u00e0gina<\/strong>. Escolliu el vostre microconcert i inscriviu el nom de les persones que assistiran com a p\u00fablic (no els nens i nenes que tocaran). <strong>Els microconcerts de l&#8217;exterior (banda i corals infantils) no necessiten registre previ.\u00a0<\/strong>Si no us apareix el vostre microconcert, al capdavall de la p\u00e0gina cliqueu &#8220;Show more o mostra m\u00e9s&#8221; i apareixeran la resta.<\/p>\n<p><a href=\"http:\/\/emmberga.eventbrite.com\">P\u00e0gina de registre per als Microconcerts de Nadal 2021<\/a><\/p>\n<p>Si teniu alguna incid\u00e8ncia envieu-nos un correu a info@emmberga.cat amb el nom de les persones que volen assistir al microconcert i ho gestionarem (utilitzeu aquesta via nom\u00e9s en cas d&#8217;incid\u00e8ncia)<\/p>\n<p>Moltes gr\u00e0cies per la vostra col\u00b7laboraci\u00f3 i gaudim de la m\u00fasica i les festes!<\/p>\n<p><em><strong>(Aquesta programaci\u00f3 es pot veure alterada per incid\u00e8ncies relacionades amb la pand\u00e8mia de la Covid-19 com confinament d&#8217;alumnat d&#8217;algun dels grups)<\/strong><\/em><\/p>\n<p>&nbsp;<\/p>\n<p><a href=\"https:\/\/agora.xtec.cat\/escmusicaberga\/wp-content\/uploads\/usu1326\/2021\/12\/EMMB-2021_22-microConcertsNadal.jpg\"><img loading=\"lazy\" decoding=\"async\" class=\"alignnone size-large wp-image-1551\" src=\"https:\/\/agora.xtec.cat\/escmusicaberga\/wp-content\/uploads\/usu1326\/2021\/12\/EMMB-2021_22-microConcertsNadal-724x1024.jpg\" alt=\"\" width=\"724\" height=\"1024\" srcset=\"https:\/\/agora.xtec.cat\/escmusicaberga\/wp-content\/uploads\/usu1326\/2021\/12\/EMMB-2021_22-microConcertsNadal-724x1024.jpg 724w, https:\/\/agora.xtec.cat\/escmusicaberga\/wp-content\/uploads\/usu1326\/2021\/12\/EMMB-2021_22-microConcertsNadal-212x300.jpg 212w, https:\/\/agora.xtec.cat\/escmusicaberga\/wp-content\/uploads\/usu1326\/2021\/12\/EMMB-2021_22-microConcertsNadal-768x1086.jpg 768w, https:\/\/agora.xtec.cat\/escmusicaberga\/wp-content\/uploads\/usu1326\/2021\/12\/EMMB-2021_22-microConcertsNadal.jpg 842w\" sizes=\"auto, (max-width: 724px) 100vw, 724px\" \/><\/a><\/p>\n<p>&nbsp;<\/p>\n","protected":false},"excerpt":{"rendered":"<p>MicroConcerts de Nadal 2021<br \/>\nUna setmana amb concerts breus, classes obertes i activitats per compartir les m\u00fasiques de les persones que aprenen i fan m\u00fasica a l\u2019Escola Municipal de M\u00fasica de Berga<br \/>\nEnguany tornem a programar els Microconcerts de Nadal, encara amb precaucions per evitar contagis a&hellip;  <a href=\"https:\/\/agora.xtec.cat\/escmusicaberga\/microconcerts-de-nadal-2021\/\" title=\"Read Microconcerts de Nadal 2021\">Llegeix m\u00e9s\u00bb<\/a><\/p>\n","protected":false},"author":1,"featured_media":0,"parent":0,"menu_order":0,"comment_status":"closed","ping_status":"closed","template":"","meta":{"_bbp_topic_count":0,"_bbp_reply_count":0,"_bbp_total_topic_count":0,"_bbp_total_reply_count":0,"_bbp_voice_count":0,"_bbp_anonymous_reply_count":0,"_bbp_topic_count_hidden":0,"_bbp_reply_count_hidden":0,"_bbp_forum_subforum_count":0,"footnotes":""},"class_list":["post-1548","page","type-page","status-publish","hentry"],"post_mailing_queue_ids":[],"_links":{"self":[{"href":"https:\/\/agora.xtec.cat\/escmusicaberga\/wp-json\/wp\/v2\/pages\/1548","targetHints":{"allow":["GET"]}}],"collection":[{"href":"https:\/\/agora.xtec.cat\/escmusicaberga\/wp-json\/wp\/v2\/pages"}],"about":[{"href":"https:\/\/agora.xtec.cat\/escmusicaberga\/wp-json\/wp\/v2\/types\/page"}],"author":[{"embeddable":true,"href":"https:\/\/agora.xtec.cat\/escmusicaberga\/wp-json\/wp\/v2\/users\/1"}],"replies":[{"embeddable":true,"href":"https:\/\/agora.xtec.cat\/escmusicaberga\/wp-json\/wp\/v2\/comments?post=1548"}],"version-history":[{"count":4,"href":"https:\/\/agora.xtec.cat\/escmusicaberga\/wp-json\/wp\/v2\/pages\/1548\/revisions"}],"predecessor-version":[{"id":1578,"href":"https:\/\/agora.xtec.cat\/escmusicaberga\/wp-json\/wp\/v2\/pages\/1548\/revisions\/1578"}],"wp:attachment":[{"href":"https:\/\/agora.xtec.cat\/escmusicaberga\/wp-json\/wp\/v2\/media?parent=1548"}],"curies":[{"name":"wp","href":"https:\/\/api.w.org\/{rel}","templated":true}]}}