{"id":876,"date":"2022-12-19T10:47:13","date_gmt":"2022-12-19T09:47:13","guid":{"rendered":"https:\/\/agora.xtec.cat\/escmusica-garrigues\/?page_id=876"},"modified":"2025-12-11T14:21:03","modified_gmt":"2025-12-11T13:21:03","slug":"regala-una-experiencia-musical-2","status":"publish","type":"page","link":"https:\/\/agora.xtec.cat\/escmusica-garrigues\/regala-una-experiencia-musical-2\/","title":{"rendered":"Regala una experi\u00e8ncia Musical"},"content":{"rendered":"<h1><strong>Aquest Nadal, regala m\u00fasica!<\/strong><\/h1>\n<p>&nbsp;<\/p>\n<div style=\"width: 1080px;\" class=\"wp-video\"><!--[if lt IE 9]><script>document.createElement('video');<\/script><![endif]-->\n<video class=\"wp-video-shortcode\" id=\"video-876-1\" width=\"1080\" height=\"1920\" preload=\"metadata\" controls=\"controls\"><source type=\"video\/mp4\" src=\"https:\/\/agora.xtec.cat\/escmusica-garrigues\/wp-content\/uploads\/usu1783\/2023\/12\/Regala-Una-experiencia.mp4?_=1\" \/><a href=\"https:\/\/agora.xtec.cat\/escmusica-garrigues\/wp-content\/uploads\/usu1783\/2023\/12\/Regala-Una-experiencia.mp4\">https:\/\/agora.xtec.cat\/escmusica-garrigues\/wp-content\/uploads\/usu1783\/2023\/12\/Regala-Una-experiencia.mp4<\/a><\/video><\/div>\n<p>&nbsp;<\/p>\n<p>En aquest enlla\u00e7 podr\u00e0s fer la inscripci\u00f3:<br \/>\n<a href=\"https:\/\/forms.gle\/BTrNHEry5zY6jgnu9\">https:\/\/forms.gle\/BTrNHEry5zY6jgnu9<\/a><\/p>\n<p>En el seg\u00fcent enlla\u00e7 podr\u00e0s descarregar-te el tiquet regal.<br \/>\n<a href=\"https:\/\/drive.google.com\/file\/d\/18b-Ptq-eY-l3HK1fwLstFOTcVaKcVyB0\/view?usp=drive_link\">https:\/\/drive.google.com\/file\/d\/1w2ctPgHdL_aE8fPpgSIxcUPLxUZFCGEv\/view?usp=drive_link<\/a><\/p>\n<p>M\u00e9s informaci\u00f3:<\/p>\n<p>Tel\u00e8fon: 973 143434<\/p>\n<p>Email: musicagarrigues@musicagarrigues.cat<\/p>\n<p>Instagram: Em_garrigues<\/p>\n","protected":false},"excerpt":{"rendered":"<p>Aquest Nadal, regala m\u00fasica!<br \/>\n&nbsp;<br \/>\n<a href=\"https:\/\/agora.xtec.cat\/escmusica-garrigues\/wp-content\/uploads\/usu1783\/2023\/12\/Regala-Una-experiencia.mp4\">https:\/\/agora.xtec.cat\/escmusica-garrigues\/wp-content\/uploads\/usu1783\/2023\/12\/Regala-Una-experiencia.mp4<\/a><br \/>\n&nbsp;<br \/>\nEn aquest enlla\u00e7 podr\u00e0s fer la inscripci\u00f3:<br \/>\n<a href=\"https:\/\/forms.gle\/BTrNHEry5zY6jgnu9\">https:\/\/forms.gle\/BTrNHEry5zY6jgnu9<\/a><br \/>\nEn el seg\u00fcent enlla\u00e7 podr\u00e0s descarregar-te el tiquet regal.<br \/>\n<a href=\"https:\/\/drive.google.com\/file\/d\/18b-Ptq-eY-l3HK1fwLstFOTcVaKcVyB0\/view?usp=drive_link\">https:\/\/drive.google.com\/file\/d\/1w2ctPgHdL_aE8fPpgSIxcUPLxUZFCGEv\/view?usp=drive_link<\/a><br \/>\nM\u00e9s informaci\u00f3:<br \/>\nTel\u00e8fon: 973 143434<br \/>\nEmail: musicagarrigues@musicagarrigues.cat<br \/>\nInstagram: Em_garrigues<\/p>\n","protected":false},"author":1,"featured_media":0,"parent":0,"menu_order":0,"comment_status":"closed","ping_status":"closed","template":"","meta":{"_bbp_topic_count":0,"_bbp_reply_count":0,"_bbp_total_topic_count":0,"_bbp_total_reply_count":0,"_bbp_voice_count":0,"_bbp_anonymous_reply_count":0,"_bbp_topic_count_hidden":0,"_bbp_reply_count_hidden":0,"_bbp_forum_subforum_count":0,"footnotes":""},"class_list":["post-876","page","type-page","status-publish","hentry"],"post_mailing_queue_ids":[],"_links":{"self":[{"href":"https:\/\/agora.xtec.cat\/escmusica-garrigues\/wp-json\/wp\/v2\/pages\/876","targetHints":{"allow":["GET"]}}],"collection":[{"href":"https:\/\/agora.xtec.cat\/escmusica-garrigues\/wp-json\/wp\/v2\/pages"}],"about":[{"href":"https:\/\/agora.xtec.cat\/escmusica-garrigues\/wp-json\/wp\/v2\/types\/page"}],"author":[{"embeddable":true,"href":"https:\/\/agora.xtec.cat\/escmusica-garrigues\/wp-json\/wp\/v2\/users\/1"}],"replies":[{"embeddable":true,"href":"https:\/\/agora.xtec.cat\/escmusica-garrigues\/wp-json\/wp\/v2\/comments?post=876"}],"version-history":[{"count":5,"href":"https:\/\/agora.xtec.cat\/escmusica-garrigues\/wp-json\/wp\/v2\/pages\/876\/revisions"}],"predecessor-version":[{"id":1166,"href":"https:\/\/agora.xtec.cat\/escmusica-garrigues\/wp-json\/wp\/v2\/pages\/876\/revisions\/1166"}],"wp:attachment":[{"href":"https:\/\/agora.xtec.cat\/escmusica-garrigues\/wp-json\/wp\/v2\/media?parent=876"}],"curies":[{"name":"wp","href":"https:\/\/api.w.org\/{rel}","templated":true}]}}