{"id":777,"date":"2021-06-23T10:09:26","date_gmt":"2021-06-23T08:09:26","guid":{"rendered":"http:\/\/agora.xtec.cat\/escmusica-garrigues\/?page_id=777"},"modified":"2025-11-05T17:48:16","modified_gmt":"2025-11-05T16:48:16","slug":"qui-som","status":"publish","type":"page","link":"https:\/\/agora.xtec.cat\/escmusica-garrigues\/qui-som\/","title":{"rendered":"Qui som?"},"content":{"rendered":"<ul>\n<li>\n<p align=\"JUSTIFY\"><span style=\"font-family: Century Gothic, sans-serif;\"><span style=\"font-size: medium;\">Som un centre d\u2019ensenyament p\u00fablic que fem de <\/span><\/span><span style=\"font-size: medium; font-family: 'Century Gothic', sans-serif;\">l\u2019expressi\u00f3 art\u00edstica el nostre vehicle de comunicaci\u00f3. Els ciutadans han de tenir acc\u00e9s a les eines necess\u00e0ries per a la pr\u00e0ctica de les arts.<\/span><\/p>\n<\/li>\n<\/ul>\n<ul>\n<li>\n<p align=\"JUSTIFY\"><span style=\"font-family: Century Gothic, sans-serif;\"><span style=\"font-size: medium;\">Formem part d\u2019una <\/span><\/span><span style=\"font-family: Century Gothic, sans-serif;\"><span style=\"font-size: medium;\"><b>Mancomunitat de municipis <\/b><\/span><\/span><span style=\"font-family: Century Gothic, sans-serif;\"><span style=\"font-size: medium;\">formada per 12 ajuntaments de la comarca: Albi, Arbeca, Borges Blanques, Castelldans , Cervi\u00e0 de les Garrigues, Cogul, Espluga Calba, Floresta, Juneda, Omellons, Puiggr\u00f2s, Vilosell. <\/span><\/span><\/p>\n<\/li>\n<\/ul>\n<ul>\n<li>\n<p align=\"JUSTIFY\"><span style=\"font-family: Century Gothic, sans-serif;\"><span style=\"font-size: medium;\">Som una escola amb <\/span><\/span><span style=\"font-family: Century Gothic, sans-serif;\"><span style=\"font-size: medium;\"><b>tres seus<\/b><\/span><\/span><span style=\"font-family: Century Gothic, sans-serif;\"><span style=\"font-size: medium;\"> les quals estan situades a les poblacions de <\/span><\/span><span style=\"font-family: Century Gothic, sans-serif;\"><span style=\"font-size: medium;\"><b>Borges Blanques, Juneda i Arbeca<\/b><\/span><\/span><span style=\"font-family: Century Gothic, sans-serif;\"><span style=\"font-size: medium;\">. <\/span><\/span><\/p>\n<\/li>\n<\/ul>\n<ul>\n<li>\n<p align=\"JUSTIFY\"><span style=\"font-family: Century Gothic, sans-serif;\"><span style=\"font-size: medium;\">La m\u00fasica forma part d\u2019un patrimoni hist\u00f2ric que no volem escatimar als <\/span><\/span><span style=\"font-family: Century Gothic, sans-serif;\"><span style=\"font-size: medium;\"><u>nens , als joves i als adults<\/u><\/span><\/span><span style=\"font-family: Century Gothic, sans-serif;\"><span style=\"font-size: medium;\">.<\/span><\/span><\/p>\n<\/li>\n<\/ul>\n<ul>\n<li>\n<p align=\"JUSTIFY\"><span style=\"font-family: Century Gothic, sans-serif;\"><span style=\"font-size: medium;\">Volem ser centres oberts :<\/span><\/span><\/p>\n<\/li>\n<\/ul>\n<ol>\n<li>\n<p align=\"JUSTIFY\"><span style=\"font-family: Century Gothic, sans-serif;\"><span style=\"font-size: medium;\">a alumnes de totes les edats<\/span><\/span><\/p>\n<\/li>\n<li>\n<p align=\"JUSTIFY\"><span style=\"font-family: Century Gothic, sans-serif;\"><span style=\"font-size: medium;\">a alumnes amb tota mena d\u2019interessos, amb una oferta docent prou \u00e0mplia per acollir opcions diverses.<\/span><\/span><\/p>\n<\/li>\n<li>\n<p align=\"JUSTIFY\"><span style=\"font-family: Century Gothic, sans-serif;\"><span style=\"font-size: medium;\">a totes les m\u00fasiques, sense refusar cap manifestaci\u00f3 art\u00edstica.<\/span><\/span><\/p>\n<\/li>\n<li>\n<p align=\"JUSTIFY\"><span style=\"font-family: Century Gothic, sans-serif;\"><span style=\"font-size: medium;\">a totes les economies, on ning\u00fa no quedi excl\u00f2s per raons econ\u00f2miques.<\/span><\/span><\/p>\n<\/li>\n<li>\n<p align=\"JUSTIFY\"><span style=\"font-family: Century Gothic, sans-serif;\"><span style=\"font-size: medium;\">a alumnes de tots els nivells. Tot i que l\u2019objectiu principal de l\u2019escola no \u00e9s la professionalitzaci\u00f3, ha de vetllar perqu\u00e8 la formaci\u00f3 que s\u2019ofereixi sigui prou s\u00f2lida i personalitzada per tal que els alumnes que vulguin puguin accedir a centres de formaci\u00f3 superior.<\/span><\/span><\/p>\n<\/li>\n<\/ol>\n<p align=\"JUSTIFY\"><span style=\"font-family: Century Gothic, sans-serif;\"><span style=\"font-size: xx-large;\"><b>. <\/b><\/span><\/span><span style=\"font-family: Century Gothic, sans-serif;\"><span style=\"font-size: medium;\">Potenciem la pr\u00e0ctica musical col.lectiva tant vocal com instrumental, ja que aquesta a m\u00e9s de contemplar aspectes purament t\u00e8cnics comporta la relaci\u00f3 humana, fet indispensable en l\u2019educaci\u00f3 integral de l\u2019alumne.<\/span><\/span><\/p>\n<p align=\"JUSTIFY\"><span style=\"font-family: Century Gothic, sans-serif;\"><span style=\"font-size: xx-large;\"><b>. <\/b><\/span><\/span><span style=\"font-family: Century Gothic, sans-serif;\"><span style=\"font-size: medium;\">Col\u00b7laborem amb els centres d\u2019ensenyament de r\u00e8gim general dels nostres municipis i de la nostra comarca.<\/span><\/span><\/p>\n<p align=\"JUSTIFY\"><span style=\"font-family: Century Gothic, sans-serif;\"><span style=\"font-size: xx-large;\"><b>. <\/b><\/span><\/span><span style=\"font-family: Century Gothic, sans-serif;\"><span style=\"font-size: medium;\">Els \u00f2rgans de govern i participaci\u00f3 s\u00f3n: el Consell Escolar, el Claustre de professors, l\u2019Equip Directiu, i l\u2019 Associaci\u00f3 de Pares i Mares d\u2019Alumnes.<\/span><\/span><\/p>\n<p align=\"JUSTIFY\"><span style=\"font-family: Century Gothic, sans-serif;\"><span style=\"font-size: xx-large;\"><b>.<\/b><\/span><\/span><span style=\"font-family: Century Gothic, sans-serif;\"><span style=\"font-size: medium;\"> Som membres actius de l\u2019ACEM (Associaci\u00f3 Catalana d\u2019Escoles de M\u00fasica), la qual agrupa diferents escoles de Catalunya. Aquesta associaci\u00f3 forma part de l\u2019EMU (Uni\u00f3 Europea d\u2019Escoles de M\u00fasica) que integra 21 pa\u00efsos, 5.000 escoles, 3 milions i mig d\u2019estudiants, i m\u00e9s de 100.000 professors.<\/span><\/span><\/p>\n<p align=\"JUSTIFY\"><span style=\"font-family: Century Gothic, sans-serif;\"><span style=\"font-size: xx-large;\"><span lang=\"en-US\"><b>.<\/b><\/span><\/span><\/span><span style=\"font-family: Century Gothic, sans-serif;\"><span style=\"font-size: medium;\"><span lang=\"en-US\"> El claustre de professors per aquest curs est\u00e0 format per 19 professors, tots ells titulats. <\/span><\/span><\/span><\/p>\n","protected":false},"excerpt":{"rendered":"<ul>\n<li>\nSom un centre d\u2019ensenyament p\u00fablic que fem de l\u2019expressi\u00f3 art\u00edstica el nostre vehicle de comunicaci\u00f3. Els ciutadans han de tenir acc\u00e9s a les eines necess\u00e0ries per a la pr\u00e0ctica de les arts.\n<\/li>\n<\/ul>\n<ul>\n<li>\nFormem part d\u2019una Mancomunitat de municipis formada per 12 ajuntaments de la comarca: Albi,&hellip;  <a href=\"https:\/\/agora.xtec.cat\/escmusica-garrigues\/qui-som\/\" title=\"Read Qui som?\">Llegeix m\u00e9s\u00bb<\/a><\/p>\n","protected":false},"author":1,"featured_media":0,"parent":0,"menu_order":0,"comment_status":"closed","ping_status":"closed","template":"","meta":{"_bbp_topic_count":0,"_bbp_reply_count":0,"_bbp_total_topic_count":0,"_bbp_total_reply_count":0,"_bbp_voice_count":0,"_bbp_anonymous_reply_count":0,"_bbp_topic_count_hidden":0,"_bbp_reply_count_hidden":0,"_bbp_forum_subforum_count":0,"footnotes":""},"class_list":["post-777","page","type-page","status-publish","hentry"],"post_mailing_queue_ids":[],"_links":{"self":[{"href":"https:\/\/agora.xtec.cat\/escmusica-garrigues\/wp-json\/wp\/v2\/pages\/777","targetHints":{"allow":["GET"]}}],"collection":[{"href":"https:\/\/agora.xtec.cat\/escmusica-garrigues\/wp-json\/wp\/v2\/pages"}],"about":[{"href":"https:\/\/agora.xtec.cat\/escmusica-garrigues\/wp-json\/wp\/v2\/types\/page"}],"author":[{"embeddable":true,"href":"https:\/\/agora.xtec.cat\/escmusica-garrigues\/wp-json\/wp\/v2\/users\/1"}],"replies":[{"embeddable":true,"href":"https:\/\/agora.xtec.cat\/escmusica-garrigues\/wp-json\/wp\/v2\/comments?post=777"}],"version-history":[{"count":3,"href":"https:\/\/agora.xtec.cat\/escmusica-garrigues\/wp-json\/wp\/v2\/pages\/777\/revisions"}],"predecessor-version":[{"id":1153,"href":"https:\/\/agora.xtec.cat\/escmusica-garrigues\/wp-json\/wp\/v2\/pages\/777\/revisions\/1153"}],"wp:attachment":[{"href":"https:\/\/agora.xtec.cat\/escmusica-garrigues\/wp-json\/wp\/v2\/media?parent=777"}],"curies":[{"name":"wp","href":"https:\/\/api.w.org\/{rel}","templated":true}]}}