{"id":673,"date":"2021-06-15T23:20:19","date_gmt":"2021-06-15T21:20:19","guid":{"rendered":"http:\/\/agora.xtec.cat\/escmusica-garrigues\/?page_id=673"},"modified":"2021-06-29T18:47:53","modified_gmt":"2021-06-29T16:47:53","slug":"nivell-mitja","status":"publish","type":"page","link":"https:\/\/agora.xtec.cat\/escmusica-garrigues\/estudiar-2\/nivell-mitja\/","title":{"rendered":"Nivell Mitj\u00e0"},"content":{"rendered":"<p><span style=\"font-family: Century Gothic, sans-serif;\"><span style=\"font-size: medium;\">En acabar el Nivell elemental hi ha <\/span><\/span><span style=\"font-family: Century Gothic, sans-serif;\"><span style=\"font-size: medium;\"><i><u>diferents opcions per continuar els estudis musicals\u00a0<\/u><\/i> el <strong>Nivell Professional<\/strong> i el <strong>Nivell Mitj\u00e0<\/strong><\/span><\/span><\/p>\n<p><span style=\"color: #000000;\"><span style=\"font-family: Century Gothic, sans-serif;\"><span style=\"font-size: medium;\">Adre\u00e7at als alumnes que havent cursat el Nivell Elemental volen seguir realitzant una formaci\u00f3 musical sense la implicaci\u00f3 hor\u00e0ria del Nivell Professional.<\/span><\/span><\/span><\/p>\n<p lang=\"en-GB\"><span style=\"font-family: Century Gothic, sans-serif;\"><span style=\"font-size: large;\"><b>Assignatures Obligat\u00f2ries<\/b><\/span><\/span><\/p>\n<table border=\"1\" width=\"487\" cellspacing=\"0\" cellpadding=\"4\">\n<colgroup>\n<col width=\"153\" \/>\n<col width=\"154\" \/>\n<col width=\"154\" \/> <\/colgroup>\n<tbody>\n<tr valign=\"TOP\">\n<td rowspan=\"3\" width=\"153\">\n<p align=\"CENTER\"><span style=\"font-size: medium;\"><b>Tots els cursos de Nivell Mitj\u00e0<\/b><\/span><\/p>\n<p align=\"CENTER\"><span style=\"font-size: medium;\"><b>(NM1 a NM6)<\/b><\/span><\/p>\n<\/td>\n<td width=\"154\">\n<p align=\"CENTER\"><span style=\"font-size: medium;\"><b>Assignatura <\/b><\/span><\/p>\n<\/td>\n<td width=\"154\">\n<p align=\"CENTER\"><span style=\"font-size: medium;\"><b>Dedicaci\u00f3 setmanal<\/b><\/span><\/p>\n<\/td>\n<\/tr>\n<tr valign=\"TOP\">\n<td width=\"154\"><span style=\"font-size: medium;\">Llenguatge musical<\/span><\/td>\n<td width=\"154\">\n<p align=\"CENTER\"><span style=\"font-size: medium;\">60&#8242;<\/span><\/p>\n<\/td>\n<\/tr>\n<tr valign=\"TOP\">\n<td width=\"154\"><span style=\"font-size: medium;\">Instrument <\/span><\/td>\n<td width=\"154\">\n<p align=\"CENTER\"><span style=\"font-size: medium;\">30&#8242; o 45&#8242;<\/span><\/p>\n<p align=\"CENTER\"><span style=\"font-size: medium;\">(a escollir per l&#8217;alumne)<\/span><\/p>\n<\/td>\n<\/tr>\n<\/tbody>\n<\/table>\n<p align=\"JUSTIFY\"><span style=\"color: #000000;\"><span style=\"font-family: Century Gothic, sans-serif;\"><span style=\"font-size: medium;\">Els alumnes de NM podran cursar les <\/span><\/span><\/span><span style=\"color: #000000;\"><span style=\"font-family: Century Gothic, sans-serif;\"><span style=\"font-size: medium;\"><b>assignatures complement\u00e0ries<\/b><\/span><\/span><\/span><span style=\"color: #000000;\"><span style=\"font-family: Century Gothic, sans-serif;\"><span style=\"font-size: medium;\"> que desitgin.<\/span><\/span><\/span><\/p>\n<p align=\"JUSTIFY\"><span style=\"color: #000000;\"><span style=\"font-family: Century Gothic, sans-serif;\"><span style=\"font-size: large;\"><b>Llistat d&#8217; Assignatures complemet\u00e0ries <\/b><\/span><\/span><\/span><\/p>\n<p align=\"JUSTIFY\"><span style=\"font-family: Century Gothic, sans-serif;\"><span style=\"font-size: medium;\">Les assignatures que el centre ha ofertat pel curs 19-20 s\u00f3n les seg\u00fcents: <\/span><\/span><\/p>\n<table border=\"1\" width=\"520\" cellspacing=\"0\" cellpadding=\"4\">\n<colgroup>\n<col width=\"312\" \/>\n<col width=\"190\" \/> <\/colgroup>\n<tbody>\n<tr valign=\"TOP\">\n<td width=\"312\">\n<p align=\"CENTER\"><span style=\"font-family: Century Gothic, sans-serif;\"><span style=\"font-size: medium;\"><b>Assignatures complement\u00e0ries<\/b><\/span><\/span><\/p>\n<\/td>\n<td width=\"190\">\n<p align=\"CENTER\"><span style=\"font-family: Century Gothic, sans-serif;\"><span style=\"font-size: medium;\"><b>Dedicaci\u00f3 setmanal<\/b><\/span><\/span><\/p>\n<\/td>\n<\/tr>\n<tr valign=\"TOP\">\n<td width=\"312\">\n<p align=\"JUSTIFY\"><span style=\"font-family: Century Gothic, sans-serif;\"><span style=\"font-size: medium;\">Cant coral <\/span><\/span><\/p>\n<\/td>\n<td width=\"190\">\n<p align=\"CENTER\"><span style=\"font-family: Century Gothic, sans-serif;\"><span style=\"font-size: medium;\">60&#8242; <\/span><\/span><\/p>\n<\/td>\n<\/tr>\n<tr valign=\"TOP\">\n<td width=\"312\">\n<p align=\"JUSTIFY\"><span style=\"font-family: Century Gothic, sans-serif;\"><span style=\"font-size: medium;\">Inform\u00e0tica musical<\/span><\/span><\/p>\n<\/td>\n<td width=\"190\">\n<p align=\"CENTER\"><span style=\"font-family: Century Gothic, sans-serif;\"><span style=\"font-size: medium;\">60&#8242; <\/span><\/span><\/p>\n<\/td>\n<\/tr>\n<tr valign=\"TOP\">\n<td width=\"312\">\n<p align=\"JUSTIFY\"><span style=\"font-family: Century Gothic, sans-serif;\"><span style=\"font-size: medium;\">M\u00fasica i moviment<\/span><\/span><\/p>\n<\/td>\n<td width=\"190\">\n<p align=\"CENTER\"><span style=\"font-family: Century Gothic, sans-serif;\"><span style=\"font-size: medium;\">60&#8242;<\/span><\/span><\/p>\n<\/td>\n<\/tr>\n<tr valign=\"TOP\">\n<td width=\"312\">\n<p align=\"JUSTIFY\"><span style=\"font-family: Century Gothic, sans-serif;\"><span style=\"font-size: medium;\">Improvitzaci\u00f3<\/span><\/span><\/p>\n<\/td>\n<td width=\"190\">\n<p align=\"CENTER\"><span style=\"font-family: Century Gothic, sans-serif;\"><span style=\"font-size: medium;\">60&#8242; <\/span><\/span><\/p>\n<\/td>\n<\/tr>\n<tr valign=\"TOP\">\n<td width=\"312\">\n<p align=\"JUSTIFY\"><span style=\"color: #000000;\"><span style=\"font-family: Century Gothic, sans-serif;\"><span style=\"font-size: medium;\">Agrupaci\u00f3 instrumental (nom\u00e9s per NM)<\/span><\/span><\/span><\/p>\n<\/td>\n<td width=\"190\">\n<p align=\"CENTER\"><span style=\"color: #000000;\"><span style=\"font-family: Century Gothic, sans-serif;\"><span style=\"font-size: medium;\">60&#8221; o 75&#8242;<\/span><\/span><\/span><\/p>\n<\/td>\n<\/tr>\n<\/tbody>\n<\/table>\n","protected":false},"excerpt":{"rendered":"<p>En acabar el Nivell elemental hi ha diferents opcions per continuar els estudis musicals\u00a0 el Nivell Professional i el Nivell Mitj\u00e0<br \/>\nAdre\u00e7at als alumnes que havent cursat el Nivell Elemental volen seguir realitzant una formaci\u00f3 musical sense la implicaci\u00f3 hor\u00e0ria del Nivell Professional.<br \/>\nAssignatures Obligat\u00f2ries<\/p>\n<p>Tots els&hellip;  <a href=\"https:\/\/agora.xtec.cat\/escmusica-garrigues\/estudiar-2\/nivell-mitja\/\" title=\"Read Nivell Mitj\u00e0\">Llegeix m\u00e9s\u00bb<\/a><\/p>\n","protected":false},"author":1,"featured_media":0,"parent":617,"menu_order":0,"comment_status":"closed","ping_status":"closed","template":"page-templates\/side-menu.php","meta":{"_bbp_topic_count":0,"_bbp_reply_count":0,"_bbp_total_topic_count":0,"_bbp_total_reply_count":0,"_bbp_voice_count":0,"_bbp_anonymous_reply_count":0,"_bbp_topic_count_hidden":0,"_bbp_reply_count_hidden":0,"_bbp_forum_subforum_count":0,"footnotes":""},"class_list":["post-673","page","type-page","status-publish","hentry"],"post_mailing_queue_ids":[],"_links":{"self":[{"href":"https:\/\/agora.xtec.cat\/escmusica-garrigues\/wp-json\/wp\/v2\/pages\/673","targetHints":{"allow":["GET"]}}],"collection":[{"href":"https:\/\/agora.xtec.cat\/escmusica-garrigues\/wp-json\/wp\/v2\/pages"}],"about":[{"href":"https:\/\/agora.xtec.cat\/escmusica-garrigues\/wp-json\/wp\/v2\/types\/page"}],"author":[{"embeddable":true,"href":"https:\/\/agora.xtec.cat\/escmusica-garrigues\/wp-json\/wp\/v2\/users\/1"}],"replies":[{"embeddable":true,"href":"https:\/\/agora.xtec.cat\/escmusica-garrigues\/wp-json\/wp\/v2\/comments?post=673"}],"version-history":[{"count":3,"href":"https:\/\/agora.xtec.cat\/escmusica-garrigues\/wp-json\/wp\/v2\/pages\/673\/revisions"}],"predecessor-version":[{"id":791,"href":"https:\/\/agora.xtec.cat\/escmusica-garrigues\/wp-json\/wp\/v2\/pages\/673\/revisions\/791"}],"up":[{"embeddable":true,"href":"https:\/\/agora.xtec.cat\/escmusica-garrigues\/wp-json\/wp\/v2\/pages\/617"}],"wp:attachment":[{"href":"https:\/\/agora.xtec.cat\/escmusica-garrigues\/wp-json\/wp\/v2\/media?parent=673"}],"curies":[{"name":"wp","href":"https:\/\/api.w.org\/{rel}","templated":true}]}}