{"id":669,"date":"2021-06-15T22:58:21","date_gmt":"2021-06-15T20:58:21","guid":{"rendered":"http:\/\/agora.xtec.cat\/escmusica-garrigues\/?page_id=669"},"modified":"2021-06-29T18:47:13","modified_gmt":"2021-06-29T16:47:13","slug":"nivell-elemental","status":"publish","type":"page","link":"https:\/\/agora.xtec.cat\/escmusica-garrigues\/estudiar-2\/nivell-elemental\/","title":{"rendered":"Nivell Elemental"},"content":{"rendered":"<p align=\"JUSTIFY\"><span style=\"font-family: Century Gothic, sans-serif;\"><span style=\"font-size: medium;\"><i><b>El Nivell Elemental <\/b><\/i><\/span><\/span><span style=\"font-family: Century Gothic, sans-serif;\"><span style=\"font-size: medium;\"> t\u00e9 dues dedicacions hor\u00e0ries diferents; aix\u00f2 dependr\u00e0 si l\u2019alumne fa o no l\u2019assignatura de Conjunt Instrumental. <\/span><\/span><\/p>\n<p align=\"JUSTIFY\"><span style=\"font-family: Century Gothic, sans-serif;\"><span style=\"font-size: medium;\">En aquest cas, no far\u00e0 l\u2019assignatura d\u2019instrument col\u00b7lectiu.<\/span><\/span><\/p>\n<p align=\"JUSTIFY\"><span style=\"font-family: Century Gothic, sans-serif;\"><span style=\"font-size: medium;\">Actualment el centre ha apostat per la formaci\u00f3 de conjunts instrumentals des de l\u2019inici del Nivell Elemental sempre que sigui possible.<\/span><\/span><\/p>\n<p><span style=\"font-family: Century Gothic, sans-serif;\"><span style=\"font-size: medium;\">Els alumnes de piano que no puguin formar part d\u2019aquests conjunts grans, realitzaran classe d\u2019instrument col\u00b7lectiu. <\/span><\/span><\/p>\n<table style=\"width: 721px; height: 488px;\" border=\"1\" width=\"514\" frame=\"VSIDES\" rules=\"COLS\" cellspacing=\"0\" cellpadding=\"5\">\n<colgroup>\n<col width=\"38\" \/>\n<col width=\"63\" \/>\n<col width=\"24\" \/>\n<col width=\"56\" \/>\n<col width=\"55\" \/>\n<col width=\"67\" \/>\n<col width=\"1\" \/>\n<col width=\"64\" \/>\n<col width=\"55\" \/> <\/colgroup>\n<tbody>\n<tr valign=\"TOP\">\n<td style=\"width: 67.7188px;\" height=\"50\">\n<h4 class=\"western\">Curs<\/h4>\n<\/td>\n<td style=\"width: 106.521px;\">llenguatge<br \/>\nmusical<\/td>\n<td style=\"width: 50.8125px;\">Cor<\/td>\n<td style=\"width: 83.9896px;\">Instrument individual<\/td>\n<td style=\"width: 83.9896px;\"><span lang=\"en-GB\">Instrument<br \/>\ncol\u00b7lectiu <\/span><\/td>\n<td style=\"width: 94.9896px;\">Conjunt instrumental<\/td>\n<td style=\"width: 21.9271px;\"><\/td>\n<td style=\"width: 126.135px;\">dedicaci\u00f3 setmanal<br \/>\namb instrument col\u00b7lectiu<\/td>\n<td style=\"width: 83.9167px;\">dedicaci\u00f3 setmanal<br \/>\namb Conjunt<\/td>\n<\/tr>\n<tr valign=\"TOP\">\n<td style=\"width: 67.7188px;\">\n<p lang=\"en-GB\" align=\"CENTER\"><span style=\"font-family: Century Gothic, sans-serif;\"><b>NE 1<\/b><\/span><\/p>\n<\/td>\n<td style=\"width: 106.521px;\">\n<p lang=\"en-GB\" align=\"CENTER\"><span style=\"font-family: Century Gothic, sans-serif;\"><span style=\"font-size: medium;\">60\u2019<\/span><\/span><\/p>\n<\/td>\n<td style=\"width: 50.8125px;\">\n<p align=\"CENTER\"><span style=\"font-family: Century Gothic, sans-serif;\"><span style=\"font-size: medium;\">45\u2019<\/span><\/span><\/p>\n<\/td>\n<td style=\"width: 83.9896px;\">\n<p align=\"CENTER\"><span style=\"font-family: Century Gothic, sans-serif;\"><span style=\"font-size: medium;\">45\u2019<\/span><\/span><\/p>\n<\/td>\n<td style=\"width: 83.9896px;\">\n<p lang=\"en-GB\" align=\"CENTER\"><span style=\"font-family: Century Gothic, sans-serif;\"><span style=\"font-size: medium;\">30\u2019<\/span><\/span><\/p>\n<\/td>\n<td style=\"width: 94.9896px;\">\n<p lang=\"en-GB\" align=\"CENTER\"><span style=\"font-family: Century Gothic, sans-serif;\"><span style=\"font-size: medium;\">60\u2019<\/span><\/span><\/p>\n<\/td>\n<td style=\"width: 21.9271px;\"><\/td>\n<td style=\"width: 126.135px;\">\n<p lang=\"en-GB\" align=\"CENTER\"><span style=\"font-family: Century Gothic, sans-serif;\"><span style=\"font-size: medium;\">3h<\/span><\/span><\/p>\n<\/td>\n<td style=\"width: 83.9167px;\">\n<p lang=\"en-GB\" align=\"CENTER\"><span style=\"font-family: Century Gothic, sans-serif;\"><span style=\"font-size: medium;\">3h 30\u2019<\/span><\/span><\/p>\n<\/td>\n<\/tr>\n<tr valign=\"TOP\">\n<td style=\"width: 67.7188px;\">\n<p lang=\"en-GB\" align=\"CENTER\"><span style=\"font-family: Century Gothic, sans-serif;\"><b>NE 2<\/b><\/span><\/p>\n<\/td>\n<td style=\"width: 106.521px;\">\n<p lang=\"en-GB\" align=\"CENTER\"><span style=\"font-family: Century Gothic, sans-serif;\"><span style=\"font-size: medium;\">60\u2019<\/span><\/span><\/p>\n<\/td>\n<td style=\"width: 50.8125px;\">\n<p lang=\"en-GB\" align=\"CENTER\"><span style=\"font-family: Century Gothic, sans-serif;\"><span style=\"font-size: medium;\">45\u2019<\/span><\/span><\/p>\n<\/td>\n<td style=\"width: 83.9896px;\">\n<p lang=\"en-GB\" align=\"CENTER\"><span style=\"font-family: Century Gothic, sans-serif;\"><span style=\"font-size: medium;\">45\u2019<\/span><\/span><\/p>\n<\/td>\n<td style=\"width: 83.9896px;\">\n<p lang=\"en-GB\" align=\"CENTER\"><span style=\"font-family: Century Gothic, sans-serif;\"><span style=\"font-size: medium;\">30\u2019<\/span><\/span><\/p>\n<\/td>\n<td style=\"width: 94.9896px;\">\n<p lang=\"en-GB\" align=\"CENTER\"><span style=\"font-family: Century Gothic, sans-serif;\"><span style=\"font-size: medium;\">60\u2019<\/span><\/span><\/p>\n<\/td>\n<td style=\"width: 21.9271px;\"><\/td>\n<td style=\"width: 126.135px;\">\n<p lang=\"en-GB\" align=\"CENTER\"><span style=\"font-family: Century Gothic, sans-serif;\"><span style=\"font-size: medium;\">3h<\/span><\/span><\/p>\n<\/td>\n<td style=\"width: 83.9167px;\">\n<p lang=\"en-GB\" align=\"CENTER\"><span style=\"font-family: Century Gothic, sans-serif;\"><span style=\"font-size: medium;\">3h 30\u2019<\/span><\/span><\/p>\n<\/td>\n<\/tr>\n<tr valign=\"TOP\">\n<td style=\"width: 67.7188px;\">\n<p lang=\"en-GB\" align=\"CENTER\"><span style=\"font-family: Century Gothic, sans-serif;\"><b>NE 3<\/b><\/span><\/p>\n<\/td>\n<td style=\"width: 106.521px;\">\n<p lang=\"en-GB\" align=\"CENTER\"><span style=\"font-family: Century Gothic, sans-serif;\"><span style=\"font-size: medium;\">120\u2019<\/span><\/span><\/p>\n<\/td>\n<td style=\"width: 50.8125px;\">\n<p lang=\"en-GB\" align=\"CENTER\"><span style=\"font-family: Century Gothic, sans-serif;\"><span style=\"font-size: medium;\">45\u2019<\/span><\/span><\/p>\n<\/td>\n<td style=\"width: 83.9896px;\">\n<p align=\"CENTER\"><span style=\"font-family: Century Gothic, sans-serif;\"><span style=\"font-size: medium;\"><span lang=\"en-GB\">45\u2019<\/span><\/span><\/span><\/p>\n<\/td>\n<td style=\"width: 83.9896px;\">\n<p lang=\"en-GB\" align=\"CENTER\"><span style=\"font-family: Century Gothic, sans-serif;\"><span style=\"font-size: medium;\">30\u2019<\/span><\/span><\/p>\n<\/td>\n<td style=\"width: 94.9896px;\">\n<p lang=\"en-GB\" align=\"CENTER\"><span style=\"font-family: Century Gothic, sans-serif;\"><span style=\"font-size: medium;\">60\u2019<\/span><\/span><\/p>\n<\/td>\n<td style=\"width: 21.9271px;\"><\/td>\n<td style=\"width: 126.135px;\">\n<p lang=\"en-GB\" align=\"CENTER\"><span style=\"font-family: Century Gothic, sans-serif;\"><span style=\"font-size: medium;\">4h<\/span><\/span><\/p>\n<\/td>\n<td style=\"width: 83.9167px;\">\n<p lang=\"en-GB\" align=\"CENTER\"><span style=\"font-family: Century Gothic, sans-serif;\"><span style=\"font-size: medium;\">4h 30\u2019<\/span><\/span><\/p>\n<\/td>\n<\/tr>\n<tr valign=\"TOP\">\n<td style=\"width: 67.7188px;\" height=\"36\">\n<p lang=\"en-GB\" align=\"CENTER\"><span style=\"font-family: Century Gothic, sans-serif;\"><b>NE 4<\/b><\/span><\/p>\n<\/td>\n<td style=\"width: 106.521px;\">\n<p lang=\"en-GB\" align=\"CENTER\"><span style=\"font-family: Century Gothic, sans-serif;\"><span style=\"font-size: medium;\">120\u2019<\/span><\/span><\/p>\n<\/td>\n<td style=\"width: 50.8125px;\">\n<p lang=\"en-GB\" align=\"CENTER\"><span style=\"font-family: Century Gothic, sans-serif;\"><span style=\"font-size: medium;\">45\u2019<\/span><\/span><\/p>\n<\/td>\n<td style=\"width: 83.9896px;\">\n<p align=\"CENTER\"><span style=\"font-family: Century Gothic, sans-serif;\"><span style=\"font-size: medium;\"><span lang=\"en-GB\">45\u2019<\/span><\/span><\/span><\/p>\n<\/td>\n<td style=\"width: 83.9896px;\">\n<p lang=\"en-GB\" align=\"CENTER\"><span style=\"font-family: Century Gothic, sans-serif;\"><span style=\"font-size: medium;\">30\u2019<\/span><\/span><\/p>\n<\/td>\n<td style=\"width: 94.9896px;\">\n<p lang=\"en-GB\" align=\"CENTER\"><span style=\"font-family: Century Gothic, sans-serif;\"><span style=\"font-size: medium;\">60\u2019<\/span><\/span><\/p>\n<\/td>\n<td style=\"width: 21.9271px;\"><\/td>\n<td style=\"width: 126.135px;\">\n<p lang=\"en-GB\" align=\"CENTER\"><span style=\"font-family: Century Gothic, sans-serif;\"><span style=\"font-size: medium;\">4h<\/span><\/span><\/p>\n<\/td>\n<td style=\"width: 83.9167px;\">\n<p align=\"CENTER\"><span style=\"font-family: Century Gothic, sans-serif;\"><span style=\"font-size: medium;\">4h 30\u2019<\/span><\/span><\/p>\n<\/td>\n<\/tr>\n<\/tbody>\n<\/table>\n","protected":false},"excerpt":{"rendered":"<p>El Nivell Elemental  t\u00e9 dues dedicacions hor\u00e0ries diferents; aix\u00f2 dependr\u00e0 si l\u2019alumne fa o no l\u2019assignatura de Conjunt Instrumental.<br \/>\nEn aquest cas, no far\u00e0 l\u2019assignatura d\u2019instrument col\u00b7lectiu.<br \/>\nActualment el centre ha apostat per la formaci\u00f3 de conjunts instrumentals des de l\u2019inici del Nivell Elemental sempre&hellip;  <a href=\"https:\/\/agora.xtec.cat\/escmusica-garrigues\/estudiar-2\/nivell-elemental\/\" title=\"Read Nivell Elemental\">Llegeix m\u00e9s\u00bb<\/a><\/p>\n","protected":false},"author":1,"featured_media":0,"parent":617,"menu_order":0,"comment_status":"closed","ping_status":"closed","template":"page-templates\/side-menu.php","meta":{"_bbp_topic_count":0,"_bbp_reply_count":0,"_bbp_total_topic_count":0,"_bbp_total_reply_count":0,"_bbp_voice_count":0,"_bbp_anonymous_reply_count":0,"_bbp_topic_count_hidden":0,"_bbp_reply_count_hidden":0,"_bbp_forum_subforum_count":0,"footnotes":""},"class_list":["post-669","page","type-page","status-publish","hentry"],"post_mailing_queue_ids":[],"_links":{"self":[{"href":"https:\/\/agora.xtec.cat\/escmusica-garrigues\/wp-json\/wp\/v2\/pages\/669","targetHints":{"allow":["GET"]}}],"collection":[{"href":"https:\/\/agora.xtec.cat\/escmusica-garrigues\/wp-json\/wp\/v2\/pages"}],"about":[{"href":"https:\/\/agora.xtec.cat\/escmusica-garrigues\/wp-json\/wp\/v2\/types\/page"}],"author":[{"embeddable":true,"href":"https:\/\/agora.xtec.cat\/escmusica-garrigues\/wp-json\/wp\/v2\/users\/1"}],"replies":[{"embeddable":true,"href":"https:\/\/agora.xtec.cat\/escmusica-garrigues\/wp-json\/wp\/v2\/comments?post=669"}],"version-history":[{"count":3,"href":"https:\/\/agora.xtec.cat\/escmusica-garrigues\/wp-json\/wp\/v2\/pages\/669\/revisions"}],"predecessor-version":[{"id":807,"href":"https:\/\/agora.xtec.cat\/escmusica-garrigues\/wp-json\/wp\/v2\/pages\/669\/revisions\/807"}],"up":[{"embeddable":true,"href":"https:\/\/agora.xtec.cat\/escmusica-garrigues\/wp-json\/wp\/v2\/pages\/617"}],"wp:attachment":[{"href":"https:\/\/agora.xtec.cat\/escmusica-garrigues\/wp-json\/wp\/v2\/media?parent=669"}],"curies":[{"name":"wp","href":"https:\/\/api.w.org\/{rel}","templated":true}]}}