{"id":667,"date":"2021-06-15T22:53:10","date_gmt":"2021-06-15T20:53:10","guid":{"rendered":"http:\/\/agora.xtec.cat\/escmusica-garrigues\/?page_id=667"},"modified":"2021-06-29T18:46:57","modified_gmt":"2021-06-29T16:46:57","slug":"aprenentatge-basic","status":"publish","type":"page","link":"https:\/\/agora.xtec.cat\/escmusica-garrigues\/estudiar-2\/aprenentatge-basic\/","title":{"rendered":"Aprenentatge B\u00e0sic"},"content":{"rendered":"<p><span style=\"font-family: Century Gothic, sans-serif;\"><span style=\"font-size: medium;\"><span lang=\"es-ES\"><i><b>L\u2019<\/b><\/i><\/span><\/span><\/span><span style=\"font-family: Century Gothic, sans-serif;\"><span style=\"font-size: medium;\"><span lang=\"es-ES\"> Aprenentatge B\u00e0sic agrupa els alumnes de sis i set anys. \u00c9s aqu\u00ed on els alumnes poden escollir instrument, sempre i quan hagin cursat com a m\u00ednim un curs de llenguatge musical .<\/span><\/span><\/span><\/p>\n<dl>\n<dd>\n<table style=\"height: 148px;\" border=\"1\" width=\"473\" frame=\"VSIDES\" rules=\"COLS\" cellspacing=\"0\" cellpadding=\"5\">\n<colgroup>\n<col width=\"36\" \/>\n<col width=\"86\" \/>\n<col width=\"28\" \/>\n<col width=\"66\" \/>\n<col width=\"8\" \/>\n<col width=\"78\" \/> <\/colgroup>\n<tbody>\n<tr style=\"height: 18px;\" valign=\"TOP\">\n<td style=\"width: 56.8646px; height: 18px;\" height=\"12\">\n<p lang=\"en-GB\"><span style=\"font-family: Century Gothic, sans-serif;\"><b>Curs<\/b><\/span><\/p>\n<\/td>\n<td style=\"width: 149.594px; height: 18px;\">\n<p lang=\"en-GB\" align=\"CENTER\"><span style=\"font-family: Century Gothic, sans-serif;\"><b>llenguatge<br \/>\n<\/b><\/span><span style=\"font-family: Century Gothic, sans-serif;\"><b>musical<\/b><\/span><\/p>\n<\/td>\n<td style=\"width: 41.8542px; height: 18px;\">\n<p lang=\"en-GB\"><span style=\"font-family: Century Gothic, sans-serif;\"><b>cor<\/b><\/span><\/p>\n<\/td>\n<td style=\"width: 103.469px; height: 18px;\">\n<p lang=\"en-GB\" align=\"CENTER\"><span style=\"font-family: Century Gothic, sans-serif;\"><b>instrument<br \/>\n<\/b><\/span><span style=\"font-family: Century Gothic, sans-serif;\"><b>individual<\/b><\/span><\/p>\n<\/td>\n<td style=\"width: 21.5px; height: 18px;\"><\/td>\n<td style=\"width: 98.7188px; height: 18px;\">\n<p align=\"CENTER\"><span style=\"font-family: Century Gothic, sans-serif;\"><span style=\"font-size: small;\"><b>dedicaci\u00f3 setmanal<\/b><\/span><\/span><\/p>\n<\/td>\n<\/tr>\n<tr style=\"height: 65px;\" valign=\"TOP\">\n<td style=\"width: 56.8646px; height: 65px;\"><span style=\"font-family: Century Gothic, sans-serif;\"><b>AB1<\/b><\/span><\/td>\n<td style=\"width: 149.594px; height: 65px;\">\n<p align=\"CENTER\"><span style=\"font-family: Century Gothic, sans-serif;\"><span style=\"font-size: medium;\">60\u2019<\/span><\/span><\/p>\n<\/td>\n<td style=\"width: 41.8542px; height: 65px;\">\n<p align=\"CENTER\"><span style=\"font-family: Century Gothic, sans-serif;\"><span style=\"font-size: medium;\">45\u2019<\/span><\/span><\/p>\n<\/td>\n<td style=\"width: 103.469px; height: 65px;\">\n<p align=\"CENTER\"><span style=\"font-family: Century Gothic, sans-serif;\"><span style=\"font-size: medium;\">30\u2019<\/span><\/span><\/p>\n<\/td>\n<td style=\"width: 21.5px; height: 65px;\"><\/td>\n<td style=\"width: 98.7188px; height: 65px;\">\n<p lang=\"en-GB\" align=\"CENTER\"><span style=\"font-family: Century Gothic, sans-serif;\"><span style=\"font-size: medium;\">2 h i 15 \u2018<\/span><\/span><\/p>\n<\/td>\n<\/tr>\n<tr style=\"height: 65px;\" valign=\"TOP\">\n<td style=\"width: 56.8646px; height: 65px;\">\n<p lang=\"en-GB\"><span style=\"font-family: Century Gothic, sans-serif;\"><b>AB2<\/b><\/span><\/p>\n<\/td>\n<td style=\"width: 149.594px; height: 65px;\">\n<p lang=\"en-GB\" align=\"CENTER\"><span style=\"font-family: Century Gothic, sans-serif;\"><span style=\"font-size: medium;\">60\u2019<\/span><\/span><\/p>\n<\/td>\n<td style=\"width: 41.8542px; height: 65px;\">\n<p lang=\"en-GB\" align=\"CENTER\"><span style=\"font-family: Century Gothic, sans-serif;\"><span style=\"font-size: medium;\">45\u2019<\/span><\/span><\/p>\n<\/td>\n<td style=\"width: 103.469px; height: 65px;\">\n<p lang=\"en-GB\" align=\"CENTER\"><span style=\"font-family: Century Gothic, sans-serif;\"><span style=\"font-size: medium;\">30\u2019<\/span><\/span><\/p>\n<\/td>\n<td style=\"width: 21.5px; height: 65px;\"><\/td>\n<td style=\"width: 98.7188px; height: 65px;\">\n<p lang=\"en-GB\" align=\"CENTER\"><span style=\"font-family: Century Gothic, sans-serif;\"><span style=\"font-size: medium;\">2 h i 15\u2019 <\/span><\/span><\/p>\n<\/td>\n<\/tr>\n<\/tbody>\n<\/table>\n<\/dd>\n<\/dl>\n<p align=\"JUSTIFY\">\n","protected":false},"excerpt":{"rendered":"<p>L\u2019 Aprenentatge B\u00e0sic agrupa els alumnes de sis i set anys. \u00c9s aqu\u00ed on els alumnes poden escollir instrument, sempre i quan hagin cursat com a m\u00ednim un curs de llenguatge musical .<\/p>\n<p>Curs<\/p>\n<p>llenguatge<br \/>\nmusical<\/p>\n<p>cor<\/p>\n<p>instrument<br \/>\nindividual<\/p>\n<p>dedicaci\u00f3 setmanal<\/p>\n<p>AB1<\/p>\n<p>60\u2019<\/p>\n<p>45\u2019<\/p>\n<p>30\u2019<\/p>\n<p>2 h i 15 \u2018<\/p>\n<p>AB2<\/p>\n<p>60\u2019<\/p>\n<p>45\u2019<\/p>\n<p>30\u2019<\/p>\n<p>2 h i 15\u2019 <\/p>\n","protected":false},"author":1,"featured_media":0,"parent":617,"menu_order":0,"comment_status":"closed","ping_status":"closed","template":"page-templates\/side-menu.php","meta":{"_bbp_topic_count":0,"_bbp_reply_count":0,"_bbp_total_topic_count":0,"_bbp_total_reply_count":0,"_bbp_voice_count":0,"_bbp_anonymous_reply_count":0,"_bbp_topic_count_hidden":0,"_bbp_reply_count_hidden":0,"_bbp_forum_subforum_count":0,"footnotes":""},"class_list":["post-667","page","type-page","status-publish","hentry"],"post_mailing_queue_ids":[],"_links":{"self":[{"href":"https:\/\/agora.xtec.cat\/escmusica-garrigues\/wp-json\/wp\/v2\/pages\/667","targetHints":{"allow":["GET"]}}],"collection":[{"href":"https:\/\/agora.xtec.cat\/escmusica-garrigues\/wp-json\/wp\/v2\/pages"}],"about":[{"href":"https:\/\/agora.xtec.cat\/escmusica-garrigues\/wp-json\/wp\/v2\/types\/page"}],"author":[{"embeddable":true,"href":"https:\/\/agora.xtec.cat\/escmusica-garrigues\/wp-json\/wp\/v2\/users\/1"}],"replies":[{"embeddable":true,"href":"https:\/\/agora.xtec.cat\/escmusica-garrigues\/wp-json\/wp\/v2\/comments?post=667"}],"version-history":[{"count":3,"href":"https:\/\/agora.xtec.cat\/escmusica-garrigues\/wp-json\/wp\/v2\/pages\/667\/revisions"}],"predecessor-version":[{"id":806,"href":"https:\/\/agora.xtec.cat\/escmusica-garrigues\/wp-json\/wp\/v2\/pages\/667\/revisions\/806"}],"up":[{"embeddable":true,"href":"https:\/\/agora.xtec.cat\/escmusica-garrigues\/wp-json\/wp\/v2\/pages\/617"}],"wp:attachment":[{"href":"https:\/\/agora.xtec.cat\/escmusica-garrigues\/wp-json\/wp\/v2\/media?parent=667"}],"curies":[{"name":"wp","href":"https:\/\/api.w.org\/{rel}","templated":true}]}}