{"id":617,"date":"2021-06-11T00:48:41","date_gmt":"2021-06-10T22:48:41","guid":{"rendered":"http:\/\/agora.xtec.cat\/escmusica-garrigues\/?page_id=617"},"modified":"2021-06-29T18:45:19","modified_gmt":"2021-06-29T16:45:19","slug":"estudiar-2","status":"publish","type":"page","link":"https:\/\/agora.xtec.cat\/escmusica-garrigues\/estudiar-2\/","title":{"rendered":"Estudiar"},"content":{"rendered":"<p>Les nostres escoles ofereixen una \u00e0mplia oferta d&#8217;estudis musicals dirigits a totes les franges d&#8217;edat , des d&#8217;infants en edat preescolar fins a adults.<\/p>\n<h4>Instruments que es poden cursar<\/h4>\n<p>Piano, guitarra cl\u00e0ssica, guitarra el\u00e8ctrica, percussi\u00f3, viol\u00ed, viola, violoncel, flauta travessera, clarinet, sax\u00f2fon, trompeta i cant.<\/p>\n<h4>Assignatures<\/h4>\n<p>Llenguatge musical i cor s\u00f3n presents en tots els nivells i edats, a m\u00e9s a m\u00e9s i\u00a0 sengons el plans d&#8217;estudis tamb\u00e9 es pot cursar harmonia, m\u00fasica de cambra, agrupaci\u00f3 orquestral, m\u00fasica i moviment i inform\u00e0tica musical.<\/p>\n<h4>Banc d\u2019instruments<\/h4>\n<p>Disposem d\u2019un petit banc d\u2019instruments que deixem en lloguer quan es comen\u00e7a amb la pr\u00e0ctica instrumental.<\/p>\n<p>&nbsp;<\/p>\n<p>&nbsp;<\/p>\n<p>&nbsp;<\/p>\n","protected":false},"excerpt":{"rendered":"<p>Les nostres escoles ofereixen una \u00e0mplia oferta d&#8217;estudis musicals dirigits a totes les franges d&#8217;edat , des d&#8217;infants en edat preescolar fins a adults.<br \/>\nInstruments que es poden cursar<br \/>\nPiano, guitarra cl\u00e0ssica, guitarra el\u00e8ctrica, percussi\u00f3, viol\u00ed, viola, violoncel, flauta travessera, clarinet, sax\u00f2fon, trompeta i cant.<br \/>\nAssignatures<br \/>\nLlenguatge musical i&hellip;  <a href=\"https:\/\/agora.xtec.cat\/escmusica-garrigues\/estudiar-2\/\" title=\"Read Estudiar\">Llegeix m\u00e9s\u00bb<\/a><\/p>\n","protected":false},"author":1,"featured_media":0,"parent":0,"menu_order":0,"comment_status":"closed","ping_status":"closed","template":"page-templates\/side-menu.php","meta":{"_bbp_topic_count":0,"_bbp_reply_count":0,"_bbp_total_topic_count":0,"_bbp_total_reply_count":0,"_bbp_voice_count":0,"_bbp_anonymous_reply_count":0,"_bbp_topic_count_hidden":0,"_bbp_reply_count_hidden":0,"_bbp_forum_subforum_count":0,"footnotes":""},"class_list":["post-617","page","type-page","status-publish","hentry"],"post_mailing_queue_ids":[],"_links":{"self":[{"href":"https:\/\/agora.xtec.cat\/escmusica-garrigues\/wp-json\/wp\/v2\/pages\/617","targetHints":{"allow":["GET"]}}],"collection":[{"href":"https:\/\/agora.xtec.cat\/escmusica-garrigues\/wp-json\/wp\/v2\/pages"}],"about":[{"href":"https:\/\/agora.xtec.cat\/escmusica-garrigues\/wp-json\/wp\/v2\/types\/page"}],"author":[{"embeddable":true,"href":"https:\/\/agora.xtec.cat\/escmusica-garrigues\/wp-json\/wp\/v2\/users\/1"}],"replies":[{"embeddable":true,"href":"https:\/\/agora.xtec.cat\/escmusica-garrigues\/wp-json\/wp\/v2\/comments?post=617"}],"version-history":[{"count":3,"href":"https:\/\/agora.xtec.cat\/escmusica-garrigues\/wp-json\/wp\/v2\/pages\/617\/revisions"}],"predecessor-version":[{"id":814,"href":"https:\/\/agora.xtec.cat\/escmusica-garrigues\/wp-json\/wp\/v2\/pages\/617\/revisions\/814"}],"wp:attachment":[{"href":"https:\/\/agora.xtec.cat\/escmusica-garrigues\/wp-json\/wp\/v2\/media?parent=617"}],"curies":[{"name":"wp","href":"https:\/\/api.w.org\/{rel}","templated":true}]}}