{"id":1157,"date":"2025-12-18T18:35:07","date_gmt":"2025-12-18T17:35:07","guid":{"rendered":"https:\/\/agora.xtec.cat\/escmusica-garrigues\/?page_id=1157"},"modified":"2025-12-18T18:35:07","modified_gmt":"2025-12-18T17:35:07","slug":"taller-de-teatre","status":"publish","type":"page","link":"https:\/\/agora.xtec.cat\/escmusica-garrigues\/taller-de-teatre\/","title":{"rendered":"Taller de teatre"},"content":{"rendered":"<p>&nbsp;<\/p>\n<div style=\"width: 720px;\" class=\"wp-video\"><!--[if lt IE 9]><script>document.createElement('video');<\/script><![endif]-->\n<video class=\"wp-video-shortcode\" id=\"video-1157-1\" width=\"720\" height=\"1020\" preload=\"metadata\" controls=\"controls\"><source type=\"video\/mp4\" src=\"https:\/\/agora.xtec.cat\/escmusica-garrigues\/wp-content\/uploads\/usu1783\/2025\/12\/202512181313.mp4?_=1\" \/><a href=\"https:\/\/agora.xtec.cat\/escmusica-garrigues\/wp-content\/uploads\/usu1783\/2025\/12\/202512181313.mp4\">https:\/\/agora.xtec.cat\/escmusica-garrigues\/wp-content\/uploads\/usu1783\/2025\/12\/202512181313.mp4<\/a><\/video><\/div>\n<p>&nbsp;<\/p>\n<p>En aquest enlla\u00e7 podr\u00e0s fer la teva inscripci\u00f3:<\/p>\n<p><a href=\"https:\/\/forms.gle\/GSrN6nm1jSfoewaz6\">https:\/\/forms.gle\/GSrN6nm1jSfoewaz6<\/a><\/p>\n<p>&nbsp;<\/p>\n<p>M\u00e9s informaci\u00f3:<\/p>\n<p>Tel\u00e8fon: 973 143434<\/p>\n<p>Email: musicagarrigues@musicagarrigues.cat<\/p>\n<p>Instagram: Em_garrigues<\/p>\n","protected":false},"excerpt":{"rendered":"<p>&nbsp;<br \/>\n<a href=\"https:\/\/agora.xtec.cat\/escmusica-garrigues\/wp-content\/uploads\/usu1783\/2025\/12\/202512181313.mp4\">https:\/\/agora.xtec.cat\/escmusica-garrigues\/wp-content\/uploads\/usu1783\/2025\/12\/202512181313.mp4<\/a><br \/>\n&nbsp;<br \/>\nEn aquest enlla\u00e7 podr\u00e0s fer la teva inscripci\u00f3:<br \/>\n<a href=\"https:\/\/forms.gle\/GSrN6nm1jSfoewaz6\">https:\/\/forms.gle\/GSrN6nm1jSfoewaz6<\/a><br \/>\n&nbsp;<br \/>\nM\u00e9s informaci\u00f3:<br \/>\nTel\u00e8fon: 973 143434<br \/>\nEmail: musicagarrigues@musicagarrigues.cat<br \/>\nInstagram: Em_garrigues<\/p>\n","protected":false},"author":1,"featured_media":0,"parent":0,"menu_order":0,"comment_status":"closed","ping_status":"closed","template":"","meta":{"_bbp_topic_count":0,"_bbp_reply_count":0,"_bbp_total_topic_count":0,"_bbp_total_reply_count":0,"_bbp_voice_count":0,"_bbp_anonymous_reply_count":0,"_bbp_topic_count_hidden":0,"_bbp_reply_count_hidden":0,"_bbp_forum_subforum_count":0,"footnotes":""},"class_list":["post-1157","page","type-page","status-publish","hentry"],"post_mailing_queue_ids":[],"_links":{"self":[{"href":"https:\/\/agora.xtec.cat\/escmusica-garrigues\/wp-json\/wp\/v2\/pages\/1157","targetHints":{"allow":["GET"]}}],"collection":[{"href":"https:\/\/agora.xtec.cat\/escmusica-garrigues\/wp-json\/wp\/v2\/pages"}],"about":[{"href":"https:\/\/agora.xtec.cat\/escmusica-garrigues\/wp-json\/wp\/v2\/types\/page"}],"author":[{"embeddable":true,"href":"https:\/\/agora.xtec.cat\/escmusica-garrigues\/wp-json\/wp\/v2\/users\/1"}],"replies":[{"embeddable":true,"href":"https:\/\/agora.xtec.cat\/escmusica-garrigues\/wp-json\/wp\/v2\/comments?post=1157"}],"version-history":[{"count":6,"href":"https:\/\/agora.xtec.cat\/escmusica-garrigues\/wp-json\/wp\/v2\/pages\/1157\/revisions"}],"predecessor-version":[{"id":1169,"href":"https:\/\/agora.xtec.cat\/escmusica-garrigues\/wp-json\/wp\/v2\/pages\/1157\/revisions\/1169"}],"wp:attachment":[{"href":"https:\/\/agora.xtec.cat\/escmusica-garrigues\/wp-json\/wp\/v2\/media?parent=1157"}],"curies":[{"name":"wp","href":"https:\/\/api.w.org\/{rel}","templated":true}]}}