{"id":1075,"date":"2024-04-05T12:51:17","date_gmt":"2024-04-05T10:51:17","guid":{"rendered":"https:\/\/agora.xtec.cat\/escmusica-garrigues\/?page_id=1075"},"modified":"2024-04-05T13:15:23","modified_gmt":"2024-04-05T11:15:23","slug":"musicat","status":"publish","type":"page","link":"https:\/\/agora.xtec.cat\/escmusica-garrigues\/musicat\/","title":{"rendered":"Musica&#8217;t"},"content":{"rendered":"<p><b>Musica\u2019t<\/b><span style=\"font-weight: 400;\"> \u00e9s un projecte <\/span><span style=\"font-weight: 400;\">desenvolupat conjuntament per\u00a0<\/span><span style=\"font-weight: 400;\">l\u2019\u00e0rea de <\/span><b>Cultura<\/b><span style=\"font-weight: 400;\"> de l&#8217;Ajuntament<\/span><b>\u00a0de les Borges Blanques<\/b><span style=\"font-weight: 400;\"> i l\u2019<\/span><b>Escola de M\u00fasica de les Garrigues<\/b><span style=\"font-weight: 400;\">.\u00a0<\/span><span style=\"font-weight: 400;\">T\u00e9 voluntat de ser un <\/span><b>esdeveniment anual\u00a0<\/b><span style=\"font-weight: 400;\">que <\/span><b>incideixi<\/b><span style=\"font-weight: 400;\"> en la\u00a0<\/span><span style=\"font-weight: 400;\">formaci\u00f3 musical de l\u2019alumnat de l\u2019escola\u00a0<\/span><span style=\"font-weight: 400;\">i que <\/span><b>repercuteixi<\/b><span style=\"font-weight: 400;\">\u00a0<\/span><span style=\"font-weight: 400;\">en la poblaci\u00f3 local.<\/span><\/p>\n<p>La necessitat que es vol atendre aquest any amb el \ud835\ude48\ud835\ude6a\ud835\ude68\ud835\ude5e\ud835\ude58\ud835\ude56&#8217;\ud835\ude69 \u00e9s la de potenciar l\u2019estudi dels instruments de vent.<br \/>\nDes de fa uns anys, s\u2019est\u00e0 observant una davallada en la demanda d\u2019aquesta especialitat instrumental a moltes escoles de m\u00fasica, una situaci\u00f3 que ve derivada de la pand\u00e8mia. La programaci\u00f3 del \ud835\ude48\ud835\ude6a\ud835\ude68\ud835\ude5e\ud835\ude58\ud835\ude56&#8217;\ud835\ude69 d\u2019enguany, pren com a tem\u00e0tica els instruments de vent i proposa dues jornades formatives i tres concerts.<\/p>\n<p><a href=\"https:\/\/agora.xtec.cat\/escmusica-garrigues\/wp-content\/uploads\/usu1783\/2024\/04\/IMG_7968.jpeg\"><img loading=\"lazy\" decoding=\"async\" class=\"wp-image-1082 alignleft\" src=\"https:\/\/agora.xtec.cat\/escmusica-garrigues\/wp-content\/uploads\/usu1783\/2024\/04\/IMG_7968.jpeg\" alt=\"\" width=\"519\" height=\"515\" srcset=\"https:\/\/agora.xtec.cat\/escmusica-garrigues\/wp-content\/uploads\/usu1783\/2024\/04\/IMG_7968.jpeg 828w, https:\/\/agora.xtec.cat\/escmusica-garrigues\/wp-content\/uploads\/usu1783\/2024\/04\/IMG_7968-300x298.jpeg 300w, https:\/\/agora.xtec.cat\/escmusica-garrigues\/wp-content\/uploads\/usu1783\/2024\/04\/IMG_7968-150x150.jpeg 150w, https:\/\/agora.xtec.cat\/escmusica-garrigues\/wp-content\/uploads\/usu1783\/2024\/04\/IMG_7968-768x763.jpeg 768w\" sizes=\"auto, (max-width: 519px) 100vw, 519px\" \/><\/a><\/p>\n<p>Les Jornades formatives i concerts s\u00f3n:<\/p>\n<p><strong>6 d&#8217;abril de 2024: Sporadick Brass<\/strong><\/p>\n<p>Horari: 17:00h audici\u00f3 familiar<\/p>\n<p>19:30h Concert<\/p>\n<p>Lloc: Pavell\u00f3 de l&#8217;Oli de les Borges Blanques<\/p>\n<p><strong>19 de maig de 2024: Lo Dixie.<\/strong><\/p>\n<p>Horari: 12:00 h<\/p>\n<p>Lloc: Parc del Terrall de les Borges Blanques<\/p>\n<p><strong>23 de novembre: Orquestra de flautes de Barcelona.<\/strong><\/p>\n<p>Horari: 11:00\u202fh Jornada formativa a l&#8217;Escola de M\u00fasica<\/p>\n<p>19:00\u202fh\u00a0 Concert &#8220;La flauta Tr\u00e0gica&#8221;<\/p>\n<p>Lloc: Pavell\u00f3 de l&#8217;Oli de les Borges Blanques<\/p>\n","protected":false},"excerpt":{"rendered":"<p>Musica\u2019t \u00e9s un projecte desenvolupat conjuntament per\u00a0l\u2019\u00e0rea de Cultura de l&#8217;Ajuntament\u00a0de les Borges Blanques i l\u2019Escola de M\u00fasica de les Garrigues.\u00a0T\u00e9 voluntat de ser un esdeveniment anual\u00a0que incideixi en la\u00a0formaci\u00f3 musical de l\u2019alumnat de l\u2019escola\u00a0i que repercuteixi\u00a0en la poblaci\u00f3 local.<br \/>\nLa necessitat que es vol atendre&hellip;  <a href=\"https:\/\/agora.xtec.cat\/escmusica-garrigues\/musicat\/\" title=\"Read Musica&#8217;t\">Llegeix m\u00e9s\u00bb<\/a><\/p>\n","protected":false},"author":1,"featured_media":0,"parent":0,"menu_order":0,"comment_status":"closed","ping_status":"closed","template":"","meta":{"_bbp_topic_count":0,"_bbp_reply_count":0,"_bbp_total_topic_count":0,"_bbp_total_reply_count":0,"_bbp_voice_count":0,"_bbp_anonymous_reply_count":0,"_bbp_topic_count_hidden":0,"_bbp_reply_count_hidden":0,"_bbp_forum_subforum_count":0,"footnotes":""},"class_list":["post-1075","page","type-page","status-publish","hentry"],"post_mailing_queue_ids":[],"_links":{"self":[{"href":"https:\/\/agora.xtec.cat\/escmusica-garrigues\/wp-json\/wp\/v2\/pages\/1075","targetHints":{"allow":["GET"]}}],"collection":[{"href":"https:\/\/agora.xtec.cat\/escmusica-garrigues\/wp-json\/wp\/v2\/pages"}],"about":[{"href":"https:\/\/agora.xtec.cat\/escmusica-garrigues\/wp-json\/wp\/v2\/types\/page"}],"author":[{"embeddable":true,"href":"https:\/\/agora.xtec.cat\/escmusica-garrigues\/wp-json\/wp\/v2\/users\/1"}],"replies":[{"embeddable":true,"href":"https:\/\/agora.xtec.cat\/escmusica-garrigues\/wp-json\/wp\/v2\/comments?post=1075"}],"version-history":[{"count":3,"href":"https:\/\/agora.xtec.cat\/escmusica-garrigues\/wp-json\/wp\/v2\/pages\/1075\/revisions"}],"predecessor-version":[{"id":1083,"href":"https:\/\/agora.xtec.cat\/escmusica-garrigues\/wp-json\/wp\/v2\/pages\/1075\/revisions\/1083"}],"wp:attachment":[{"href":"https:\/\/agora.xtec.cat\/escmusica-garrigues\/wp-json\/wp\/v2\/media?parent=1075"}],"curies":[{"name":"wp","href":"https:\/\/api.w.org\/{rel}","templated":true}]}}