{"id":1544,"date":"2022-09-30T20:52:45","date_gmt":"2022-09-30T18:52:45","guid":{"rendered":"https:\/\/agora.xtec.cat\/escmus-santpedor\/?page_id=1544"},"modified":"2024-10-29T21:13:01","modified_gmt":"2024-10-29T20:13:01","slug":"equip-directiu","status":"publish","type":"page","link":"https:\/\/agora.xtec.cat\/escmus-santpedor\/lescola\/equip-directiu\/","title":{"rendered":"Equip directiu"},"content":{"rendered":"<p><strong>Direcci\u00f3:<\/strong> Rosa Ma Navarro i Font<\/p>\n<p><strong>Cap d&#8217;estudis<\/strong>: Montse Caparr\u00f3s i Tatj\u00e9<\/p>\n<p><strong>Secret\u00e0ria acad\u00e8mica:\u00a0<\/strong>Elisabet Casanovas i Igl\u00e9sias<\/p>\n<p>&nbsp;<\/p>\n<p><em><strong>Horari d&#8217;atenci\u00f3 al p\u00fablic de direcci\u00f3:<\/strong><\/em>\u00a0 divendres 19h a 20h<\/p>\n","protected":false},"excerpt":{"rendered":"<p>Direcci\u00f3: Rosa Ma Navarro i Font<br \/>\nCap d&#8217;estudis: Montse Caparr\u00f3s i Tatj\u00e9<br \/>\nSecret\u00e0ria acad\u00e8mica:\u00a0Elisabet Casanovas i Igl\u00e9sias<br \/>\n&nbsp;<br \/>\nHorari d&#8217;atenci\u00f3 al p\u00fablic de direcci\u00f3:\u00a0 divendres 19h a 20h<\/p>\n","protected":false},"author":1,"featured_media":0,"parent":22,"menu_order":90,"comment_status":"closed","ping_status":"closed","template":"page-templates\/side-menu.php","meta":{"_bbp_topic_count":0,"_bbp_reply_count":0,"_bbp_total_topic_count":0,"_bbp_total_reply_count":0,"_bbp_voice_count":0,"_bbp_anonymous_reply_count":0,"_bbp_topic_count_hidden":0,"_bbp_reply_count_hidden":0,"_bbp_forum_subforum_count":0,"footnotes":""},"class_list":["post-1544","page","type-page","status-publish","hentry"],"post_mailing_queue_ids":[],"_links":{"self":[{"href":"https:\/\/agora.xtec.cat\/escmus-santpedor\/wp-json\/wp\/v2\/pages\/1544","targetHints":{"allow":["GET"]}}],"collection":[{"href":"https:\/\/agora.xtec.cat\/escmus-santpedor\/wp-json\/wp\/v2\/pages"}],"about":[{"href":"https:\/\/agora.xtec.cat\/escmus-santpedor\/wp-json\/wp\/v2\/types\/page"}],"author":[{"embeddable":true,"href":"https:\/\/agora.xtec.cat\/escmus-santpedor\/wp-json\/wp\/v2\/users\/1"}],"replies":[{"embeddable":true,"href":"https:\/\/agora.xtec.cat\/escmus-santpedor\/wp-json\/wp\/v2\/comments?post=1544"}],"version-history":[{"count":5,"href":"https:\/\/agora.xtec.cat\/escmus-santpedor\/wp-json\/wp\/v2\/pages\/1544\/revisions"}],"predecessor-version":[{"id":2079,"href":"https:\/\/agora.xtec.cat\/escmus-santpedor\/wp-json\/wp\/v2\/pages\/1544\/revisions\/2079"}],"up":[{"embeddable":true,"href":"https:\/\/agora.xtec.cat\/escmus-santpedor\/wp-json\/wp\/v2\/pages\/22"}],"wp:attachment":[{"href":"https:\/\/agora.xtec.cat\/escmus-santpedor\/wp-json\/wp\/v2\/media?parent=1544"}],"curies":[{"name":"wp","href":"https:\/\/api.w.org\/{rel}","templated":true}]}}