{"id":9,"date":"2014-09-17T15:08:18","date_gmt":"2014-09-17T13:08:18","guid":{"rendered":"http:\/\/agora.xtec.cat\/escmontsant-labisbaldefalset\/?page_id=9"},"modified":"2020-04-04T10:21:43","modified_gmt":"2020-04-04T08:21:43","slug":"pagina-dinici-buida","status":"publish","type":"page","link":"https:\/\/agora.xtec.cat\/escmontsant-labisbaldefalset\/pagina-dinici-buida\/","title":{"rendered":"L&#8217;escola que volem"},"content":{"rendered":"<p>L&#8217;escola que volem \u00e9s una escola de <strong>QUALITAT<\/strong> per tant els nostres principis b\u00e0sics s\u00f3n:<\/p>\n<ul>\n<li>EQUITATIVA: Que compensi les desigualtats.<\/li>\n<li>INCLUSIVA: Que garantitzi l&#8217;\u00e8xit de tothom.<\/li>\n<li>RELLEVANT: Que proporcioni compet\u00e8ncies per a la vida, tan intel\u00b7lectuals, emocionals com socials.<\/li>\n<\/ul>\n<p>L&#8217;escola que volem ha d&#8217;adaptar-se i donar <strong>RESPOSTA A LES EXIG\u00c8NCIES DE LA SOCIETAT DEL SEGLE XXI <\/strong>i per tant basada en:<\/p>\n<ul>\n<li>Els 7 PRINCIPIS DE L&#8217;APRENENTAGE. Basats en la recerca del projecte <strong>INNOVATIVE LEARNING ENVIRONMENTS<\/strong>\u00a0de l\u2019Organitzaci\u00f3 per a la Cooperaci\u00f3 i el Desenvolupament Econ\u00f2mic\u00a0 (<a href=\"https:\/\/www.oecd.org\/centrodemexico\/inicio\/\" target=\"_blank\" rel=\"noopener noreferrer\"><strong>OCDE<\/strong><\/a>) \u00a0i concretament en la seva publicaci\u00f3\u00a0<strong>\u201c<a href=\"http:\/\/www.oecd.org\/education\/ceri\/50300814.pdf\" target=\"_blank\" rel=\"noopener noreferrer\">The nature of learning: using research to inspire practice<\/a>\u201d<\/strong>, \u00a0(\u201c<strong><em>La naturalesa de l\u2019aprenentatge: Utilitzar la recerca per inspirar la pr\u00e0ctica\u201d.<\/em>\u00a02010):\u00a0<\/strong>explora la naturalesa de l\u2019aprenentatge a trav\u00e9s de la cognici\u00f3, l\u2019emoci\u00f3 i la biologia, i analitza les implicacions de diferents aplicacions en entorns d\u2019aprenentatge.<img loading=\"lazy\" decoding=\"async\" class=\"alignnone size-large wp-image-805\" src=\"https:\/\/agora.xtec.cat\/escmontsant-labisbaldefalset\/wp-content\/uploads\/usu1958\/2020\/04\/7principis-714x1024.jpg\" alt=\"\" width=\"714\" height=\"1024\" srcset=\"https:\/\/agora.xtec.cat\/escmontsant-labisbaldefalset\/wp-content\/uploads\/usu1958\/2020\/04\/7principis-714x1024.jpg 714w, https:\/\/agora.xtec.cat\/escmontsant-labisbaldefalset\/wp-content\/uploads\/usu1958\/2020\/04\/7principis-209x300.jpg 209w, https:\/\/agora.xtec.cat\/escmontsant-labisbaldefalset\/wp-content\/uploads\/usu1958\/2020\/04\/7principis-768x1102.jpg 768w, https:\/\/agora.xtec.cat\/escmontsant-labisbaldefalset\/wp-content\/uploads\/usu1958\/2020\/04\/7principis.jpg 1115w\" sizes=\"auto, (max-width: 714px) 100vw, 714px\" \/><\/li>\n<li>\u00a0OBJECTIUS DEL DESENVOLUPAMENT SOSTENIBLE (ODS). Refer\u00e8ncia internacional que proposa models de qualitat.Un dels principals resultats de la Confer\u00e8ncia de Rio +20 va ser l&#8217;acord de desenvolupar un conjunt d&#8217;objectius de desenvolupament sostenible (ODS) en els quals es basa l\u2019Agenda 2030 de Desenvolupament Sostenible de les Nacions Unides.Partint de l\u2019experi\u00e8ncia adquirida amb els Objectius de Desenvolupament del Mil\u00b7lenni, els ODS es plantegen com uns objectius orientats a l\u2019acci\u00f3, concisos, f\u00e0cils de comunicar, limitats en nombre i universalment aplicables a tots els pa\u00efsos, tenint en compte les diferents realitats i nivells de desenvolupament.<\/li>\n<\/ul>\n<p><img loading=\"lazy\" decoding=\"async\" class=\"alignnone size-large wp-image-808\" src=\"https:\/\/agora.xtec.cat\/escmontsant-labisbaldefalset\/wp-content\/uploads\/usu1958\/2020\/04\/ODS_Objectius_Desenvolupament_Sostenible_Respon.cat_SDG_Icons_CAT_Poster_A3-1024x724-1024x724.jpg\" alt=\"\" width=\"1024\" height=\"724\" srcset=\"https:\/\/agora.xtec.cat\/escmontsant-labisbaldefalset\/wp-content\/uploads\/usu1958\/2020\/04\/ODS_Objectius_Desenvolupament_Sostenible_Respon.cat_SDG_Icons_CAT_Poster_A3-1024x724.jpg 1024w, https:\/\/agora.xtec.cat\/escmontsant-labisbaldefalset\/wp-content\/uploads\/usu1958\/2020\/04\/ODS_Objectius_Desenvolupament_Sostenible_Respon.cat_SDG_Icons_CAT_Poster_A3-1024x724-300x212.jpg 300w, https:\/\/agora.xtec.cat\/escmontsant-labisbaldefalset\/wp-content\/uploads\/usu1958\/2020\/04\/ODS_Objectius_Desenvolupament_Sostenible_Respon.cat_SDG_Icons_CAT_Poster_A3-1024x724-768x543.jpg 768w\" sizes=\"auto, (max-width: 1024px) 100vw, 1024px\" \/>Actualment estem en un moment de canvi en el qual els docents i la comunitat educativa hem de dissenyar una planificaci\u00f3 estrat\u00e8gica del proc\u00e9s de canvi passant per diferents fases:<\/p>\n<ul>\n<li>\u00a0Reflexi\u00f3 compartida sobre l&#8217;escola que volem: Quin \u00e9s el model d&#8217;escola que volem crear conjuntament. Cal definir la nostra visi\u00f3 compartida de l&#8217;escola que volem. Quins \u00e9s el nostre proposit i els resultats desitjats.<\/li>\n<li>Definici\u00f3 d&#8217;objectius: Hem de definir uns objectius compartits a mitj\u00e0 i curt termini.<\/li>\n<li>Planificaci\u00f3 per aconseguir els objectius. Hem de crear uns cicles d&#8217;accions per aconseguir els objectius i revisi\u00f3 d&#8217;aquestes accions per tal d&#8217;orientar i modificar el proc\u00e9s si \u00e9s necessari.<\/li>\n<\/ul>\n<p>Necessitem la participaci\u00f3 i el comprom\u00eds de tothom en aquest proc\u00e9s!!<\/p>\n<p style=\"text-align: center;\"><iframe loading=\"lazy\" src=\"https:\/\/www.youtube.com\/embed\/ZfsdbW0QR7c\" width=\"560\" height=\"315\" frameborder=\"0\"><\/iframe><\/p>\n<p>&nbsp;<\/p>\n<p>&nbsp;<\/p>\n<p>&nbsp;<\/p>\n<p>&nbsp;<\/p>\n","protected":false},"excerpt":{"rendered":"<p>L&#8217;escola que volem \u00e9s una escola de QUALITAT per tant els nostres principis b\u00e0sics s\u00f3n:<\/p>\n<ul>\n<li>EQUITATIVA: Que compensi les desigualtats.<\/li>\n<li>INCLUSIVA: Que garantitzi l&#8217;\u00e8xit de tothom.<\/li>\n<li>RELLEVANT: Que proporcioni compet\u00e8ncies per a la vida, tan intel\u00b7lectuals, emocionals com socials.<\/li>\n<\/ul>\n<p>L&#8217;escola que volem ha d&#8217;adaptar-se i donar RESPOSTA A LES&hellip;  <a href=\"https:\/\/agora.xtec.cat\/escmontsant-labisbaldefalset\/pagina-dinici-buida\/\" title=\"Read L&#8217;escola que volem\">Llegeix m\u00e9s\u00bb<\/a><\/p>\n","protected":false},"author":1,"featured_media":0,"parent":0,"menu_order":1,"comment_status":"closed","ping_status":"closed","template":"page-templates\/side-menu.php","meta":{"_bbp_topic_count":0,"_bbp_reply_count":0,"_bbp_total_topic_count":0,"_bbp_total_reply_count":0,"_bbp_voice_count":0,"_bbp_anonymous_reply_count":0,"_bbp_topic_count_hidden":0,"_bbp_reply_count_hidden":0,"_bbp_forum_subforum_count":0,"footnotes":""},"class_list":["post-9","page","type-page","status-publish","hentry"],"post_mailing_queue_ids":[],"_links":{"self":[{"href":"https:\/\/agora.xtec.cat\/escmontsant-labisbaldefalset\/wp-json\/wp\/v2\/pages\/9","targetHints":{"allow":["GET"]}}],"collection":[{"href":"https:\/\/agora.xtec.cat\/escmontsant-labisbaldefalset\/wp-json\/wp\/v2\/pages"}],"about":[{"href":"https:\/\/agora.xtec.cat\/escmontsant-labisbaldefalset\/wp-json\/wp\/v2\/types\/page"}],"author":[{"embeddable":true,"href":"https:\/\/agora.xtec.cat\/escmontsant-labisbaldefalset\/wp-json\/wp\/v2\/users\/1"}],"replies":[{"embeddable":true,"href":"https:\/\/agora.xtec.cat\/escmontsant-labisbaldefalset\/wp-json\/wp\/v2\/comments?post=9"}],"version-history":[{"count":3,"href":"https:\/\/agora.xtec.cat\/escmontsant-labisbaldefalset\/wp-json\/wp\/v2\/pages\/9\/revisions"}],"predecessor-version":[{"id":817,"href":"https:\/\/agora.xtec.cat\/escmontsant-labisbaldefalset\/wp-json\/wp\/v2\/pages\/9\/revisions\/817"}],"wp:attachment":[{"href":"https:\/\/agora.xtec.cat\/escmontsant-labisbaldefalset\/wp-json\/wp\/v2\/media?parent=9"}],"curies":[{"name":"wp","href":"https:\/\/api.w.org\/{rel}","templated":true}]}}