{"id":1851,"date":"2022-06-27T13:45:32","date_gmt":"2022-06-27T11:45:32","guid":{"rendered":"https:\/\/agora.xtec.cat\/escmontsant-labisbaldefalset\/?page_id=1851"},"modified":"2022-06-27T13:54:42","modified_gmt":"2022-06-27T11:54:42","slug":"estrategia-digital-de-zer","status":"publish","type":"page","link":"https:\/\/agora.xtec.cat\/escmontsant-labisbaldefalset\/pagina-dinici-buida\/estrategia-digital-de-zer\/","title":{"rendered":"ESTRATEGIA DIGITAL DE ZER"},"content":{"rendered":"<p><a href=\"https:\/\/sites.google.com\/d\/11rIMMV7EUqYuiE5tyQ8oFmMyb693grh4\/p\/1eEN3eQBu_XGdhedZxAMszKO27OT5Slci\/edit\" target=\"_blank\" rel=\"noopener\">Consulteu l&#8217;enlla\u00e7 per trobar la informaci\u00f3 sobre l&#8217;ESTRAT\u00c8GIA DIGITAL DE ZER<\/a><\/p>\n","protected":false},"excerpt":{"rendered":"<p><a href=\"https:\/\/sites.google.com\/d\/11rIMMV7EUqYuiE5tyQ8oFmMyb693grh4\/p\/1eEN3eQBu_XGdhedZxAMszKO27OT5Slci\/edit\" target=\"_blank\" rel=\"noopener\">Consulteu l&#8217;enlla\u00e7 per trobar la informaci\u00f3 sobre l&#8217;ESTRAT\u00c8GIA DIGITAL DE ZER<\/a><\/p>\n","protected":false},"author":1,"featured_media":0,"parent":9,"menu_order":0,"comment_status":"closed","ping_status":"closed","template":"","meta":{"_bbp_topic_count":0,"_bbp_reply_count":0,"_bbp_total_topic_count":0,"_bbp_total_reply_count":0,"_bbp_voice_count":0,"_bbp_anonymous_reply_count":0,"_bbp_topic_count_hidden":0,"_bbp_reply_count_hidden":0,"_bbp_forum_subforum_count":0,"footnotes":""},"class_list":["post-1851","page","type-page","status-publish","hentry"],"post_mailing_queue_ids":[],"_links":{"self":[{"href":"https:\/\/agora.xtec.cat\/escmontsant-labisbaldefalset\/wp-json\/wp\/v2\/pages\/1851","targetHints":{"allow":["GET"]}}],"collection":[{"href":"https:\/\/agora.xtec.cat\/escmontsant-labisbaldefalset\/wp-json\/wp\/v2\/pages"}],"about":[{"href":"https:\/\/agora.xtec.cat\/escmontsant-labisbaldefalset\/wp-json\/wp\/v2\/types\/page"}],"author":[{"embeddable":true,"href":"https:\/\/agora.xtec.cat\/escmontsant-labisbaldefalset\/wp-json\/wp\/v2\/users\/1"}],"replies":[{"embeddable":true,"href":"https:\/\/agora.xtec.cat\/escmontsant-labisbaldefalset\/wp-json\/wp\/v2\/comments?post=1851"}],"version-history":[{"count":2,"href":"https:\/\/agora.xtec.cat\/escmontsant-labisbaldefalset\/wp-json\/wp\/v2\/pages\/1851\/revisions"}],"predecessor-version":[{"id":1856,"href":"https:\/\/agora.xtec.cat\/escmontsant-labisbaldefalset\/wp-json\/wp\/v2\/pages\/1851\/revisions\/1856"}],"up":[{"embeddable":true,"href":"https:\/\/agora.xtec.cat\/escmontsant-labisbaldefalset\/wp-json\/wp\/v2\/pages\/9"}],"wp:attachment":[{"href":"https:\/\/agora.xtec.cat\/escmontsant-labisbaldefalset\/wp-json\/wp\/v2\/media?parent=1851"}],"curies":[{"name":"wp","href":"https:\/\/api.w.org\/{rel}","templated":true}]}}