{"id":1606,"date":"2020-06-02T12:05:32","date_gmt":"2020-06-02T10:05:32","guid":{"rendered":"https:\/\/agora.xtec.cat\/escmontsant-labisbaldefalset\/?page_id=1606"},"modified":"2020-06-05T19:26:48","modified_gmt":"2020-06-05T17:26:48","slug":"el-meu-poble","status":"publish","type":"page","link":"https:\/\/agora.xtec.cat\/escmontsant-labisbaldefalset\/el-meu-poble\/","title":{"rendered":"EL MEU POBLE"},"content":{"rendered":"<p>&nbsp;<\/p>\n<p>Fam\u00edlies, ja s&#8217;acaba el curs i per aix\u00f2 us proposem un <a href=\"https:\/\/drive.google.com\/file\/d\/19Em-dYb8E4bbQw_KhLPWVc8fSC48Q4zn\/view?usp=sharing\" target=\"_blank\" rel=\"noopener noreferrer\">recull de fitxes<\/a> de resum dels continguts treballats. Estan separades per cursos per\u00f2 nom\u00e9s s\u00f3n orientatius. Remeneu una mica i trieu les que vosaltres considereu m\u00e9s adients. Al mateix temps les podeu compaginar amb una tasca m\u00e9s compet\u00e8ncial que els ajudar\u00e0 a con\u00e8ixer millor \u00a0el poble i els serveis que ofereix als seus habitants.<\/p>\n<p><strong>EL MEU POBLE<\/strong><\/p>\n<p>Com es diu el vostre poble?<\/p>\n<p>Molt b\u00e9!! Tots sabeu el nom del vostre poble. Segur que tamb\u00e9 sabeu respondre a aquestes preguntes:<\/p>\n<ul>\n<li>T\u00e9 molts o pocs habitants?<\/li>\n<li>La majoria dels edificis s\u00f3n blocs de pisos i gratacels on viuen moltes fam\u00edlies, o cases per una sola fam\u00edlia?<\/li>\n<li>\u00c9s un poble o una ciutat?<\/li>\n<li>Est\u00e0 situat a la muntanya, a la costa o en una plana?<\/li>\n<li>Quins serveis ofereix als habitants?<\/li>\n<\/ul>\n<p>Aquesta \u00faltima pregunta \u00e9s una mica m\u00e9s dif\u00edcil. Per descobrir-ho us proposem un repte per cada dia de la setmana.<\/p>\n<p>Per aprendre el vocabulari relacionat amb el poble us deixem aquestes l\u00e0mines. La podeu fer servir per escriure en angl\u00e8s i en castell\u00e0 el nom dels llocs i serveis que anireu descobrint.<\/p>\n<p>&nbsp;<\/p>\n<p><a href=\"https:\/\/agora.xtec.cat\/escmontsant-labisbaldefalset\/wp-content\/uploads\/usu1958\/2020\/06\/English-vocabulary-TOWN.pdf\" target=\"_blank\" rel=\"noopener noreferrer\"><img loading=\"lazy\" decoding=\"async\" class=\"alignnone size-medium wp-image-1633\" src=\"https:\/\/agora.xtec.cat\/escmontsant-labisbaldefalset\/wp-content\/uploads\/usu1958\/2020\/06\/Captura-de-Pantalla-2020-06-03-a-les-12.13.38-207x300.png\" alt=\"\" width=\"207\" height=\"300\" srcset=\"https:\/\/agora.xtec.cat\/escmontsant-labisbaldefalset\/wp-content\/uploads\/usu1958\/2020\/06\/Captura-de-Pantalla-2020-06-03-a-les-12.13.38-207x300.png 207w, https:\/\/agora.xtec.cat\/escmontsant-labisbaldefalset\/wp-content\/uploads\/usu1958\/2020\/06\/Captura-de-Pantalla-2020-06-03-a-les-12.13.38.png 498w\" sizes=\"auto, (max-width: 207px) 100vw, 207px\" \/>\u00a0\u00a0\u00a0\u00a0\u00a0\u00a0\u00a0\u00a0\u00a0\u00a0 <\/a><a href=\"https:\/\/agora.xtec.cat\/escmontsant-labisbaldefalset\/wp-content\/uploads\/usu1958\/2020\/06\/MI-PUEBLO.png\"><img loading=\"lazy\" decoding=\"async\" class=\"alignnone size-medium wp-image-1649\" src=\"https:\/\/agora.xtec.cat\/escmontsant-labisbaldefalset\/wp-content\/uploads\/usu1958\/2020\/06\/MI-PUEBLO-242x300.png\" alt=\"\" width=\"242\" height=\"300\" srcset=\"https:\/\/agora.xtec.cat\/escmontsant-labisbaldefalset\/wp-content\/uploads\/usu1958\/2020\/06\/MI-PUEBLO-242x300.png 242w, https:\/\/agora.xtec.cat\/escmontsant-labisbaldefalset\/wp-content\/uploads\/usu1958\/2020\/06\/MI-PUEBLO.png 445w\" sizes=\"auto, (max-width: 242px) 100vw, 242px\" \/><\/a><\/p>\n<p>I segur que tamb\u00e9 sabeu i heu sentit les mesures que hem de dur a terme per anar a qualsevol dels lloc que us proposarem a continuaci\u00f3. A veure si sabeu qu\u00e8 signifiquen les seg\u00fcents infografies!<\/p>\n<p><a href=\"https:\/\/agora.xtec.cat\/escmontsant-labisbaldefalset\/wp-content\/uploads\/usu1958\/2020\/06\/dist\u00e0ncia-social1.jpg\"><img loading=\"lazy\" decoding=\"async\" class=\"alignnone size-full wp-image-1670\" src=\"https:\/\/agora.xtec.cat\/escmontsant-labisbaldefalset\/wp-content\/uploads\/usu1958\/2020\/06\/dist\u00e0ncia-social1.jpg\" alt=\"\" width=\"151\" height=\"143\" srcset=\"https:\/\/agora.xtec.cat\/escmontsant-labisbaldefalset\/wp-content\/uploads\/usu1958\/2020\/06\/dist\u00e0ncia-social1.jpg 151w, https:\/\/agora.xtec.cat\/escmontsant-labisbaldefalset\/wp-content\/uploads\/usu1958\/2020\/06\/dist\u00e0ncia-social1-150x143.jpg 150w\" sizes=\"auto, (max-width: 151px) 100vw, 151px\" \/><\/a> <a href=\"https:\/\/agora.xtec.cat\/escmontsant-labisbaldefalset\/wp-content\/uploads\/usu1958\/2020\/06\/mascareta1.jpg\"><img loading=\"lazy\" decoding=\"async\" class=\"alignnone size-full wp-image-1669\" src=\"https:\/\/agora.xtec.cat\/escmontsant-labisbaldefalset\/wp-content\/uploads\/usu1958\/2020\/06\/mascareta1.jpg\" alt=\"\" width=\"163\" height=\"143\" \/><\/a> <a href=\"https:\/\/agora.xtec.cat\/escmontsant-labisbaldefalset\/wp-content\/uploads\/usu1958\/2020\/06\/rentar-se-les-mans-1.jpg\"><img loading=\"lazy\" decoding=\"async\" class=\"alignnone size-full wp-image-1671\" src=\"https:\/\/agora.xtec.cat\/escmontsant-labisbaldefalset\/wp-content\/uploads\/usu1958\/2020\/06\/rentar-se-les-mans-1.jpg\" alt=\"\" width=\"140\" height=\"143\" \/><\/a><\/p>\n<p>&nbsp;<\/p>\n<p><strong>DILLUNS 8<\/strong><\/p>\n<p>Aquest \u00e9s el servei m\u00e9s important dels pobles perqu\u00e8 des d&#8217;ell es gestionen i organitzen molts altres serveis. A veure si sou capa\u00e7os d&#8217;esbrinar de qu\u00e8 estem parlant, resolent aquest missatge secret. <a href=\"https:\/\/agora.xtec.cat\/escmontsant-labisbaldefalset\/wp-content\/uploads\/usu1958\/2020\/06\/missatge-secret.pdf\" target=\"_blank\" rel=\"noopener noreferrer\"><img loading=\"lazy\" decoding=\"async\" class=\"size-medium wp-image-1608 aligncenter\" src=\"https:\/\/agora.xtec.cat\/escmontsant-labisbaldefalset\/wp-content\/uploads\/usu1958\/2020\/06\/Captura-de-Pantalla-2020-06-02-a-les-11.56.37-300x124.png\" alt=\"\" width=\"300\" height=\"124\" srcset=\"https:\/\/agora.xtec.cat\/escmontsant-labisbaldefalset\/wp-content\/uploads\/usu1958\/2020\/06\/Captura-de-Pantalla-2020-06-02-a-les-11.56.37-300x124.png 300w, https:\/\/agora.xtec.cat\/escmontsant-labisbaldefalset\/wp-content\/uploads\/usu1958\/2020\/06\/Captura-de-Pantalla-2020-06-02-a-les-11.56.37-768x317.png 768w, https:\/\/agora.xtec.cat\/escmontsant-labisbaldefalset\/wp-content\/uploads\/usu1958\/2020\/06\/Captura-de-Pantalla-2020-06-02-a-les-11.56.37-1024x422.png 1024w, https:\/\/agora.xtec.cat\/escmontsant-labisbaldefalset\/wp-content\/uploads\/usu1958\/2020\/06\/Captura-de-Pantalla-2020-06-02-a-les-11.56.37.png 1162w\" sizes=\"auto, (max-width: 300px) 100vw, 300px\" \/><\/a><\/p>\n<p>Una pista!!! Penseu per quina lletra comen\u00e7a cada paraula. Ara s\u00ed que ho heu descobert!<\/p>\n<p>Doncs aneu-hi, mireu b\u00e9 l&#8217;edifici i, si podeu, pugeu per veure com \u00e9s per dins i qui hi treballa. Pregunteu quina feina hi fan, quan est\u00e0 obert i com es diuen les persones que hi treballen. No us oblideu de portar la mascareta, de guardar les dist\u00e0ncies i, sobre tot, no toqueu res.<\/p>\n<p>Quan tingeu aquesta informaci\u00f3, en un full podeu fer el dibuix del que heu observat i escriure l&#8217;horari d&#8217;obertura al p\u00fablic. A veure si ho recordeu tot!!<\/p>\n<p><strong>DIMARTS 9<\/strong><\/p>\n<p>Un altre servei molt important del poble, i un altre enigma per resoldre!<\/p>\n<p>Heu de completar aquests mots encreuats i al requadre marcat en roig us parareixer\u00e0 la soluci\u00f3 de l&#8217;enigma. Segur que ho encerteu perqu\u00e8 heu fet servir moltes vegades aquest servei.<\/p>\n<p>En un full en blanc dibuixeu l&#8217;espai i les persones que hi treballen. Tamb\u00e9 us podeu dibuixar vosaltres. Poseu un t\u00edtol al dibuix i escriviu el nom dels professionals que presten servei.<\/p>\n<p style=\"text-align: center;\">\u00a0<a href=\"https:\/\/agora.xtec.cat\/escmontsant-labisbaldefalset\/wp-content\/uploads\/usu1958\/2020\/06\/encreuats.pdf\" target=\"_blank\" rel=\"noopener noreferrer\"><img loading=\"lazy\" decoding=\"async\" class=\"alignnone size-medium wp-image-1614\" src=\"https:\/\/agora.xtec.cat\/escmontsant-labisbaldefalset\/wp-content\/uploads\/usu1958\/2020\/06\/Captura-de-Pantalla-2020-06-03-a-les-8.38.08-300x236.png\" alt=\"\" width=\"300\" height=\"236\" srcset=\"https:\/\/agora.xtec.cat\/escmontsant-labisbaldefalset\/wp-content\/uploads\/usu1958\/2020\/06\/Captura-de-Pantalla-2020-06-03-a-les-8.38.08-300x236.png 300w, https:\/\/agora.xtec.cat\/escmontsant-labisbaldefalset\/wp-content\/uploads\/usu1958\/2020\/06\/Captura-de-Pantalla-2020-06-03-a-les-8.38.08-768x603.png 768w, https:\/\/agora.xtec.cat\/escmontsant-labisbaldefalset\/wp-content\/uploads\/usu1958\/2020\/06\/Captura-de-Pantalla-2020-06-03-a-les-8.38.08.png 899w\" sizes=\"auto, (max-width: 300px) 100vw, 300px\" \/><\/a><\/p>\n<p>Si hi ha alguna paraula que us resulta m\u00e9s dif\u00edcil, podeu consultar la <a href=\"https:\/\/agora.xtec.cat\/escmontsant-labisbaldefalset\/wp-content\/uploads\/usu1958\/2020\/06\/solucions-encreuats.pdf\" target=\"_blank\" rel=\"noopener noreferrer\">soluci\u00f3<\/a>.<\/p>\n<p>&nbsp;<\/p>\n<p><strong>DIMECRES 10<\/strong><\/p>\n<p>I ara de quin lloc del poble parlem?<\/p>\n<p>Endevina a quin lloc del poble ens referim llegint les pistes seg\u00fcents:<\/p>\n<ul>\n<li>Pista 1: Comen\u00e7a amb la lletra B.<\/li>\n<li>Pista 2: La gente porta diners quan va a aquest lloc.<\/li>\n<li>Pista 3: En aquest lloc venen casi tot el que puguis necessitar.<\/li>\n<li>Pista 4: La gent compra en aquest lloc.<\/li>\n<\/ul>\n<p>Ho endevines? Si \u00e9s aix\u00ed dibuixa el lloc, \u00a0les persones que hi treballen, les que van a comprar i els productes que es venen. Per acabar posa un t\u00edtol i escriu una llista dels productes que acostumes a comprar.<\/p>\n<p>&nbsp;<\/p>\n<p><strong>DIJOUS 11<\/strong><\/p>\n<p>Observa amb molta atenci\u00f3 aquestes fotos. Sabries dir qu\u00e8 s\u00f3n aquests llocs?<\/p>\n<p><a href=\"https:\/\/agora.xtec.cat\/escmontsant-labisbaldefalset\/wp-content\/uploads\/usu1958\/2020\/06\/5506557Master.jpg\" target=\"_blank\" rel=\"noopener noreferrer\"><img loading=\"lazy\" decoding=\"async\" class=\"alignnone size-medium wp-image-1622\" src=\"https:\/\/agora.xtec.cat\/escmontsant-labisbaldefalset\/wp-content\/uploads\/usu1958\/2020\/06\/Captura-de-Pantalla-2020-06-03-a-les-10.54.05-300x246.png\" alt=\"\" width=\"300\" height=\"246\" srcset=\"https:\/\/agora.xtec.cat\/escmontsant-labisbaldefalset\/wp-content\/uploads\/usu1958\/2020\/06\/Captura-de-Pantalla-2020-06-03-a-les-10.54.05-300x246.png 300w, https:\/\/agora.xtec.cat\/escmontsant-labisbaldefalset\/wp-content\/uploads\/usu1958\/2020\/06\/Captura-de-Pantalla-2020-06-03-a-les-10.54.05.png 371w\" sizes=\"auto, (max-width: 300px) 100vw, 300px\" \/>\u00a0\u00a0\u00a0\u00a0\u00a0<\/a><a href=\"https:\/\/agora.xtec.cat\/escmontsant-labisbaldefalset\/wp-content\/uploads\/usu1958\/2020\/06\/font-sant-salvador.jpg\" target=\"_blank\" rel=\"noopener noreferrer\"><img loading=\"lazy\" decoding=\"async\" class=\"alignnone size-medium wp-image-1623\" src=\"https:\/\/agora.xtec.cat\/escmontsant-labisbaldefalset\/wp-content\/uploads\/usu1958\/2020\/06\/Captura-de-Pantalla-2020-06-03-a-les-11.02.36-112x300.png\" alt=\"\" width=\"112\" height=\"300\" srcset=\"https:\/\/agora.xtec.cat\/escmontsant-labisbaldefalset\/wp-content\/uploads\/usu1958\/2020\/06\/Captura-de-Pantalla-2020-06-03-a-les-11.02.36-112x300.png 112w, https:\/\/agora.xtec.cat\/escmontsant-labisbaldefalset\/wp-content\/uploads\/usu1958\/2020\/06\/Captura-de-Pantalla-2020-06-03-a-les-11.02.36.png 174w\" sizes=\"auto, (max-width: 112px) 100vw, 112px\" \/><\/a><\/p>\n<p>Si cliques damunt les imatges podreu veure la soluci\u00f3.<\/p>\n<p>Aneu-hi, tasteu l&#8217;aigua i llegiu que diu a la placa que hi ha a la part superior. Pregunteu als pares qu\u00e8 significa el que hi ha escrit.<\/p>\n<p>Quan arribeu a casa dibuixeu-la, poseu un t\u00edtol \u00a0i escriviu una frase que expliqui quina utilitat t\u00e9 per als habitants del poble.<\/p>\n<p>&nbsp;<\/p>\n<p><strong>DIVENDRES 12<\/strong><\/p>\n<p>En aquesta sopa de lletres s&#8217;amaga una sola paraula. \u00c9s la soluci\u00f3 de l&#8217;enigma d&#8217;avui. Podeu trobar-la?<\/p>\n<p><a href=\"https:\/\/agora.xtec.cat\/escmontsant-labisbaldefalset\/wp-content\/uploads\/usu1958\/2020\/06\/sopa-lletres.pdf\" target=\"_blank\" rel=\"noopener noreferrer\"><img loading=\"lazy\" decoding=\"async\" class=\"alignnone size-medium wp-image-1627\" src=\"https:\/\/agora.xtec.cat\/escmontsant-labisbaldefalset\/wp-content\/uploads\/usu1958\/2020\/06\/Captura-de-Pantalla-2020-06-03-a-les-11.32.23-300x230.png\" alt=\"\" width=\"300\" height=\"230\" srcset=\"https:\/\/agora.xtec.cat\/escmontsant-labisbaldefalset\/wp-content\/uploads\/usu1958\/2020\/06\/Captura-de-Pantalla-2020-06-03-a-les-11.32.23-300x230.png 300w, https:\/\/agora.xtec.cat\/escmontsant-labisbaldefalset\/wp-content\/uploads\/usu1958\/2020\/06\/Captura-de-Pantalla-2020-06-03-a-les-11.32.23-768x588.png 768w, https:\/\/agora.xtec.cat\/escmontsant-labisbaldefalset\/wp-content\/uploads\/usu1958\/2020\/06\/Captura-de-Pantalla-2020-06-03-a-les-11.32.23.png 826w\" sizes=\"auto, (max-width: 300px) 100vw, 300px\" \/><\/a><\/p>\n<p>El diumenge hi podeu anar i veure com \u00e9s per dins i que hi fan les persones que hi van. \u00c9s un edifici molt antic i molt bonic. Dibuixeu-lo, poseu un t\u00edtol i escriviu un petit text explicant que fan i per qu\u00e8 les persones que hi van.<\/p>\n<p>&nbsp;<\/p>\n<p><strong>DILLUNS 15<\/strong><\/p>\n<p>Per descobrir l&#8217;enigma d&#8217;avui haureu de seguir el cam\u00ed. Primer haureu de trobar l&#8217;entrada correcta. Hi ha moltes entrades per\u00f2 s\u00f3n trampes, nom\u00e9s hi ha una correcta. Una vegada a dins nom\u00e9s haureu de seguir el cam\u00ed i recollir les lletres que hi trobeu. En ordre formen una paraula que \u00e9s la resposta a l&#8217;enigma d&#8217;avui. Per\u00f2 molt de compte! Si trobeu una barrera impedint el pas haureu de buscar per on continua el cam\u00ed.<\/p>\n<p><a href=\"https:\/\/agora.xtec.cat\/escmontsant-labisbaldefalset\/wp-content\/uploads\/usu1958\/2020\/06\/03-06-2020-10.23.48.pdf\" target=\"_blank\" rel=\"noopener noreferrer\"><img loading=\"lazy\" decoding=\"async\" class=\"size-medium wp-image-1629 aligncenter\" src=\"https:\/\/agora.xtec.cat\/escmontsant-labisbaldefalset\/wp-content\/uploads\/usu1958\/2020\/06\/Captura-de-Pantalla-2020-06-03-a-les-11.39.15-300x210.png\" alt=\"\" width=\"300\" height=\"210\" srcset=\"https:\/\/agora.xtec.cat\/escmontsant-labisbaldefalset\/wp-content\/uploads\/usu1958\/2020\/06\/Captura-de-Pantalla-2020-06-03-a-les-11.39.15-300x210.png 300w, https:\/\/agora.xtec.cat\/escmontsant-labisbaldefalset\/wp-content\/uploads\/usu1958\/2020\/06\/Captura-de-Pantalla-2020-06-03-a-les-11.39.15.png 746w\" sizes=\"auto, (max-width: 300px) 100vw, 300px\" \/><\/a><\/p>\n<p>Ja \u00a0us podeu imaginar com continua la tasca. Dibuixeu el lloc i \u00a0les persones que el fan servir. Poseu un t\u00edtol,\u00a0i expliqueu que hi feu all\u00ed.<\/p>\n<p>Sabieu que hi havia un pintor que es deia <strong>Kandinsky<\/strong> que podia escoltar la m\u00fasica en els seus propis cuadres?<\/p>\n<p>Ell sempre pintava cuadres abstractes, que vol dir, que pintava formes de diferents colors sense dibuixar persones, plantes, animals, cases, etc.<\/p>\n<p>Per ell el m\u00e9s important eren els colors.<\/p>\n<p>Aquest \u00e9s un exemples d&#8217;una de les seves obres:<\/p>\n<p><a href=\"https:\/\/agora.xtec.cat\/escmontsant-labisbaldefalset\/wp-content\/uploads\/usu1958\/2020\/06\/obra-Kandinsky.png\"><img loading=\"lazy\" decoding=\"async\" class=\"alignnone size-medium wp-image-1646\" src=\"https:\/\/agora.xtec.cat\/escmontsant-labisbaldefalset\/wp-content\/uploads\/usu1958\/2020\/06\/obra-Kandinsky-223x300.png\" alt=\"\" width=\"223\" height=\"300\" srcset=\"https:\/\/agora.xtec.cat\/escmontsant-labisbaldefalset\/wp-content\/uploads\/usu1958\/2020\/06\/obra-Kandinsky-223x300.png 223w, https:\/\/agora.xtec.cat\/escmontsant-labisbaldefalset\/wp-content\/uploads\/usu1958\/2020\/06\/obra-Kandinsky.png 487w\" sizes=\"auto, (max-width: 223px) 100vw, 223px\" \/><\/a><\/p>\n<p>Us proposo que feu el vostre dibuix del lloc que us ha dit l&#8217;enigma com ho hauria fet Kandinsky <a href=\"https:\/\/musiclab.chromeexperiments.com\/Kandinsky\/\" target=\"_blank\" rel=\"noopener noreferrer\">clicant aqu\u00ed.<\/a><\/p>\n<p><u><\/u>Ah, i no us oblideu d&#8217;escoltar-lo!<\/p>\n<p>Aqu\u00ed teniu un exemple:<\/p>\n<p><a href=\"https:\/\/agora.xtec.cat\/escmontsant-labisbaldefalset\/wp-content\/uploads\/usu1958\/2020\/06\/kandinsky.png\"><img loading=\"lazy\" decoding=\"async\" class=\"alignnone size-medium wp-image-1645\" src=\"https:\/\/agora.xtec.cat\/escmontsant-labisbaldefalset\/wp-content\/uploads\/usu1958\/2020\/06\/kandinsky-300x140.png\" alt=\"\" width=\"300\" height=\"140\" srcset=\"https:\/\/agora.xtec.cat\/escmontsant-labisbaldefalset\/wp-content\/uploads\/usu1958\/2020\/06\/kandinsky-300x140.png 300w, https:\/\/agora.xtec.cat\/escmontsant-labisbaldefalset\/wp-content\/uploads\/usu1958\/2020\/06\/kandinsky-768x360.png 768w, https:\/\/agora.xtec.cat\/escmontsant-labisbaldefalset\/wp-content\/uploads\/usu1958\/2020\/06\/kandinsky-1024x479.png 1024w, https:\/\/agora.xtec.cat\/escmontsant-labisbaldefalset\/wp-content\/uploads\/usu1958\/2020\/06\/kandinsky.png 1365w\" sizes=\"auto, (max-width: 300px) 100vw, 300px\" \/><\/a><\/p>\n<p><strong>DIMARTS 16<\/strong><\/p>\n<p>Realitzeu les operacions. Cada resultat corresp\u00f3n a una lletra. Amb elles es forma una paraula. \u00c9s el nostre enigma d&#8217;avui.<\/p>\n<p>&nbsp;<\/p>\n<p><a href=\"https:\/\/agora.xtec.cat\/escmontsant-labisbaldefalset\/wp-content\/uploads\/usu1958\/2020\/06\/endevina-sumesPDF.pdf\" target=\"_blank\" rel=\"noopener noreferrer\"><img loading=\"lazy\" decoding=\"async\" class=\"alignnone size-medium wp-image-1636 aligncenter\" src=\"https:\/\/agora.xtec.cat\/escmontsant-labisbaldefalset\/wp-content\/uploads\/usu1958\/2020\/06\/Captura-de-Pantalla-2020-06-03-a-les-12.17.39-300x194.png\" alt=\"\" width=\"300\" height=\"194\" srcset=\"https:\/\/agora.xtec.cat\/escmontsant-labisbaldefalset\/wp-content\/uploads\/usu1958\/2020\/06\/Captura-de-Pantalla-2020-06-03-a-les-12.17.39-300x194.png 300w, https:\/\/agora.xtec.cat\/escmontsant-labisbaldefalset\/wp-content\/uploads\/usu1958\/2020\/06\/Captura-de-Pantalla-2020-06-03-a-les-12.17.39-768x497.png 768w, https:\/\/agora.xtec.cat\/escmontsant-labisbaldefalset\/wp-content\/uploads\/usu1958\/2020\/06\/Captura-de-Pantalla-2020-06-03-a-les-12.17.39-1024x663.png 1024w, https:\/\/agora.xtec.cat\/escmontsant-labisbaldefalset\/wp-content\/uploads\/usu1958\/2020\/06\/Captura-de-Pantalla-2020-06-03-a-les-12.17.39.png 1118w\" sizes=\"auto, (max-width: 300px) 100vw, 300px\" \/><\/a><\/p>\n<p>Heu anat mai? Sabeu per a qu\u00e8 serveix? Segur que el pare o la mare us ho poden explicar. Si no \u00e9s aix\u00ed, pregunteu a algun pag\u00e8s que conegueu. De ben segur que l&#8217;ha fet servir alguna vegada!<\/p>\n<p><strong>DIMECRES 17<\/strong><\/p>\n<p>Per descobrir el lloc d&#8217;avui haureu d&#8217;afinar la vista.<\/p>\n<p><a href=\"https:\/\/agora.xtec.cat\/escmontsant-labisbaldefalset\/wp-content\/uploads\/usu1958\/2020\/06\/pont.pdf\" target=\"_blank\" rel=\"noopener noreferrer\"><img loading=\"lazy\" decoding=\"async\" class=\"alignnone size-medium wp-image-1618\" src=\"https:\/\/agora.xtec.cat\/escmontsant-labisbaldefalset\/wp-content\/uploads\/usu1958\/2020\/06\/Captura-de-Pantalla-2020-06-03-a-les-10.28.19-300x215.png\" alt=\"\" width=\"300\" height=\"215\" srcset=\"https:\/\/agora.xtec.cat\/escmontsant-labisbaldefalset\/wp-content\/uploads\/usu1958\/2020\/06\/Captura-de-Pantalla-2020-06-03-a-les-10.28.19-300x215.png 300w, https:\/\/agora.xtec.cat\/escmontsant-labisbaldefalset\/wp-content\/uploads\/usu1958\/2020\/06\/Captura-de-Pantalla-2020-06-03-a-les-10.28.19.png 760w\" sizes=\"auto, (max-width: 300px) 100vw, 300px\" \/><\/a><\/p>\n<p>A l&#8217;espai blanc haureu d&#8217;explicar com \u00e9s i per a qu\u00e8 serveix.<\/p>\n<p>DIJOUS 18<\/p>\n<p>El servei d&#8217;avui us encantar\u00e0. Tots els mestres esperem que faci caloreta, que hi pugueu anar aviat i que us ho passau molt b\u00e9.<\/p>\n<p><a href=\"https:\/\/agora.xtec.cat\/escmontsant-labisbaldefalset\/wp-content\/uploads\/usu1958\/2020\/06\/endevinalla.pdf\" target=\"_blank\" rel=\"noopener noreferrer\"><img loading=\"lazy\" decoding=\"async\" class=\"alignnone size-medium wp-image-1626\" src=\"https:\/\/agora.xtec.cat\/escmontsant-labisbaldefalset\/wp-content\/uploads\/usu1958\/2020\/06\/Captura-de-Pantalla-2020-06-03-a-les-11.21.03-300x188.png\" alt=\"\" width=\"300\" height=\"188\" srcset=\"https:\/\/agora.xtec.cat\/escmontsant-labisbaldefalset\/wp-content\/uploads\/usu1958\/2020\/06\/Captura-de-Pantalla-2020-06-03-a-les-11.21.03-300x188.png 300w, https:\/\/agora.xtec.cat\/escmontsant-labisbaldefalset\/wp-content\/uploads\/usu1958\/2020\/06\/Captura-de-Pantalla-2020-06-03-a-les-11.21.03-768x482.png 768w, https:\/\/agora.xtec.cat\/escmontsant-labisbaldefalset\/wp-content\/uploads\/usu1958\/2020\/06\/Captura-de-Pantalla-2020-06-03-a-les-11.21.03-1024x642.png 1024w, https:\/\/agora.xtec.cat\/escmontsant-labisbaldefalset\/wp-content\/uploads\/usu1958\/2020\/06\/Captura-de-Pantalla-2020-06-03-a-les-11.21.03.png 1150w\" sizes=\"auto, (max-width: 300px) 100vw, 300px\" \/><\/a><\/p>\n<p>Dibuixeu-vos en aquest servei amb tots els vostres amics. Poseu el t\u00edtol al dibuix i feu una llista dels objectes que necessiteu per anar-hi. Sobretot penseu de posar el que serveix per protegir-vos del sol!<\/p>\n<p>DIVENDRES 19<\/p>\n<p>I per acabar podeu triar el lloc que m\u00e9s us agradi del poble. Visiteu-lo i feu un dibuix. Com sempre poseu el t\u00edtol i expliqueu com \u00e9s aquest lloc i per qu\u00e8 us agrada.<\/p>\n<p>Amb totes les fitxes i els dibuixos que heu fet podeu elaborar un llibre. Nom\u00e9s cal afegiu una portada en la qual haureu de posar el t\u00edtol i l&#8217;autor i finalment grapar-ho tot junt.<\/p>\n<p>Estem segurs que us quedar\u00e0 un llibre molt bonic!!<\/p>\n<p><strong>EDUCACI\u00d3 F\u00cdSICA<\/strong><\/p>\n<p>Ara que ja podem sortir algunes hores al carrer i, que aquest \u00faltim projecte tracta sobre el vostre poble es presenta\u00a0 la seg\u00fcent activitat:<\/p>\n<p><em>Caminant, passejant, corrent, amb bicicleta, amb patinet, amb patins<\/em>, etc., amb el que a vosaltres preferiu: proposo que us marqueu un recorregut pel poble i ens graveu un v\u00eddeo o ens envieu fotografies mostrant els dos o tres racons que m\u00e9s us agradin del poble a la vegada que esteu fent activitat f\u00edsica.<\/p>\n<p>Som-hi! Coneguem le vostre poble!<\/p>\n<p><iframe loading=\"lazy\" src=\"\/\/giphy.com\/embed\/SsBEjki7QYC1OG3W0N\" width=\"480\" height=\"480\" frameborder=\"0\"><\/iframe><\/p>\n<p>&nbsp;<\/p>\n","protected":false},"excerpt":{"rendered":"<p>&nbsp;<br \/>\nFam\u00edlies, ja s&#8217;acaba el curs i per aix\u00f2 us proposem un <a href=\"https:\/\/drive.google.com\/file\/d\/19Em-dYb8E4bbQw_KhLPWVc8fSC48Q4zn\/view?usp=sharing\" target=\"_blank\" rel=\"noopener noreferrer\">recull de fitxes<\/a> de resum dels continguts treballats. Estan separades per cursos per\u00f2 nom\u00e9s s\u00f3n orientatius. Remeneu una mica i trieu les que vosaltres considereu m\u00e9s adients. Al mateix temps&hellip;  <a href=\"https:\/\/agora.xtec.cat\/escmontsant-labisbaldefalset\/el-meu-poble\/\" title=\"Read EL MEU POBLE\">Llegeix m\u00e9s\u00bb<\/a><\/p>\n","protected":false},"author":1,"featured_media":0,"parent":0,"menu_order":0,"comment_status":"closed","ping_status":"closed","template":"","meta":{"_bbp_topic_count":0,"_bbp_reply_count":0,"_bbp_total_topic_count":0,"_bbp_total_reply_count":0,"_bbp_voice_count":0,"_bbp_anonymous_reply_count":0,"_bbp_topic_count_hidden":0,"_bbp_reply_count_hidden":0,"_bbp_forum_subforum_count":0,"footnotes":""},"class_list":["post-1606","page","type-page","status-publish","hentry"],"post_mailing_queue_ids":[],"_links":{"self":[{"href":"https:\/\/agora.xtec.cat\/escmontsant-labisbaldefalset\/wp-json\/wp\/v2\/pages\/1606","targetHints":{"allow":["GET"]}}],"collection":[{"href":"https:\/\/agora.xtec.cat\/escmontsant-labisbaldefalset\/wp-json\/wp\/v2\/pages"}],"about":[{"href":"https:\/\/agora.xtec.cat\/escmontsant-labisbaldefalset\/wp-json\/wp\/v2\/types\/page"}],"author":[{"embeddable":true,"href":"https:\/\/agora.xtec.cat\/escmontsant-labisbaldefalset\/wp-json\/wp\/v2\/users\/1"}],"replies":[{"embeddable":true,"href":"https:\/\/agora.xtec.cat\/escmontsant-labisbaldefalset\/wp-json\/wp\/v2\/comments?post=1606"}],"version-history":[{"count":5,"href":"https:\/\/agora.xtec.cat\/escmontsant-labisbaldefalset\/wp-json\/wp\/v2\/pages\/1606\/revisions"}],"predecessor-version":[{"id":1672,"href":"https:\/\/agora.xtec.cat\/escmontsant-labisbaldefalset\/wp-json\/wp\/v2\/pages\/1606\/revisions\/1672"}],"wp:attachment":[{"href":"https:\/\/agora.xtec.cat\/escmontsant-labisbaldefalset\/wp-json\/wp\/v2\/media?parent=1606"}],"curies":[{"name":"wp","href":"https:\/\/api.w.org\/{rel}","templated":true}]}}