{"id":509,"date":"2017-11-30T22:53:19","date_gmt":"2017-11-30T21:53:19","guid":{"rendered":"http:\/\/agora.xtec.cat\/escmontigala\/?page_id=509"},"modified":"2025-10-09T11:52:31","modified_gmt":"2025-10-09T09:52:31","slug":"ampa","status":"publish","type":"page","link":"https:\/\/agora.xtec.cat\/escmontigala\/ampa\/","title":{"rendered":"AMPA"},"content":{"rendered":"<p><strong><img loading=\"lazy\" decoding=\"async\" class=\"alignnone \" src=\"https:\/\/images.emojiterra.com\/mozilla\/512px\/1f4e3.png\" width=\"46\" height=\"46\" \/>\u00a0 Podeu visitar l&#8217;Instagram fent clic <a href=\"https:\/\/www.instagram.com\/ampa.escola.montigala\/\">aqu\u00ed<\/a><\/strong><\/p>\n<p><strong>Extraescolars <a href=\"https:\/\/ibb.co\/xS2gtFwR\">INFO<\/a><\/strong><\/p>\n<p><a href=\"https:\/\/agora.xtec.cat\/escmontigala\/wp-content\/uploads\/usu1703\/2025\/09\/IMG-20250919-WA00131.jpg\"><img loading=\"lazy\" decoding=\"async\" class=\"alignnone size-large wp-image-6520\" src=\"https:\/\/agora.xtec.cat\/escmontigala\/wp-content\/uploads\/usu1703\/2025\/09\/IMG-20250919-WA00131-724x1024.jpg\" alt=\"\" width=\"724\" height=\"1024\" srcset=\"https:\/\/agora.xtec.cat\/escmontigala\/wp-content\/uploads\/usu1703\/2025\/09\/IMG-20250919-WA00131-724x1024.jpg 724w, https:\/\/agora.xtec.cat\/escmontigala\/wp-content\/uploads\/usu1703\/2025\/09\/IMG-20250919-WA00131-212x300.jpg 212w, https:\/\/agora.xtec.cat\/escmontigala\/wp-content\/uploads\/usu1703\/2025\/09\/IMG-20250919-WA00131-768x1086.jpg 768w, https:\/\/agora.xtec.cat\/escmontigala\/wp-content\/uploads\/usu1703\/2025\/09\/IMG-20250919-WA00131-1086x1536.jpg 1086w, https:\/\/agora.xtec.cat\/escmontigala\/wp-content\/uploads\/usu1703\/2025\/09\/IMG-20250919-WA00131.jpg 1414w\" sizes=\"auto, (max-width: 724px) 100vw, 724px\" \/><\/a><\/p>\n<p>L&#8217;associaci\u00f3 de mares i pares dels alumnes (AMPA) de l&#8217;escola Montigal\u00e0 t\u00e9 com a <strong>objectiu<\/strong> promoure la participaci\u00f3 i col\u00b7laborar amb les activitats educatives del centre.<\/p>\n<p>Per dur a terme les seves accions s&#8217;organitza a trav\u00e9s de les\u00a0<strong>comissions<\/strong> de:<\/p>\n<ul>\n<li>Material<\/li>\n<li>Formaci\u00f3<\/li>\n<li>Festes<\/li>\n<li>Extraescolars<\/li>\n<li>Seguiment d\u00b4Obres (nova Escola Montigal\u00e0)<\/li>\n<li>Comunicaci\u00f3 i Xarxes socials<\/li>\n<\/ul>\n<p>La <strong>quota<\/strong> d&#8217;associat \u00e9s de 35 euros per fam\u00edlia. Aquesta quantitat es fixada a l&#8217;Assemblea General i es cobra per domiciliaci\u00f3 banc\u00e0ria: ES83 0049 3009 7121 1452 6823<\/p>\n<p><a href=\"https:\/\/ibb.co\/nMNKDfGm\"><img loading=\"lazy\" decoding=\"async\" src=\"https:\/\/i.ibb.co\/tpT1bcGK\/Captura-de-pantalla-2025-09-25-a-las-14-57-02.png\" alt=\"Captura-de-pantalla-2025-09-25-a-las-14-57-02\" width=\"388\" height=\"380\" \/><\/a><\/p>\n","protected":false},"excerpt":{"rendered":"<p>\u00a0 Podeu visitar l&#8217;Instagram fent clic aqu\u00ed Extraescolars INFO L&#8217;associaci\u00f3 de mares i pares dels alumnes (AMPA) de l&#8217;escola Montigal\u00e0 t\u00e9 com a objectiu promoure la participaci\u00f3 i col\u00b7laborar amb les activitats educatives del centre. Per dur a terme les seves accions s&#8217;organitza a trav\u00e9s de les\u00a0comissions de: Material Formaci\u00f3 Festes Extraescolars Seguiment d\u00b4Obres (nova [&hellip;]<\/p>\n","protected":false},"author":1,"featured_media":0,"parent":0,"menu_order":0,"comment_status":"closed","ping_status":"closed","template":"","meta":{"_bbp_topic_count":0,"_bbp_reply_count":0,"_bbp_total_topic_count":0,"_bbp_total_reply_count":0,"_bbp_voice_count":0,"_bbp_anonymous_reply_count":0,"_bbp_topic_count_hidden":0,"_bbp_reply_count_hidden":0,"_bbp_forum_subforum_count":0,"site-sidebar-layout":"default","site-content-layout":"","ast-site-content-layout":"default","site-content-style":"default","site-sidebar-style":"default","ast-global-header-display":"","ast-banner-title-visibility":"","ast-main-header-display":"","ast-hfb-above-header-display":"","ast-hfb-below-header-display":"","ast-hfb-mobile-header-display":"","site-post-title":"","ast-breadcrumbs-content":"","ast-featured-img":"","footer-sml-layout":"","theme-transparent-header-meta":"default","adv-header-id-meta":"","stick-header-meta":"","header-above-stick-meta":"","header-main-stick-meta":"","header-below-stick-meta":"","astra-migrate-meta-layouts":"set","ast-page-background-enabled":"default","ast-page-background-meta":{"desktop":{"background-color":"var(--ast-global-color-4)","background-image":"","background-repeat":"repeat","background-position":"center center","background-size":"auto","background-attachment":"scroll","background-type":"","background-media":"","overlay-type":"","overlay-color":"","overlay-opacity":"","overlay-gradient":""},"tablet":{"background-color":"","background-image":"","background-repeat":"repeat","background-position":"center center","background-size":"auto","background-attachment":"scroll","background-type":"","background-media":"","overlay-type":"","overlay-color":"","overlay-opacity":"","overlay-gradient":""},"mobile":{"background-color":"","background-image":"","background-repeat":"repeat","background-position":"center center","background-size":"auto","background-attachment":"scroll","background-type":"","background-media":"","overlay-type":"","overlay-color":"","overlay-opacity":"","overlay-gradient":""}},"ast-content-background-meta":{"desktop":{"background-color":"var(--ast-global-color-5)","background-image":"","background-repeat":"repeat","background-position":"center center","background-size":"auto","background-attachment":"scroll","background-type":"","background-media":"","overlay-type":"","overlay-color":"","overlay-opacity":"","overlay-gradient":""},"tablet":{"background-color":"var(--ast-global-color-5)","background-image":"","background-repeat":"repeat","background-position":"center center","background-size":"auto","background-attachment":"scroll","background-type":"","background-media":"","overlay-type":"","overlay-color":"","overlay-opacity":"","overlay-gradient":""},"mobile":{"background-color":"var(--ast-global-color-5)","background-image":"","background-repeat":"repeat","background-position":"center center","background-size":"auto","background-attachment":"scroll","background-type":"","background-media":"","overlay-type":"","overlay-color":"","overlay-opacity":"","overlay-gradient":""}},"footnotes":""},"class_list":["post-509","page","type-page","status-publish","hentry"],"post_mailing_queue_ids":[],"_links":{"self":[{"href":"https:\/\/agora.xtec.cat\/escmontigala\/wp-json\/wp\/v2\/pages\/509","targetHints":{"allow":["GET"]}}],"collection":[{"href":"https:\/\/agora.xtec.cat\/escmontigala\/wp-json\/wp\/v2\/pages"}],"about":[{"href":"https:\/\/agora.xtec.cat\/escmontigala\/wp-json\/wp\/v2\/types\/page"}],"author":[{"embeddable":true,"href":"https:\/\/agora.xtec.cat\/escmontigala\/wp-json\/wp\/v2\/users\/1"}],"replies":[{"embeddable":true,"href":"https:\/\/agora.xtec.cat\/escmontigala\/wp-json\/wp\/v2\/comments?post=509"}],"version-history":[{"count":6,"href":"https:\/\/agora.xtec.cat\/escmontigala\/wp-json\/wp\/v2\/pages\/509\/revisions"}],"predecessor-version":[{"id":6526,"href":"https:\/\/agora.xtec.cat\/escmontigala\/wp-json\/wp\/v2\/pages\/509\/revisions\/6526"}],"wp:attachment":[{"href":"https:\/\/agora.xtec.cat\/escmontigala\/wp-json\/wp\/v2\/media?parent=509"}],"curies":[{"name":"wp","href":"https:\/\/api.w.org\/{rel}","templated":true}]}}