{"id":36,"date":"2014-09-18T12:33:11","date_gmt":"2014-09-18T11:33:11","guid":{"rendered":"http:\/\/agora.xtec.cat\/escmontigala\/?page_id=36"},"modified":"2025-09-01T17:14:07","modified_gmt":"2025-09-01T15:14:07","slug":"material-escolar","status":"publish","type":"page","link":"https:\/\/agora.xtec.cat\/escmontigala\/lescola\/material-escolar\/","title":{"rendered":"Material escolar"},"content":{"rendered":"<p style=\"text-align: justify;\">La Gesti\u00f3 del material escolar dels\u00a0 alumnes es fa des del centre. Tot el material \u00e9s socialitzat.\u00a0 Les fam\u00edlies realitzen una aportaci\u00f3 anual per aquest concepte i l\u2019escola facilita tot el material als alumnes.<\/p>\n<p style=\"text-align: justify;\">L&#8217;aportaci\u00f3 econ\u00f2mica de les fam\u00edlies dels alumnes\u00a0 es <span style=\"font-family: inherit; font-size: 1em;\">revisa anualment\u00a0 en sessi\u00f3 Ordin\u00e0ria<\/span><a href=\"http:\/\/agora.xtec.cat\/escmontigala\/wp-content\/uploads\/usu1703\/2014\/09\/material-escolar.jpg\"><img loading=\"lazy\" decoding=\"async\" class=\" wp-image-641 alignright\" src=\"http:\/\/agora.xtec.cat\/escmontigala\/wp-content\/uploads\/usu1703\/2014\/09\/material-escolar-1024x690.jpg\" alt=\"\" width=\"265\" height=\"179\" srcset=\"https:\/\/agora.xtec.cat\/escmontigala\/wp-content\/uploads\/usu1703\/2014\/09\/material-escolar-1024x690.jpg 1024w, https:\/\/agora.xtec.cat\/escmontigala\/wp-content\/uploads\/usu1703\/2014\/09\/material-escolar-300x202.jpg 300w, https:\/\/agora.xtec.cat\/escmontigala\/wp-content\/uploads\/usu1703\/2014\/09\/material-escolar-768x518.jpg 768w, https:\/\/agora.xtec.cat\/escmontigala\/wp-content\/uploads\/usu1703\/2014\/09\/material-escolar.jpg 1120w\" sizes=\"auto, (max-width: 265px) 100vw, 265px\" \/><\/a> del Consell Escolar. Aquesta aportaci\u00f3 \u00e9s per a material escolar, material did\u00e0ctic, llibres, quaderns de treball, activitats complement\u00e0ries (dins i fora del centre), fotoc\u00f2pies i l\u2019activitat de piscina de cicle inicial.<\/p>\n<p style=\"text-align: justify;\">A m\u00e9s, l\u2019Escola t\u00e9 un Programa de socialitzaci\u00f3 i reutilitzaci\u00f3 de llibres que contempla la compra i reutilitzaci\u00f3 de tots els llibres que els alumnes utilitzen al centre (llibres de consulta\u00a0 socialitzats, llibres de lectura, biblioteca d\u2019aula, quaderns de treball\u2026) Aix\u00f2 suposa un estalvi en despesa de llibres per a les fam\u00edlies \u00a0i els alumnes aprenen a compartir, conservar i cuidar els materials, aprenent el valor del be col\u00b7lectiu.<\/p>\n<p style=\"text-align: justify;\">Enguany la quota fixada per al curs 2025-2026 \u00e9s de 250 \u20ac, tal i com s\u2019ha aprovat al consell escolar del dia 25 de juny de 2025.<br \/>\nAquesta aportaci\u00f3 es podr\u00e0 realitzar en dues modalitats:<br \/>\n1. Un sol pagament abans del dia 8 de setembre, data en que els infants comencen el<br \/>\ncurs. D\u2019aquesta manera l\u2019escola disposar\u00e0 de prou liquiditat per a realitzar les<br \/>\ndespeses de material fungible i did\u00e0ctic necessari.<br \/>\n2. Fraccionat en tres pagaments:<br \/>\n\u2022 Primer pagament de 75 \u20ac abans del 8 de setembre de 2025.<br \/>\n\u2022 Segon pagament de 100 \u20ac abans del 19 de desembre de 2025.<br \/>\n\u2022 Tercer pagament de 75 \u20ac abans del 27 de mar\u00e7 de 2026.<\/p>\n<p>&nbsp;<\/p>\n<p style=\"text-align: justify;\">Les col\u00f2nies escolars les realitzen\u00a0 els cursos de 2n, 4t i 6\u00e8.<\/p>\n<p>La quota de soci de l\u2019AMPA pel curs 2025-2026 \u00e9s de 35 \u20ac per fam\u00edlia. Podeu fer<br \/>\nl\u2019ingr\u00e9s al n\u00famero de compte de l\u2019AMPA.<\/p>\n<p>&nbsp;<\/p>\n","protected":false},"excerpt":{"rendered":"<p>La Gesti\u00f3 del material escolar dels\u00a0 alumnes es fa des del centre. Tot el material \u00e9s socialitzat.\u00a0 Les fam\u00edlies realitzen una aportaci\u00f3 anual per aquest concepte i l\u2019escola facilita tot el material als alumnes. L&#8217;aportaci\u00f3 econ\u00f2mica de les fam\u00edlies dels alumnes\u00a0 es revisa anualment\u00a0 en sessi\u00f3 Ordin\u00e0ria del Consell Escolar. Aquesta aportaci\u00f3 \u00e9s per a [&hellip;]<\/p>\n","protected":false},"author":1,"featured_media":0,"parent":22,"menu_order":70,"comment_status":"closed","ping_status":"closed","template":"","meta":{"_bbp_topic_count":0,"_bbp_reply_count":0,"_bbp_total_topic_count":0,"_bbp_total_reply_count":0,"_bbp_voice_count":0,"_bbp_anonymous_reply_count":0,"_bbp_topic_count_hidden":0,"_bbp_reply_count_hidden":0,"_bbp_forum_subforum_count":0,"site-sidebar-layout":"default","site-content-layout":"","ast-site-content-layout":"default","site-content-style":"default","site-sidebar-style":"default","ast-global-header-display":"","ast-banner-title-visibility":"","ast-main-header-display":"","ast-hfb-above-header-display":"","ast-hfb-below-header-display":"","ast-hfb-mobile-header-display":"","site-post-title":"","ast-breadcrumbs-content":"","ast-featured-img":"","footer-sml-layout":"","theme-transparent-header-meta":"default","adv-header-id-meta":"","stick-header-meta":"","header-above-stick-meta":"","header-main-stick-meta":"","header-below-stick-meta":"","astra-migrate-meta-layouts":"set","ast-page-background-enabled":"default","ast-page-background-meta":{"desktop":{"background-color":"var(--ast-global-color-4)","background-image":"","background-repeat":"repeat","background-position":"center center","background-size":"auto","background-attachment":"scroll","background-type":"","background-media":"","overlay-type":"","overlay-color":"","overlay-opacity":"","overlay-gradient":""},"tablet":{"background-color":"","background-image":"","background-repeat":"repeat","background-position":"center center","background-size":"auto","background-attachment":"scroll","background-type":"","background-media":"","overlay-type":"","overlay-color":"","overlay-opacity":"","overlay-gradient":""},"mobile":{"background-color":"","background-image":"","background-repeat":"repeat","background-position":"center center","background-size":"auto","background-attachment":"scroll","background-type":"","background-media":"","overlay-type":"","overlay-color":"","overlay-opacity":"","overlay-gradient":""}},"ast-content-background-meta":{"desktop":{"background-color":"var(--ast-global-color-5)","background-image":"","background-repeat":"repeat","background-position":"center center","background-size":"auto","background-attachment":"scroll","background-type":"","background-media":"","overlay-type":"","overlay-color":"","overlay-opacity":"","overlay-gradient":""},"tablet":{"background-color":"var(--ast-global-color-5)","background-image":"","background-repeat":"repeat","background-position":"center center","background-size":"auto","background-attachment":"scroll","background-type":"","background-media":"","overlay-type":"","overlay-color":"","overlay-opacity":"","overlay-gradient":""},"mobile":{"background-color":"var(--ast-global-color-5)","background-image":"","background-repeat":"repeat","background-position":"center center","background-size":"auto","background-attachment":"scroll","background-type":"","background-media":"","overlay-type":"","overlay-color":"","overlay-opacity":"","overlay-gradient":""}},"footnotes":""},"class_list":["post-36","page","type-page","status-publish","hentry"],"post_mailing_queue_ids":[],"_links":{"self":[{"href":"https:\/\/agora.xtec.cat\/escmontigala\/wp-json\/wp\/v2\/pages\/36","targetHints":{"allow":["GET"]}}],"collection":[{"href":"https:\/\/agora.xtec.cat\/escmontigala\/wp-json\/wp\/v2\/pages"}],"about":[{"href":"https:\/\/agora.xtec.cat\/escmontigala\/wp-json\/wp\/v2\/types\/page"}],"author":[{"embeddable":true,"href":"https:\/\/agora.xtec.cat\/escmontigala\/wp-json\/wp\/v2\/users\/1"}],"replies":[{"embeddable":true,"href":"https:\/\/agora.xtec.cat\/escmontigala\/wp-json\/wp\/v2\/comments?post=36"}],"version-history":[{"count":7,"href":"https:\/\/agora.xtec.cat\/escmontigala\/wp-json\/wp\/v2\/pages\/36\/revisions"}],"predecessor-version":[{"id":6513,"href":"https:\/\/agora.xtec.cat\/escmontigala\/wp-json\/wp\/v2\/pages\/36\/revisions\/6513"}],"up":[{"embeddable":true,"href":"https:\/\/agora.xtec.cat\/escmontigala\/wp-json\/wp\/v2\/pages\/22"}],"wp:attachment":[{"href":"https:\/\/agora.xtec.cat\/escmontigala\/wp-json\/wp\/v2\/media?parent=36"}],"curies":[{"name":"wp","href":"https:\/\/api.w.org\/{rel}","templated":true}]}}