{"id":28,"date":"2014-09-18T12:29:35","date_gmt":"2014-09-18T11:29:35","guid":{"rendered":"http:\/\/agora.xtec.cat\/escmontigala\/?page_id=28"},"modified":"2025-11-21T08:21:45","modified_gmt":"2025-11-21T07:21:45","slug":"consell-escolar","status":"publish","type":"page","link":"https:\/\/agora.xtec.cat\/escmontigala\/lescola\/consell-escolar\/","title":{"rendered":"Consell escolar"},"content":{"rendered":"<p>El Consell Escolar del centre \u00e9s l\u2019\u00f2rgan col\u00b7legiat de participaci\u00f3 de la comunitat escolar en el govern del centre. Corresponen al Consell Escolar les funcions establertes a\u00a0\u00a0\u00a0 la Llei 12\/2009, de 10 de juliol, d\u2019Educaci\u00f3.<\/p>\n<p>El Consell Escolar\u00a0est\u00e0 format per:<\/p>\n<ul>\n<li>L\u2019Equip Directiu: Eva Castro (Directora), Esther Garcia\u00a0 (Cap d\u2019estudis), Gemma Alf\u00e9rez (Secretaria)<\/li>\n<li>Representants del professorat:\u00a0 Maria Al\u00f3s, Ariana Otero, J\u00falia Oliva i Cristina Paredes<\/li>\n<li>Representants de les fam\u00edlies: Yasmina Pe\u00f1a, Inma Soto, Minerva P\u00e9rez.<\/li>\n<li>Representant de l\u2019AMPA: Marisa D\u00edaz\u00a0 Figueroa<\/li>\n<li>Representant del PAS: Mireia Barrial<\/li>\n<li>Representant de l\u2019Administraci\u00f3 local (Ajuntament)<\/li>\n<\/ul>\n<p>Els diferents membres del consell es distribueixen \u00a0en\u00a0 les diferents\u00a0 comissions: la comissi\u00f3 permanent, la comissi\u00f3 econ\u00f2mica,\u00a0 la comissi\u00f3 de seguiment del projecte de socialitzaci\u00f3 de llibres, la comissi\u00f3 de conviv\u00e8ncia i la comissi\u00f3 de menjador.<\/p>\n<p>El Consell Escolar es reunir\u00e0\u00a0 un cop\u00a0 cada trimestre en sessi\u00f3 ordin\u00e0ria, i sempre que les circumst\u00e0ncies ho demanin en sessi\u00f3 extraordin\u00e0ria.<\/p>\n","protected":false},"excerpt":{"rendered":"<p>El Consell Escolar del centre \u00e9s l\u2019\u00f2rgan col\u00b7legiat de participaci\u00f3 de la comunitat escolar en el govern del centre. Corresponen al Consell Escolar les funcions establertes a\u00a0\u00a0\u00a0 la Llei 12\/2009, de 10 de juliol, d\u2019Educaci\u00f3. El Consell Escolar\u00a0est\u00e0 format per: L\u2019Equip Directiu: Eva Castro (Directora), Esther Garcia\u00a0 (Cap d\u2019estudis), Gemma Alf\u00e9rez (Secretaria) Representants del professorat:\u00a0 [&hellip;]<\/p>\n","protected":false},"author":1,"featured_media":0,"parent":22,"menu_order":40,"comment_status":"closed","ping_status":"closed","template":"","meta":{"_bbp_topic_count":0,"_bbp_reply_count":0,"_bbp_total_topic_count":0,"_bbp_total_reply_count":0,"_bbp_voice_count":0,"_bbp_anonymous_reply_count":0,"_bbp_topic_count_hidden":0,"_bbp_reply_count_hidden":0,"_bbp_forum_subforum_count":0,"site-sidebar-layout":"default","site-content-layout":"","ast-site-content-layout":"default","site-content-style":"default","site-sidebar-style":"default","ast-global-header-display":"","ast-banner-title-visibility":"","ast-main-header-display":"","ast-hfb-above-header-display":"","ast-hfb-below-header-display":"","ast-hfb-mobile-header-display":"","site-post-title":"","ast-breadcrumbs-content":"","ast-featured-img":"","footer-sml-layout":"","theme-transparent-header-meta":"default","adv-header-id-meta":"","stick-header-meta":"","header-above-stick-meta":"","header-main-stick-meta":"","header-below-stick-meta":"","astra-migrate-meta-layouts":"set","ast-page-background-enabled":"default","ast-page-background-meta":{"desktop":{"background-color":"var(--ast-global-color-4)","background-image":"","background-repeat":"repeat","background-position":"center center","background-size":"auto","background-attachment":"scroll","background-type":"","background-media":"","overlay-type":"","overlay-color":"","overlay-opacity":"","overlay-gradient":""},"tablet":{"background-color":"","background-image":"","background-repeat":"repeat","background-position":"center center","background-size":"auto","background-attachment":"scroll","background-type":"","background-media":"","overlay-type":"","overlay-color":"","overlay-opacity":"","overlay-gradient":""},"mobile":{"background-color":"","background-image":"","background-repeat":"repeat","background-position":"center center","background-size":"auto","background-attachment":"scroll","background-type":"","background-media":"","overlay-type":"","overlay-color":"","overlay-opacity":"","overlay-gradient":""}},"ast-content-background-meta":{"desktop":{"background-color":"var(--ast-global-color-5)","background-image":"","background-repeat":"repeat","background-position":"center center","background-size":"auto","background-attachment":"scroll","background-type":"","background-media":"","overlay-type":"","overlay-color":"","overlay-opacity":"","overlay-gradient":""},"tablet":{"background-color":"var(--ast-global-color-5)","background-image":"","background-repeat":"repeat","background-position":"center center","background-size":"auto","background-attachment":"scroll","background-type":"","background-media":"","overlay-type":"","overlay-color":"","overlay-opacity":"","overlay-gradient":""},"mobile":{"background-color":"var(--ast-global-color-5)","background-image":"","background-repeat":"repeat","background-position":"center center","background-size":"auto","background-attachment":"scroll","background-type":"","background-media":"","overlay-type":"","overlay-color":"","overlay-opacity":"","overlay-gradient":""}},"footnotes":""},"class_list":["post-28","page","type-page","status-publish","hentry"],"post_mailing_queue_ids":[],"_links":{"self":[{"href":"https:\/\/agora.xtec.cat\/escmontigala\/wp-json\/wp\/v2\/pages\/28","targetHints":{"allow":["GET"]}}],"collection":[{"href":"https:\/\/agora.xtec.cat\/escmontigala\/wp-json\/wp\/v2\/pages"}],"about":[{"href":"https:\/\/agora.xtec.cat\/escmontigala\/wp-json\/wp\/v2\/types\/page"}],"author":[{"embeddable":true,"href":"https:\/\/agora.xtec.cat\/escmontigala\/wp-json\/wp\/v2\/users\/1"}],"replies":[{"embeddable":true,"href":"https:\/\/agora.xtec.cat\/escmontigala\/wp-json\/wp\/v2\/comments?post=28"}],"version-history":[{"count":7,"href":"https:\/\/agora.xtec.cat\/escmontigala\/wp-json\/wp\/v2\/pages\/28\/revisions"}],"predecessor-version":[{"id":6581,"href":"https:\/\/agora.xtec.cat\/escmontigala\/wp-json\/wp\/v2\/pages\/28\/revisions\/6581"}],"up":[{"embeddable":true,"href":"https:\/\/agora.xtec.cat\/escmontigala\/wp-json\/wp\/v2\/pages\/22"}],"wp:attachment":[{"href":"https:\/\/agora.xtec.cat\/escmontigala\/wp-json\/wp\/v2\/media?parent=28"}],"curies":[{"name":"wp","href":"https:\/\/api.w.org\/{rel}","templated":true}]}}