{"id":26,"date":"2014-09-18T12:24:32","date_gmt":"2014-09-18T11:24:32","guid":{"rendered":"http:\/\/agora.xtec.cat\/escmontigala\/?page_id=26"},"modified":"2025-08-28T15:05:34","modified_gmt":"2025-08-28T13:05:34","slug":"historia","status":"publish","type":"page","link":"https:\/\/agora.xtec.cat\/escmontigala\/lescola\/historia\/","title":{"rendered":"Hist\u00f2ria"},"content":{"rendered":"<p><a href=\"https:\/\/ibb.co\/gKC4dQP\"><img loading=\"lazy\" decoding=\"async\" src=\"https:\/\/i.ibb.co\/7mFkQBR\/IMG-5353.jpg\" alt=\"IMG-5353\" width=\"4032\" height=\"1049\" \/><\/a><\/p>\n<p data-start=\"226\" data-end=\"435\">L\u2019Escola Montigal\u00e0 est\u00e0 situada al cor del barri de Montigal\u00e0, un espai en constant creixement on conviuen zones comercials, parcs, serveis i equipaments constru\u00efts arran dels Jocs Ol\u00edmpics de Barcelona \u201992.<img decoding=\"async\" src=\"https:\/\/i.ibb.co\/1YLXFs0P\/IMG-5358.jpg\" \/><\/p>\n<p data-start=\"437\" data-end=\"816\">El nostre cam\u00ed va comen\u00e7ar el curs 2009-2010 per donar resposta a les necessitats d\u2019escolaritzaci\u00f3 del barri. Vam n\u00e9ixer amb tres grups d\u2019infantil (I3, I4 i I5) en una edificaci\u00f3 provisional de m\u00f2duls prefabricats. Des de llavors, hem anat creixent curs rere curs fins a consolidar-nos com una escola completa d\u2019una l\u00ednia, amb tres cursos d\u2019educaci\u00f3 infantil i sis de prim\u00e0ria.<\/p>\n<p>&nbsp;<\/p>\n<p>&nbsp;<\/p>\n<p data-start=\"818\" data-end=\"915\">Formem part de la zona educativa <strong data-start=\"851\" data-end=\"859\">0-18<\/strong>, que ofereix un recorregut educatiu continu i proper:<\/p>\n<ul data-start=\"916\" data-end=\"1093\">\n<li data-start=\"916\" data-end=\"961\">\n<p data-start=\"918\" data-end=\"961\"><strong data-start=\"918\" data-end=\"932\">L\u2019Uni Dori<\/strong>: escola bressol (0-3 anys)<\/p>\n<\/li>\n<li data-start=\"962\" data-end=\"1030\">\n<p data-start=\"964\" data-end=\"1030\"><strong data-start=\"964\" data-end=\"986\">L\u2019Escola Montigal\u00e0<\/strong>: educaci\u00f3 infantil i prim\u00e0ria (3-12 anys)<\/p>\n<\/li>\n<li data-start=\"1031\" data-end=\"1093\">\n<p data-start=\"1033\" data-end=\"1093\"><strong data-start=\"1033\" data-end=\"1057\">L\u2019IES Ventura Gassol<\/strong>: educaci\u00f3 secund\u00e0ria (12-18 anys)<\/p>\n<\/li>\n<\/ul>\n<p data-start=\"1095\" data-end=\"1370\">Apostem per una educaci\u00f3 oberta i en xarxa. Per aix\u00f2 col\u00b7laborem amb entitats i institucions del barri, i participem activament en el <strong data-start=\"1229\" data-end=\"1245\">Pla d\u2019Entorn<\/strong>, que ens permet impulsar projectes compartits i enriquir l\u2019aprenentatge dels nostres alumnes amb la for\u00e7a de la comunitat.<\/p>\n<hr data-start=\"1372\" data-end=\"1375\" \/>\n<p data-start=\"1377\" data-end=\"1520\" data-is-last-node=\"\" data-is-only-node=\"\">\n","protected":false},"excerpt":{"rendered":"<p>L\u2019Escola Montigal\u00e0 est\u00e0 situada al cor del barri de Montigal\u00e0, un espai en constant creixement on conviuen zones comercials, parcs, serveis i equipaments constru\u00efts arran dels Jocs Ol\u00edmpics de Barcelona \u201992. El nostre cam\u00ed va comen\u00e7ar el curs 2009-2010 per donar resposta a les necessitats d\u2019escolaritzaci\u00f3 del barri. Vam n\u00e9ixer amb tres grups d\u2019infantil (I3, [&hellip;]<\/p>\n","protected":false},"author":1,"featured_media":0,"parent":22,"menu_order":0,"comment_status":"closed","ping_status":"closed","template":"","meta":{"_bbp_topic_count":0,"_bbp_reply_count":0,"_bbp_total_topic_count":0,"_bbp_total_reply_count":0,"_bbp_voice_count":0,"_bbp_anonymous_reply_count":0,"_bbp_topic_count_hidden":0,"_bbp_reply_count_hidden":0,"_bbp_forum_subforum_count":0,"site-sidebar-layout":"default","site-content-layout":"","ast-site-content-layout":"default","site-content-style":"default","site-sidebar-style":"default","ast-global-header-display":"","ast-banner-title-visibility":"","ast-main-header-display":"","ast-hfb-above-header-display":"","ast-hfb-below-header-display":"","ast-hfb-mobile-header-display":"","site-post-title":"","ast-breadcrumbs-content":"","ast-featured-img":"","footer-sml-layout":"","theme-transparent-header-meta":"default","adv-header-id-meta":"","stick-header-meta":"","header-above-stick-meta":"","header-main-stick-meta":"","header-below-stick-meta":"","astra-migrate-meta-layouts":"set","ast-page-background-enabled":"default","ast-page-background-meta":{"desktop":{"background-color":"var(--ast-global-color-4)","background-image":"","background-repeat":"repeat","background-position":"center center","background-size":"auto","background-attachment":"scroll","background-type":"","background-media":"","overlay-type":"","overlay-color":"","overlay-opacity":"","overlay-gradient":""},"tablet":{"background-color":"","background-image":"","background-repeat":"repeat","background-position":"center center","background-size":"auto","background-attachment":"scroll","background-type":"","background-media":"","overlay-type":"","overlay-color":"","overlay-opacity":"","overlay-gradient":""},"mobile":{"background-color":"","background-image":"","background-repeat":"repeat","background-position":"center center","background-size":"auto","background-attachment":"scroll","background-type":"","background-media":"","overlay-type":"","overlay-color":"","overlay-opacity":"","overlay-gradient":""}},"ast-content-background-meta":{"desktop":{"background-color":"var(--ast-global-color-5)","background-image":"","background-repeat":"repeat","background-position":"center center","background-size":"auto","background-attachment":"scroll","background-type":"","background-media":"","overlay-type":"","overlay-color":"","overlay-opacity":"","overlay-gradient":""},"tablet":{"background-color":"var(--ast-global-color-5)","background-image":"","background-repeat":"repeat","background-position":"center center","background-size":"auto","background-attachment":"scroll","background-type":"","background-media":"","overlay-type":"","overlay-color":"","overlay-opacity":"","overlay-gradient":""},"mobile":{"background-color":"var(--ast-global-color-5)","background-image":"","background-repeat":"repeat","background-position":"center center","background-size":"auto","background-attachment":"scroll","background-type":"","background-media":"","overlay-type":"","overlay-color":"","overlay-opacity":"","overlay-gradient":""}},"footnotes":""},"class_list":["post-26","page","type-page","status-publish","hentry"],"post_mailing_queue_ids":[],"_links":{"self":[{"href":"https:\/\/agora.xtec.cat\/escmontigala\/wp-json\/wp\/v2\/pages\/26","targetHints":{"allow":["GET"]}}],"collection":[{"href":"https:\/\/agora.xtec.cat\/escmontigala\/wp-json\/wp\/v2\/pages"}],"about":[{"href":"https:\/\/agora.xtec.cat\/escmontigala\/wp-json\/wp\/v2\/types\/page"}],"author":[{"embeddable":true,"href":"https:\/\/agora.xtec.cat\/escmontigala\/wp-json\/wp\/v2\/users\/1"}],"replies":[{"embeddable":true,"href":"https:\/\/agora.xtec.cat\/escmontigala\/wp-json\/wp\/v2\/comments?post=26"}],"version-history":[{"count":5,"href":"https:\/\/agora.xtec.cat\/escmontigala\/wp-json\/wp\/v2\/pages\/26\/revisions"}],"predecessor-version":[{"id":6505,"href":"https:\/\/agora.xtec.cat\/escmontigala\/wp-json\/wp\/v2\/pages\/26\/revisions\/6505"}],"up":[{"embeddable":true,"href":"https:\/\/agora.xtec.cat\/escmontigala\/wp-json\/wp\/v2\/pages\/22"}],"wp:attachment":[{"href":"https:\/\/agora.xtec.cat\/escmontigala\/wp-json\/wp\/v2\/media?parent=26"}],"curies":[{"name":"wp","href":"https:\/\/api.w.org\/{rel}","templated":true}]}}