{"id":806,"date":"2019-10-25T15:53:08","date_gmt":"2019-10-25T13:53:08","guid":{"rendered":"https:\/\/agora.xtec.cat\/escmm-viladecavalls\/?page_id=806"},"modified":"2022-08-18T10:30:28","modified_gmt":"2022-08-18T08:30:28","slug":"aula-de-suport-a-lusuari","status":"publish","type":"page","link":"https:\/\/agora.xtec.cat\/escmm-viladecavalls\/aula-de-suport-a-lusuari\/","title":{"rendered":"Musiquem!"},"content":{"rendered":"<p>Servei d\u2019acompanyament i suport al desenvolupament de la persona i benestar emocional a trav\u00e9s de la m\u00fasica i les arts. Servei adre\u00e7at a les <b>llars d\u2019infants<\/b>, a la <b>gent gran <\/b>i a tot aquell que ho necessiti tot i no ser usuari de\u00a0 l\u2019escola de m\u00fasica. <a href=\"https:\/\/agora.xtec.cat\/escmm-viladecavalls\/wp-content\/uploads\/usu1965\/2022\/08\/ffffgggg.png\"><img loading=\"lazy\" decoding=\"async\" class=\"alignnone size-full wp-image-1439\" src=\"https:\/\/agora.xtec.cat\/escmm-viladecavalls\/wp-content\/uploads\/usu1965\/2022\/08\/ffffgggg.png\" alt=\"\" width=\"699\" height=\"477\" srcset=\"https:\/\/agora.xtec.cat\/escmm-viladecavalls\/wp-content\/uploads\/usu1965\/2022\/08\/ffffgggg.png 699w, https:\/\/agora.xtec.cat\/escmm-viladecavalls\/wp-content\/uploads\/usu1965\/2022\/08\/ffffgggg-300x205.png 300w\" sizes=\"auto, (max-width: 699px) 100vw, 699px\" \/><\/a><\/p>\n","protected":false},"excerpt":{"rendered":"<p>Servei d\u2019acompanyament i suport al desenvolupament de la persona i benestar emocional a trav\u00e9s de la m\u00fasica i les arts. Servei adre\u00e7at a les llars d\u2019infants, a la gent gran i a tot aquell que ho necessiti tot i no ser usuari de\u00a0 l\u2019escola de&hellip;  <a href=\"https:\/\/agora.xtec.cat\/escmm-viladecavalls\/aula-de-suport-a-lusuari\/\" title=\"Read Musiquem!\">Llegeix m\u00e9s\u00bb<\/a><\/p>\n","protected":false},"author":1,"featured_media":0,"parent":0,"menu_order":0,"comment_status":"closed","ping_status":"closed","template":"","meta":{"_bbp_topic_count":0,"_bbp_reply_count":0,"_bbp_total_topic_count":0,"_bbp_total_reply_count":0,"_bbp_voice_count":0,"_bbp_anonymous_reply_count":0,"_bbp_topic_count_hidden":0,"_bbp_reply_count_hidden":0,"_bbp_forum_subforum_count":0,"footnotes":""},"class_list":["post-806","page","type-page","status-publish","hentry"],"post_mailing_queue_ids":[],"_links":{"self":[{"href":"https:\/\/agora.xtec.cat\/escmm-viladecavalls\/wp-json\/wp\/v2\/pages\/806","targetHints":{"allow":["GET"]}}],"collection":[{"href":"https:\/\/agora.xtec.cat\/escmm-viladecavalls\/wp-json\/wp\/v2\/pages"}],"about":[{"href":"https:\/\/agora.xtec.cat\/escmm-viladecavalls\/wp-json\/wp\/v2\/types\/page"}],"author":[{"embeddable":true,"href":"https:\/\/agora.xtec.cat\/escmm-viladecavalls\/wp-json\/wp\/v2\/users\/1"}],"replies":[{"embeddable":true,"href":"https:\/\/agora.xtec.cat\/escmm-viladecavalls\/wp-json\/wp\/v2\/comments?post=806"}],"version-history":[{"count":3,"href":"https:\/\/agora.xtec.cat\/escmm-viladecavalls\/wp-json\/wp\/v2\/pages\/806\/revisions"}],"predecessor-version":[{"id":1441,"href":"https:\/\/agora.xtec.cat\/escmm-viladecavalls\/wp-json\/wp\/v2\/pages\/806\/revisions\/1441"}],"wp:attachment":[{"href":"https:\/\/agora.xtec.cat\/escmm-viladecavalls\/wp-json\/wp\/v2\/media?parent=806"}],"curies":[{"name":"wp","href":"https:\/\/api.w.org\/{rel}","templated":true}]}}