{"id":789,"date":"2019-10-24T16:05:51","date_gmt":"2019-10-24T14:05:51","guid":{"rendered":"https:\/\/agora.xtec.cat\/escmm-viladecavalls\/?page_id=789"},"modified":"2022-08-18T10:30:49","modified_gmt":"2022-08-18T08:30:49","slug":"aula-de-musicoterapia","status":"publish","type":"page","link":"https:\/\/agora.xtec.cat\/escmm-viladecavalls\/aula-de-musicoterapia\/","title":{"rendered":"Atenci\u00f3 a la diversitat"},"content":{"rendered":"<p><b>Atenci\u00f3 individualitzada<\/b><\/p>\n<p>La nostra escola t\u00e9 un programa d\u2019atenci\u00f3 a la diversitat completament consolidat, basat en el Pla d\u2019Acci\u00f3 Tutorial, que inclou, entre altres, classes de refor\u00e7 i el servei de Musicoter\u00e0pia, que \u00e9s un referent a la nostra comarca.<\/p>\n<p><b>Alumnes amb necessitats espec\u00edfiques especials (NEE)\u00a0<\/b><\/p>\n<p>Classes per alumnes amb NEE\u00a0 amb la voluntat de promoure la inclusi\u00f3 en l\u2019educaci\u00f3 art\u00edstica, independentment de les capacitats f\u00edsiques, cognitives o intel\u00b7lectuals dels seus usuaris.<\/p>\n<p><b>Musicoter\u00e0pia\u00a0<\/b><\/p>\n<p>Classes que tenen per objectiu el desenvolupament de la motivaci\u00f3 i l\u2019actitud de comunicar-se musicalment, les habilitats que permetin aquell alumne participar en l\u2019activitat musical, la sociabilitzaci\u00f3 i expressi\u00f3 emocional, la creativitat, la imaginaci\u00f3, i tot el treball motriu i de llenguatge que li permetin una millor autoestima<\/p>\n","protected":false},"excerpt":{"rendered":"<p>Atenci\u00f3 individualitzada<br \/>\nLa nostra escola t\u00e9 un programa d\u2019atenci\u00f3 a la diversitat completament consolidat, basat en el Pla d\u2019Acci\u00f3 Tutorial, que inclou, entre altres, classes de refor\u00e7 i el servei de Musicoter\u00e0pia, que \u00e9s un referent a la nostra comarca.<br \/>\nAlumnes amb necessitats espec\u00edfiques especials (NEE)\u00a0<br \/>\nClasses per&hellip;  <a href=\"https:\/\/agora.xtec.cat\/escmm-viladecavalls\/aula-de-musicoterapia\/\" title=\"Read Atenci\u00f3 a la diversitat\">Llegeix m\u00e9s\u00bb<\/a><\/p>\n","protected":false},"author":1,"featured_media":0,"parent":0,"menu_order":0,"comment_status":"closed","ping_status":"closed","template":"","meta":{"_bbp_topic_count":0,"_bbp_reply_count":0,"_bbp_total_topic_count":0,"_bbp_total_reply_count":0,"_bbp_voice_count":0,"_bbp_anonymous_reply_count":0,"_bbp_topic_count_hidden":0,"_bbp_reply_count_hidden":0,"_bbp_forum_subforum_count":0,"footnotes":""},"class_list":["post-789","page","type-page","status-publish","hentry"],"post_mailing_queue_ids":[],"_links":{"self":[{"href":"https:\/\/agora.xtec.cat\/escmm-viladecavalls\/wp-json\/wp\/v2\/pages\/789","targetHints":{"allow":["GET"]}}],"collection":[{"href":"https:\/\/agora.xtec.cat\/escmm-viladecavalls\/wp-json\/wp\/v2\/pages"}],"about":[{"href":"https:\/\/agora.xtec.cat\/escmm-viladecavalls\/wp-json\/wp\/v2\/types\/page"}],"author":[{"embeddable":true,"href":"https:\/\/agora.xtec.cat\/escmm-viladecavalls\/wp-json\/wp\/v2\/users\/1"}],"replies":[{"embeddable":true,"href":"https:\/\/agora.xtec.cat\/escmm-viladecavalls\/wp-json\/wp\/v2\/comments?post=789"}],"version-history":[{"count":2,"href":"https:\/\/agora.xtec.cat\/escmm-viladecavalls\/wp-json\/wp\/v2\/pages\/789\/revisions"}],"predecessor-version":[{"id":1438,"href":"https:\/\/agora.xtec.cat\/escmm-viladecavalls\/wp-json\/wp\/v2\/pages\/789\/revisions\/1438"}],"wp:attachment":[{"href":"https:\/\/agora.xtec.cat\/escmm-viladecavalls\/wp-json\/wp\/v2\/media?parent=789"}],"curies":[{"name":"wp","href":"https:\/\/api.w.org\/{rel}","templated":true}]}}