{"id":635,"date":"2019-02-18T15:26:20","date_gmt":"2019-02-18T14:26:20","guid":{"rendered":"https:\/\/agora.xtec.cat\/escmm-viladecavalls\/?page_id=635"},"modified":"2022-04-20T10:29:15","modified_gmt":"2022-04-20T08:29:15","slug":"acces-matricula","status":"publish","type":"page","link":"https:\/\/agora.xtec.cat\/escmm-viladecavalls\/acces-matricula\/","title":{"rendered":"Per\u00edode de preinscripci\u00f3 i matr\u00edcula"},"content":{"rendered":"<h1 style=\"text-align: center;\"><span style=\"color: #0000ff;\"><a style=\"color: #0000ff;\" href=\"https:\/\/agora.xtec.cat\/escmm-viladecavalls\/preinscripcions-2022-23\/\">CURS 2022-2023<\/a><\/span><\/h1>\n<h1 style=\"text-align: center;\"><span style=\"color: #0000ff;\"><a style=\"color: #0000ff;\" href=\"https:\/\/agora.xtec.cat\/escmm-viladecavalls\/preinscripcions-2022-23\/\">acc\u00e9s a tota la informaci\u00f3\u00a0<\/a><\/span><\/h1>\n<p style=\"font-family: 'Helvetica Neue', Helvetica, Helvetica, Arial, sans-serif; font-size: 16px;\">\n","protected":false},"excerpt":{"rendered":"<p><a style=\"color: #0000ff;\" href=\"https:\/\/agora.xtec.cat\/escmm-viladecavalls\/preinscripcions-2022-23\/\">CURS 2022-2023<\/a><br \/>\n<a style=\"color: #0000ff;\" href=\"https:\/\/agora.xtec.cat\/escmm-viladecavalls\/preinscripcions-2022-23\/\">acc\u00e9s a tota la informaci\u00f3\u00a0<\/a><\/p>\n","protected":false},"author":1,"featured_media":0,"parent":0,"menu_order":0,"comment_status":"closed","ping_status":"closed","template":"","meta":{"_bbp_topic_count":0,"_bbp_reply_count":0,"_bbp_total_topic_count":0,"_bbp_total_reply_count":0,"_bbp_voice_count":0,"_bbp_anonymous_reply_count":0,"_bbp_topic_count_hidden":0,"_bbp_reply_count_hidden":0,"_bbp_forum_subforum_count":0,"footnotes":""},"class_list":["post-635","page","type-page","status-publish","hentry"],"post_mailing_queue_ids":[],"_links":{"self":[{"href":"https:\/\/agora.xtec.cat\/escmm-viladecavalls\/wp-json\/wp\/v2\/pages\/635","targetHints":{"allow":["GET"]}}],"collection":[{"href":"https:\/\/agora.xtec.cat\/escmm-viladecavalls\/wp-json\/wp\/v2\/pages"}],"about":[{"href":"https:\/\/agora.xtec.cat\/escmm-viladecavalls\/wp-json\/wp\/v2\/types\/page"}],"author":[{"embeddable":true,"href":"https:\/\/agora.xtec.cat\/escmm-viladecavalls\/wp-json\/wp\/v2\/users\/1"}],"replies":[{"embeddable":true,"href":"https:\/\/agora.xtec.cat\/escmm-viladecavalls\/wp-json\/wp\/v2\/comments?post=635"}],"version-history":[{"count":4,"href":"https:\/\/agora.xtec.cat\/escmm-viladecavalls\/wp-json\/wp\/v2\/pages\/635\/revisions"}],"predecessor-version":[{"id":1363,"href":"https:\/\/agora.xtec.cat\/escmm-viladecavalls\/wp-json\/wp\/v2\/pages\/635\/revisions\/1363"}],"wp:attachment":[{"href":"https:\/\/agora.xtec.cat\/escmm-viladecavalls\/wp-json\/wp\/v2\/media?parent=635"}],"curies":[{"name":"wp","href":"https:\/\/api.w.org\/{rel}","templated":true}]}}