{"id":584,"date":"2019-02-11T15:30:35","date_gmt":"2019-02-11T14:30:35","guid":{"rendered":"https:\/\/agora.xtec.cat\/escmm-viladecavalls\/?page_id=584"},"modified":"2023-02-13T11:09:55","modified_gmt":"2023-02-13T10:09:55","slug":"instruments","status":"publish","type":"page","link":"https:\/\/agora.xtec.cat\/escmm-viladecavalls\/instruments\/","title":{"rendered":"Instruments"},"content":{"rendered":"<h1>ESPECIALITATS<\/h1>\n<p>A l&#8217;escola oferim les seg\u00fcents especialitats instrumentals:<\/p>\n<p><span style=\"color: #ff6600;\"><strong>Cant (cl\u00e0ssic i modern)<\/strong><\/span><\/p>\n<p><span style=\"color: #ff6600;\"><strong>Clarinet<\/strong><\/span><\/p>\n<p><span style=\"color: #ff6600;\"><strong>Flauta travessera<\/strong><\/span><\/p>\n<p><span style=\"color: #ff6600;\"><strong>Guitarra (cl\u00e0ssica, el\u00e8ctrica i baix)<\/strong><\/span><\/p>\n<p><span style=\"color: #ff6600;\"><strong>Percussi\u00f3 (cl\u00e0ssica i bateria)<\/strong><\/span><\/p>\n<p><span style=\"color: #ff6600;\"><strong>Piano<\/strong><\/span><\/p>\n<p><span style=\"color: #ff6600;\"><strong>Sax\u00f2fon<\/strong><\/span><\/p>\n<p><span style=\"color: #ff6600;\"><strong>Trompeta (i tromb\u00f3)<\/strong><\/span><\/p>\n<p><span style=\"color: #ff6600;\"><strong>Viol\u00ed<\/strong><\/span><\/p>\n<p><span style=\"color: #ff6600;\"><strong>Violoncel<\/strong><\/span><\/p>\n<h1>CRITERIS D&#8217;AVALUACI\u00d3<\/h1>\n<p>Qu\u00e8 i com avaluem? Aqu\u00ed podeu consultar els cristeris d&#8217;Avaluaci\u00f3 per a cada especialitat instrumental.<\/p>\n<p><strong><span style=\"color: #800080;\"><a style=\"color: #800080;\" href=\"https:\/\/agora.xtec.cat\/escmm-viladecavalls\/criteris-davaluacio\/\">ACC\u00c9S ALS DOCUMENTS<\/a><\/span><\/strong><\/p>\n","protected":false},"excerpt":{"rendered":"<p>ESPECIALITATS<br \/>\nA l&#8217;escola oferim les seg\u00fcents especialitats instrumentals:<br \/>\nCant (cl\u00e0ssic i modern)<br \/>\nClarinet<br \/>\nFlauta travessera<br \/>\nGuitarra (cl\u00e0ssica, el\u00e8ctrica i baix)<br \/>\nPercussi\u00f3 (cl\u00e0ssica i bateria)<br \/>\nPiano<br \/>\nSax\u00f2fon<br \/>\nTrompeta (i tromb\u00f3)<br \/>\nViol\u00ed<br \/>\nVioloncel<br \/>\nCRITERIS D&#8217;AVALUACI\u00d3<br \/>\nQu\u00e8 i com avaluem? Aqu\u00ed podeu consultar els cristeris d&#8217;Avaluaci\u00f3 per a cada especialitat instrumental.<br \/>\n<a style=\"color: #800080;\" href=\"https:\/\/agora.xtec.cat\/escmm-viladecavalls\/criteris-davaluacio\/\">ACC\u00c9S ALS DOCUMENTS<\/a><\/p>\n","protected":false},"author":1,"featured_media":0,"parent":0,"menu_order":0,"comment_status":"closed","ping_status":"closed","template":"","meta":{"_bbp_topic_count":0,"_bbp_reply_count":0,"_bbp_total_topic_count":0,"_bbp_total_reply_count":0,"_bbp_voice_count":0,"_bbp_anonymous_reply_count":0,"_bbp_topic_count_hidden":0,"_bbp_reply_count_hidden":0,"_bbp_forum_subforum_count":0,"footnotes":""},"class_list":["post-584","page","type-page","status-publish","hentry"],"post_mailing_queue_ids":[],"_links":{"self":[{"href":"https:\/\/agora.xtec.cat\/escmm-viladecavalls\/wp-json\/wp\/v2\/pages\/584","targetHints":{"allow":["GET"]}}],"collection":[{"href":"https:\/\/agora.xtec.cat\/escmm-viladecavalls\/wp-json\/wp\/v2\/pages"}],"about":[{"href":"https:\/\/agora.xtec.cat\/escmm-viladecavalls\/wp-json\/wp\/v2\/types\/page"}],"author":[{"embeddable":true,"href":"https:\/\/agora.xtec.cat\/escmm-viladecavalls\/wp-json\/wp\/v2\/users\/1"}],"replies":[{"embeddable":true,"href":"https:\/\/agora.xtec.cat\/escmm-viladecavalls\/wp-json\/wp\/v2\/comments?post=584"}],"version-history":[{"count":3,"href":"https:\/\/agora.xtec.cat\/escmm-viladecavalls\/wp-json\/wp\/v2\/pages\/584\/revisions"}],"predecessor-version":[{"id":1532,"href":"https:\/\/agora.xtec.cat\/escmm-viladecavalls\/wp-json\/wp\/v2\/pages\/584\/revisions\/1532"}],"wp:attachment":[{"href":"https:\/\/agora.xtec.cat\/escmm-viladecavalls\/wp-json\/wp\/v2\/media?parent=584"}],"curies":[{"name":"wp","href":"https:\/\/api.w.org\/{rel}","templated":true}]}}