{"id":569,"date":"2019-02-06T15:27:23","date_gmt":"2019-02-06T14:27:23","guid":{"rendered":"https:\/\/agora.xtec.cat\/escmm-viladecavalls\/?page_id=569"},"modified":"2022-07-15T10:59:35","modified_gmt":"2022-07-15T08:59:35","slug":"normes","status":"publish","type":"page","link":"https:\/\/agora.xtec.cat\/escmm-viladecavalls\/normes\/","title":{"rendered":"Normativa del centre &#8211; NOFC"},"content":{"rendered":"<h4 style=\"text-align: center;\"><\/h4>\n<h5 style=\"text-align: left;\">Escola Municipal de Mu\u0301sica Pau Casals de Viladecavalls<\/h5>\n<p>&nbsp;<\/p>\n<p>L\u2019Escola Municipal de Mu\u0301sica Pau Casals de Viladecavalls e\u0301s un centre pu\u0301blic d\u2019ensenyament musical de titularitat municipal reconegut i autoritzat per la Generalitat de Catalunya.<\/p>\n<p>L\u2019Escola Municipal de Mu\u0301sica Pau Casals de Viladecavalls te\u0301 com a doble missio\u0301 oferir als vilatans, per una banda, la possibilitat d&#8217;estudiar mu\u0301sica, d&#8217;una forma estructurada en els seus continguts, en els nivell ba\u0300sic, avanc\u0327at o adult i, per altra banda, ajudar a la dinamitzacio\u0301 cultural del poble.<\/p>\n<p>Les Normes d\u2019Organitzacio\u0301 i Funcionament de Centre (en endavant NOFC), so\u0301n el conjunt de normes que regulen el propi funcionament del centre i les relacions entre els diferents membres de la comunitat educativa garantint el desenvolupament correcte de les activitats acade\u0300miques, el respecte mutu i l\u2019u\u0301s adequat de les instal\u00b7lacions de que\u0300 disposem. Les NOFC no poden estar en contradiccio\u0301 amb les Lleis, el PEC o d\u2019altres normatives de cara\u0300cter superior.<\/p>\n<p>Les NOFC so\u0301n un document de suport al desenvolupament o\u0300ptim de totes les tasques del centre, en tots els seus a\u0300mbits i e\u0301s per aixo\u0300 una obligacio\u0301 que tothom les conegui i les respecti. Te\u0301 cara\u0300cter vinculant i en correspon la seva aprovacio\u0301 al Consell Escolar de l&#8217;Escola.<\/p>\n<p>Aquest reglament s\u2019elabora amb vocacio\u0301 d\u2019aplicacio\u0301 a tots els o\u0300rgans del centre, per a tots els seus membres i sectors i per a totes les activitats que es portin a terme amb independe\u0300ncia del lloc on s\u2019executin.<\/p>\n<p>L\u2019aprovacio\u0301 i entrada en vigor d&#8217;aquest document comporta, en el centre, l\u2019obligacio\u0301 comunita\u0300ria de respectar les normes que conte\u0301.<\/p>\n<p><span style=\"text-decoration: underline;\">Normativa de refere\u0300ncia<\/span><\/p>\n<p>Aquestes NOFC es basen en les segu\u0308ents normes legals que li so\u0301n d&#8217;aplicacio\u0301 expli\u0301cita:<\/p>\n<ul>\n<li>Llei orga\u0300nica 2\/2006, de 3 de maig, d\u2019Educacio\u0301. LOE<\/li>\n<li>Llei 12\/2009, de 10 de juliol, d\u2019Educacio\u0301. LEC<\/li>\n<li>Llei orga\u0300nica 8\/2013, de 9 de desembre, per a la millora de la qualitat educativa. LOMCE<\/li>\n<li>Decret 179\/1993, de 27 de juliol, pel qual es regulen les escoles de mu\u0301sica i de dansa.<\/li>\n<li>Decret 279\/2006, de 4 de juliol, sobre drets i deures de l\u2019alumnat i regulacio\u0301 de la convive\u0300ncia en el centres educatius no universitaris de Catalunya.<\/li>\n<li>Decret 102\/2010, de 3 d\u2019agost, d\u2019Autonomia dels Centres Educatius. DAC.<\/li>\n<\/ul>\n<p>Disposeu de tota la informaci\u00f3 referit a les normes de funcionament i d&#8217;organitzaci\u00f3 de centre al seg\u00fcent <a href=\"https:\/\/agora.xtec.cat\/escmm-viladecavalls\/wp-content\/uploads\/usu1965\/2019\/06\/Normes-d%E2%80%99organitzacio%CC%81-i-funcionament-del-centre.pdf\" target=\"_blank\" rel=\"noopener noreferrer\">enlla\u00e7<\/a>.<\/p>\n","protected":false},"excerpt":{"rendered":"<p>Escola Municipal de Mu\u0301sica Pau Casals de Viladecavalls<br \/>\n&nbsp;<br \/>\nL\u2019Escola Municipal de Mu\u0301sica Pau Casals de Viladecavalls e\u0301s un centre pu\u0301blic d\u2019ensenyament musical de titularitat municipal reconegut i autoritzat per la Generalitat de Catalunya.<br \/>\nL\u2019Escola Municipal de Mu\u0301sica Pau Casals de Viladecavalls te\u0301 com a doble missio\u0301 oferir&hellip;  <a href=\"https:\/\/agora.xtec.cat\/escmm-viladecavalls\/normes\/\" title=\"Read Normativa del centre &#8211; NOFC\">Llegeix m\u00e9s\u00bb<\/a><\/p>\n","protected":false},"author":1,"featured_media":0,"parent":0,"menu_order":0,"comment_status":"closed","ping_status":"closed","template":"","meta":{"_bbp_topic_count":0,"_bbp_reply_count":0,"_bbp_total_topic_count":0,"_bbp_total_reply_count":0,"_bbp_voice_count":0,"_bbp_anonymous_reply_count":0,"_bbp_topic_count_hidden":0,"_bbp_reply_count_hidden":0,"_bbp_forum_subforum_count":0,"footnotes":""},"class_list":["post-569","page","type-page","status-publish","hentry"],"post_mailing_queue_ids":[],"_links":{"self":[{"href":"https:\/\/agora.xtec.cat\/escmm-viladecavalls\/wp-json\/wp\/v2\/pages\/569","targetHints":{"allow":["GET"]}}],"collection":[{"href":"https:\/\/agora.xtec.cat\/escmm-viladecavalls\/wp-json\/wp\/v2\/pages"}],"about":[{"href":"https:\/\/agora.xtec.cat\/escmm-viladecavalls\/wp-json\/wp\/v2\/types\/page"}],"author":[{"embeddable":true,"href":"https:\/\/agora.xtec.cat\/escmm-viladecavalls\/wp-json\/wp\/v2\/users\/1"}],"replies":[{"embeddable":true,"href":"https:\/\/agora.xtec.cat\/escmm-viladecavalls\/wp-json\/wp\/v2\/comments?post=569"}],"version-history":[{"count":4,"href":"https:\/\/agora.xtec.cat\/escmm-viladecavalls\/wp-json\/wp\/v2\/pages\/569\/revisions"}],"predecessor-version":[{"id":722,"href":"https:\/\/agora.xtec.cat\/escmm-viladecavalls\/wp-json\/wp\/v2\/pages\/569\/revisions\/722"}],"wp:attachment":[{"href":"https:\/\/agora.xtec.cat\/escmm-viladecavalls\/wp-json\/wp\/v2\/media?parent=569"}],"curies":[{"name":"wp","href":"https:\/\/api.w.org\/{rel}","templated":true}]}}