{"id":566,"date":"2019-02-06T15:27:10","date_gmt":"2019-02-06T14:27:10","guid":{"rendered":"https:\/\/agora.xtec.cat\/escmm-viladecavalls\/?page_id=566"},"modified":"2024-02-29T17:27:29","modified_gmt":"2024-02-29T16:27:29","slug":"pla-educatiu-de-centre","status":"publish","type":"page","link":"https:\/\/agora.xtec.cat\/escmm-viladecavalls\/pla-educatiu-de-centre\/","title":{"rendered":"Projecte Educatiu de Centre"},"content":{"rendered":"<p style=\"text-align: left;\">L&#8217;Escola Municipal de M\u00fasica Pau Casals de Viladecavalls s&#8217;articula al voltant de dos eixos ba\u0300sics: la m\u00fasica en grup com a centre de tots els programes, potenciant i convertint en la columna vertebral del disseny curricular les nostres formacions, i el treball en equip, coordinant i unint esfor\u00e7os per donar el m\u00e0xim de coher\u00e8ncia als ensenyaments que donem als nostres alumnes.<\/p>\n<p>Podeu consultar el nostre PEC en aquest <a href=\"https:\/\/drive.google.com\/file\/d\/15GypgcAi32sHM5PNJW_o9trtfSPcO2lX\/view?usp=sharing\">enlla\u00e7.<\/a><\/p>\n<p>&nbsp;<\/p>\n","protected":false},"excerpt":{"rendered":"<p>L&#8217;Escola Municipal de M\u00fasica Pau Casals de Viladecavalls s&#8217;articula al voltant de dos eixos ba\u0300sics: la m\u00fasica en grup com a centre de tots els programes, potenciant i convertint en la columna vertebral del disseny curricular les nostres formacions, i el treball en equip, coordinant&hellip;  <a href=\"https:\/\/agora.xtec.cat\/escmm-viladecavalls\/pla-educatiu-de-centre\/\" title=\"Read Projecte Educatiu de Centre\">Llegeix m\u00e9s\u00bb<\/a><\/p>\n","protected":false},"author":1,"featured_media":0,"parent":0,"menu_order":0,"comment_status":"closed","ping_status":"closed","template":"","meta":{"_bbp_topic_count":0,"_bbp_reply_count":0,"_bbp_total_topic_count":0,"_bbp_total_reply_count":0,"_bbp_voice_count":0,"_bbp_anonymous_reply_count":0,"_bbp_topic_count_hidden":0,"_bbp_reply_count_hidden":0,"_bbp_forum_subforum_count":0,"footnotes":""},"class_list":["post-566","page","type-page","status-publish","hentry"],"post_mailing_queue_ids":[],"_links":{"self":[{"href":"https:\/\/agora.xtec.cat\/escmm-viladecavalls\/wp-json\/wp\/v2\/pages\/566","targetHints":{"allow":["GET"]}}],"collection":[{"href":"https:\/\/agora.xtec.cat\/escmm-viladecavalls\/wp-json\/wp\/v2\/pages"}],"about":[{"href":"https:\/\/agora.xtec.cat\/escmm-viladecavalls\/wp-json\/wp\/v2\/types\/page"}],"author":[{"embeddable":true,"href":"https:\/\/agora.xtec.cat\/escmm-viladecavalls\/wp-json\/wp\/v2\/users\/1"}],"replies":[{"embeddable":true,"href":"https:\/\/agora.xtec.cat\/escmm-viladecavalls\/wp-json\/wp\/v2\/comments?post=566"}],"version-history":[{"count":4,"href":"https:\/\/agora.xtec.cat\/escmm-viladecavalls\/wp-json\/wp\/v2\/pages\/566\/revisions"}],"predecessor-version":[{"id":1647,"href":"https:\/\/agora.xtec.cat\/escmm-viladecavalls\/wp-json\/wp\/v2\/pages\/566\/revisions\/1647"}],"wp:attachment":[{"href":"https:\/\/agora.xtec.cat\/escmm-viladecavalls\/wp-json\/wp\/v2\/media?parent=566"}],"curies":[{"name":"wp","href":"https:\/\/api.w.org\/{rel}","templated":true}]}}