{"id":26,"date":"2014-09-18T12:24:32","date_gmt":"2014-09-18T11:24:32","guid":{"rendered":"http:\/\/agora.xtec.cat\/escmm-viladecavalls\/?page_id=26"},"modified":"2019-05-27T15:48:16","modified_gmt":"2019-05-27T13:48:16","slug":"historia","status":"publish","type":"page","link":"https:\/\/agora.xtec.cat\/escmm-viladecavalls\/lescola\/historia\/","title":{"rendered":"Hist\u00f2ria"},"content":{"rendered":"<p>&nbsp;<\/p>\n<p>L&#8217;Escola Municipal de M\u00fasica Pau Casals de Viladecavalls neix l&#8217;any 1994 fruit de la necessitat de tenir, al poble, un extraescolar musical per a tots els nens i nenes de l&#8217;escola de prim\u00e0ria, abans unit\u00e0ria del centre del poble.<\/p>\n<p>L&#8217;Ajuntament, amb l&#8217;Alcalde F\u00e8lix Ferrer al capdavant, i el Regidor d&#8217;Ensenyament Sebasti\u00e0 Homs i la fundadora pr\u00f2piament dita de l&#8217;escola, Rebeca Rodr\u00edguez, van apostar r\u00e0pidament per cobrir aquesta necessitat i posar en marxa, al Centre C\u00edvic del Casc antic, unes hores setmanals d&#8217;ensenyament musical basat en el joc, el ritme, la can\u00e7\u00f3 i l&#8217;audici\u00f3. El gener d&#8217;aquest any es comen\u00e7a a fer flauta dol\u00e7a i instruments de percussi\u00f3, sobretot Orff amb els alumnes matriculats, i ja es veuen les ganes de comen\u00e7ar a ampliar l&#8217;oferta amb classes individuals d&#8217;instrument. En total comptem amb 12 alumnes d&#8217;edats compreses entre els 5 i els 8 anys.<\/p>\n<p>\u00c9s durant aquest any que es comencen a fer audicions instrumentals i presentacions d&#8217;instruments perqu\u00e8 els alumnes tri\u00efn un instrument el curs seg\u00fcent. El curs 95-96 es triplica el nombre d&#8217;alumnes i es fan 2 grups de llenguatge musical, segons edats i coneixements, i 3 especialitats instrumentals: piano, flauta travessera i clarinet. Tamb\u00e9 aquell mateix any es veu la necessitat de crear un Equip Directiu per posar ordre i desenvolupar un Projecte Educatiu seri\u00f3s, ambici\u00f3s i innovador amb un \u201cPla d&#8217;actuaci\u00f3 per a la creaci\u00f3 d&#8217;una Escola de M\u00fasica a Viladecavalls\u201d. Aquest pla inclo\u00efa l&#8217;edificaci\u00f3 d&#8217;una nova escola de m\u00fasica al Complex Educatiu que l&#8217;Ajuntament estava projectant a l&#8217;antiga Masia de Can Turu. El Pla fou redactat pel nou Equip Directiu format en un inici per la Blanca Montoliu i el Jordi Oll\u00e9, i aprovat per l&#8217;Alcalde F\u00e8lix Ferrer i el Regidor Sebasti\u00e0 Homs.<\/p>\n<p>Seguint el Pla d&#8217;Actuaci\u00f3, es van ampliant les especialitats instrumentals i els cursos de llenguatge musical, Cant Coral i Conjunts instrumentals. El curs 97-98 s&#8217;amplia amb guitarra, viol\u00ed i acordi\u00f3.<br \/>\nDes d&#8217;un bon inici, l&#8217;escola es va plantejar com a objectiu prioritari potenciar la m\u00fasica en grup convertint les diverses formacions en l&#8217;eix al voltant del qual giraria tota la oferta educativa, obrint l&#8217;escola a totes les necessitats educatives del infants, joves i adults i planificant un ambici\u00f3s projecte de projecci\u00f3 fora de les parets<br \/>\nde l&#8217;escola.<\/p>\n<p>Paral\u00b7lelament a les classes impartides, per tant, l&#8217;Escola sempre ha apostat per les activitats fora d&#8217;horari, com han sigut concerts de professors, concerts d&#8217;alumnes per Nadal, Fi de curs i dates senyalades, Setmana de la M\u00fasica, Audicions familiars i sobretot la participaci\u00f3 en la vida festiva del poble. D&#8217;aquesta manera, l&#8217;Escola ha anat arribant a tot el poble i el nombre d&#8217;alumnes s&#8217;ha anat incrementant any rere any fins arribar als 224 alumnes matriculats aquest curs 2018-19.<\/p>\n<p>L&#8217;Escola ha tingut un claustre entre 8 i 13 professors segons el curs i un equip directiu que ha sigut sempre el mediador entre l&#8217;ajuntament, el claustre i els pares dels alumnes.<br \/>\nL&#8217;oferta instrumental es va anar ampliant fins a tenir, avui en dia, 10 especialitats: piano, guitarra, viol\u00ed,<br \/>\nvioloncel, flauta travessera, clarinet, saxo, trompeta, tromb\u00f3 i percussi\u00f3. Els alumnes poden comen\u00e7ar a fer m\u00fasica a l&#8217;edat de 3 anys i estar a l&#8217;escola fins a edat adulta. Paral\u00b7lelament l&#8217;edificaci\u00f3 del nou edifici, prop de la Biblioteca Pere Calders i de l&#8217;Escola de prim\u00e0ria Rosella on s&#8217;hi puguin fer adequadament les classes de m\u00fasica i dotat d&#8217;un petit auditori per als concerts familiars que s&#8217;hi<br \/>\nfan durant el curs, va anar agafant forma i al 2006 s&#8217;inicia el proc\u00e9s de trasllat.<\/p>\n<p>La nova escola, ubicada a la Pla\u00e7a del Coronel Busquets, s&#8217;inaugura l&#8217;abril del 2007, amb molta il\u00b7lusi\u00f3 i<br \/>\nganes de comen\u00e7ar una nova etapa, i un projecte curricular m\u00e9s ampli i de m\u00e9s qualitat per a tothom.<\/p>\n","protected":false},"excerpt":{"rendered":"<p>&nbsp;<br \/>\nL&#8217;Escola Municipal de M\u00fasica Pau Casals de Viladecavalls neix l&#8217;any 1994 fruit de la necessitat de tenir, al poble, un extraescolar musical per a tots els nens i nenes de l&#8217;escola de prim\u00e0ria, abans unit\u00e0ria del centre del poble.<br \/>\nL&#8217;Ajuntament, amb l&#8217;Alcalde F\u00e8lix Ferrer al capdavant,&hellip;  <a href=\"https:\/\/agora.xtec.cat\/escmm-viladecavalls\/lescola\/historia\/\" title=\"Read Hist\u00f2ria\">Llegeix m\u00e9s\u00bb<\/a><\/p>\n","protected":false},"author":1,"featured_media":0,"parent":22,"menu_order":20,"comment_status":"closed","ping_status":"closed","template":"page-templates\/side-menu.php","meta":{"_bbp_topic_count":0,"_bbp_reply_count":0,"_bbp_total_topic_count":0,"_bbp_total_reply_count":0,"_bbp_voice_count":0,"_bbp_anonymous_reply_count":0,"_bbp_topic_count_hidden":0,"_bbp_reply_count_hidden":0,"_bbp_forum_subforum_count":0,"footnotes":""},"class_list":["post-26","page","type-page","status-publish","hentry"],"post_mailing_queue_ids":[],"_links":{"self":[{"href":"https:\/\/agora.xtec.cat\/escmm-viladecavalls\/wp-json\/wp\/v2\/pages\/26","targetHints":{"allow":["GET"]}}],"collection":[{"href":"https:\/\/agora.xtec.cat\/escmm-viladecavalls\/wp-json\/wp\/v2\/pages"}],"about":[{"href":"https:\/\/agora.xtec.cat\/escmm-viladecavalls\/wp-json\/wp\/v2\/types\/page"}],"author":[{"embeddable":true,"href":"https:\/\/agora.xtec.cat\/escmm-viladecavalls\/wp-json\/wp\/v2\/users\/1"}],"replies":[{"embeddable":true,"href":"https:\/\/agora.xtec.cat\/escmm-viladecavalls\/wp-json\/wp\/v2\/comments?post=26"}],"version-history":[{"count":2,"href":"https:\/\/agora.xtec.cat\/escmm-viladecavalls\/wp-json\/wp\/v2\/pages\/26\/revisions"}],"predecessor-version":[{"id":713,"href":"https:\/\/agora.xtec.cat\/escmm-viladecavalls\/wp-json\/wp\/v2\/pages\/26\/revisions\/713"}],"up":[{"embeddable":true,"href":"https:\/\/agora.xtec.cat\/escmm-viladecavalls\/wp-json\/wp\/v2\/pages\/22"}],"wp:attachment":[{"href":"https:\/\/agora.xtec.cat\/escmm-viladecavalls\/wp-json\/wp\/v2\/media?parent=26"}],"curies":[{"name":"wp","href":"https:\/\/api.w.org\/{rel}","templated":true}]}}