{"id":24,"date":"2014-09-18T12:23:15","date_gmt":"2014-09-18T11:23:15","guid":{"rendered":"http:\/\/agora.xtec.cat\/escmm-viladecavalls\/?page_id=24"},"modified":"2019-07-09T12:55:52","modified_gmt":"2019-07-09T10:55:52","slug":"on-som","status":"publish","type":"page","link":"https:\/\/agora.xtec.cat\/escmm-viladecavalls\/lescola\/on-som\/","title":{"rendered":"On som"},"content":{"rendered":"<p>&nbsp;<\/p>\n<p><a href=\"https:\/\/agora.xtec.cat\/escmm-viladecavalls\/wp-content\/uploads\/usu1965\/2019\/05\/Viladecavalls-1.jpeg\"><img loading=\"lazy\" decoding=\"async\" class=\" wp-image-708 aligncenter\" src=\"https:\/\/agora.xtec.cat\/escmm-viladecavalls\/wp-content\/uploads\/usu1965\/2019\/05\/Viladecavalls-1.jpeg\" alt=\"\" width=\"413\" height=\"147\" srcset=\"https:\/\/agora.xtec.cat\/escmm-viladecavalls\/wp-content\/uploads\/usu1965\/2019\/05\/Viladecavalls-1.jpeg 376w, https:\/\/agora.xtec.cat\/escmm-viladecavalls\/wp-content\/uploads\/usu1965\/2019\/05\/Viladecavalls-1-300x107.jpeg 300w\" sizes=\"auto, (max-width: 413px) 100vw, 413px\" \/><\/a><\/p>\n<p>Viladecavalls \u00e9s un municipi del Vall\u00e8s Occidental, que limita amb Terrassa, Vacarisses, Ullastrell, Olesa de Montserrat i Abrera.<\/p>\n<p>El municipi ha tingut un creixement de poblaci\u00f3 d&#8217;una manera for\u00e7a r\u00e0pida; als anys 70 comptava amb uns 1000 habitants, i a mitjans dels 90 ja en tenia 4800.<br \/>\nActualment compta amb 7480 (2018) habitants, repartits en els diferents nuclis: Nucli Antic, la Planassa, Can Tries, Sant Miquel de Guanteres, Can Corbera, Can Turu, La Tendera, el Molinot i Can Pepet.<\/p>\n<p>El patr\u00f3 de Viladecavalls \u00e9s Sant Mart\u00ed, i per tant, se celebra la Festa Major d&#8217;hivern per aquesta data, l&#8217;11 de novembre. La Festa Major d&#8217;estiu \u00e9s el segon cap de setmana de juliol, i \u00e9s tamb\u00e9 durant el juliol, quan els diferents barris celebren les seves Festes Majors particulars.<\/p>\n<p>A part, durant l&#8217;any, a Viladecavalls es celebren altres festivitats i actes com l&#8217;11 de setembre, Santa Cec\u00edlia, patrona de la m\u00fasica, cavalcada de Reis, Sant Jordi, espectacles infantils, cicle de concerts i teatre, cinema a la fresca&#8230;<\/p>\n<p>&nbsp;<\/p>\n<p style=\"text-align: center;\"><strong>BENVINGUTS A VILADECAVALLS!<\/strong><a href=\"https:\/\/agora.xtec.cat\/escmm-viladecavalls\/wp-content\/uploads\/usu1965\/2019\/05\/escut-vila.png\"><img loading=\"lazy\" decoding=\"async\" class=\" wp-image-710 aligncenter\" src=\"https:\/\/agora.xtec.cat\/escmm-viladecavalls\/wp-content\/uploads\/usu1965\/2019\/05\/escut-vila.png\" alt=\"\" width=\"91\" height=\"147\" \/><\/a><\/p>\n<p>&nbsp;<\/p>\n<p><iframe loading=\"lazy\" style=\"border: 0;\" src=\"https:\/\/www.google.com\/maps\/embed?pb=!1m18!1m12!1m3!1d2985.72389634781!2d1.9483935154309522!3d41.55357507924927!2m3!1f0!2f0!3f0!3m2!1i1024!2i768!4f13.1!3m3!1m2!1s0x12a48d02c2229f69%3A0x5bfc432a82ef7d16!2sEMM+Pau+Casals!5e0!3m2!1sca!2ses!4v1562668455723!5m2!1sca!2ses\" width=\"500\" height=\"350\" frameborder=\"0\" allowfullscreen=\"allowfullscreen\"><\/iframe><\/p>\n","protected":false},"excerpt":{"rendered":"<p>&nbsp;<br \/>\n<a href=\"https:\/\/agora.xtec.cat\/escmm-viladecavalls\/wp-content\/uploads\/usu1965\/2019\/05\/Viladecavalls-1.jpeg\"><\/a><br \/>\nViladecavalls \u00e9s un municipi del Vall\u00e8s Occidental, que limita amb Terrassa, Vacarisses, Ullastrell, Olesa de Montserrat i Abrera.<br \/>\nEl municipi ha tingut un creixement de poblaci\u00f3 d&#8217;una manera for\u00e7a r\u00e0pida; als anys 70 comptava amb uns 1000 habitants, i a mitjans dels 90 ja en&hellip;  <a href=\"https:\/\/agora.xtec.cat\/escmm-viladecavalls\/lescola\/on-som\/\" title=\"Read On som\">Llegeix m\u00e9s\u00bb<\/a><\/p>\n","protected":false},"author":1,"featured_media":0,"parent":22,"menu_order":10,"comment_status":"closed","ping_status":"closed","template":"page-templates\/side-menu.php","meta":{"_bbp_topic_count":0,"_bbp_reply_count":0,"_bbp_total_topic_count":0,"_bbp_total_reply_count":0,"_bbp_voice_count":0,"_bbp_anonymous_reply_count":0,"_bbp_topic_count_hidden":0,"_bbp_reply_count_hidden":0,"_bbp_forum_subforum_count":0,"footnotes":""},"class_list":["post-24","page","type-page","status-publish","hentry"],"post_mailing_queue_ids":[],"_links":{"self":[{"href":"https:\/\/agora.xtec.cat\/escmm-viladecavalls\/wp-json\/wp\/v2\/pages\/24","targetHints":{"allow":["GET"]}}],"collection":[{"href":"https:\/\/agora.xtec.cat\/escmm-viladecavalls\/wp-json\/wp\/v2\/pages"}],"about":[{"href":"https:\/\/agora.xtec.cat\/escmm-viladecavalls\/wp-json\/wp\/v2\/types\/page"}],"author":[{"embeddable":true,"href":"https:\/\/agora.xtec.cat\/escmm-viladecavalls\/wp-json\/wp\/v2\/users\/1"}],"replies":[{"embeddable":true,"href":"https:\/\/agora.xtec.cat\/escmm-viladecavalls\/wp-json\/wp\/v2\/comments?post=24"}],"version-history":[{"count":3,"href":"https:\/\/agora.xtec.cat\/escmm-viladecavalls\/wp-json\/wp\/v2\/pages\/24\/revisions"}],"predecessor-version":[{"id":754,"href":"https:\/\/agora.xtec.cat\/escmm-viladecavalls\/wp-json\/wp\/v2\/pages\/24\/revisions\/754"}],"up":[{"embeddable":true,"href":"https:\/\/agora.xtec.cat\/escmm-viladecavalls\/wp-json\/wp\/v2\/pages\/22"}],"wp:attachment":[{"href":"https:\/\/agora.xtec.cat\/escmm-viladecavalls\/wp-json\/wp\/v2\/media?parent=24"}],"curies":[{"name":"wp","href":"https:\/\/api.w.org\/{rel}","templated":true}]}}