{"id":1930,"date":"2026-02-12T19:00:31","date_gmt":"2026-02-12T18:00:31","guid":{"rendered":"https:\/\/agora.xtec.cat\/escmm-viladecavalls\/?page_id=1930"},"modified":"2026-03-03T17:54:49","modified_gmt":"2026-03-03T16:54:49","slug":"stage-2026","status":"publish","type":"page","link":"https:\/\/agora.xtec.cat\/escmm-viladecavalls\/stage-2026\/","title":{"rendered":"Stage 2026"},"content":{"rendered":"<h1>\ud83c\udfb5 <strong>Stage 2026 \u2013 Col\u00f2nies Musicals de l\u2019EMMPC<\/strong><\/h1>\n<p>Un any m\u00e9s, l\u2019AFA i l\u2019EMMPC organitzen el tradicional <strong>Stage musical<\/strong>, un cap de setmana ple de m\u00fasica, conviv\u00e8ncia i diversi\u00f3 \ud83c\udfb6\u2728. Una experi\u00e8ncia perfecta perqu\u00e8 els alumnes creixin personalment i musicalment en un ambient immillorable.<\/p>\n<div>\n<p>Aquesta edici\u00f3 se centra en el m\u00f3n dels <strong>musicals<\/strong>, tant de teatre com de cinema \ud83c\udfac\ud83c\udfa4.<\/p>\n<\/div>\n<h3>\ud83d\udd14 <strong>Informaci\u00f3 Important<\/strong><\/h3>\n<h6>\ud83d\udccc <strong data-start=\"3\" data-end=\"66\"><span style=\"color: #ff0000;\">INSCRIPCIONS OBERTES. INSCRIU-TE AQU\u00cd!<\/span>: <a href=\"https:\/\/forms.office.com\/Pages\/ResponsePage.aspx?id=y-i5Gaa6uUCvfyaX5TdmVHXbG1GrzQhKgX2sxk5rzEZUMVMxNkxJTU9SSDlQWERCTVBXU0FHUTdSViQlQCN0PWcu\">FORMULARI D&#8217;INSCRIPCI\u00d3 STAGE 2026<\/a><\/strong><\/h6>\n<h6><span style=\"font-size: 1.4375em;\">\ud83d\udce2 <\/span><strong style=\"font-size: 1.4375em;\">Reuni\u00f3 Informativa<\/strong><\/h6>\n<p>\ud83d\uddd3<strong> Dimecres 25\u00a0de febrer<\/strong><br \/>\n\ud83d\udd57 <strong>20.00 h<\/strong><br \/>\n\ud83d\udccd <strong>Auditori de l\u2019EMMPC<\/strong><\/p>\n<h3>\ud83d\udcc5 <strong>Dates i lloc<\/strong><\/h3>\n<p>\ud83d\uddd3 <strong>Del 17 al 19 d\u2019abril<\/strong><br \/>\n\ud83d\udccd <strong>Casa de col\u00f2nies La Figuera (Castellnou de Bages)<\/strong><\/p>\n<p>\ud83d\ude8d <strong>Sortida:<\/strong> divendres 17 d\u2019abril \u00b7 17.30 h des de l\u2019Escola de M\u00fasica<br \/>\n\ud83c\udfad <strong>Concert final i recollida:<\/strong> diumenge 19 d\u2019abril \u00b7 16.30 h a la mateixa casa de col\u00f2nies<\/p>\n<h3>\ud83d\udcb6 <strong>Preus i descomptes<\/strong><\/h3>\n<ul>\n<li>\ud83e\udde9 <strong>Socis:<\/strong> 130 \u20ac<\/li>\n<li>\ud83c\udf9f <strong>No socis:<\/strong> 150 \u20ac<\/li>\n<li>\ud83d\udc68\u200d\ud83d\udc69\u200d\ud83d\udc67\u200d\ud83d\udc66 <strong>Descompte germans:<\/strong> \u20135 \u20ac a partir del segon germ\u00e0<\/li>\n<\/ul>\n<h3><strong>SI VOLS M\u00c9S INFORMACI\u00d3, DESCARREGA&#8217;T LA CARTA:\u00a0<\/strong><\/h3>\n<h3><a href=\"https:\/\/agora.xtec.cat\/escmm-viladecavalls\/wp-content\/uploads\/usu1965\/2021\/06\/kisspng-pdf-computer-icons-theme-clip-art-cool-business-card-background-5ad9c5229be025.6179710115242212186385.png\"><img loading=\"lazy\" decoding=\"async\" class=\"alignnone wp-image-1207\" src=\"https:\/\/agora.xtec.cat\/escmm-viladecavalls\/wp-content\/uploads\/usu1965\/2021\/06\/kisspng-pdf-computer-icons-theme-clip-art-cool-business-card-background-5ad9c5229be025.6179710115242212186385.png\" alt=\"\" width=\"31\" height=\"31\" srcset=\"https:\/\/agora.xtec.cat\/escmm-viladecavalls\/wp-content\/uploads\/usu1965\/2021\/06\/kisspng-pdf-computer-icons-theme-clip-art-cool-business-card-background-5ad9c5229be025.6179710115242212186385.png 507w, https:\/\/agora.xtec.cat\/escmm-viladecavalls\/wp-content\/uploads\/usu1965\/2021\/06\/kisspng-pdf-computer-icons-theme-clip-art-cool-business-card-background-5ad9c5229be025.6179710115242212186385-150x150.png 150w, https:\/\/agora.xtec.cat\/escmm-viladecavalls\/wp-content\/uploads\/usu1965\/2021\/06\/kisspng-pdf-computer-icons-theme-clip-art-cool-business-card-background-5ad9c5229be025.6179710115242212186385-297x300.png 297w\" sizes=\"auto, (max-width: 31px) 100vw, 31px\" \/><\/a><a href=\"https:\/\/agora.xtec.cat\/escmm-viladecavalls\/wp-content\/uploads\/usu1965\/2026\/03\/2a-Carta-als-pares-Stage-2026.pdf\"> Carta Stage 2026<\/a><\/h3>\n","protected":false},"excerpt":{"rendered":"<p>\ud83c\udfb5 Stage 2026 \u2013 Col\u00f2nies Musicals de l\u2019EMMPC<br \/>\nUn any m\u00e9s, l\u2019AFA i l\u2019EMMPC organitzen el tradicional Stage musical, un cap de setmana ple de m\u00fasica, conviv\u00e8ncia i diversi\u00f3 \ud83c\udfb6\u2728. Una experi\u00e8ncia perfecta perqu\u00e8 els alumnes creixin personalment i musicalment en un ambient immillorable.<\/p>\n<p>Aquesta edici\u00f3 se&hellip;  <a href=\"https:\/\/agora.xtec.cat\/escmm-viladecavalls\/stage-2026\/\" title=\"Read Stage 2026\">Llegeix m\u00e9s\u00bb<\/a><\/p>\n","protected":false},"author":1,"featured_media":0,"parent":0,"menu_order":0,"comment_status":"closed","ping_status":"closed","template":"","meta":{"_bbp_topic_count":0,"_bbp_reply_count":0,"_bbp_total_topic_count":0,"_bbp_total_reply_count":0,"_bbp_voice_count":0,"_bbp_anonymous_reply_count":0,"_bbp_topic_count_hidden":0,"_bbp_reply_count_hidden":0,"_bbp_forum_subforum_count":0,"footnotes":""},"class_list":["post-1930","page","type-page","status-publish","hentry"],"post_mailing_queue_ids":[],"_links":{"self":[{"href":"https:\/\/agora.xtec.cat\/escmm-viladecavalls\/wp-json\/wp\/v2\/pages\/1930","targetHints":{"allow":["GET"]}}],"collection":[{"href":"https:\/\/agora.xtec.cat\/escmm-viladecavalls\/wp-json\/wp\/v2\/pages"}],"about":[{"href":"https:\/\/agora.xtec.cat\/escmm-viladecavalls\/wp-json\/wp\/v2\/types\/page"}],"author":[{"embeddable":true,"href":"https:\/\/agora.xtec.cat\/escmm-viladecavalls\/wp-json\/wp\/v2\/users\/1"}],"replies":[{"embeddable":true,"href":"https:\/\/agora.xtec.cat\/escmm-viladecavalls\/wp-json\/wp\/v2\/comments?post=1930"}],"version-history":[{"count":7,"href":"https:\/\/agora.xtec.cat\/escmm-viladecavalls\/wp-json\/wp\/v2\/pages\/1930\/revisions"}],"predecessor-version":[{"id":1955,"href":"https:\/\/agora.xtec.cat\/escmm-viladecavalls\/wp-json\/wp\/v2\/pages\/1930\/revisions\/1955"}],"wp:attachment":[{"href":"https:\/\/agora.xtec.cat\/escmm-viladecavalls\/wp-json\/wp\/v2\/media?parent=1930"}],"curies":[{"name":"wp","href":"https:\/\/api.w.org\/{rel}","templated":true}]}}