{"id":1877,"date":"2025-10-21T16:44:10","date_gmt":"2025-10-21T14:44:10","guid":{"rendered":"https:\/\/agora.xtec.cat\/escmm-viladecavalls\/?page_id=1877"},"modified":"2025-10-21T16:46:45","modified_gmt":"2025-10-21T14:46:45","slug":"festa-de-la-primavera","status":"publish","type":"page","link":"https:\/\/agora.xtec.cat\/escmm-viladecavalls\/festa-de-la-primavera\/","title":{"rendered":"Festa de la Primavera"},"content":{"rendered":"<p>Ja tenim aqu\u00ed la festa de la primavera!!<\/p>\n<p>Aqu\u00ed pots consultar les activitats;<\/p>\n<p><strong>DIMARTS 25<\/strong><\/p>\n<p><span data-contrast=\"auto\">17.30<\/span><span data-contrast=\"auto\">\u00a0 \u00a0<\/span><span data-ccp-props=\"{&quot;335551550&quot;:1,&quot;335551620&quot;:1}\">\u00a0<span class=\"TextRun MacChromeBold SCXW178375251 BCX8\" lang=\"CA-ES\" xml:lang=\"CA-ES\" data-contrast=\"none\"><span class=\"NormalTextRun SCXW178375251 BCX8\">PETIT GRAN CONCERT<\/span><span class=\"NormalTextRun SCXW178375251 BCX8\"> (fam\u00edlies infants de <\/span><span class=\"NormalTextRun SCXW178375251 BCX8\">0<\/span><span class=\"NormalTextRun SCXW178375251 BCX8\">-3 anys)<\/span><\/span><span class=\"EOP SCXW178375251 BCX8\" data-ccp-props=\"{&quot;335551550&quot;:1,&quot;335551620&quot;:1}\">\u00a0<\/span><\/span><\/p>\n<p><strong><span class=\"TextRun MacChromeBold SCXW23366105 BCX8\" lang=\"CA-ES\" xml:lang=\"CA-ES\" data-contrast=\"auto\"><span class=\"NormalTextRun SCXW23366105 BCX8\">DIMECRES 26<\/span><\/span><\/strong><span class=\"EOP SCXW23366105 BCX8\" data-ccp-props=\"{&quot;335551550&quot;:1,&quot;335551620&quot;:1}\">\u00a0<\/span><\/p>\n<p><span class=\"TextRun MacChromeBold SCXW220240333 BCX8\" lang=\"CA-ES\" xml:lang=\"CA-ES\" data-contrast=\"none\"><span class=\"NormalTextRun SCXW220240333 BCX8\">17:15\u00a0 \u00a0 CONTE CONTAT, CONTE INSTRUMENTAT.<\/span><\/span><span class=\"EOP SCXW220240333 BCX8\" data-ccp-props=\"{&quot;134233117&quot;:false,&quot;134233118&quot;:false,&quot;201341983&quot;:0,&quot;335551550&quot;:1,&quot;335551620&quot;:1,&quot;335559685&quot;:0,&quot;335559737&quot;:0,&quot;335559738&quot;:0,&quot;335559739&quot;:0,&quot;335559740&quot;:240}\"> Convocat\u00f2ria 17:00 <span data-ccp-props=\"{&quot;335551550&quot;:1,&quot;335551620&quot;:1}\"><span class=\"TextRun MacChromeBold SCXW178375251 BCX8\" lang=\"CA-ES\" xml:lang=\"CA-ES\" data-contrast=\"none\"><span class=\"NormalTextRun SCXW178375251 BCX8\">(<span class=\"TextRun SCXW150455958 BCX8\" lang=\"CA-ES\" xml:lang=\"CA-ES\" data-contrast=\"auto\"><span class=\"NormalTextRun SCXW150455958 BCX8\">Alumnat<\/span><span class=\"NormalTextRun SCXW150455958 BCX8\"> de <\/span><span class=\"NormalTextRun SCXW150455958 BCX8\">Iniciaci\u00f3<\/span><span class=\"NormalTextRun SCXW150455958 BCX8\"> I<\/span><span class=\"NormalTextRun SCXW150455958 BCX8\">, <\/span><span class=\"NormalTextRun SpellingErrorV2Themed SCXW150455958 BCX8\">Vilasona<\/span><span class=\"NormalTextRun SCXW150455958 BCX8\"> i <\/span><span class=\"NormalTextRun SCXW150455958 BCX8\">fam\u00edlies<\/span><\/span><\/span><span class=\"NormalTextRun SCXW178375251 BCX8\">)<\/span><\/span><\/span><\/span><\/p>\n<p><span class=\"TextRun SCXW134561295 BCX8\" lang=\"CA-ES\" xml:lang=\"CA-ES\" data-contrast=\"auto\"><span class=\"NormalTextRun SCXW134561295 BCX8\">17.30 a <\/span><span class=\"NormalTextRun SCXW134561295 BCX8\">18.30<\/span><\/span><span class=\"EOP SCXW134561295 BCX8\" data-ccp-props=\"{&quot;335551550&quot;:1,&quot;335551620&quot;:1}\"> <span class=\"TextRun MacChromeBold SCXW45801616 BCX8\" lang=\"CA-ES\" xml:lang=\"CA-ES\" data-contrast=\"none\"><span class=\"NormalTextRun SCXW45801616 BCX8\">TASTETS<\/span><\/span><span class=\"EOP SCXW45801616 BCX8\" data-ccp-props=\"{&quot;201341983&quot;:0,&quot;335551550&quot;:1,&quot;335551620&quot;:1,&quot;335559740&quot;:240}\"> INSTRUMENTALS <span class=\"EOP SCXW220240333 BCX8\" data-ccp-props=\"{&quot;134233117&quot;:false,&quot;134233118&quot;:false,&quot;201341983&quot;:0,&quot;335551550&quot;:1,&quot;335551620&quot;:1,&quot;335559685&quot;:0,&quot;335559737&quot;:0,&quot;335559738&quot;:0,&quot;335559739&quot;:0,&quot;335559740&quot;:240}\"><span data-ccp-props=\"{&quot;335551550&quot;:1,&quot;335551620&quot;:1}\"><span class=\"TextRun MacChromeBold SCXW178375251 BCX8\" lang=\"CA-ES\" xml:lang=\"CA-ES\" data-contrast=\"none\"><span class=\"NormalTextRun SCXW178375251 BCX8\">(<span class=\"TextRun SCXW150455958 BCX8\" lang=\"CA-ES\" xml:lang=\"CA-ES\" data-contrast=\"auto\"><span class=\"NormalTextRun SCXW150455958 BCX8\">Alumnat<\/span><span class=\"NormalTextRun SCXW150455958 BCX8\"> de <\/span><span class=\"NormalTextRun SCXW150455958 BCX8\">Iniciaci\u00f3<\/span><span class=\"NormalTextRun SCXW150455958 BCX8\"> I<\/span><span class=\"NormalTextRun SCXW150455958 BCX8\">, <\/span><span class=\"NormalTextRun SpellingErrorV2Themed SCXW150455958 BCX8\">Vilasona<\/span><span class=\"NormalTextRun SCXW150455958 BCX8\"> i <\/span><span class=\"NormalTextRun SCXW150455958 BCX8\">fam\u00edlies<\/span><\/span><\/span><span class=\"NormalTextRun SCXW178375251 BCX8\">)<\/span><\/span><\/span><\/span><\/span><\/span><\/p>\n<p><span class=\"TextRun SCXW51685779 BCX8\" lang=\"CA-ES\" xml:lang=\"CA-ES\" data-contrast=\"auto\"><span class=\"NormalTextRun SCXW51685779 BCX8\">18.40 a <\/span><span class=\"NormalTextRun SCXW51685779 BCX8\">20.00\u00a0 <span class=\"TextRun MacChromeBold SCXW210517480 BCX8\" lang=\"CA-ES\" xml:lang=\"CA-ES\" data-contrast=\"none\"><span class=\"NormalTextRun SCXW210517480 BCX8\">EN FORMACI\u00d3<\/span><span class=\"NormalTextRun SCXW210517480 BCX8\">! CONCERTS<\/span><\/span><span class=\"EOP SCXW210517480 BCX8\" data-ccp-props=\"{&quot;134233117&quot;:false,&quot;134233118&quot;:false,&quot;201341983&quot;:0,&quot;335551550&quot;:1,&quot;335551620&quot;:1,&quot;335559685&quot;:0,&quot;335559737&quot;:0,&quot;335559738&quot;:0,&quot;335559739&quot;:0,&quot;335559740&quot;:240}\">\u00a0<em><span class=\"TextRun SCXW227825215 BCX8\" lang=\"CA-ES\" xml:lang=\"CA-ES\" data-contrast=\"auto\"><span class=\"NormalTextRun SpellingErrorV2Themed SCXW227825215 BCX8\">Saxolan, Horrorbanda, Corda Petita, Cant Coral + Combo, Pre-ensemble, Conjunt de Guitarres)<\/span><\/span><\/em><\/span><\/span><\/span><\/p>\n<p><strong><span class=\"TextRun MacChromeBold SCXW23366105 BCX8\" lang=\"CA-ES\" xml:lang=\"CA-ES\" data-contrast=\"auto\"><span class=\"NormalTextRun SCXW23366105 BCX8\">DIJOUS 26<\/span><\/span><\/strong><span class=\"EOP SCXW23366105 BCX8\" data-ccp-props=\"{&quot;335551550&quot;:1,&quot;335551620&quot;:1}\">\u00a0<\/span><\/p>\n<p><span class=\"TextRun MacChromeBold SCXW220240333 BCX8\" lang=\"CA-ES\" xml:lang=\"CA-ES\" data-contrast=\"none\"><span class=\"NormalTextRun SCXW220240333 BCX8\">17:15\u00a0 \u00a0 CONTE CONTAT, CONTE INSTRUMENTAT.<\/span><\/span><span class=\"EOP SCXW220240333 BCX8\" data-ccp-props=\"{&quot;134233117&quot;:false,&quot;134233118&quot;:false,&quot;201341983&quot;:0,&quot;335551550&quot;:1,&quot;335551620&quot;:1,&quot;335559685&quot;:0,&quot;335559737&quot;:0,&quot;335559738&quot;:0,&quot;335559739&quot;:0,&quot;335559740&quot;:240}\"> Convocat\u00f2ria 17:00 <span data-ccp-props=\"{&quot;335551550&quot;:1,&quot;335551620&quot;:1}\"><span class=\"TextRun MacChromeBold SCXW178375251 BCX8\" lang=\"CA-ES\" xml:lang=\"CA-ES\" data-contrast=\"none\"><span class=\"NormalTextRun SCXW178375251 BCX8\">(<span class=\"TextRun SCXW150455958 BCX8\" lang=\"CA-ES\" xml:lang=\"CA-ES\" data-contrast=\"auto\"><span class=\"NormalTextRun SCXW150455958 BCX8\">Alumnat<\/span><span class=\"NormalTextRun SCXW150455958 BCX8\"> de <\/span><span class=\"NormalTextRun SCXW150455958 BCX8\">Iniciaci\u00f3<\/span><span class=\"NormalTextRun SCXW150455958 BCX8\"> I<\/span><span class=\"NormalTextRun SCXW150455958 BCX8\">, <\/span><span class=\"NormalTextRun SpellingErrorV2Themed SCXW150455958 BCX8\">Vilasona<\/span><span class=\"NormalTextRun SCXW150455958 BCX8\"> i <\/span><span class=\"NormalTextRun SCXW150455958 BCX8\">fam\u00edlies<\/span><\/span><\/span><span class=\"NormalTextRun SCXW178375251 BCX8\">)<\/span><\/span><\/span><\/span><\/p>\n<p><span class=\"TextRun SCXW134561295 BCX8\" lang=\"CA-ES\" xml:lang=\"CA-ES\" data-contrast=\"auto\"><span class=\"NormalTextRun SCXW134561295 BCX8\">17.30 a <\/span><span class=\"NormalTextRun SCXW134561295 BCX8\">18.30<\/span><\/span><span class=\"EOP SCXW134561295 BCX8\" data-ccp-props=\"{&quot;335551550&quot;:1,&quot;335551620&quot;:1}\"> <span class=\"TextRun MacChromeBold SCXW45801616 BCX8\" lang=\"CA-ES\" xml:lang=\"CA-ES\" data-contrast=\"none\"><span class=\"NormalTextRun SCXW45801616 BCX8\">TASTETS<\/span><\/span><span class=\"EOP SCXW45801616 BCX8\" data-ccp-props=\"{&quot;201341983&quot;:0,&quot;335551550&quot;:1,&quot;335551620&quot;:1,&quot;335559740&quot;:240}\"> INSTRUMENTALS <span class=\"EOP SCXW220240333 BCX8\" data-ccp-props=\"{&quot;134233117&quot;:false,&quot;134233118&quot;:false,&quot;201341983&quot;:0,&quot;335551550&quot;:1,&quot;335551620&quot;:1,&quot;335559685&quot;:0,&quot;335559737&quot;:0,&quot;335559738&quot;:0,&quot;335559739&quot;:0,&quot;335559740&quot;:240}\"><span data-ccp-props=\"{&quot;335551550&quot;:1,&quot;335551620&quot;:1}\"><span class=\"TextRun MacChromeBold SCXW178375251 BCX8\" lang=\"CA-ES\" xml:lang=\"CA-ES\" data-contrast=\"none\"><span class=\"NormalTextRun SCXW178375251 BCX8\">(<span class=\"TextRun SCXW150455958 BCX8\" lang=\"CA-ES\" xml:lang=\"CA-ES\" data-contrast=\"auto\"><span class=\"NormalTextRun SCXW150455958 BCX8\">Alumnat<\/span><span class=\"NormalTextRun SCXW150455958 BCX8\"> de <\/span><span class=\"NormalTextRun SCXW150455958 BCX8\">Iniciaci\u00f3<\/span><span class=\"NormalTextRun SCXW150455958 BCX8\"> I<\/span><span class=\"NormalTextRun SCXW150455958 BCX8\">, <\/span><span class=\"NormalTextRun SpellingErrorV2Themed SCXW150455958 BCX8\">Vilasona<\/span><span class=\"NormalTextRun SCXW150455958 BCX8\"> i <\/span><span class=\"NormalTextRun SCXW150455958 BCX8\">fam\u00edlies<\/span><\/span><\/span><span class=\"NormalTextRun SCXW178375251 BCX8\">)<\/span><\/span><\/span><\/span><\/span><\/span><\/p>\n<p><span class=\"TextRun SCXW51685779 BCX8\" lang=\"CA-ES\" xml:lang=\"CA-ES\" data-contrast=\"auto\"><span class=\"NormalTextRun SCXW51685779 BCX8\">18.40 a <\/span><span class=\"NormalTextRun SCXW51685779 BCX8\">20.00\u00a0 <span class=\"TextRun MacChromeBold SCXW210517480 BCX8\" lang=\"CA-ES\" xml:lang=\"CA-ES\" data-contrast=\"none\"><span class=\"NormalTextRun SCXW210517480 BCX8\">EN FORMACI\u00d3<\/span><span class=\"NormalTextRun SCXW210517480 BCX8\">!<\/span><\/span><span class=\"EOP SCXW210517480 BCX8\" data-ccp-props=\"{&quot;134233117&quot;:false,&quot;134233118&quot;:false,&quot;201341983&quot;:0,&quot;335551550&quot;:1,&quot;335551620&quot;:1,&quot;335559685&quot;:0,&quot;335559737&quot;:0,&quot;335559738&quot;:0,&quot;335559739&quot;:0,&quot;335559740&quot;:240}\"> CONCERTS (concert de formacions de l&#8217;escola) <em>(Batucada, Petita Banda, Mar\u00eda&#8217;s Small Bang,Taller de Guitarra Acc.<\/em><em><span class=\"TextRun SCXW227825215 BCX8\" lang=\"CA-ES\" xml:lang=\"CA-ES\" data-contrast=\"auto\"><span class=\"NormalTextRun SpellingErrorV2Themed SCXW227825215 BCX8\">)<\/span><\/span><\/em><\/span><\/span><\/span><\/p>\n<p><strong><span class=\"TextRun MacChromeBold SCXW23366105 BCX8\" lang=\"CA-ES\" xml:lang=\"CA-ES\" data-contrast=\"auto\"><span class=\"NormalTextRun SCXW23366105 BCX8\">DIVENDRES 26<\/span><\/span><\/strong><span class=\"EOP SCXW23366105 BCX8\" data-ccp-props=\"{&quot;335551550&quot;:1,&quot;335551620&quot;:1}\">\u00a0<\/span><\/p>\n<p>17:30\u00a0 PRIMAVERA JOVE FESTIVAL <em>(Banda Viladecavalls, Jazz Ensemble, Combo Rock Band, Grups Joves IES)<\/em><\/p>\n<p>Convocat\u00f2ries:<\/p>\n<p>16:00 Proves de so per a: Jazz Ensemble, Combo Rock Band i Grups Joves IES.<\/p>\n<p>17:00 Banda Viladecavalls<\/p>\n<p>&nbsp;<\/p>\n<p>&nbsp;<\/p>\n<p>&nbsp;<\/p>\n<p>&nbsp;<\/p>\n<p>&nbsp;<\/p>\n","protected":false},"excerpt":{"rendered":"<p>Ja tenim aqu\u00ed la festa de la primavera!!<br \/>\nAqu\u00ed pots consultar les activitats;<br \/>\nDIMARTS 25<br \/>\n17.30\u00a0 \u00a0\u00a0PETIT GRAN CONCERT (fam\u00edlies infants de 0-3 anys)\u00a0<br \/>\nDIMECRES 26\u00a0<br \/>\n17:15\u00a0 \u00a0 CONTE CONTAT, CONTE INSTRUMENTAT. Convocat\u00f2ria 17:00 (Alumnat de Iniciaci\u00f3 I, Vilasona i fam\u00edlies)<br \/>\n17.30 a 18.30 TASTETS INSTRUMENTALS (Alumnat de Iniciaci\u00f3 I, Vilasona&hellip;  <a href=\"https:\/\/agora.xtec.cat\/escmm-viladecavalls\/festa-de-la-primavera\/\" title=\"Read Festa de la Primavera\">Llegeix m\u00e9s\u00bb<\/a><\/p>\n","protected":false},"author":1,"featured_media":0,"parent":0,"menu_order":0,"comment_status":"closed","ping_status":"closed","template":"","meta":{"_bbp_topic_count":0,"_bbp_reply_count":0,"_bbp_total_topic_count":0,"_bbp_total_reply_count":0,"_bbp_voice_count":0,"_bbp_anonymous_reply_count":0,"_bbp_topic_count_hidden":0,"_bbp_reply_count_hidden":0,"_bbp_forum_subforum_count":0,"footnotes":""},"class_list":["post-1877","page","type-page","status-publish","hentry"],"post_mailing_queue_ids":[],"_links":{"self":[{"href":"https:\/\/agora.xtec.cat\/escmm-viladecavalls\/wp-json\/wp\/v2\/pages\/1877","targetHints":{"allow":["GET"]}}],"collection":[{"href":"https:\/\/agora.xtec.cat\/escmm-viladecavalls\/wp-json\/wp\/v2\/pages"}],"about":[{"href":"https:\/\/agora.xtec.cat\/escmm-viladecavalls\/wp-json\/wp\/v2\/types\/page"}],"author":[{"embeddable":true,"href":"https:\/\/agora.xtec.cat\/escmm-viladecavalls\/wp-json\/wp\/v2\/users\/1"}],"replies":[{"embeddable":true,"href":"https:\/\/agora.xtec.cat\/escmm-viladecavalls\/wp-json\/wp\/v2\/comments?post=1877"}],"version-history":[{"count":2,"href":"https:\/\/agora.xtec.cat\/escmm-viladecavalls\/wp-json\/wp\/v2\/pages\/1877\/revisions"}],"predecessor-version":[{"id":1881,"href":"https:\/\/agora.xtec.cat\/escmm-viladecavalls\/wp-json\/wp\/v2\/pages\/1877\/revisions\/1881"}],"wp:attachment":[{"href":"https:\/\/agora.xtec.cat\/escmm-viladecavalls\/wp-json\/wp\/v2\/media?parent=1877"}],"curies":[{"name":"wp","href":"https:\/\/api.w.org\/{rel}","templated":true}]}}