{"id":1514,"date":"2023-02-13T10:59:10","date_gmt":"2023-02-13T09:59:10","guid":{"rendered":"https:\/\/agora.xtec.cat\/escmm-viladecavalls\/?page_id=1514"},"modified":"2023-02-13T10:59:10","modified_gmt":"2023-02-13T09:59:10","slug":"criteris-davaluacio","status":"publish","type":"page","link":"https:\/\/agora.xtec.cat\/escmm-viladecavalls\/criteris-davaluacio\/","title":{"rendered":"Criteris d&#8217;Avaluaci\u00f3"},"content":{"rendered":"<p>Sovint, si no tenim uns m\u00ednims coneixements de m\u00fasica, ens pot costar d&#8217;entendre els Informes i comentaris que ens fan els professors d&#8217;instrument respecte els progressos del nostres fill o filla. Qu\u00e8 vol dir &#8220;articulaci\u00f3&#8221; i &#8220;din\u00e0mica&#8221; o a qu\u00e8 ens referim quan diem &#8220;respiraci\u00f3&#8221;? S\u00f3n algunes de les preguntes a qu\u00e8 volem donar resposta en els documents que us compartim.<\/p>\n<p>Per instruments, trobareu una explicaci\u00f3 detallada dels Cristeris d&#8217;Avaluaci\u00f3 de cada curs.<\/p>\n<p>Esperem que us sigui d&#8217;utilitat i us faci m\u00e9s propera i comprensible la nostra tasca docent.<\/p>\n<h2>CRITERIS D&#8217;AVALUACI\u00d3<\/h2>\n<h4>Corda<\/h4>\n<ul>\n<li><a href=\"https:\/\/agora.xtec.cat\/escmm-viladecavalls\/wp-content\/uploads\/usu1965\/2023\/02\/Criteris-Violoncel-ini-B2.pdf\">De iniciaci\u00f3 fins a B\u00e0sic 2<\/a><\/li>\n<li><a href=\"https:\/\/agora.xtec.cat\/escmm-viladecavalls\/wp-content\/uploads\/usu1965\/2023\/02\/Criteris-Violoncel-B3-B4.pdf\">De B\u00e0sic 3 i B\u00e0sic 4<\/a><\/li>\n<\/ul>\n<h4>Guitarra<\/h4>\n<ul>\n<li><a href=\"https:\/\/agora.xtec.cat\/escmm-viladecavalls\/wp-content\/uploads\/usu1965\/2023\/02\/Criteris-guitarra-ini-b2.pdf\">De Iniciaci\u00f3 fins a B\u00e0sic 2<\/a><\/li>\n<li><a href=\"https:\/\/agora.xtec.cat\/escmm-viladecavalls\/wp-content\/uploads\/usu1965\/2023\/02\/Criteris-guitarra-B3-B4.pdf\">De B\u00e0sic 3 i B\u00e0sic 4<\/a><\/li>\n<\/ul>\n<h4>Percussi\u00f3<\/h4>\n<ul>\n<li><a href=\"https:\/\/agora.xtec.cat\/escmm-viladecavalls\/wp-content\/uploads\/usu1965\/2023\/02\/Criteris-percussio-In-B1-B2.pdf\">De Iniciaci\u00f3 fins a B\u00e0sic 2<\/a><\/li>\n<li><a href=\"https:\/\/agora.xtec.cat\/escmm-viladecavalls\/wp-content\/uploads\/usu1965\/2023\/02\/Criteris-percussio-B3-B4.pdf\">De B\u00e0sic 3 i B\u00e0sic 4<\/a><\/li>\n<\/ul>\n<h4>Piano<\/h4>\n<ul>\n<li><a href=\"https:\/\/agora.xtec.cat\/escmm-viladecavalls\/wp-content\/uploads\/usu1965\/2023\/02\/Criteris-piano-ini-b2.pdf\">De Iniciaci\u00f3 fins a B\u00e0sic 2<\/a><\/li>\n<li><a href=\"https:\/\/agora.xtec.cat\/escmm-viladecavalls\/wp-content\/uploads\/usu1965\/2023\/02\/Criteris-piano-B3-B4.pdf\">De B\u00e0sic 3 i B\u00e0sic 4<\/a><\/li>\n<\/ul>\n<h4>Vent<\/h4>\n<ul>\n<li><a href=\"https:\/\/agora.xtec.cat\/escmm-viladecavalls\/wp-content\/uploads\/usu1965\/2023\/02\/Criteris-Vent-Iniciacio.pdf\">De Iniciaci\u00f3<\/a><\/li>\n<li><a href=\"https:\/\/agora.xtec.cat\/escmm-viladecavalls\/wp-content\/uploads\/usu1965\/2023\/02\/Criteris-Vent-Basic-1.pdf\">De B\u00e0sic 1<\/a><\/li>\n<li><a href=\"https:\/\/agora.xtec.cat\/escmm-viladecavalls\/wp-content\/uploads\/usu1965\/2023\/02\/Criteris-Vent-Basic-2.pdf\">De B\u00e0sic 2<\/a><\/li>\n<li><a href=\"https:\/\/agora.xtec.cat\/escmm-viladecavalls\/wp-content\/uploads\/usu1965\/2023\/02\/Criteris-Vent-Basic-3.pdf\">De B\u00e0sic 3<\/a><\/li>\n<li><a href=\"https:\/\/agora.xtec.cat\/escmm-viladecavalls\/wp-content\/uploads\/usu1965\/2023\/02\/Criteris-Vent-Basic-4.pdf\">De B\u00e0sic 4<\/a><\/li>\n<\/ul>\n<p>&nbsp;<\/p>\n<p>&nbsp;<\/p>\n","protected":false},"excerpt":{"rendered":"<p>Sovint, si no tenim uns m\u00ednims coneixements de m\u00fasica, ens pot costar d&#8217;entendre els Informes i comentaris que ens fan els professors d&#8217;instrument respecte els progressos del nostres fill o filla. Qu\u00e8 vol dir &#8220;articulaci\u00f3&#8221; i &#8220;din\u00e0mica&#8221; o a qu\u00e8 ens referim quan diem &#8220;respiraci\u00f3&#8221;?&hellip;  <a href=\"https:\/\/agora.xtec.cat\/escmm-viladecavalls\/criteris-davaluacio\/\" title=\"Read Criteris d&#8217;Avaluaci\u00f3\">Llegeix m\u00e9s\u00bb<\/a><\/p>\n","protected":false},"author":1,"featured_media":0,"parent":0,"menu_order":0,"comment_status":"closed","ping_status":"closed","template":"","meta":{"_bbp_topic_count":0,"_bbp_reply_count":0,"_bbp_total_topic_count":0,"_bbp_total_reply_count":0,"_bbp_voice_count":0,"_bbp_anonymous_reply_count":0,"_bbp_topic_count_hidden":0,"_bbp_reply_count_hidden":0,"_bbp_forum_subforum_count":0,"footnotes":""},"class_list":["post-1514","page","type-page","status-publish","hentry"],"post_mailing_queue_ids":[],"_links":{"self":[{"href":"https:\/\/agora.xtec.cat\/escmm-viladecavalls\/wp-json\/wp\/v2\/pages\/1514","targetHints":{"allow":["GET"]}}],"collection":[{"href":"https:\/\/agora.xtec.cat\/escmm-viladecavalls\/wp-json\/wp\/v2\/pages"}],"about":[{"href":"https:\/\/agora.xtec.cat\/escmm-viladecavalls\/wp-json\/wp\/v2\/types\/page"}],"author":[{"embeddable":true,"href":"https:\/\/agora.xtec.cat\/escmm-viladecavalls\/wp-json\/wp\/v2\/users\/1"}],"replies":[{"embeddable":true,"href":"https:\/\/agora.xtec.cat\/escmm-viladecavalls\/wp-json\/wp\/v2\/comments?post=1514"}],"version-history":[{"count":1,"href":"https:\/\/agora.xtec.cat\/escmm-viladecavalls\/wp-json\/wp\/v2\/pages\/1514\/revisions"}],"predecessor-version":[{"id":1529,"href":"https:\/\/agora.xtec.cat\/escmm-viladecavalls\/wp-json\/wp\/v2\/pages\/1514\/revisions\/1529"}],"wp:attachment":[{"href":"https:\/\/agora.xtec.cat\/escmm-viladecavalls\/wp-json\/wp\/v2\/media?parent=1514"}],"curies":[{"name":"wp","href":"https:\/\/api.w.org\/{rel}","templated":true}]}}