{"id":1433,"date":"2022-08-18T10:22:49","date_gmt":"2022-08-18T08:22:49","guid":{"rendered":"https:\/\/agora.xtec.cat\/escmm-viladecavalls\/?page_id=1433"},"modified":"2022-08-18T10:23:00","modified_gmt":"2022-08-18T08:23:00","slug":"programa-conjunts","status":"publish","type":"page","link":"https:\/\/agora.xtec.cat\/escmm-viladecavalls\/oferta-formativa\/programa-conjunts\/","title":{"rendered":"Programa Conjunts"},"content":{"rendered":"<p>Per tal d\u2019oferir una aproximaci\u00f3 a la m\u00fasica menys reglada i amb menys c\u00e0rrega lectiva, oferim el Programa Conjunts, on l\u2019alumnat apr\u00e8n de forma pr\u00e0ctica formant part d&#8217;un Conjunt Instrumental o Vocal.<br \/>\nAquest programa s\u2019ofereix e<a href=\"https:\/\/agora.xtec.cat\/escmm-viladecavalls\/wp-content\/uploads\/usu1965\/2022\/08\/ffffffffffff.png\"><img loading=\"lazy\" decoding=\"async\" class=\"alignnone size-full wp-image-1434\" src=\"https:\/\/agora.xtec.cat\/escmm-viladecavalls\/wp-content\/uploads\/usu1965\/2022\/08\/ffffffffffff.png\" alt=\"\" width=\"896\" height=\"438\" srcset=\"https:\/\/agora.xtec.cat\/escmm-viladecavalls\/wp-content\/uploads\/usu1965\/2022\/08\/ffffffffffff.png 896w, https:\/\/agora.xtec.cat\/escmm-viladecavalls\/wp-content\/uploads\/usu1965\/2022\/08\/ffffffffffff-300x147.png 300w, https:\/\/agora.xtec.cat\/escmm-viladecavalls\/wp-content\/uploads\/usu1965\/2022\/08\/ffffffffffff-768x375.png 768w\" sizes=\"auto, (max-width: 896px) 100vw, 896px\" \/><\/a>n les modalitats de Cl\u00e0ssic i Modern\/Jazz<\/p>\n","protected":false},"excerpt":{"rendered":"<p>Per tal d\u2019oferir una aproximaci\u00f3 a la m\u00fasica menys reglada i amb menys c\u00e0rrega lectiva, oferim el Programa Conjunts, on l\u2019alumnat apr\u00e8n de forma pr\u00e0ctica formant part d&#8217;un Conjunt Instrumental o Vocal.<br \/>\nAquest programa s\u2019ofereix e<a href=\"https:\/\/agora.xtec.cat\/escmm-viladecavalls\/wp-content\/uploads\/usu1965\/2022\/08\/ffffffffffff.png\"><\/a>n les modalitats de Cl\u00e0ssic i Modern\/Jazz<\/p>\n","protected":false},"author":1,"featured_media":0,"parent":782,"menu_order":0,"comment_status":"closed","ping_status":"closed","template":"","meta":{"_bbp_topic_count":0,"_bbp_reply_count":0,"_bbp_total_topic_count":0,"_bbp_total_reply_count":0,"_bbp_voice_count":0,"_bbp_anonymous_reply_count":0,"_bbp_topic_count_hidden":0,"_bbp_reply_count_hidden":0,"_bbp_forum_subforum_count":0,"footnotes":""},"class_list":["post-1433","page","type-page","status-publish","hentry"],"post_mailing_queue_ids":[],"_links":{"self":[{"href":"https:\/\/agora.xtec.cat\/escmm-viladecavalls\/wp-json\/wp\/v2\/pages\/1433","targetHints":{"allow":["GET"]}}],"collection":[{"href":"https:\/\/agora.xtec.cat\/escmm-viladecavalls\/wp-json\/wp\/v2\/pages"}],"about":[{"href":"https:\/\/agora.xtec.cat\/escmm-viladecavalls\/wp-json\/wp\/v2\/types\/page"}],"author":[{"embeddable":true,"href":"https:\/\/agora.xtec.cat\/escmm-viladecavalls\/wp-json\/wp\/v2\/users\/1"}],"replies":[{"embeddable":true,"href":"https:\/\/agora.xtec.cat\/escmm-viladecavalls\/wp-json\/wp\/v2\/comments?post=1433"}],"version-history":[{"count":1,"href":"https:\/\/agora.xtec.cat\/escmm-viladecavalls\/wp-json\/wp\/v2\/pages\/1433\/revisions"}],"predecessor-version":[{"id":1436,"href":"https:\/\/agora.xtec.cat\/escmm-viladecavalls\/wp-json\/wp\/v2\/pages\/1433\/revisions\/1436"}],"up":[{"embeddable":true,"href":"https:\/\/agora.xtec.cat\/escmm-viladecavalls\/wp-json\/wp\/v2\/pages\/782"}],"wp:attachment":[{"href":"https:\/\/agora.xtec.cat\/escmm-viladecavalls\/wp-json\/wp\/v2\/media?parent=1433"}],"curies":[{"name":"wp","href":"https:\/\/api.w.org\/{rel}","templated":true}]}}