{"id":1329,"date":"2022-02-24T12:20:55","date_gmt":"2022-02-24T11:20:55","guid":{"rendered":"https:\/\/agora.xtec.cat\/escmm-viladecavalls\/?page_id=1329"},"modified":"2022-02-24T12:20:55","modified_gmt":"2022-02-24T11:20:55","slug":"stage-2022","status":"publish","type":"page","link":"https:\/\/agora.xtec.cat\/escmm-viladecavalls\/stage-2022\/","title":{"rendered":"STAGE 2022"},"content":{"rendered":"<h1><strong>STAGE 2022<\/strong><\/h1>\n<p>Un any m\u00e9s, conjuntament amb l\u2019AMPA, us volem oferir la possibilitat de completar la formaci\u00f3 musical del vostres fills i refor\u00e7ar els valors que transmetem amb un Stage, unes col\u00f2nies musicals, en les que farem molta m\u00fasica i ens ho passarem molt b\u00e9.<\/p>\n<h2>LLOC<\/h2>\n<p>Aquest any anirem a la casa de col\u00f2nies <strong>Mas Suro<\/strong>, a Sant Gregori (Girona). Aquesta casa est\u00e0 situada a pocs quil\u00f2metres de Girona, en plena natura. La casa \u00e9s una antiga masia que mant\u00e9 tot el seu encant r\u00fastic. Tindrem la casa en exclusivitat i, tot i que no t\u00e9 teatre, disposarem d\u2019un auditori per al concert a poc m\u00e9s de 2,4km de la casa.<\/p>\n<h2>LES DATES<\/h2>\n<p>L\u2019Stage es far\u00e0 de l\u20191 al 3 d\u2019abril. El divendres 3 sortirem amb autocar des de l\u2019Escola de M\u00fasica a les 17.15 puntuals i els pares haureu de venir a recollir els vostres fills i gaudir de l\u2019espectacle final que us haurem preparat el dia 3 d\u2019abril a la mateixa casa de col\u00f2nies.<\/p>\n<p>El termini d\u2019inscripci\u00f3 \u00e9s del 23 de febrer al 5 de mar\u00e7 a trav\u00e9s de seg\u00fcent <a href=\"https:\/\/forms.office.com\/Pages\/ResponsePage.aspx?id=y-i5Gaa6uUCvfyaX5TdmVOcqbYDnRXdGs7Jreom8BDRUOVdZNjFQRVUxTlA3MEJaSDNMQUNJQzlKNC4u\">FORMULARI INSCRIPCI\u00d3<\/a>.<\/p>\n<p>El termini de pagament ser\u00e0 fins el 18 de mar\u00e7. M\u00e9s avall us expliquem com fer-ho.<\/p>\n<h2>EL FORMAT<\/h2>\n<p>Aquest any l\u2019Stage girar\u00e0 entorn el musical Sing!. Amb els nois prepararem una versi\u00f3 pr\u00f2pia d\u2019aquesta hist\u00f2ria de talentosos animals, tan en la part instrumental com vocal.<\/p>\n<p>Com cada any, en finalitzar l\u2019Stage oferirem un concert\/espectacle per a les fam\u00edlies on esperem que ens ho passem molt b\u00e9. El concert es far\u00e0 el diumenge 3 d\u2019abril a les 16.30 Les Escoles de Cartell\u00e0 on recollireu els vostres fills.<\/p>\n<h2>TRANSPORT ESPECIAL<\/h2>\n<p>Per tal de traslladar-nos, el diumenge dia 3 d\u2019abril, des de Mas Ros fins a les Escoles de Cartell\u00e0 &#8211; i per tal d\u2019evitar el despla\u00e7ament a peu pel voral de la carretera, que \u00e9s l\u00fanic cam\u00ed \u2013 caldr\u00e0 que autoritzeu, o no, els vostres fills\/es a usar el transport privat que oferir\u00e0 l\u2019AMPA i que s\u00f3n els vehicles d\u2019alguns dels professors i de memebres de l\u2019AMPA. Aquesta autoritzaci\u00f3 l\u2019haureu de fer en el moment de realitzar a inscripci\u00f3.<\/p>\n<h2>PREU I PAGAMENT<\/h2>\n<p>Socis: <strong>110\u20ac<\/strong><\/p>\n<p>Descompte de <strong>10\u20ac<\/strong> per germ\u00e0 a partir del 2n germ\u00e0.<\/p>\n<p>No socis: <strong>130\u20ac<\/strong><\/p>\n<p>Compte corrent: ES82 0182 8187 7902 0004 6365<\/p>\n<p>Hi heu de fer constar: <strong>STAGE22 #NOM I COGNOMS DEL PARTICIPANT#<\/strong><\/p>\n<p>&nbsp;<\/p>\n<p>Us seguirem informant!<\/p>\n","protected":false},"excerpt":{"rendered":"<p>STAGE 2022<br \/>\nUn any m\u00e9s, conjuntament amb l\u2019AMPA, us volem oferir la possibilitat de completar la formaci\u00f3 musical del vostres fills i refor\u00e7ar els valors que transmetem amb un Stage, unes col\u00f2nies musicals, en les que farem molta m\u00fasica i ens ho passarem molt b\u00e9.<br \/>\nLLOC<br \/>\nAquest any&hellip;  <a href=\"https:\/\/agora.xtec.cat\/escmm-viladecavalls\/stage-2022\/\" title=\"Read STAGE 2022\">Llegeix m\u00e9s\u00bb<\/a><\/p>\n","protected":false},"author":1,"featured_media":0,"parent":0,"menu_order":0,"comment_status":"closed","ping_status":"closed","template":"","meta":{"_bbp_topic_count":0,"_bbp_reply_count":0,"_bbp_total_topic_count":0,"_bbp_total_reply_count":0,"_bbp_voice_count":0,"_bbp_anonymous_reply_count":0,"_bbp_topic_count_hidden":0,"_bbp_reply_count_hidden":0,"_bbp_forum_subforum_count":0,"footnotes":""},"class_list":["post-1329","page","type-page","status-publish","hentry"],"post_mailing_queue_ids":[],"_links":{"self":[{"href":"https:\/\/agora.xtec.cat\/escmm-viladecavalls\/wp-json\/wp\/v2\/pages\/1329","targetHints":{"allow":["GET"]}}],"collection":[{"href":"https:\/\/agora.xtec.cat\/escmm-viladecavalls\/wp-json\/wp\/v2\/pages"}],"about":[{"href":"https:\/\/agora.xtec.cat\/escmm-viladecavalls\/wp-json\/wp\/v2\/types\/page"}],"author":[{"embeddable":true,"href":"https:\/\/agora.xtec.cat\/escmm-viladecavalls\/wp-json\/wp\/v2\/users\/1"}],"replies":[{"embeddable":true,"href":"https:\/\/agora.xtec.cat\/escmm-viladecavalls\/wp-json\/wp\/v2\/comments?post=1329"}],"version-history":[{"count":1,"href":"https:\/\/agora.xtec.cat\/escmm-viladecavalls\/wp-json\/wp\/v2\/pages\/1329\/revisions"}],"predecessor-version":[{"id":1331,"href":"https:\/\/agora.xtec.cat\/escmm-viladecavalls\/wp-json\/wp\/v2\/pages\/1329\/revisions\/1331"}],"wp:attachment":[{"href":"https:\/\/agora.xtec.cat\/escmm-viladecavalls\/wp-json\/wp\/v2\/media?parent=1329"}],"curies":[{"name":"wp","href":"https:\/\/api.w.org\/{rel}","templated":true}]}}