{"id":1290,"date":"2021-12-03T18:11:45","date_gmt":"2021-12-03T17:11:45","guid":{"rendered":"https:\/\/agora.xtec.cat\/escmm-viladecavalls\/?page_id=1290"},"modified":"2021-12-20T17:02:32","modified_gmt":"2021-12-20T16:02:32","slug":"nadal-21","status":"publish","type":"page","link":"https:\/\/agora.xtec.cat\/escmm-viladecavalls\/nadal-21\/","title":{"rendered":"NADAL 21"},"content":{"rendered":"<p>Benvolgudes fam\u00edlies,<\/p>\n<p>Malauradament, l\u2019augment de casos de Covid 19 a nivell general ens obliga a prendre mesures excepcionals per tal de contribuir a la frenada dels contagis.<\/p>\n<p>Aquestes mesures, sabent-nos molt greu, suposen:<\/p>\n<p><strong>LA SUSPENSI\u00d3 DE TOTS ELS CONCERTS DE NADAL OBERTS AL P\u00daBLIC PREVISTOS PELS DIES 21 I 22<\/strong><\/p>\n<p>En el seu lloc, i per tal de portar-vos, malgrat tot, la joia del Nadal a casa, <strong><u>enregistrarem els concerts a l\u2019Escola de M\u00fasica, amb totes les mesures de seguretat i a porta tancada<\/u><\/strong>. Els publicarem al nostre cabal de Youtube, en privat, per tal que en pugueu gaudir en fam\u00edlia els dies de Nadal.<\/p>\n<p>Com ho farem? Tot seguit us ho detallem:<\/p>\n<p><span style=\"color: #800080;\"><strong>DILLUNS 20 <\/strong><\/span><\/p>\n<p><strong>&#8211; RECORDEU QUE HI HA CLASSES NORMALS<\/strong><\/p>\n<p>&#8211; Gravaci\u00f3 Banda Juvenil (B\u00e0sic 3 fins a Adults a l\u2019hora de classe de sempre)<\/p>\n<p>&#8211; Gravaci\u00f3 Conjunt Piano Juvenil (B\u00e0sic 3 fins a Adults a l\u2019hora de classe de sempre)<\/p>\n<p><span style=\"color: #800080;\"><strong>DIMARTS 21 <\/strong><\/span><\/p>\n<p>&#8211; 17.30 a 18.15 \u2013 Gravaci\u00f3 Coral 1r Vilasona Rosella, Campanetes (1r de prim\u00e0ria) i Iniciaci\u00f3 (cal portar l\u2019instrument)<\/p>\n<p>&#8211; 18.15 a 19.00 \u2013 Gravaci\u00f3 Combo dimarts (H\u00e9ctor)<\/p>\n<p>&#8211; 18.15 a 19.00 \u2013 Gravaci\u00f3 Banda Infantil (vent i percussi\u00f3) i Conjunt Pianos Infantil (B\u00e0sic 1 i B\u00e0sic2)<\/p>\n<p>&#8211; 19.00 a 19.45 \u2013 Gravaci\u00f3 Coral B\u00e0sic 1 i B\u00e0sic 2<\/p>\n<p><span style=\"color: #800080;\"><strong>DIMECRES 22<\/strong><\/span><\/p>\n<p>&#8211; 17.30 a 18.15 \u2013 Gravaci\u00f3 Coral P4 i P5 (Rosella i Escola M\u00fasica)<\/p>\n<p>&#8211; 18.30 a 19.15 \u2013 Gravaci\u00f3 Coral B\u00e0sic 3 fins a Avan\u00e7at<\/p>\n<p>Totes les gravacions les penjarem al canal de Youtube a partir de dijous 23 de desembre.<\/p>\n<p><a href=\"https:\/\/www.youtube.com\/channel\/UC0aMF5n1_M0sBfnlTijAtMg\">https:\/\/www.youtube.com\/channel\/UC0aMF5n1_M0sBfnlTijAtMg<\/a><\/p>\n<p>RECORDEU QUE:<\/p>\n<ul>\n<li>No heu de venir a l\u2019escola en cas que estigueu confinats, sigueu contacte estret d\u2019un positiu i no estigueu vacunats o presenteu s\u00edmptomes<\/li>\n<li>\u00c9s indispensable dur la mascareta<\/li>\n<li>Les fam\u00edlies no podreu accedir a l\u2019escola<\/li>\n<li>LA ASSIST\u00c8NCIA NO \u00c9S OBLIGAT\u00d2RIA<\/li>\n<li>Avui dilluns dia 20 HI HA CLASSES NORMALS<\/li>\n<\/ul>\n<p>Moltes gr\u00e0cies!!<\/p>\n<p><span style=\"color: #ff0000;\"><del>Benvolgudes fam\u00edlies,<\/del><\/span><\/p>\n<p><span style=\"color: #ff0000;\"><del>Ja s\u2019apropa el Nadal i us volem avan\u00e7ar els actes i concerts que farem per celebrar-lo junts.<\/del><\/span><\/p>\n<p><span style=\"color: #ff0000;\"><del>Es faran\u00a0<u><strong>classes normals<\/strong><\/u>\u00a0amb horaris habituals\u00a0<u>fins dimarts dia 14 de desembre incl\u00f2s i tamb\u00e9 el dilluns dia 20<\/u>.<\/del><\/span><\/p>\n<p><span style=\"color: #ff0000;\"><del>Entre dimecres 15 i dimecres 22 farem diversos\u00a0<u><strong>assaigs\u00a0<\/strong><\/u>i\u00a0<b><u>concerts<\/u><\/b>\u00a0de les formacions que us detallem:<\/del><\/span><\/p>\n<h3><span style=\"color: #ff0000;\"><del><b>DIMECRES 15<\/b><\/del><\/span><\/h3>\n<p><span style=\"color: #ff0000;\"><del>-17:30-18:00\u00a0<b>Assaig<\/b>\u00a0P4 i P5 del seu espectacle de Nadal.\u00a0A l\u2019Escola de M\u00fasica.<\/del><\/span><\/p>\n<p><span style=\"color: #ff0000;\"><del>-17:30-18:30\u00a0<b>Assaig<\/b>\u00a0Banda Juvenil (de B\u00e0sic 3 fins Avan\u00e7at i Adults). A l\u2019Escola de M\u00fasica.<\/del><\/span><\/p>\n<p><span style=\"color: #ff0000;\"><del>-18:30-19:15\u00a0<b>Assaig<\/b>\u00a0Coral (B\u00e0sic 3 fins Avan\u00e7at 2). A l\u2019Escola de M\u00fasica.<\/del><\/span><\/p>\n<p><span style=\"color: #ff0000;\"><del>-19:30-20:30\u00a0<strong>Assaig<\/strong>\u00a0Cantada de Nadales popular per la Marat\u00f3 TV3. Tothom qui ho vulgui. A l\u2019Escola de M\u00fasica.<\/del><\/span><\/p>\n<h3><span style=\"color: #ff0000;\"><del><b>DIJOUS 16<\/b><\/del><\/span><\/h3>\n<p><span style=\"color: #ff0000;\"><del>-17:30-18:15\u00a0<b>Assaig<\/b>\u00a0Banda Infantil (Vent i Percussi\u00f3 B\u00e0sic 1 i B\u00e0sic 2). A l\u2019Escola de M\u00fasica.<\/del><\/span><\/p>\n<p><span style=\"color: #ff0000;\"><del>-17:30-18:15\u00a0<b>Assaig<\/b>\u00a0\u201cConte de Nadal\u201d\u00a0(P4, P, 1r i 2n, Campanetes i Iniciaci\u00f3. Cal dur l&#8217;instrument)\u00a0A l\u2019Escola de M\u00fasica.<\/del><\/span><\/p>\n<p><span style=\"color: #ff0000;\"><del>-19:00\u00a0<b>CONCERT<\/b>\u00a0de Corda i Guitarres (Tots els Conjunts des de B1 fins a A2)<\/del><\/span><\/p>\n<h3><span style=\"color: #ff0000;\"><del><strong>DIVENDRES 17<\/strong><\/del><\/span><\/h3>\n<p><span style=\"color: #ff0000;\"><del>No hi haur\u00e0 classes potser algun assaig d\u2019adults que ja avisarem.<\/del><\/span><\/p>\n<h3><span style=\"color: #ff0000;\"><del><strong>DIUMENGE 18<\/strong><\/del><\/span><\/h3>\n<p><span style=\"color: #ff0000;\"><del>Participaci\u00f3 a la Marat\u00f3 TV3<\/del><\/span><\/p>\n<p><span style=\"color: #ff0000;\"><del>-17.00 Concert de NiranBand<\/del><\/span><\/p>\n<p><span style=\"color: #ff0000;\"><del>-19.30 Cantada popular de Nadales (alumnes de B3 i fins a A2 i tots els familiars i amics que vulguin)<\/del><\/span><\/p>\n<h3><span style=\"color: #ff0000;\"><del><strong>DILLUNS 20<\/strong><\/del><\/span><\/h3>\n<p><span style=\"color: #ff0000;\"><del><b>CLASSES<\/b>\u00a0normals amb horari habitual.<\/del><\/span><\/p>\n<h3><span style=\"color: #ff0000;\"><del><strong>DIMARTS 21<\/strong><\/del><\/span><\/h3>\n<p><span style=\"color: #ff0000;\"><del>-18:00-18:30\u00a0<b>CONCERT<\/b>\u00a0\u201cConte de Nadal\u201d (P4, P5, 1r i 2n) i\u00a0<b>CONCERT<\/b>\u00a0Coral Petits (1r i 2n Campanetes i Iniciaci\u00f3).\u00a0\u00a0Al Centre C\u00edvic Paco Cano de Can Trias.<\/del><\/span><\/p>\n<p><span style=\"color: #ff0000;\"><del>-19:00-20:00\u00a0<b>CONCERT<\/b>\u00a0Coral Infantil (B\u00e0sic 1 i 2) i Coral Juvenil (B\u00e0sic 3 fins Avan\u00e7at 2). Al Centre C\u00edvic Paco Cano de Can Trias.<\/del><\/span><\/p>\n<h3><span style=\"color: #ff0000;\"><del><b>DIMECRES 22<\/b><\/del><\/span><\/h3>\n<p><span style=\"color: #ff0000;\"><del>-18:00\u00a0<b>CONCERT<\/b>\u00a0de Pianos (tots els Conjunts de Piano des de B1 fins a A2) &#8211; A l\u2019Auditori de l\u2019Escola de M\u00fasica.<\/del><\/span><\/p>\n<p><span style=\"color: #ff0000;\"><del>-19:00\u00a0<b>CONCERT<\/b>\u00a0Banda Infantil (B\u00e0sic 1 i 2), Banda Juvenil (B\u00e0sic 3 fins Adults), Combo Jazz (grup de dimarts de l\u2019H\u00e8ctor) i\u00a0Taller de Saxos i Taller de Clarinets.\u00a0Als baixos de la Biblioteca.<\/del><\/span><\/p>\n<p><span style=\"color: #ff0000;\"><del>Ja podeu anar reservant aquests dies per gaudir-ne tots plegats!<\/del><\/span><\/p>\n","protected":false},"excerpt":{"rendered":"<p>Benvolgudes fam\u00edlies,<br \/>\nMalauradament, l\u2019augment de casos de Covid 19 a nivell general ens obliga a prendre mesures excepcionals per tal de contribuir a la frenada dels contagis.<br \/>\nAquestes mesures, sabent-nos molt greu, suposen:<br \/>\nLA SUSPENSI\u00d3 DE TOTS ELS CONCERTS DE NADAL OBERTS AL P\u00daBLIC PREVISTOS PELS DIES 21&hellip;  <a href=\"https:\/\/agora.xtec.cat\/escmm-viladecavalls\/nadal-21\/\" title=\"Read NADAL 21\">Llegeix m\u00e9s\u00bb<\/a><\/p>\n","protected":false},"author":1,"featured_media":0,"parent":0,"menu_order":0,"comment_status":"closed","ping_status":"closed","template":"","meta":{"_bbp_topic_count":0,"_bbp_reply_count":0,"_bbp_total_topic_count":0,"_bbp_total_reply_count":0,"_bbp_voice_count":0,"_bbp_anonymous_reply_count":0,"_bbp_topic_count_hidden":0,"_bbp_reply_count_hidden":0,"_bbp_forum_subforum_count":0,"footnotes":""},"class_list":["post-1290","page","type-page","status-publish","hentry"],"post_mailing_queue_ids":[],"_links":{"self":[{"href":"https:\/\/agora.xtec.cat\/escmm-viladecavalls\/wp-json\/wp\/v2\/pages\/1290","targetHints":{"allow":["GET"]}}],"collection":[{"href":"https:\/\/agora.xtec.cat\/escmm-viladecavalls\/wp-json\/wp\/v2\/pages"}],"about":[{"href":"https:\/\/agora.xtec.cat\/escmm-viladecavalls\/wp-json\/wp\/v2\/types\/page"}],"author":[{"embeddable":true,"href":"https:\/\/agora.xtec.cat\/escmm-viladecavalls\/wp-json\/wp\/v2\/users\/1"}],"replies":[{"embeddable":true,"href":"https:\/\/agora.xtec.cat\/escmm-viladecavalls\/wp-json\/wp\/v2\/comments?post=1290"}],"version-history":[{"count":3,"href":"https:\/\/agora.xtec.cat\/escmm-viladecavalls\/wp-json\/wp\/v2\/pages\/1290\/revisions"}],"predecessor-version":[{"id":1296,"href":"https:\/\/agora.xtec.cat\/escmm-viladecavalls\/wp-json\/wp\/v2\/pages\/1290\/revisions\/1296"}],"wp:attachment":[{"href":"https:\/\/agora.xtec.cat\/escmm-viladecavalls\/wp-json\/wp\/v2\/media?parent=1290"}],"curies":[{"name":"wp","href":"https:\/\/api.w.org\/{rel}","templated":true}]}}