{"id":1122,"date":"2020-09-10T21:26:36","date_gmt":"2020-09-10T19:26:36","guid":{"rendered":"https:\/\/agora.xtec.cat\/escmm-viladecavalls\/?page_id=1122"},"modified":"2020-09-10T21:26:36","modified_gmt":"2020-09-10T19:26:36","slug":"declaracio-responsable","status":"publish","type":"page","link":"https:\/\/agora.xtec.cat\/escmm-viladecavalls\/declaracio-responsable\/","title":{"rendered":"Declaraci\u00f3 Responsable"},"content":{"rendered":"<p>\u00c9s indispensable, en comen\u00e7ar el curs, que ens feu arribar la vostra Declaraci\u00f3 Responsable degudament omplenada i signada.<\/p>\n<p><a href=\"https:\/\/agora.xtec.cat\/escmm-viladecavalls\/wp-content\/uploads\/usu1965\/2020\/09\/Declaraci\u00f3-responsable-menors.pdf\">Declaraci\u00f3 responsable menors<\/a><\/p>\n<p><a href=\"https:\/\/agora.xtec.cat\/escmm-viladecavalls\/wp-content\/uploads\/usu1965\/2020\/09\/Declaraci\u00f3-responsable-adults.pdf\">Declaraci\u00f3 responsable adults<\/a><\/p>\n","protected":false},"excerpt":{"rendered":"<p>\u00c9s indispensable, en comen\u00e7ar el curs, que ens feu arribar la vostra Declaraci\u00f3 Responsable degudament omplenada i signada.<br \/>\n<a href=\"https:\/\/agora.xtec.cat\/escmm-viladecavalls\/wp-content\/uploads\/usu1965\/2020\/09\/Declaraci\u00f3-responsable-menors.pdf\">Declaraci\u00f3 responsable menors<\/a><br \/>\n<a href=\"https:\/\/agora.xtec.cat\/escmm-viladecavalls\/wp-content\/uploads\/usu1965\/2020\/09\/Declaraci\u00f3-responsable-adults.pdf\">Declaraci\u00f3 responsable adults<\/a><\/p>\n","protected":false},"author":1,"featured_media":0,"parent":0,"menu_order":0,"comment_status":"closed","ping_status":"closed","template":"","meta":{"_bbp_topic_count":0,"_bbp_reply_count":0,"_bbp_total_topic_count":0,"_bbp_total_reply_count":0,"_bbp_voice_count":0,"_bbp_anonymous_reply_count":0,"_bbp_topic_count_hidden":0,"_bbp_reply_count_hidden":0,"_bbp_forum_subforum_count":0,"footnotes":""},"class_list":["post-1122","page","type-page","status-publish","hentry"],"post_mailing_queue_ids":[],"_links":{"self":[{"href":"https:\/\/agora.xtec.cat\/escmm-viladecavalls\/wp-json\/wp\/v2\/pages\/1122","targetHints":{"allow":["GET"]}}],"collection":[{"href":"https:\/\/agora.xtec.cat\/escmm-viladecavalls\/wp-json\/wp\/v2\/pages"}],"about":[{"href":"https:\/\/agora.xtec.cat\/escmm-viladecavalls\/wp-json\/wp\/v2\/types\/page"}],"author":[{"embeddable":true,"href":"https:\/\/agora.xtec.cat\/escmm-viladecavalls\/wp-json\/wp\/v2\/users\/1"}],"replies":[{"embeddable":true,"href":"https:\/\/agora.xtec.cat\/escmm-viladecavalls\/wp-json\/wp\/v2\/comments?post=1122"}],"version-history":[{"count":1,"href":"https:\/\/agora.xtec.cat\/escmm-viladecavalls\/wp-json\/wp\/v2\/pages\/1122\/revisions"}],"predecessor-version":[{"id":1124,"href":"https:\/\/agora.xtec.cat\/escmm-viladecavalls\/wp-json\/wp\/v2\/pages\/1122\/revisions\/1124"}],"wp:attachment":[{"href":"https:\/\/agora.xtec.cat\/escmm-viladecavalls\/wp-json\/wp\/v2\/media?parent=1122"}],"curies":[{"name":"wp","href":"https:\/\/api.w.org\/{rel}","templated":true}]}}