{"id":1055,"date":"2020-07-22T15:15:59","date_gmt":"2020-07-22T13:15:59","guid":{"rendered":"https:\/\/agora.xtec.cat\/escmm-viladecavalls\/?page_id=1055"},"modified":"2020-07-22T15:15:59","modified_gmt":"2020-07-22T13:15:59","slug":"vilasona","status":"publish","type":"page","link":"https:\/\/agora.xtec.cat\/escmm-viladecavalls\/vilasona\/","title":{"rendered":"Vilasona!"},"content":{"rendered":"<h2 class=\"documentFirstHeading text-uppercase mb-4 mt-0 \">VILASONA, PROJECTE D&#8217;EDUCACI\u00d3 MUSICAL A LES ESCOLES DE VILADECAVALLS<\/h2>\n<div id=\"viewlet-below-content-title\"><\/div>\n<h4 class=\"documentDescription description font-text text-large\">VILASONA \u00e9s un projecte ideat per la Regidoria d&#8217;Ensenyament de l&#8217;Ajuntament de Viladecavalls en col\u2022laboraci\u00f3 amb els diferents centres municipals d&#8217;educaci\u00f3 del municipi: l&#8217;Escola Rosella, l&#8217;Escola Roc Blanc i l&#8217;EMM Pau Casals.<\/h4>\n<div><\/div>\n<p>El projecte VILASONA ofereix l&#8217;oportunitat d&#8217;accedir a la formaci\u00f3 musical a les escoles de prim\u00e0ria de Viladecavalls, amb una clara voluntat per fomentar la pr\u00e0ctica musical entre els nens i nenes i potenciar les \u00e0rees de coneixement dels infants a trav\u00e9s de la m\u00fasica.<\/p>\n<p>Per fer-ho, en horari extraescolar de migdia, s&#8217;ofereix pels alumnes des de P4 i fina a 1r de Prim\u00e0ria, que tindran la possibilitat de fer Sensibilitzaci\u00f3 Musical dins de les escoles.<\/p>\n<p>Durant els cursos seg\u00fcents el projecte VILASONA treballar\u00e0 per la creaci\u00f3 de l&#8217;Orquestra Infantil Vilasona!, una formaci\u00f3 musical on els alumnes Prim\u00e0ria seran capa\u00e7os de tocar un instrument i de dur a terme diferents concerts.<\/p>\n","protected":false},"excerpt":{"rendered":"<p>VILASONA, PROJECTE D&#8217;EDUCACI\u00d3 MUSICAL A LES ESCOLES DE VILADECAVALLS<\/p>\n<p>VILASONA \u00e9s un projecte ideat per la Regidoria d&#8217;Ensenyament de l&#8217;Ajuntament de Viladecavalls en col\u2022laboraci\u00f3 amb els diferents centres municipals d&#8217;educaci\u00f3 del municipi: l&#8217;Escola Rosella, l&#8217;Escola Roc Blanc i l&#8217;EMM Pau Casals.<\/p>\n<p>El projecte VILASONA ofereix l&#8217;oportunitat d&#8217;accedir&hellip;  <a href=\"https:\/\/agora.xtec.cat\/escmm-viladecavalls\/vilasona\/\" title=\"Read Vilasona!\">Llegeix m\u00e9s\u00bb<\/a><\/p>\n","protected":false},"author":1,"featured_media":0,"parent":0,"menu_order":0,"comment_status":"closed","ping_status":"closed","template":"","meta":{"_bbp_topic_count":0,"_bbp_reply_count":0,"_bbp_total_topic_count":0,"_bbp_total_reply_count":0,"_bbp_voice_count":0,"_bbp_anonymous_reply_count":0,"_bbp_topic_count_hidden":0,"_bbp_reply_count_hidden":0,"_bbp_forum_subforum_count":0,"footnotes":""},"class_list":["post-1055","page","type-page","status-publish","hentry"],"post_mailing_queue_ids":[],"_links":{"self":[{"href":"https:\/\/agora.xtec.cat\/escmm-viladecavalls\/wp-json\/wp\/v2\/pages\/1055","targetHints":{"allow":["GET"]}}],"collection":[{"href":"https:\/\/agora.xtec.cat\/escmm-viladecavalls\/wp-json\/wp\/v2\/pages"}],"about":[{"href":"https:\/\/agora.xtec.cat\/escmm-viladecavalls\/wp-json\/wp\/v2\/types\/page"}],"author":[{"embeddable":true,"href":"https:\/\/agora.xtec.cat\/escmm-viladecavalls\/wp-json\/wp\/v2\/users\/1"}],"replies":[{"embeddable":true,"href":"https:\/\/agora.xtec.cat\/escmm-viladecavalls\/wp-json\/wp\/v2\/comments?post=1055"}],"version-history":[{"count":2,"href":"https:\/\/agora.xtec.cat\/escmm-viladecavalls\/wp-json\/wp\/v2\/pages\/1055\/revisions"}],"predecessor-version":[{"id":1057,"href":"https:\/\/agora.xtec.cat\/escmm-viladecavalls\/wp-json\/wp\/v2\/pages\/1055\/revisions\/1057"}],"wp:attachment":[{"href":"https:\/\/agora.xtec.cat\/escmm-viladecavalls\/wp-json\/wp\/v2\/media?parent=1055"}],"curies":[{"name":"wp","href":"https:\/\/api.w.org\/{rel}","templated":true}]}}