{"id":73,"date":"2014-09-18T14:01:51","date_gmt":"2014-09-18T13:01:51","guid":{"rendered":"http:\/\/agora.xtec.cat\/escminyonsdurgell\/?page_id=73"},"modified":"2025-09-03T15:52:40","modified_gmt":"2025-09-03T13:52:40","slug":"menjador-escolar","status":"publish","type":"page","link":"https:\/\/agora.xtec.cat\/escminyonsdurgell\/serveis\/menjador-escolar\/","title":{"rendered":"Menjador escolar"},"content":{"rendered":"<p>El menjador escolar de l&#8217;escola de Fondarella est\u00e0 gestionat per l&#8217;empresa Residom, i els men\u00fas els gestiona l&#8217;empresa Qu\u00e0lia.<\/p>\n<p><a href=\"https:\/\/drive.google.com\/file\/d\/14LudQHm6dMqLfCvphhNr_zUUFeRX6Xb6\/view?usp=sharing\">CARTA DE PRESENTACI\u00d3 RESIDOM<\/a><\/p>\n<p><a href=\"https:\/\/www.qualiacoop.cat\/menu-del-mes\/\"><img loading=\"lazy\" decoding=\"async\" class=\"alignnone size-full wp-image-16309\" src=\"https:\/\/agora.xtec.cat\/escminyonsdurgell\/wp-content\/uploads\/usu1036\/2025\/09\/baixa-3.png\" alt=\"\" width=\"225\" height=\"225\" srcset=\"https:\/\/agora.xtec.cat\/escminyonsdurgell\/wp-content\/uploads\/usu1036\/2025\/09\/baixa-3.png 225w, https:\/\/agora.xtec.cat\/escminyonsdurgell\/wp-content\/uploads\/usu1036\/2025\/09\/baixa-3-150x150.png 150w\" sizes=\"auto, (max-width: 225px) 100vw, 225px\" \/><\/a> \u00a0\u00a0 \u00a0\u00a0 \u00a0\u00a0 \u00a0\u00a0 \u00a0\u00a0 \u00a0\u00a0 \u00a0\u00a0 \u00a0\u00a0 \u00a0\u00a0<a href=\"https:\/\/app.lleurequalia.cat\/login\"><img loading=\"lazy\" decoding=\"async\" class=\"alignnone size-full wp-image-16310\" src=\"https:\/\/agora.xtec.cat\/escminyonsdurgell\/wp-content\/uploads\/usu1036\/2025\/09\/baixa-2.png\" alt=\"\" width=\"225\" height=\"225\" srcset=\"https:\/\/agora.xtec.cat\/escminyonsdurgell\/wp-content\/uploads\/usu1036\/2025\/09\/baixa-2.png 225w, https:\/\/agora.xtec.cat\/escminyonsdurgell\/wp-content\/uploads\/usu1036\/2025\/09\/baixa-2-150x150.png 150w\" sizes=\"auto, (max-width: 225px) 100vw, 225px\" \/><\/a><\/p>\n","protected":false},"excerpt":{"rendered":"<p>El menjador escolar de l&#8217;escola de Fondarella est\u00e0 gestionat per l&#8217;empresa Residom, i els men\u00fas els gestiona l&#8217;empresa Qu\u00e0lia. CARTA DE PRESENTACI\u00d3 RESIDOM \u00a0\u00a0 \u00a0\u00a0 \u00a0\u00a0 \u00a0\u00a0 \u00a0\u00a0 \u00a0\u00a0 \u00a0\u00a0 \u00a0\u00a0 \u00a0\u00a0<\/p>\n","protected":false},"author":1,"featured_media":0,"parent":66,"menu_order":30,"comment_status":"closed","ping_status":"closed","template":"","meta":{"_bbp_topic_count":0,"_bbp_reply_count":0,"_bbp_total_topic_count":0,"_bbp_total_reply_count":0,"_bbp_voice_count":0,"_bbp_anonymous_reply_count":0,"_bbp_topic_count_hidden":0,"_bbp_reply_count_hidden":0,"_bbp_forum_subforum_count":0,"site-sidebar-layout":"default","site-content-layout":"","ast-site-content-layout":"default","site-content-style":"default","site-sidebar-style":"default","ast-global-header-display":"","ast-banner-title-visibility":"","ast-main-header-display":"","ast-hfb-above-header-display":"","ast-hfb-below-header-display":"","ast-hfb-mobile-header-display":"","site-post-title":"","ast-breadcrumbs-content":"","ast-featured-img":"","footer-sml-layout":"","theme-transparent-header-meta":"default","adv-header-id-meta":"","stick-header-meta":"","header-above-stick-meta":"","header-main-stick-meta":"","header-below-stick-meta":"","astra-migrate-meta-layouts":"set","ast-page-background-enabled":"default","ast-page-background-meta":{"desktop":{"background-color":"var(--ast-global-color-4)","background-image":"","background-repeat":"repeat","background-position":"center center","background-size":"auto","background-attachment":"scroll","background-type":"","background-media":"","overlay-type":"","overlay-color":"","overlay-opacity":"","overlay-gradient":""},"tablet":{"background-color":"","background-image":"","background-repeat":"repeat","background-position":"center center","background-size":"auto","background-attachment":"scroll","background-type":"","background-media":"","overlay-type":"","overlay-color":"","overlay-opacity":"","overlay-gradient":""},"mobile":{"background-color":"","background-image":"","background-repeat":"repeat","background-position":"center center","background-size":"auto","background-attachment":"scroll","background-type":"","background-media":"","overlay-type":"","overlay-color":"","overlay-opacity":"","overlay-gradient":""}},"ast-content-background-meta":{"desktop":{"background-color":"var(--ast-global-color-5)","background-image":"","background-repeat":"repeat","background-position":"center center","background-size":"auto","background-attachment":"scroll","background-type":"","background-media":"","overlay-type":"","overlay-color":"","overlay-opacity":"","overlay-gradient":""},"tablet":{"background-color":"var(--ast-global-color-5)","background-image":"","background-repeat":"repeat","background-position":"center center","background-size":"auto","background-attachment":"scroll","background-type":"","background-media":"","overlay-type":"","overlay-color":"","overlay-opacity":"","overlay-gradient":""},"mobile":{"background-color":"var(--ast-global-color-5)","background-image":"","background-repeat":"repeat","background-position":"center center","background-size":"auto","background-attachment":"scroll","background-type":"","background-media":"","overlay-type":"","overlay-color":"","overlay-opacity":"","overlay-gradient":""}},"footnotes":""},"class_list":["post-73","page","type-page","status-publish","hentry"],"post_mailing_queue_ids":[],"_links":{"self":[{"href":"https:\/\/agora.xtec.cat\/escminyonsdurgell\/wp-json\/wp\/v2\/pages\/73","targetHints":{"allow":["GET"]}}],"collection":[{"href":"https:\/\/agora.xtec.cat\/escminyonsdurgell\/wp-json\/wp\/v2\/pages"}],"about":[{"href":"https:\/\/agora.xtec.cat\/escminyonsdurgell\/wp-json\/wp\/v2\/types\/page"}],"author":[{"embeddable":true,"href":"https:\/\/agora.xtec.cat\/escminyonsdurgell\/wp-json\/wp\/v2\/users\/1"}],"replies":[{"embeddable":true,"href":"https:\/\/agora.xtec.cat\/escminyonsdurgell\/wp-json\/wp\/v2\/comments?post=73"}],"version-history":[{"count":8,"href":"https:\/\/agora.xtec.cat\/escminyonsdurgell\/wp-json\/wp\/v2\/pages\/73\/revisions"}],"predecessor-version":[{"id":16315,"href":"https:\/\/agora.xtec.cat\/escminyonsdurgell\/wp-json\/wp\/v2\/pages\/73\/revisions\/16315"}],"up":[{"embeddable":true,"href":"https:\/\/agora.xtec.cat\/escminyonsdurgell\/wp-json\/wp\/v2\/pages\/66"}],"wp:attachment":[{"href":"https:\/\/agora.xtec.cat\/escminyonsdurgell\/wp-json\/wp\/v2\/media?parent=73"}],"curies":[{"name":"wp","href":"https:\/\/api.w.org\/{rel}","templated":true}]}}