{"id":28,"date":"2014-09-18T12:29:35","date_gmt":"2014-09-18T11:29:35","guid":{"rendered":"http:\/\/agora.xtec.cat\/escminyonsdurgell\/?page_id=28"},"modified":"2025-12-17T13:54:00","modified_gmt":"2025-12-17T12:54:00","slug":"consell-escolar","status":"publish","type":"page","link":"https:\/\/agora.xtec.cat\/escminyonsdurgell\/lescola\/consell-escolar\/","title":{"rendered":"Consell escolar"},"content":{"rendered":"<p>El <strong>Consell Escolar<\/strong> del centre \u00e9s l\u2019\u00f2rgan col\u00b7legiat on estan representats els diferents sectors de la comunitat educativa<\/p>\n<p>( pares, mares, mestres , ajuntament i serveis ). Les seves funcions s\u00f3n coordinar , aprovar i gestionar totes les activitats del centre .<\/p>\n<p><strong><u>Composici\u00f3 actual del Consell Escolar de l&#8217;escola<\/u><\/strong><\/p>\n<p><strong>Presidenta<\/strong> : Director\/a<\/p>\n<p><strong>Cap d&#8217;Estudis<\/strong>: 1<\/p>\n<p><strong>Secret\u00e0ria<\/strong>: 1<\/p>\n<p><strong>Representants de mestres:<\/strong> 4<\/p>\n<p><strong>Representant de l\u2019AFA<\/strong> : 1<\/p>\n<p><strong>Representants del pares<\/strong>:\u00a0 \u00a04<\/p>\n<p><strong>Representant municipal<\/strong> :\u00a0 \u00a0 1<\/p>\n<p>&nbsp;<\/p>\n<p><b>Composici\u00f3 del Consell Escolar de l&#8217;escola Curs 25-26:<\/b><\/p>\n<p>&nbsp;<\/p>\n<table style=\"width: 100%;\">\n<tbody>\n<tr>\n<td style=\"width: 23.6591%;\"><b>Presidenta<\/b><span style=\"font-weight: 400;\"> :<\/span><\/td>\n<td style=\"width: 76.2675%;\">Noem\u00ed M.<\/td>\n<\/tr>\n<tr>\n<td style=\"width: 23.6591%;\"><b>Cap d&#8217;Estudis<\/b><span style=\"font-weight: 400;\">:<\/span><\/td>\n<td style=\"width: 76.2675%;\"><span style=\"font-weight: 400;\">N\u00faria P.\u00a0<\/span><\/td>\n<\/tr>\n<tr>\n<td style=\"width: 23.6591%;\"><b>Secret\u00e0ria<\/b><span style=\"font-weight: 400;\">:\u00a0<\/span><\/td>\n<td style=\"width: 76.2675%;\"><span style=\"font-weight: 400;\">Meritxell B. <\/span><\/td>\n<\/tr>\n<tr>\n<td style=\"width: 23.6591%;\"><b>Representants de mestres:<\/b><\/td>\n<td style=\"width: 76.2675%;\"><span style=\"font-weight: 400;\">Maria\u00a0 N.<\/span><\/p>\n<p><span style=\"font-weight: 400;\">Estefania S.<\/span><\/p>\n<p><span style=\"font-weight: 400;\">Montse V.<\/span><\/p>\n<p><span style=\"font-weight: 400;\">Marta F.<\/span><\/td>\n<\/tr>\n<tr>\n<td style=\"width: 23.6591%;\"><b>Representant de l\u2019AFA<\/b><span style=\"font-weight: 400;\"> :\u00a0\u00a0<\/span><\/td>\n<td style=\"width: 76.2675%;\"><span style=\"font-weight: 400;\">Toni A.<\/span><\/td>\n<\/tr>\n<tr>\n<td style=\"width: 23.6591%;\"><b>Representants de les fam\u00edlies<\/b><span style=\"font-weight: 400;\">:<\/span><\/td>\n<td style=\"width: 76.2675%;\"><span style=\"font-weight: 400;\">Diego T.<\/span><\/p>\n<p><span style=\"font-weight: 400;\">Merche B.<\/span><\/p>\n<p>Jessica G.<\/p>\n<p>Estel S.<\/td>\n<\/tr>\n<tr>\n<td style=\"width: 23.6591%;\"><b>Representant municipal<\/b><span style=\"font-weight: 400;\"> :\u00a0\u00a0\u00a0\u00a0<\/span><\/td>\n<td style=\"width: 76.2675%;\"><span style=\"font-weight: 400;\">Magda M.<\/span><\/td>\n<\/tr>\n<\/tbody>\n<\/table>\n<p>&nbsp;<\/p>\n<p><strong>RENOVACI\u00d3 CONSELL ESCOLAR CURS 25-26<\/strong><\/p>\n<p>Les persones del consell escolar s\u00f3n elegides per un per\u00edode de quatre anys i es renoven per meitats cada dos anys.<br \/>\n\u2013 Les eleccions per a la constituci\u00f3 o renovaci\u00f3 de membres del consell escolar, les convoca el director o directora del centre.<br \/>\n\u2013 Les vacants del consell escolar s\u2019han d\u2019ocupar pel procediment establert a les normes d\u2019organitzaci\u00f3 i funcionament del centre.<br \/>\n\u2013 La condici\u00f3 de membre del consell escolar es perd quan es deixa el c\u00e0rrec que comporta ser-ne membre, quan es deixa de complir algun dels requisits per ser elegible o quan l\u2019\u00f2rgan que l\u2019ha designat en revoca la designaci\u00f3.<br \/>\n\u2013 Transcorregut el termini de dos anys de la darrera renovaci\u00f3, la direcci\u00f3 convocar\u00e0 eleccions per a la renovaci\u00f3 parcial dels membres del consell escolar del centre, en la meitat que en cada cas correspongui, d\u2019acord amb la regulaci\u00f3.<br \/>\n\u2013 El consell escolar es reunir\u00e0, com a m\u00ednim, a l\u2019inici de curs i far\u00e0 una reuni\u00f3 cada trimestre i una al final de curs.<\/p>\n","protected":false},"excerpt":{"rendered":"<p>El Consell Escolar del centre \u00e9s l\u2019\u00f2rgan col\u00b7legiat on estan representats els diferents sectors de la comunitat educativa ( pares, mares, mestres , ajuntament i serveis ). Les seves funcions s\u00f3n coordinar , aprovar i gestionar totes les activitats del centre . Composici\u00f3 actual del Consell Escolar de l&#8217;escola Presidenta : Director\/a Cap d&#8217;Estudis: 1 [&hellip;]<\/p>\n","protected":false},"author":1,"featured_media":0,"parent":22,"menu_order":30,"comment_status":"closed","ping_status":"closed","template":"","meta":{"_bbp_topic_count":0,"_bbp_reply_count":0,"_bbp_total_topic_count":0,"_bbp_total_reply_count":0,"_bbp_voice_count":0,"_bbp_anonymous_reply_count":0,"_bbp_topic_count_hidden":0,"_bbp_reply_count_hidden":0,"_bbp_forum_subforum_count":0,"site-sidebar-layout":"default","site-content-layout":"","ast-site-content-layout":"default","site-content-style":"default","site-sidebar-style":"default","ast-global-header-display":"","ast-banner-title-visibility":"","ast-main-header-display":"","ast-hfb-above-header-display":"","ast-hfb-below-header-display":"","ast-hfb-mobile-header-display":"","site-post-title":"","ast-breadcrumbs-content":"","ast-featured-img":"","footer-sml-layout":"","theme-transparent-header-meta":"default","adv-header-id-meta":"","stick-header-meta":"","header-above-stick-meta":"","header-main-stick-meta":"","header-below-stick-meta":"","astra-migrate-meta-layouts":"set","ast-page-background-enabled":"default","ast-page-background-meta":{"desktop":{"background-color":"var(--ast-global-color-4)","background-image":"","background-repeat":"repeat","background-position":"center center","background-size":"auto","background-attachment":"scroll","background-type":"","background-media":"","overlay-type":"","overlay-color":"","overlay-opacity":"","overlay-gradient":""},"tablet":{"background-color":"","background-image":"","background-repeat":"repeat","background-position":"center center","background-size":"auto","background-attachment":"scroll","background-type":"","background-media":"","overlay-type":"","overlay-color":"","overlay-opacity":"","overlay-gradient":""},"mobile":{"background-color":"","background-image":"","background-repeat":"repeat","background-position":"center center","background-size":"auto","background-attachment":"scroll","background-type":"","background-media":"","overlay-type":"","overlay-color":"","overlay-opacity":"","overlay-gradient":""}},"ast-content-background-meta":{"desktop":{"background-color":"var(--ast-global-color-5)","background-image":"","background-repeat":"repeat","background-position":"center center","background-size":"auto","background-attachment":"scroll","background-type":"","background-media":"","overlay-type":"","overlay-color":"","overlay-opacity":"","overlay-gradient":""},"tablet":{"background-color":"var(--ast-global-color-5)","background-image":"","background-repeat":"repeat","background-position":"center center","background-size":"auto","background-attachment":"scroll","background-type":"","background-media":"","overlay-type":"","overlay-color":"","overlay-opacity":"","overlay-gradient":""},"mobile":{"background-color":"var(--ast-global-color-5)","background-image":"","background-repeat":"repeat","background-position":"center center","background-size":"auto","background-attachment":"scroll","background-type":"","background-media":"","overlay-type":"","overlay-color":"","overlay-opacity":"","overlay-gradient":""}},"footnotes":""},"class_list":["post-28","page","type-page","status-publish","hentry"],"post_mailing_queue_ids":[],"_links":{"self":[{"href":"https:\/\/agora.xtec.cat\/escminyonsdurgell\/wp-json\/wp\/v2\/pages\/28","targetHints":{"allow":["GET"]}}],"collection":[{"href":"https:\/\/agora.xtec.cat\/escminyonsdurgell\/wp-json\/wp\/v2\/pages"}],"about":[{"href":"https:\/\/agora.xtec.cat\/escminyonsdurgell\/wp-json\/wp\/v2\/types\/page"}],"author":[{"embeddable":true,"href":"https:\/\/agora.xtec.cat\/escminyonsdurgell\/wp-json\/wp\/v2\/users\/1"}],"replies":[{"embeddable":true,"href":"https:\/\/agora.xtec.cat\/escminyonsdurgell\/wp-json\/wp\/v2\/comments?post=28"}],"version-history":[{"count":6,"href":"https:\/\/agora.xtec.cat\/escminyonsdurgell\/wp-json\/wp\/v2\/pages\/28\/revisions"}],"predecessor-version":[{"id":16408,"href":"https:\/\/agora.xtec.cat\/escminyonsdurgell\/wp-json\/wp\/v2\/pages\/28\/revisions\/16408"}],"up":[{"embeddable":true,"href":"https:\/\/agora.xtec.cat\/escminyonsdurgell\/wp-json\/wp\/v2\/pages\/22"}],"wp:attachment":[{"href":"https:\/\/agora.xtec.cat\/escminyonsdurgell\/wp-json\/wp\/v2\/media?parent=28"}],"curies":[{"name":"wp","href":"https:\/\/api.w.org\/{rel}","templated":true}]}}