{"id":24,"date":"2014-09-18T12:23:15","date_gmt":"2014-09-18T11:23:15","guid":{"rendered":"http:\/\/agora.xtec.cat\/escminyonsdurgell\/?page_id=24"},"modified":"2024-09-06T19:48:52","modified_gmt":"2024-09-06T17:48:52","slug":"on-som","status":"publish","type":"page","link":"https:\/\/agora.xtec.cat\/escminyonsdurgell\/lescola\/on-som\/","title":{"rendered":"On som i hist\u00f2ria de l&#8217;escola"},"content":{"rendered":"<p style=\"color: #666666;\"><strong>Escola\u00a0Minyons d&#8217;Urgell<\/strong><br \/>\nCarretera de Palau, s\/n<br \/>\n25244 Fondarella<\/p>\n<p>Tel. 973 71 17 79<br \/>\nc5001606@xtec.cat<\/p>\n<p><strong>HIST\u00d2RIA DE L&#8217;ESCOLA<\/strong><\/p>\n<p id=\"tw-target-text\" class=\"tw-data-text tw-text-large tw-ta\" dir=\"ltr\" data-placeholder=\"Traducci\u00f3\" aria-label=\"Text tradu\u00eft\" data-ved=\"2ahUKEwihuoS87q6IAxWaRaQEHeBWHEsQ3ewLegQIChAU\"><span class=\"Y2IQFc\" lang=\"ca\">L&#8217;escola Minyons d&#8217;Urgell de Fondarella, va obrir les portes l&#8217;any 1934, aproximadament acollint en un primer moment nom\u00e9s nens, ubicant les nenes en un edifici diferent i ensenyament diferent (labors de llar, tall i confecci\u00f3, etc). Amb l&#8217;evoluci\u00f3 pol\u00edtica i social, l&#8217;agrupament mixt va promoure la construcci\u00f3 d&#8217;un edifici nou ubicat a l&#8217;espai actual al 1960. <\/span><\/p>\n<p class=\"tw-data-text tw-text-large tw-ta\" dir=\"ltr\" data-placeholder=\"Traducci\u00f3\" aria-label=\"Text tradu\u00eft\" data-ved=\"2ahUKEwihuoS87q6IAxWaRaQEHeBWHEsQ3ewLegQIChAU\"><span class=\"Y2IQFc\" lang=\"ca\">El 1974 hi va haver millores d&#8217;acondicionament, delimitaci\u00f3 del pati amb reixats, etc, mantenint ja a l&#8217;escola la distribuci\u00f3 actual amb dos nivells, per\u00f2 com a dada curiosa les aules estaven al pis inferior i el superior era destinat a l&#8217; habitatge dels mestres. <\/span><\/p>\n<p class=\"tw-data-text tw-text-large tw-ta\" dir=\"ltr\" data-placeholder=\"Traducci\u00f3\" aria-label=\"Text tradu\u00eft\" data-ved=\"2ahUKEwihuoS87q6IAxWaRaQEHeBWHEsQ3ewLegQIChAU\"><span class=\"Y2IQFc\" lang=\"ca\">El 1982 el centre escolar va rebre el nom que encara conserva ara, Minyons d\u2019Urgell, per pert\u00e0nyer per aquell temps a la comarca de l&#8217;Urgell i aix\u00ed mateix es va crear la primera associaci\u00f3 de pares d&#8217;alumnes, APA. L&#8217;any 1993 l&#8217;escola pass\u00e0 a formar part d&#8217;una Zona d&#8217;Escoles Rurals (ZER) per poder-se beneficiar com escola petita dels diferents especialistes en les mat\u00e8ries educatives, juntament amb les escoles del Poal, Els Arcs i Sidamon. <\/span><\/p>\n<p class=\"tw-data-text tw-text-large tw-ta\" dir=\"ltr\" data-placeholder=\"Traducci\u00f3\" aria-label=\"Text tradu\u00eft\" data-ved=\"2ahUKEwihuoS87q6IAxWaRaQEHeBWHEsQ3ewLegQIChAU\"><span class=\"Y2IQFc\" lang=\"ca\">L&#8217;any 2005, aproximadament, es van fer obres d&#8217;ampliaci\u00f3 del centre amb una ala lateral, ubicant el menjador i les classes de 1r i 2n de prim\u00e0ria al pis superior. <\/span><\/p>\n<p class=\"tw-data-text tw-text-large tw-ta\" dir=\"ltr\" data-placeholder=\"Traducci\u00f3\" aria-label=\"Text tradu\u00eft\" data-ved=\"2ahUKEwihuoS87q6IAxWaRaQEHeBWHEsQ3ewLegQIChAU\"><span class=\"Y2IQFc\" lang=\"ca\">El 2012 el centre va cr\u00e9ixer en nombre d&#8217;alumnat i com a conseq\u00fc\u00e8ncia va deixar de formar part de la ZER i va passar a ser una escola unit\u00e0ria fins a la data actual. Aix\u00f2 va suposar un canvi molt important a nivell educatiu, creant la pr\u00f2pia identitat, missi\u00f3, visi\u00f3, valors i una l\u00ednia pedag\u00f2gica de centre pr\u00f2pia, NOFC, PEC, AFA&#8230; etc. fins a data d&#8217;avui.<\/span><\/p>\n<p>&nbsp;<\/p>\n<p>&nbsp;<\/p>\n","protected":false},"excerpt":{"rendered":"<p>Escola\u00a0Minyons d&#8217;Urgell Carretera de Palau, s\/n 25244 Fondarella Tel. 973 71 17 79 c5001606@xtec.cat HIST\u00d2RIA DE L&#8217;ESCOLA L&#8217;escola Minyons d&#8217;Urgell de Fondarella, va obrir les portes l&#8217;any 1934, aproximadament acollint en un primer moment nom\u00e9s nens, ubicant les nenes en un edifici diferent i ensenyament diferent (labors de llar, tall i confecci\u00f3, etc). Amb l&#8217;evoluci\u00f3 [&hellip;]<\/p>\n","protected":false},"author":1,"featured_media":0,"parent":22,"menu_order":10,"comment_status":"closed","ping_status":"closed","template":"page-templates\/side-menu.php","meta":{"_bbp_topic_count":0,"_bbp_reply_count":0,"_bbp_total_topic_count":0,"_bbp_total_reply_count":0,"_bbp_voice_count":0,"_bbp_anonymous_reply_count":0,"_bbp_topic_count_hidden":0,"_bbp_reply_count_hidden":0,"_bbp_forum_subforum_count":0,"site-sidebar-layout":"default","site-content-layout":"","ast-site-content-layout":"","site-content-style":"default","site-sidebar-style":"default","ast-global-header-display":"","ast-banner-title-visibility":"","ast-main-header-display":"","ast-hfb-above-header-display":"","ast-hfb-below-header-display":"","ast-hfb-mobile-header-display":"","site-post-title":"","ast-breadcrumbs-content":"","ast-featured-img":"","footer-sml-layout":"","theme-transparent-header-meta":"","adv-header-id-meta":"","stick-header-meta":"","header-above-stick-meta":"","header-main-stick-meta":"","header-below-stick-meta":"","astra-migrate-meta-layouts":"default","ast-page-background-enabled":"default","ast-page-background-meta":{"desktop":{"background-color":"var(--ast-global-color-4)","background-image":"","background-repeat":"repeat","background-position":"center center","background-size":"auto","background-attachment":"scroll","background-type":"","background-media":"","overlay-type":"","overlay-color":"","overlay-opacity":"","overlay-gradient":""},"tablet":{"background-color":"","background-image":"","background-repeat":"repeat","background-position":"center center","background-size":"auto","background-attachment":"scroll","background-type":"","background-media":"","overlay-type":"","overlay-color":"","overlay-opacity":"","overlay-gradient":""},"mobile":{"background-color":"","background-image":"","background-repeat":"repeat","background-position":"center center","background-size":"auto","background-attachment":"scroll","background-type":"","background-media":"","overlay-type":"","overlay-color":"","overlay-opacity":"","overlay-gradient":""}},"ast-content-background-meta":{"desktop":{"background-color":"var(--ast-global-color-5)","background-image":"","background-repeat":"repeat","background-position":"center center","background-size":"auto","background-attachment":"scroll","background-type":"","background-media":"","overlay-type":"","overlay-color":"","overlay-opacity":"","overlay-gradient":""},"tablet":{"background-color":"var(--ast-global-color-5)","background-image":"","background-repeat":"repeat","background-position":"center center","background-size":"auto","background-attachment":"scroll","background-type":"","background-media":"","overlay-type":"","overlay-color":"","overlay-opacity":"","overlay-gradient":""},"mobile":{"background-color":"var(--ast-global-color-5)","background-image":"","background-repeat":"repeat","background-position":"center center","background-size":"auto","background-attachment":"scroll","background-type":"","background-media":"","overlay-type":"","overlay-color":"","overlay-opacity":"","overlay-gradient":""}},"footnotes":""},"class_list":["post-24","page","type-page","status-publish","hentry"],"post_mailing_queue_ids":[],"_links":{"self":[{"href":"https:\/\/agora.xtec.cat\/escminyonsdurgell\/wp-json\/wp\/v2\/pages\/24","targetHints":{"allow":["GET"]}}],"collection":[{"href":"https:\/\/agora.xtec.cat\/escminyonsdurgell\/wp-json\/wp\/v2\/pages"}],"about":[{"href":"https:\/\/agora.xtec.cat\/escminyonsdurgell\/wp-json\/wp\/v2\/types\/page"}],"author":[{"embeddable":true,"href":"https:\/\/agora.xtec.cat\/escminyonsdurgell\/wp-json\/wp\/v2\/users\/1"}],"replies":[{"embeddable":true,"href":"https:\/\/agora.xtec.cat\/escminyonsdurgell\/wp-json\/wp\/v2\/comments?post=24"}],"version-history":[{"count":4,"href":"https:\/\/agora.xtec.cat\/escminyonsdurgell\/wp-json\/wp\/v2\/pages\/24\/revisions"}],"predecessor-version":[{"id":15144,"href":"https:\/\/agora.xtec.cat\/escminyonsdurgell\/wp-json\/wp\/v2\/pages\/24\/revisions\/15144"}],"up":[{"embeddable":true,"href":"https:\/\/agora.xtec.cat\/escminyonsdurgell\/wp-json\/wp\/v2\/pages\/22"}],"wp:attachment":[{"href":"https:\/\/agora.xtec.cat\/escminyonsdurgell\/wp-json\/wp\/v2\/media?parent=24"}],"curies":[{"name":"wp","href":"https:\/\/api.w.org\/{rel}","templated":true}]}}