{"id":12219,"date":"2023-01-09T15:23:20","date_gmt":"2023-01-09T14:23:20","guid":{"rendered":"https:\/\/agora.xtec.cat\/escminyonsdurgell\/?page_id=12219"},"modified":"2023-01-10T12:41:37","modified_gmt":"2023-01-10T11:41:37","slug":"diverpodcast","status":"publish","type":"page","link":"https:\/\/agora.xtec.cat\/escminyonsdurgell\/diverpodcast\/","title":{"rendered":"Diverpodcast"},"content":{"rendered":"<p>Aquest \u00e9s un poscast d&#8217;acudits realitzat pels alumnes de Cicle Mitj\u00e0. Esperem que us ho passeu molt b\u00e9.<\/p>\n<p>GABI, EDNA, N\u00daRIA, JULI\u00c0 I RIM<\/p>\n<!--[if lt IE 9]><script>document.createElement('audio');<\/script><![endif]-->\n<audio class=\"wp-audio-shortcode\" id=\"audio-12219-1\" preload=\"none\" style=\"width: 100%;\" controls=\"controls\"><source type=\"audio\/mpeg\" src=\"https:\/\/agora.xtec.cat\/escminyonsdurgell\/wp-content\/uploads\/usu1036\/2023\/01\/Gabriel-Nuria-Julia-Edna-Rim.mp3?_=1\" \/><a href=\"https:\/\/agora.xtec.cat\/escminyonsdurgell\/wp-content\/uploads\/usu1036\/2023\/01\/Gabriel-Nuria-Julia-Edna-Rim.mp3\">https:\/\/agora.xtec.cat\/escminyonsdurgell\/wp-content\/uploads\/usu1036\/2023\/01\/Gabriel-Nuria-Julia-Edna-Rim.mp3<\/a><\/audio>\n<p><!--more--><\/p>\n<p>\u00cdNGRID, CARLA, ROC I SARA<\/p>\n<audio class=\"wp-audio-shortcode\" id=\"audio-12219-2\" preload=\"none\" style=\"width: 100%;\" controls=\"controls\"><source type=\"audio\/mpeg\" src=\"https:\/\/agora.xtec.cat\/escminyonsdurgell\/wp-content\/uploads\/usu1036\/2023\/01\/Ingrid-Carla-Roc-Sara.mp3?_=2\" \/><a href=\"https:\/\/agora.xtec.cat\/escminyonsdurgell\/wp-content\/uploads\/usu1036\/2023\/01\/Ingrid-Carla-Roc-Sara.mp3\">https:\/\/agora.xtec.cat\/escminyonsdurgell\/wp-content\/uploads\/usu1036\/2023\/01\/Ingrid-Carla-Roc-Sara.mp3<\/a><\/audio>\n<p><!--more--><\/p>\n<p>KLAUS, ARNAU I PAU<\/p>\n<audio class=\"wp-audio-shortcode\" id=\"audio-12219-3\" preload=\"none\" style=\"width: 100%;\" controls=\"controls\"><source type=\"audio\/mpeg\" src=\"https:\/\/agora.xtec.cat\/escminyonsdurgell\/wp-content\/uploads\/usu1036\/2023\/01\/Klaus-Arnau-Pau.mp3?_=3\" \/><a href=\"https:\/\/agora.xtec.cat\/escminyonsdurgell\/wp-content\/uploads\/usu1036\/2023\/01\/Klaus-Arnau-Pau.mp3\">https:\/\/agora.xtec.cat\/escminyonsdurgell\/wp-content\/uploads\/usu1036\/2023\/01\/Klaus-Arnau-Pau.mp3<\/a><\/audio>\n<p>ONA, AINA, ALEIX I CARLA<\/p>\n<audio class=\"wp-audio-shortcode\" id=\"audio-12219-4\" preload=\"none\" style=\"width: 100%;\" controls=\"controls\"><source type=\"audio\/mpeg\" src=\"https:\/\/agora.xtec.cat\/escminyonsdurgell\/wp-content\/uploads\/usu1036\/2023\/01\/Ona-Aina-Aleix-Carla.mp3?_=4\" \/><a href=\"https:\/\/agora.xtec.cat\/escminyonsdurgell\/wp-content\/uploads\/usu1036\/2023\/01\/Ona-Aina-Aleix-Carla.mp3\">https:\/\/agora.xtec.cat\/escminyonsdurgell\/wp-content\/uploads\/usu1036\/2023\/01\/Ona-Aina-Aleix-Carla.mp3<\/a><\/audio>\n<p>VINYET, IHSSANE URIEL I MARYEM<\/p>\n<audio class=\"wp-audio-shortcode\" id=\"audio-12219-5\" preload=\"none\" style=\"width: 100%;\" controls=\"controls\"><source type=\"audio\/mpeg\" src=\"https:\/\/agora.xtec.cat\/escminyonsdurgell\/wp-content\/uploads\/usu1036\/2023\/01\/Vinyet-Ihssane-Uriel-Maryem.mp3?_=5\" \/><a href=\"https:\/\/agora.xtec.cat\/escminyonsdurgell\/wp-content\/uploads\/usu1036\/2023\/01\/Vinyet-Ihssane-Uriel-Maryem.mp3\">https:\/\/agora.xtec.cat\/escminyonsdurgell\/wp-content\/uploads\/usu1036\/2023\/01\/Vinyet-Ihssane-Uriel-Maryem.mp3<\/a><\/audio>\n<p>QUIM, \u00cdKER, JANA I PAULA<\/p>\n<audio class=\"wp-audio-shortcode\" id=\"audio-12219-6\" preload=\"none\" style=\"width: 100%;\" controls=\"controls\"><source type=\"audio\/mpeg\" src=\"https:\/\/agora.xtec.cat\/escminyonsdurgell\/wp-content\/uploads\/usu1036\/2023\/01\/Quim-Iker-Jana-Paula.mp3?_=6\" \/><a href=\"https:\/\/agora.xtec.cat\/escminyonsdurgell\/wp-content\/uploads\/usu1036\/2023\/01\/Quim-Iker-Jana-Paula.mp3\">https:\/\/agora.xtec.cat\/escminyonsdurgell\/wp-content\/uploads\/usu1036\/2023\/01\/Quim-Iker-Jana-Paula.mp3<\/a><\/audio>\n<p><!--more--><\/p>\n","protected":false},"excerpt":{"rendered":"<p>Aquest \u00e9s un poscast d&#8217;acudits realitzat pels alumnes de Cicle Mitj\u00e0. Esperem que us ho passeu molt b\u00e9. GABI, EDNA, N\u00daRIA, JULI\u00c0 I RIM<\/p>\n","protected":false},"author":1,"featured_media":0,"parent":0,"menu_order":0,"comment_status":"closed","ping_status":"closed","template":"","meta":{"_bbp_topic_count":0,"_bbp_reply_count":0,"_bbp_total_topic_count":0,"_bbp_total_reply_count":0,"_bbp_voice_count":0,"_bbp_anonymous_reply_count":0,"_bbp_topic_count_hidden":0,"_bbp_reply_count_hidden":0,"_bbp_forum_subforum_count":0,"site-sidebar-layout":"default","site-content-layout":"","ast-site-content-layout":"","site-content-style":"default","site-sidebar-style":"default","ast-global-header-display":"","ast-banner-title-visibility":"","ast-main-header-display":"","ast-hfb-above-header-display":"","ast-hfb-below-header-display":"","ast-hfb-mobile-header-display":"","site-post-title":"","ast-breadcrumbs-content":"","ast-featured-img":"","footer-sml-layout":"","theme-transparent-header-meta":"","adv-header-id-meta":"","stick-header-meta":"","header-above-stick-meta":"","header-main-stick-meta":"","header-below-stick-meta":"","astra-migrate-meta-layouts":"default","ast-page-background-enabled":"default","ast-page-background-meta":{"desktop":{"background-color":"var(--ast-global-color-4)","background-image":"","background-repeat":"repeat","background-position":"center center","background-size":"auto","background-attachment":"scroll","background-type":"","background-media":"","overlay-type":"","overlay-color":"","overlay-opacity":"","overlay-gradient":""},"tablet":{"background-color":"","background-image":"","background-repeat":"repeat","background-position":"center center","background-size":"auto","background-attachment":"scroll","background-type":"","background-media":"","overlay-type":"","overlay-color":"","overlay-opacity":"","overlay-gradient":""},"mobile":{"background-color":"","background-image":"","background-repeat":"repeat","background-position":"center center","background-size":"auto","background-attachment":"scroll","background-type":"","background-media":"","overlay-type":"","overlay-color":"","overlay-opacity":"","overlay-gradient":""}},"ast-content-background-meta":{"desktop":{"background-color":"var(--ast-global-color-5)","background-image":"","background-repeat":"repeat","background-position":"center center","background-size":"auto","background-attachment":"scroll","background-type":"","background-media":"","overlay-type":"","overlay-color":"","overlay-opacity":"","overlay-gradient":""},"tablet":{"background-color":"var(--ast-global-color-5)","background-image":"","background-repeat":"repeat","background-position":"center center","background-size":"auto","background-attachment":"scroll","background-type":"","background-media":"","overlay-type":"","overlay-color":"","overlay-opacity":"","overlay-gradient":""},"mobile":{"background-color":"var(--ast-global-color-5)","background-image":"","background-repeat":"repeat","background-position":"center center","background-size":"auto","background-attachment":"scroll","background-type":"","background-media":"","overlay-type":"","overlay-color":"","overlay-opacity":"","overlay-gradient":""}},"footnotes":""},"class_list":["post-12219","page","type-page","status-publish","hentry"],"post_mailing_queue_ids":[],"_links":{"self":[{"href":"https:\/\/agora.xtec.cat\/escminyonsdurgell\/wp-json\/wp\/v2\/pages\/12219","targetHints":{"allow":["GET"]}}],"collection":[{"href":"https:\/\/agora.xtec.cat\/escminyonsdurgell\/wp-json\/wp\/v2\/pages"}],"about":[{"href":"https:\/\/agora.xtec.cat\/escminyonsdurgell\/wp-json\/wp\/v2\/types\/page"}],"author":[{"embeddable":true,"href":"https:\/\/agora.xtec.cat\/escminyonsdurgell\/wp-json\/wp\/v2\/users\/1"}],"replies":[{"embeddable":true,"href":"https:\/\/agora.xtec.cat\/escminyonsdurgell\/wp-json\/wp\/v2\/comments?post=12219"}],"version-history":[{"count":4,"href":"https:\/\/agora.xtec.cat\/escminyonsdurgell\/wp-json\/wp\/v2\/pages\/12219\/revisions"}],"predecessor-version":[{"id":12274,"href":"https:\/\/agora.xtec.cat\/escminyonsdurgell\/wp-json\/wp\/v2\/pages\/12219\/revisions\/12274"}],"wp:attachment":[{"href":"https:\/\/agora.xtec.cat\/escminyonsdurgell\/wp-json\/wp\/v2\/media?parent=12219"}],"curies":[{"name":"wp","href":"https:\/\/api.w.org\/{rel}","templated":true}]}}