{"id":12106,"date":"2022-11-28T12:48:42","date_gmt":"2022-11-28T11:48:42","guid":{"rendered":"https:\/\/agora.xtec.cat\/escminyonsdurgell\/?page_id=12106"},"modified":"2023-06-19T14:06:38","modified_gmt":"2023-06-19T12:06:38","slug":"podcasts-minyons-en-directe-informa","status":"publish","type":"page","link":"https:\/\/agora.xtec.cat\/escminyonsdurgell\/podcasts-minyons-en-directe-informa\/","title":{"rendered":"P\u00f2dcasts &#8220;Minyons en directe informa&#8221;"},"content":{"rendered":"<p>L&#8217;alumnat de Cicle Mitj\u00e0, el passat 11 de Maig, van gravar un programa amb diferents seccions: de cuina, una entrevista a la Maribel, la m\u00fasica que m\u00e9s ens agrada, les festes de Fondarella, recomanacions de poesia i els\/les nostres esportistes favorits\/es i vam gaudir molt del gran treball que vam fer amb els nostres companys\/es i sobretot donar les gr\u00e0cies a la Karen i el Julen ( periodistes de R\u00e0dio Ponent).<\/p>\n<p><a href=\"https:\/\/drive.google.com\/file\/d\/1AMiTeB9CGI1rZEI58mmvJyvCPPRKOTXQ\/view?usp=drive_link\">https:\/\/drive.google.com\/file\/d\/1AMiTeB9CGI1rZEI58mmvJyvCPPRKOTXQ\/view?usp=drive_link<\/a><\/p>\n<p>&nbsp;<\/p>\n<p>ELS ALUMNES DE CICLE MITJ\u00c0, TERCER I QUART, US ANIREM INFORMANT DE LES ACTIVITATS DE LA NOSTRA ESCOLA.<\/p>\n<p>RECOLLIDA D&#8217;OLI D&#8217;OLIVA USAT<\/p>\n<!--[if lt IE 9]><script>document.createElement('audio');<\/script><![endif]-->\n<audio class=\"wp-audio-shortcode\" id=\"audio-12106-1\" preload=\"none\" style=\"width: 100%;\" controls=\"controls\"><source type=\"audio\/mpeg\" src=\"https:\/\/agora.xtec.cat\/escminyonsdurgell\/wp-content\/uploads\/usu1036\/2023\/03\/OLI-DOLIVA-USAT.mp3?_=1\" \/><a href=\"https:\/\/agora.xtec.cat\/escminyonsdurgell\/wp-content\/uploads\/usu1036\/2023\/03\/OLI-DOLIVA-USAT.mp3\">https:\/\/agora.xtec.cat\/escminyonsdurgell\/wp-content\/uploads\/usu1036\/2023\/03\/OLI-DOLIVA-USAT.mp3<\/a><\/audio>\n<p>&nbsp;<\/p>\n<p>CARNESTOLTES 2023<\/p>\n<audio class=\"wp-audio-shortcode\" id=\"audio-12106-2\" preload=\"none\" style=\"width: 100%;\" controls=\"controls\"><source type=\"audio\/mpeg\" src=\"https:\/\/agora.xtec.cat\/escminyonsdurgell\/wp-content\/uploads\/usu1036\/2023\/03\/CARNESTOLTES-2023.mp3?_=2\" \/><a href=\"https:\/\/agora.xtec.cat\/escminyonsdurgell\/wp-content\/uploads\/usu1036\/2023\/03\/CARNESTOLTES-2023.mp3\">https:\/\/agora.xtec.cat\/escminyonsdurgell\/wp-content\/uploads\/usu1036\/2023\/03\/CARNESTOLTES-2023.mp3<\/a><\/audio>\n<p>&nbsp;<\/p>\n<p>DIA MUNDIAL DE LA R\u00c0DIO<\/p>\n<audio class=\"wp-audio-shortcode\" id=\"audio-12106-3\" preload=\"none\" style=\"width: 100%;\" controls=\"controls\"><source type=\"audio\/mpeg\" src=\"https:\/\/agora.xtec.cat\/escminyonsdurgell\/wp-content\/uploads\/usu1036\/2023\/02\/DIA-MUNDIAL-DE-LA-RADIO.mp3?_=3\" \/><a href=\"https:\/\/agora.xtec.cat\/escminyonsdurgell\/wp-content\/uploads\/usu1036\/2023\/02\/DIA-MUNDIAL-DE-LA-RADIO.mp3\">https:\/\/agora.xtec.cat\/escminyonsdurgell\/wp-content\/uploads\/usu1036\/2023\/02\/DIA-MUNDIAL-DE-LA-RADIO.mp3<\/a><\/audio>\n<p>&nbsp;<\/p>\n<p>VISITA R\u00c0DIO PONENT<\/p>\n<audio class=\"wp-audio-shortcode\" id=\"audio-12106-4\" preload=\"none\" style=\"width: 100%;\" controls=\"controls\"><source type=\"audio\/mpeg\" src=\"https:\/\/agora.xtec.cat\/escminyonsdurgell\/wp-content\/uploads\/usu1036\/2023\/02\/VISITA-RADIO-PONENT.mp3?_=4\" \/><a href=\"https:\/\/agora.xtec.cat\/escminyonsdurgell\/wp-content\/uploads\/usu1036\/2023\/02\/VISITA-RADIO-PONENT.mp3\">https:\/\/agora.xtec.cat\/escminyonsdurgell\/wp-content\/uploads\/usu1036\/2023\/02\/VISITA-RADIO-PONENT.mp3<\/a><\/audio>\n<p>&nbsp;<\/p>\n<p>DIA DE LA PAU<\/p>\n<audio class=\"wp-audio-shortcode\" id=\"audio-12106-5\" preload=\"none\" style=\"width: 100%;\" controls=\"controls\"><source type=\"audio\/mpeg\" src=\"https:\/\/agora.xtec.cat\/escminyonsdurgell\/wp-content\/uploads\/usu1036\/2023\/02\/DIA-DE-LA-PAU.mp3?_=5\" \/><a href=\"https:\/\/agora.xtec.cat\/escminyonsdurgell\/wp-content\/uploads\/usu1036\/2023\/02\/DIA-DE-LA-PAU.mp3\">https:\/\/agora.xtec.cat\/escminyonsdurgell\/wp-content\/uploads\/usu1036\/2023\/02\/DIA-DE-LA-PAU.mp3<\/a><\/audio>\n<p>&nbsp;<\/p>\n<p>DIA DE LA M\u00daSICA &#8211; TEATRE EN ANGL\u00c8S<\/p>\n<audio class=\"wp-audio-shortcode\" id=\"audio-12106-6\" preload=\"none\" style=\"width: 100%;\" controls=\"controls\"><source type=\"audio\/mpeg\" src=\"https:\/\/agora.xtec.cat\/escminyonsdurgell\/wp-content\/uploads\/usu1036\/2023\/02\/DIA-DE-LA-MUSICA-TEATRE-DANGLES.mp3?_=6\" \/><a href=\"https:\/\/agora.xtec.cat\/escminyonsdurgell\/wp-content\/uploads\/usu1036\/2023\/02\/DIA-DE-LA-MUSICA-TEATRE-DANGLES.mp3\">https:\/\/agora.xtec.cat\/escminyonsdurgell\/wp-content\/uploads\/usu1036\/2023\/02\/DIA-DE-LA-MUSICA-TEATRE-DANGLES.mp3<\/a><\/audio>\n<p>&nbsp;<\/p>\n<p>&nbsp;<\/p>\n<p>L&#8217;alumnat de sis\u00e8 de prim\u00e0ria ha pogut gaudir de la r\u00e0dio de l&#8217;escola &#8220;Minyons d&#8217;Urgell&#8221;. L&#8217;alumnat ha gravat les diferents not\u00edcies que havien elaborat\u00a0 a Ciutadania. Ha estat tot un \u00e8xit.<\/p>\n<audio class=\"wp-audio-shortcode\" id=\"audio-12106-7\" preload=\"none\" style=\"width: 100%;\" controls=\"controls\"><source type=\"audio\/mpeg\" src=\"https:\/\/agora.xtec.cat\/escminyonsdurgell\/wp-content\/uploads\/usu1036\/2022\/11\/PROJECTE-CIUTADANIA.mp3?_=7\" \/><a href=\"https:\/\/agora.xtec.cat\/escminyonsdurgell\/wp-content\/uploads\/usu1036\/2022\/11\/PROJECTE-CIUTADANIA.mp3\">https:\/\/agora.xtec.cat\/escminyonsdurgell\/wp-content\/uploads\/usu1036\/2022\/11\/PROJECTE-CIUTADANIA.mp3<\/a><\/audio>\n<p>&nbsp;<\/p>\n<div id=\"13760\" style=\"width: 100%; max-width: 600px; height: 400px; display: none;\"><img decoding=\"async\" src=\"https:\/\/lh3.google.com\/u\/0\/d\/17VJLnBSpRt1GDE4dM-APBGOHSe7PATfU=w300-h285-p-k-nu-iv1\" \/> <img decoding=\"async\" src=\"https:\/\/lh3.google.com\/u\/0\/d\/1JjFEa_BfCL83ENxu8ME73D4nQyxCCYkq=w300-h285-p-k-nu-iv1\" \/> <img decoding=\"async\" src=\"https:\/\/lh3.google.com\/u\/0\/d\/1aXWW1QdQ6AwRI00PJDm6kMddNGZNwpul=w300-h285-p-k-nu-iv1\" \/> <img decoding=\"async\" src=\"https:\/\/lh3.google.com\/u\/0\/d\/1ITjaTBxfrBWE0emSSRInj-mi3RXxMuJX=w300-h285-p-k-nu-iv1\" \/> <img decoding=\"async\" src=\"https:\/\/lh3.google.com\/u\/0\/d\/1bm4RN2QduokE_14dab-KxwmfBkd5T5eN=w300-h285-p-k-nu-iv1\" \/> <img decoding=\"async\" src=\"https:\/\/lh3.google.com\/u\/0\/d\/1amLgKlPw-a4bICZ2mpGLbJOLEy6TMyR2=w300-h285-p-k-nu-iv1\" \/><\/div>\n<p><script type=\"text\/javascript\" src=\"https:\/\/cdnjs.cloudflare.com\/ajax\/libs\/jquery\/3.6.1\/jquery.min.js\"><\/script> <script>\n  (MyGalleries=(typeof MyGalleries === 'undefined' ? [] : MyGalleries)).push({gallId:'#13760',autoplay:true,lightbox:true,debug:false,popupLinks:true});\n  if(typeof GalleryLoaded === 'undefined'){\n    GalleryLoaded = jQuery(function(){\n      jQuery.ajax({url:'https:\/\/cdnjs.cloudflare.com\/ajax\/libs\/galleria\/1.6.1\/galleria.min.js',dataType:'script',cache:true}).done(function(){\n        Galleria.loadTheme('https:\/\/cdnjs.cloudflare.com\/ajax\/libs\/galleria\/1.6.1\/themes\/classic\/galleria.classic.js');\n        for(var n in MyGalleries){\n          Galleria.run(MyGalleries[n].gallId, MyGalleries[n]);\n          jQuery(MyGalleries[n].gallId).css('display','block');\n        }\n      });\n    });\n  }\n<\/script><\/p>\n<p>&nbsp;<\/p>\n","protected":false},"excerpt":{"rendered":"<p>L&#8217;alumnat de Cicle Mitj\u00e0, el passat 11 de Maig, van gravar un programa amb diferents seccions: de cuina, una entrevista a la Maribel, la m\u00fasica que m\u00e9s ens agrada, les festes de Fondarella, recomanacions de poesia i els\/les nostres esportistes favorits\/es i vam gaudir molt del gran treball que vam fer amb els nostres companys\/es [&hellip;]<\/p>\n","protected":false},"author":10,"featured_media":0,"parent":0,"menu_order":0,"comment_status":"closed","ping_status":"closed","template":"","meta":{"_bbp_topic_count":0,"_bbp_reply_count":0,"_bbp_total_topic_count":0,"_bbp_total_reply_count":0,"_bbp_voice_count":0,"_bbp_anonymous_reply_count":0,"_bbp_topic_count_hidden":0,"_bbp_reply_count_hidden":0,"_bbp_forum_subforum_count":0,"site-sidebar-layout":"default","site-content-layout":"","ast-site-content-layout":"","site-content-style":"default","site-sidebar-style":"default","ast-global-header-display":"","ast-banner-title-visibility":"","ast-main-header-display":"","ast-hfb-above-header-display":"","ast-hfb-below-header-display":"","ast-hfb-mobile-header-display":"","site-post-title":"","ast-breadcrumbs-content":"","ast-featured-img":"","footer-sml-layout":"","theme-transparent-header-meta":"","adv-header-id-meta":"","stick-header-meta":"","header-above-stick-meta":"","header-main-stick-meta":"","header-below-stick-meta":"","astra-migrate-meta-layouts":"default","ast-page-background-enabled":"default","ast-page-background-meta":{"desktop":{"background-color":"var(--ast-global-color-4)","background-image":"","background-repeat":"repeat","background-position":"center center","background-size":"auto","background-attachment":"scroll","background-type":"","background-media":"","overlay-type":"","overlay-color":"","overlay-opacity":"","overlay-gradient":""},"tablet":{"background-color":"","background-image":"","background-repeat":"repeat","background-position":"center center","background-size":"auto","background-attachment":"scroll","background-type":"","background-media":"","overlay-type":"","overlay-color":"","overlay-opacity":"","overlay-gradient":""},"mobile":{"background-color":"","background-image":"","background-repeat":"repeat","background-position":"center center","background-size":"auto","background-attachment":"scroll","background-type":"","background-media":"","overlay-type":"","overlay-color":"","overlay-opacity":"","overlay-gradient":""}},"ast-content-background-meta":{"desktop":{"background-color":"var(--ast-global-color-5)","background-image":"","background-repeat":"repeat","background-position":"center center","background-size":"auto","background-attachment":"scroll","background-type":"","background-media":"","overlay-type":"","overlay-color":"","overlay-opacity":"","overlay-gradient":""},"tablet":{"background-color":"var(--ast-global-color-5)","background-image":"","background-repeat":"repeat","background-position":"center center","background-size":"auto","background-attachment":"scroll","background-type":"","background-media":"","overlay-type":"","overlay-color":"","overlay-opacity":"","overlay-gradient":""},"mobile":{"background-color":"var(--ast-global-color-5)","background-image":"","background-repeat":"repeat","background-position":"center center","background-size":"auto","background-attachment":"scroll","background-type":"","background-media":"","overlay-type":"","overlay-color":"","overlay-opacity":"","overlay-gradient":""}},"footnotes":""},"class_list":["post-12106","page","type-page","status-publish","hentry"],"post_mailing_queue_ids":[],"_links":{"self":[{"href":"https:\/\/agora.xtec.cat\/escminyonsdurgell\/wp-json\/wp\/v2\/pages\/12106","targetHints":{"allow":["GET"]}}],"collection":[{"href":"https:\/\/agora.xtec.cat\/escminyonsdurgell\/wp-json\/wp\/v2\/pages"}],"about":[{"href":"https:\/\/agora.xtec.cat\/escminyonsdurgell\/wp-json\/wp\/v2\/types\/page"}],"author":[{"embeddable":true,"href":"https:\/\/agora.xtec.cat\/escminyonsdurgell\/wp-json\/wp\/v2\/users\/10"}],"replies":[{"embeddable":true,"href":"https:\/\/agora.xtec.cat\/escminyonsdurgell\/wp-json\/wp\/v2\/comments?post=12106"}],"version-history":[{"count":6,"href":"https:\/\/agora.xtec.cat\/escminyonsdurgell\/wp-json\/wp\/v2\/pages\/12106\/revisions"}],"predecessor-version":[{"id":12135,"href":"https:\/\/agora.xtec.cat\/escminyonsdurgell\/wp-json\/wp\/v2\/pages\/12106\/revisions\/12135"}],"wp:attachment":[{"href":"https:\/\/agora.xtec.cat\/escminyonsdurgell\/wp-json\/wp\/v2\/media?parent=12106"}],"curies":[{"name":"wp","href":"https:\/\/api.w.org\/{rel}","templated":true}]}}