{"id":5998,"date":"2022-04-28T12:57:53","date_gmt":"2022-04-28T10:57:53","guid":{"rendered":"https:\/\/agora.xtec.cat\/escmilaifontanals\/?page_id=5998"},"modified":"2025-02-26T16:09:54","modified_gmt":"2025-02-26T15:09:54","slug":"orquestra","status":"publish","type":"page","link":"https:\/\/agora.xtec.cat\/escmilaifontanals\/projecte-educatiu\/projectes-artistics\/orquestra\/","title":{"rendered":"Orquestra"},"content":{"rendered":"<p>Dins el Projecte art\u00edstic MilaRmonitzaT,\u00a0 l&#8217;alumnat de prim\u00e0ria aprenen a tocar un instrument. Comencen els m\u00e9s petits i a I5 ja s&#8217;inicien fent Sensibilitat Musical a l&#8217;aula.<\/p>\n<p>Des de 1r fins a 6\u00e8 toquen un instrument musical que pot ser de corda, de corda fregada o de vent.<\/p>\n<p>Practiquen amb grups desdoblats i amb el guiatge d&#8217;un m\u00fasic, donant continu\u00eftat al llarg de tota la prim\u00e0ria a l&#8217;aprenentatge de l&#8217;instrument que pot ser: l&#8217;ukulele, la guitarra, el viol\u00ed, la viola, el violoncel, la trompeta, el tromb\u00f3, la flauta travessera o el clarinet.<\/p>\n<p>\u00c9s l&#8217;ORQUESTRA del Mil\u00e0!<\/p>\n<p><img loading=\"lazy\" decoding=\"async\" class=\"aligncenter  wp-image-8302\" src=\"https:\/\/agora.xtec.cat\/escmilaifontanals\/wp-content\/uploads\/usu806\/2025\/02\/Diseno-sin-titulo-1-1-1024x576.jpg\" alt=\"\" width=\"684\" height=\"385\" srcset=\"https:\/\/agora.xtec.cat\/escmilaifontanals\/wp-content\/uploads\/usu806\/2025\/02\/Diseno-sin-titulo-1-1-1024x576.jpg 1024w, https:\/\/agora.xtec.cat\/escmilaifontanals\/wp-content\/uploads\/usu806\/2025\/02\/Diseno-sin-titulo-1-1-300x169.jpg 300w, https:\/\/agora.xtec.cat\/escmilaifontanals\/wp-content\/uploads\/usu806\/2025\/02\/Diseno-sin-titulo-1-1-768x432.jpg 768w, https:\/\/agora.xtec.cat\/escmilaifontanals\/wp-content\/uploads\/usu806\/2025\/02\/Diseno-sin-titulo-1-1-1536x864.jpg 1536w, https:\/\/agora.xtec.cat\/escmilaifontanals\/wp-content\/uploads\/usu806\/2025\/02\/Diseno-sin-titulo-1-1-2048x1152.jpg 2048w\" sizes=\"auto, (max-width: 684px) 100vw, 684px\" \/><\/p>\n","protected":false},"excerpt":{"rendered":"<p>Dins el Projecte art\u00edstic MilaRmonitzaT,\u00a0 l&#8217;alumnat de prim\u00e0ria aprenen a tocar un instrument. Comencen els m\u00e9s petits i a I5 ja s&#8217;inicien fent Sensibilitat Musical a l&#8217;aula.<br \/>\nDes de 1r fins a 6\u00e8 toquen un instrument musical que pot ser de corda, de corda fregada o&hellip;  <a href=\"https:\/\/agora.xtec.cat\/escmilaifontanals\/projecte-educatiu\/projectes-artistics\/orquestra\/\" title=\"Read Orquestra\">Llegeix m\u00e9s\u00bb<\/a><\/p>\n","protected":false},"author":1,"featured_media":0,"parent":3045,"menu_order":0,"comment_status":"closed","ping_status":"closed","template":"page-templates\/side-menu.php","meta":{"_bbp_topic_count":0,"_bbp_reply_count":0,"_bbp_total_topic_count":0,"_bbp_total_reply_count":0,"_bbp_voice_count":0,"_bbp_anonymous_reply_count":0,"_bbp_topic_count_hidden":0,"_bbp_reply_count_hidden":0,"_bbp_forum_subforum_count":0,"footnotes":""},"class_list":["post-5998","page","type-page","status-publish","hentry"],"post_mailing_queue_ids":[],"_links":{"self":[{"href":"https:\/\/agora.xtec.cat\/escmilaifontanals\/wp-json\/wp\/v2\/pages\/5998","targetHints":{"allow":["GET"]}}],"collection":[{"href":"https:\/\/agora.xtec.cat\/escmilaifontanals\/wp-json\/wp\/v2\/pages"}],"about":[{"href":"https:\/\/agora.xtec.cat\/escmilaifontanals\/wp-json\/wp\/v2\/types\/page"}],"author":[{"embeddable":true,"href":"https:\/\/agora.xtec.cat\/escmilaifontanals\/wp-json\/wp\/v2\/users\/1"}],"replies":[{"embeddable":true,"href":"https:\/\/agora.xtec.cat\/escmilaifontanals\/wp-json\/wp\/v2\/comments?post=5998"}],"version-history":[{"count":6,"href":"https:\/\/agora.xtec.cat\/escmilaifontanals\/wp-json\/wp\/v2\/pages\/5998\/revisions"}],"predecessor-version":[{"id":8303,"href":"https:\/\/agora.xtec.cat\/escmilaifontanals\/wp-json\/wp\/v2\/pages\/5998\/revisions\/8303"}],"up":[{"embeddable":true,"href":"https:\/\/agora.xtec.cat\/escmilaifontanals\/wp-json\/wp\/v2\/pages\/3045"}],"wp:attachment":[{"href":"https:\/\/agora.xtec.cat\/escmilaifontanals\/wp-json\/wp\/v2\/media?parent=5998"}],"curies":[{"name":"wp","href":"https:\/\/api.w.org\/{rel}","templated":true}]}}