{"id":5003,"date":"2021-02-23T14:57:56","date_gmt":"2021-02-23T13:57:56","guid":{"rendered":"http:\/\/agora.xtec.cat\/escmilaifontanals\/?page_id=5003"},"modified":"2022-04-28T15:42:26","modified_gmt":"2022-04-28T13:42:26","slug":"protegim-les-escoles","status":"publish","type":"page","link":"https:\/\/agora.xtec.cat\/escmilaifontanals\/projecte-educatiu\/projectes-globalitzats\/protegim-les-escoles\/","title":{"rendered":"Protegim les escoles"},"content":{"rendered":"<p><a href=\"https:\/\/ajuntament.barcelona.cat\/ecologiaurbana\/ca\/que-fem-i-per-que\/urbanisme-per-als-barris\/protegim-escoles\"><img loading=\"lazy\" decoding=\"async\" class=\"alignnone size-full wp-image-5040\" src=\"https:\/\/agora.xtec.cat\/escmilaifontanals\/wp-content\/uploads\/usu806\/2021\/03\/protegim-les-escoles1.png\" alt=\"\" width=\"700\" height=\"933\" srcset=\"https:\/\/agora.xtec.cat\/escmilaifontanals\/wp-content\/uploads\/usu806\/2021\/03\/protegim-les-escoles1.png 700w, https:\/\/agora.xtec.cat\/escmilaifontanals\/wp-content\/uploads\/usu806\/2021\/03\/protegim-les-escoles1-225x300.png 225w\" sizes=\"auto, (max-width: 700px) 100vw, 700px\" \/><\/a><\/p>\n<p><span style=\"color: #666666;\">Les escoles s\u00f3n llocs plens de vida, amb un gran volum de persones que s&#8217;hi acosten cada dia, entre alumnes, docents, pares i mares. Per aix\u00f2, els seus entorns han de ser llocs segurs i saludables, amb espais d&#8217;estada i joc i tamb\u00e9 on hi hagi menys contaminaci\u00f3. Amb aquest objectiu, Barcelona posa en marxa el projecte <b><a href=\"https:\/\/ajuntament.barcelona.cat\/ecologiaurbana\/ca\/que-fem-i-per-que\/urbanisme-per-als-barris\/protegim-escoles\">Protegim les escoles<\/a>.<\/b><\/span><\/p>\n","protected":false},"excerpt":{"rendered":"<p><a href=\"https:\/\/ajuntament.barcelona.cat\/ecologiaurbana\/ca\/que-fem-i-per-que\/urbanisme-per-als-barris\/protegim-escoles\"><\/a><br \/>\nLes escoles s\u00f3n llocs plens de vida, amb un gran volum de persones que s&#8217;hi acosten cada dia, entre alumnes, docents, pares i mares. Per aix\u00f2, els seus entorns han de ser llocs segurs i saludables, amb espais d&#8217;estada i joc i tamb\u00e9 on&hellip;  <a href=\"https:\/\/agora.xtec.cat\/escmilaifontanals\/projecte-educatiu\/projectes-globalitzats\/protegim-les-escoles\/\" title=\"Read Protegim les escoles\">Llegeix m\u00e9s\u00bb<\/a><\/p>\n","protected":false},"author":1,"featured_media":0,"parent":5001,"menu_order":0,"comment_status":"closed","ping_status":"closed","template":"page-templates\/side-menu.php","meta":{"_bbp_topic_count":0,"_bbp_reply_count":0,"_bbp_total_topic_count":0,"_bbp_total_reply_count":0,"_bbp_voice_count":0,"_bbp_anonymous_reply_count":0,"_bbp_topic_count_hidden":0,"_bbp_reply_count_hidden":0,"_bbp_forum_subforum_count":0,"footnotes":""},"class_list":["post-5003","page","type-page","status-publish","hentry"],"post_mailing_queue_ids":[],"_links":{"self":[{"href":"https:\/\/agora.xtec.cat\/escmilaifontanals\/wp-json\/wp\/v2\/pages\/5003","targetHints":{"allow":["GET"]}}],"collection":[{"href":"https:\/\/agora.xtec.cat\/escmilaifontanals\/wp-json\/wp\/v2\/pages"}],"about":[{"href":"https:\/\/agora.xtec.cat\/escmilaifontanals\/wp-json\/wp\/v2\/types\/page"}],"author":[{"embeddable":true,"href":"https:\/\/agora.xtec.cat\/escmilaifontanals\/wp-json\/wp\/v2\/users\/1"}],"replies":[{"embeddable":true,"href":"https:\/\/agora.xtec.cat\/escmilaifontanals\/wp-json\/wp\/v2\/comments?post=5003"}],"version-history":[{"count":3,"href":"https:\/\/agora.xtec.cat\/escmilaifontanals\/wp-json\/wp\/v2\/pages\/5003\/revisions"}],"predecessor-version":[{"id":6007,"href":"https:\/\/agora.xtec.cat\/escmilaifontanals\/wp-json\/wp\/v2\/pages\/5003\/revisions\/6007"}],"up":[{"embeddable":true,"href":"https:\/\/agora.xtec.cat\/escmilaifontanals\/wp-json\/wp\/v2\/pages\/5001"}],"wp:attachment":[{"href":"https:\/\/agora.xtec.cat\/escmilaifontanals\/wp-json\/wp\/v2\/media?parent=5003"}],"curies":[{"name":"wp","href":"https:\/\/api.w.org\/{rel}","templated":true}]}}