{"id":3062,"date":"2020-02-28T22:54:21","date_gmt":"2020-02-28T21:54:21","guid":{"rendered":"http:\/\/agora.xtec.cat\/escmilaifontanals\/?page_id=3062"},"modified":"2021-11-15T22:05:02","modified_gmt":"2021-11-15T21:05:02","slug":"el-meu-cos","status":"publish","type":"page","link":"https:\/\/agora.xtec.cat\/escmilaifontanals\/projecte-educatiu\/projectes-artistics\/el-meu-cos\/","title":{"rendered":"El meu cos"},"content":{"rendered":"<p>L&#8217;alumnat de tercer participar\u00e0 en el projecte <strong>El meu cos<\/strong>, la cantata m\u00e9s esbojarrada de Cicle Inicial i Mitj\u00e0, una obra en la qual no faltar\u00e0 res! Gaudiran de la percussi\u00f3 corporal, coreografies, elements pl\u00e0stics fabricats pels mateixos alumnes, disfresses, el p\u00fablic familiar cantant\u2026 i fins i tot un rap!<strong><br \/>\n<\/strong>La mainada cantar\u00e0 dirigida pel propi compositor de l\u2019obra (Sergi Salinas), qui esdevindr\u00e0 un estramb\u00f2tic professor d\u2019anatomia, i estaran acompanyats per l\u2019Orquestra Infantil de Barcelona.<\/p>\n<p>La cantata, la treballaran a partir de novembre a l\u2019escola on, a m\u00e9s a m\u00e9s d\u2019aprendre les can\u00e7ons i la coreografia, tamb\u00e9 faran el treball pl\u00e0stic.<\/p>\n<p>Tot aquest projecte finir\u00e0 el juny vinent\u00a0 en un concert al Teatre Poliorama.<\/p>\n<p>Les fam\u00edlies podreu assistir-hi com a p\u00fablic!!!<\/p>\n<p>M\u00e9s endavant vos direm de com comprar les entrades.<\/p>\n<p>AC\u00cd VOS DEIXE MATERIAL DE TREBALL:<\/p>\n<ol>\n<li>DITS<\/li>\n<\/ol>\n<!--[if lt IE 9]><script>document.createElement('audio');<\/script><![endif]-->\n<audio class=\"wp-audio-shortcode\" id=\"audio-3062-1\" preload=\"none\" style=\"width: 100%;\" controls=\"controls\"><source type=\"audio\/mpeg\" src=\"https:\/\/agora.xtec.cat\/escmilaifontanals\/wp-content\/uploads\/usu806\/2019\/12\/1-DITS.mp3?_=1\" \/><a href=\"https:\/\/agora.xtec.cat\/escmilaifontanals\/wp-content\/uploads\/usu806\/2019\/12\/1-DITS.mp3\">https:\/\/agora.xtec.cat\/escmilaifontanals\/wp-content\/uploads\/usu806\/2019\/12\/1-DITS.mp3<\/a><\/audio>\n<p>&nbsp;<\/p>\n<p><iframe loading=\"lazy\" src=\"https:\/\/www.youtube.com\/embed\/GDe5CMssMWk\" width=\"560\" height=\"315\" frameborder=\"0\"><\/iframe><\/p>\n<p>&nbsp;<\/p>\n<p>2. PLE DE P\u00c8LS<\/p>\n<audio class=\"wp-audio-shortcode\" id=\"audio-3062-2\" preload=\"none\" style=\"width: 100%;\" controls=\"controls\"><source type=\"audio\/mpeg\" src=\"https:\/\/agora.xtec.cat\/escmilaifontanals\/wp-content\/uploads\/usu806\/2019\/12\/2-PLE-DE-P\u00c8LS.mp3?_=2\" \/><a href=\"https:\/\/agora.xtec.cat\/escmilaifontanals\/wp-content\/uploads\/usu806\/2019\/12\/2-PLE-DE-P\u00c8LS.mp3\">https:\/\/agora.xtec.cat\/escmilaifontanals\/wp-content\/uploads\/usu806\/2019\/12\/2-PLE-DE-P\u00c8LS.mp3<\/a><\/audio>\n<p>&nbsp;<\/p>\n<p><iframe loading=\"lazy\" src=\"https:\/\/www.youtube.com\/embed\/FTaaAm2kLyE\" width=\"560\" height=\"315\" frameborder=\"0\"><\/iframe><\/p>\n<p>3. QUINA CARA TINC!<\/p>\n<audio class=\"wp-audio-shortcode\" id=\"audio-3062-3\" preload=\"none\" style=\"width: 100%;\" controls=\"controls\"><source type=\"audio\/mpeg\" src=\"https:\/\/agora.xtec.cat\/escmilaifontanals\/wp-content\/uploads\/usu806\/2020\/01\/3-QUINA-CARA-TINC.mp3?_=3\" \/><a href=\"https:\/\/agora.xtec.cat\/escmilaifontanals\/wp-content\/uploads\/usu806\/2020\/01\/3-QUINA-CARA-TINC.mp3\">https:\/\/agora.xtec.cat\/escmilaifontanals\/wp-content\/uploads\/usu806\/2020\/01\/3-QUINA-CARA-TINC.mp3<\/a><\/audio>\n<p>&nbsp;<\/p>\n<p><iframe loading=\"lazy\" src=\"https:\/\/www.youtube.com\/embed\/vfDmda6EBeQ\" width=\"560\" height=\"315\" frameborder=\"0\"><\/iframe><\/p>\n<p>4. \u00c9S EL MEU COR<\/p>\n<audio class=\"wp-audio-shortcode\" id=\"audio-3062-4\" preload=\"none\" style=\"width: 100%;\" controls=\"controls\"><source type=\"audio\/mpeg\" src=\"https:\/\/agora.xtec.cat\/escmilaifontanals\/wp-content\/uploads\/usu806\/2020\/01\/4-\u00c9S-EL-MEU-COR.mp3?_=4\" \/><a href=\"https:\/\/agora.xtec.cat\/escmilaifontanals\/wp-content\/uploads\/usu806\/2020\/01\/4-\u00c9S-EL-MEU-COR.mp3\">https:\/\/agora.xtec.cat\/escmilaifontanals\/wp-content\/uploads\/usu806\/2020\/01\/4-\u00c9S-EL-MEU-COR.mp3<\/a><\/audio>\n<p>&nbsp;<\/p>\n<p><iframe loading=\"lazy\" src=\"https:\/\/www.youtube.com\/embed\/HDjWRPxlbr8\" width=\"560\" height=\"315\" frameborder=\"0\"><\/iframe><\/p>\n<p>5. EL CAPIT\u00c0<\/p>\n<audio class=\"wp-audio-shortcode\" id=\"audio-3062-5\" preload=\"none\" style=\"width: 100%;\" controls=\"controls\"><source type=\"audio\/mpeg\" src=\"https:\/\/agora.xtec.cat\/escmilaifontanals\/wp-content\/uploads\/usu806\/2019\/12\/5-EL-CAPIT\u00c0.mp3?_=5\" \/><a href=\"https:\/\/agora.xtec.cat\/escmilaifontanals\/wp-content\/uploads\/usu806\/2019\/12\/5-EL-CAPIT\u00c0.mp3\">https:\/\/agora.xtec.cat\/escmilaifontanals\/wp-content\/uploads\/usu806\/2019\/12\/5-EL-CAPIT\u00c0.mp3<\/a><\/audio>\n<p>&nbsp;<\/p>\n<p><iframe loading=\"lazy\" src=\"https:\/\/www.youtube.com\/embed\/m5gjVOlXYlY\" width=\"560\" height=\"315\" frameborder=\"0\"><\/iframe><\/p>\n","protected":false},"excerpt":{"rendered":"<p>L&#8217;alumnat de tercer participar\u00e0 en el projecte El meu cos, la cantata m\u00e9s esbojarrada de Cicle Inicial i Mitj\u00e0, una obra en la qual no faltar\u00e0 res! Gaudiran de la percussi\u00f3 corporal, coreografies, elements pl\u00e0stics fabricats pels mateixos alumnes, disfresses, el p\u00fablic familiar cantant\u2026 i&hellip;  <a href=\"https:\/\/agora.xtec.cat\/escmilaifontanals\/projecte-educatiu\/projectes-artistics\/el-meu-cos\/\" title=\"Read El meu cos\">Llegeix m\u00e9s\u00bb<\/a><\/p>\n","protected":false},"author":1,"featured_media":0,"parent":3045,"menu_order":0,"comment_status":"closed","ping_status":"closed","template":"page-templates\/side-menu.php","meta":{"_bbp_topic_count":0,"_bbp_reply_count":0,"_bbp_total_topic_count":0,"_bbp_total_reply_count":0,"_bbp_voice_count":0,"_bbp_anonymous_reply_count":0,"_bbp_topic_count_hidden":0,"_bbp_reply_count_hidden":0,"_bbp_forum_subforum_count":0,"footnotes":""},"class_list":["post-3062","page","type-page","status-publish","hentry"],"post_mailing_queue_ids":[],"_links":{"self":[{"href":"https:\/\/agora.xtec.cat\/escmilaifontanals\/wp-json\/wp\/v2\/pages\/3062","targetHints":{"allow":["GET"]}}],"collection":[{"href":"https:\/\/agora.xtec.cat\/escmilaifontanals\/wp-json\/wp\/v2\/pages"}],"about":[{"href":"https:\/\/agora.xtec.cat\/escmilaifontanals\/wp-json\/wp\/v2\/types\/page"}],"author":[{"embeddable":true,"href":"https:\/\/agora.xtec.cat\/escmilaifontanals\/wp-json\/wp\/v2\/users\/1"}],"replies":[{"embeddable":true,"href":"https:\/\/agora.xtec.cat\/escmilaifontanals\/wp-json\/wp\/v2\/comments?post=3062"}],"version-history":[{"count":3,"href":"https:\/\/agora.xtec.cat\/escmilaifontanals\/wp-json\/wp\/v2\/pages\/3062\/revisions"}],"predecessor-version":[{"id":5454,"href":"https:\/\/agora.xtec.cat\/escmilaifontanals\/wp-json\/wp\/v2\/pages\/3062\/revisions\/5454"}],"up":[{"embeddable":true,"href":"https:\/\/agora.xtec.cat\/escmilaifontanals\/wp-json\/wp\/v2\/pages\/3045"}],"wp:attachment":[{"href":"https:\/\/agora.xtec.cat\/escmilaifontanals\/wp-json\/wp\/v2\/media?parent=3062"}],"curies":[{"name":"wp","href":"https:\/\/api.w.org\/{rel}","templated":true}]}}